{"id":1073,"date":"2020-01-28T13:02:56","date_gmt":"2020-01-28T12:02:56","guid":{"rendered":"https:\/\/hpetch.wickeder.wickeder.de\/?page_id=1073"},"modified":"2024-11-06T16:49:56","modified_gmt":"2024-11-06T15:49:56","slug":"automotive","status":"publish","type":"page","link":"https:\/\/www.hpetch.se\/de\/branchen\/automotive\/","title":{"rendered":"Automotive"},"content":{"rendered":"\t\t<div data-elementor-type=\"wp-page\" data-elementor-id=\"1073\" class=\"elementor elementor-1073\" data-elementor-post-type=\"page\">\n\t\t\t\t<div class=\"elementor-element elementor-element-84a996c e-flex e-con-boxed e-con e-parent\" data-id=\"84a996c\" data-element_type=\"container\" data-e-type=\"container\" data-settings=\"{&quot;background_background&quot;:&quot;classic&quot;}\">\n\t\t\t\t\t<div class=\"e-con-inner\">\n\t\t\t\t<div class=\"elementor-element elementor-element-edc6c25 elementor-widget elementor-widget-heading\" data-id=\"edc6c25\" data-element_type=\"widget\" data-e-type=\"widget\" data-widget_type=\"heading.default\">\n\t\t\t\t<div class=\"elementor-widget-container\">\n\t\t\t\t\t<h2 class=\"elementor-heading-title elementor-size-default\">\u00c4tzteile f\u00fcr die Automobilindustrie<\/h2>\t\t\t\t<\/div>\n\t\t\t\t<\/div>\n\t\t<div class=\"elementor-element elementor-element-71cd5df e-con-full e-flex e-con e-child\" data-id=\"71cd5df\" data-element_type=\"container\" data-e-type=\"container\" data-settings=\"{&quot;background_background&quot;:&quot;classic&quot;}\">\n\t\t<div class=\"elementor-element elementor-element-5fdb125 e-con-full e-flex e-con e-child\" data-id=\"5fdb125\" data-element_type=\"container\" data-e-type=\"container\">\n\t\t\t\t<div class=\"elementor-element elementor-element-f95ae0f elementor-widget elementor-widget-image\" data-id=\"f95ae0f\" data-element_type=\"widget\" data-e-type=\"widget\" data-widget_type=\"image.default\">\n\t\t\t\t<div class=\"elementor-widget-container\">\n\t\t\t\t\t\t\t\t\t\t\t\t\t\t\t<img fetchpriority=\"high\" decoding=\"async\" width=\"768\" height=\"380\" src=\"https:\/\/www.hpetch.se\/wp-content\/uploads\/sites\/6\/2024\/11\/HpEtch_filter.jpg\" class=\"attachment-large size-large wp-image-3106\" alt=\"\" \/>\t\t\t\t\t\t\t\t\t\t\t\t\t\t\t<\/div>\n\t\t\t\t<\/div>\n\t\t\t\t<div class=\"elementor-element elementor-element-5b6a1fd elementor-widget elementor-widget-image\" data-id=\"5b6a1fd\" data-element_type=\"widget\" data-e-type=\"widget\" data-widget_type=\"image.default\">\n\t\t\t\t<div class=\"elementor-widget-container\">\n\t\t\t\t\t\t\t\t\t\t\t\t\t\t\t<img decoding=\"async\" width=\"768\" height=\"380\" src=\"https:\/\/www.hpetch.se\/wp-content\/uploads\/sites\/6\/2024\/11\/Reel-to-reel.jpg\" class=\"attachment-large size-large wp-image-3103\" alt=\"\" \/>\t\t\t\t\t\t\t\t\t\t\t\t\t\t\t<\/div>\n\t\t\t\t<\/div>\n\t\t\t\t<\/div>\n\t\t<div class=\"elementor-element elementor-element-454e233 e-con-full e-flex e-con e-child\" data-id=\"454e233\" data-element_type=\"container\" data-e-type=\"container\">\n\t\t\t\t<div class=\"elementor-element elementor-element-ce044a2 elementor-widget elementor-widget-heading\" data-id=\"ce044a2\" data-element_type=\"widget\" data-e-type=\"widget\" data-widget_type=\"heading.default\">\n\t\t\t\t<div class=\"elementor-widget-container\">\n\t\t\t\t\t<h3 class=\"elementor-heading-title elementor-size-default\">Pr\u00e4zisions\u00e4tzteile f\u00fcr die Automobilindustrie<\/h3>\t\t\t\t<\/div>\n\t\t\t\t<\/div>\n\t\t\t\t<div class=\"elementor-element elementor-element-242fff5 elementor-widget elementor-widget-text-editor\" data-id=\"242fff5\" data-element_type=\"widget\" data-e-type=\"widget\" data-widget_type=\"text-editor.default\">\n\t\t\t\t<div class=\"elementor-widget-container\">\n\t\t\t\t\t\t\t\t\t<p>HP Etch stellt viele unterschiedliche \u00c4tzteile f\u00fcr die Automobilbranche her &#8211;\u00a0 von der Kraftstoffeinspritzung, \u00fcber Filter, dekorative Elemente, Pr\u00e4zisionsfedern, Elektrokontaktteile, Bordnetzkomponenten, etc.<\/p>\t\t\t\t\t\t\t\t<\/div>\n\t\t\t\t<\/div>\n\t\t\t\t<div class=\"elementor-element elementor-element-773224b elementor-widget elementor-widget-text-editor\" data-id=\"773224b\" data-element_type=\"widget\" data-e-type=\"widget\" data-widget_type=\"text-editor.default\">\n\t\t\t\t<div class=\"elementor-widget-container\">\n\t\t\t\t\t\t\t\t\t<p><strong>\u00c4tzen vs. Stanzen<\/strong><\/p>\t\t\t\t\t\t\t\t<\/div>\n\t\t\t\t<\/div>\n\t\t\t\t<div class=\"elementor-element elementor-element-83c97c5 elementor-widget elementor-widget-text-editor\" data-id=\"83c97c5\" data-element_type=\"widget\" data-e-type=\"widget\" data-widget_type=\"text-editor.default\">\n\t\t\t\t<div class=\"elementor-widget-container\">\n\t\t\t\t\t\t\t\t\t<p>Das\u00a0<a class=\"internal-link\" href=\"https:\/\/www.hpetch.se\/unternehmen\/aetzprozess\/\">\u00c4tzverfahren\u00a0<\/a>bietet gegen\u00fcber dem traditionellen Stanzverfahren Vorteile, was vor allem Anwendung findet, wenn die Applikation starken Belastungen ausgesetzt ist. Beim Stanzprozess k\u00f6nnen Haarrisse entstehen, sodass Br\u00fcche verursacht werden k\u00f6nnen. \u00c4tzen kann ohne jegliche Gef\u00fcge-Ver\u00e4nderung und mechanische Belastung auskommen. Da keine Werkzeugkosten anfallen sind die gew\u00fcnschten Pr\u00e4zisionsformteile wirtschaftlich attraktiv und schnell lieferbar.<\/p>\t\t\t\t\t\t\t\t<\/div>\n\t\t\t\t<\/div>\n\t\t\t\t<div class=\"elementor-element elementor-element-7206839 elementor-widget elementor-widget-text-editor\" data-id=\"7206839\" data-element_type=\"widget\" data-e-type=\"widget\" data-widget_type=\"text-editor.default\">\n\t\t\t\t<div class=\"elementor-widget-container\">\n\t\t\t\t\t\t\t\t\t<p><b>Prototypen<\/b><\/p>\t\t\t\t\t\t\t\t<\/div>\n\t\t\t\t<\/div>\n\t\t\t\t<div class=\"elementor-element elementor-element-5a8486e elementor-widget elementor-widget-text-editor\" data-id=\"5a8486e\" data-element_type=\"widget\" data-e-type=\"widget\" data-widget_type=\"text-editor.default\">\n\t\t\t\t<div class=\"elementor-widget-container\">\n\t\t\t\t\t\t\t\t\t<p>Ein ganz besonderer positiver Aspekt liegt in der Prototypenfertigung. Durch eine St\u00fcckzahl ab einem St\u00fcck k\u00f6nnen Sie Ihre Anforderungen am Prototyp gezielt testen. Kommt es dann zur Serienfertigung k\u00f6nnen wir Ihnen &#8211; neben unserer Sheet-Technologie\u00a0 &#8211; durch unsere Muttergesellschaft, die micrometal GmbH, das \u00c4tzen im Endlosverfahren (Reel-to-Reel) anbieten.<\/p>\t\t\t\t\t\t\t\t<\/div>\n\t\t\t\t<\/div>\n\t\t\t\t<\/div>\n\t\t\t\t<\/div>\n\t\t\t\t\t<\/div>\n\t\t\t\t<\/div>\n\t\t\t\t<\/div>\n\t\t","protected":false},"excerpt":{"rendered":"<p>\u00c4tzteile f\u00fcr die Automobilindustrie Pr\u00e4zisions\u00e4tzteile f\u00fcr die Automobilindustrie HP Etch stellt viele unterschiedliche \u00c4tzteile f\u00fcr die Automobilbranche her &#8211;\u00a0 von der Kraftstoffeinspritzung, \u00fcber Filter, dekorative Elemente, Pr\u00e4zisionsfedern, Elektrokontaktteile, Bordnetzkomponenten, etc. \u00c4tzen vs. Stanzen Das\u00a0\u00c4tzverfahren\u00a0bietet gegen\u00fcber dem traditionellen Stanzverfahren Vorteile, was vor allem Anwendung findet, wenn die Applikation starken Belastungen ausgesetzt ist. Beim Stanzprozess k\u00f6nnen Haarrisse [&hellip;]<\/p>\n","protected":false},"author":2,"featured_media":0,"parent":568,"menu_order":1,"comment_status":"closed","ping_status":"closed","template":"","meta":{"footnotes":""},"class_list":["post-1073","page","type-page","status-publish","hentry"],"yoast_head":"<!-- This site is optimized with the Yoast SEO plugin v27.3 - https:\/\/yoast.com\/product\/yoast-seo-wordpress\/ -->\n<title>Automotive - HPetch<\/title>\n<meta name=\"robots\" content=\"index, follow, max-snippet:-1, max-image-preview:large, max-video-preview:-1\" \/>\n<link rel=\"canonical\" href=\"https:\/\/www.hpetch.se\/de\/branchen\/automotive\/\" \/>\n<meta property=\"og:locale\" content=\"de_DE\" \/>\n<meta property=\"og:type\" content=\"article\" \/>\n<meta property=\"og:title\" content=\"Automotive - HPetch\" \/>\n<meta property=\"og:description\" content=\"\u00c4tzteile f\u00fcr die Automobilindustrie Pr\u00e4zisions\u00e4tzteile f\u00fcr die Automobilindustrie HP Etch stellt viele unterschiedliche \u00c4tzteile f\u00fcr die Automobilbranche her &#8211;\u00a0 von der Kraftstoffeinspritzung, \u00fcber Filter, dekorative Elemente, Pr\u00e4zisionsfedern, Elektrokontaktteile, Bordnetzkomponenten, etc. \u00c4tzen vs. Stanzen Das\u00a0\u00c4tzverfahren\u00a0bietet gegen\u00fcber dem traditionellen Stanzverfahren Vorteile, was vor allem Anwendung findet, wenn die Applikation starken Belastungen ausgesetzt ist. Beim Stanzprozess k\u00f6nnen Haarrisse [&hellip;]\" \/>\n<meta property=\"og:url\" content=\"https:\/\/www.hpetch.se\/de\/branchen\/automotive\/\" \/>\n<meta property=\"og:site_name\" content=\"HPetch\" \/>\n<meta property=\"article:modified_time\" content=\"2024-11-06T15:49:56+00:00\" \/>\n<meta property=\"og:image\" content=\"https:\/\/hpetch.wickeder.de\/wp-content\/uploads\/sites\/6\/2024\/11\/HpEtch_filter.jpg\" \/>\n<meta name=\"twitter:card\" content=\"summary_large_image\" \/>\n<meta name=\"twitter:label1\" content=\"Gesch\u00e4tzte Lesezeit\" \/>\n\t<meta name=\"twitter:data1\" content=\"1\u00a0Minute\" \/>\n<script type=\"application\/ld+json\" class=\"yoast-schema-graph\">{\"@context\":\"https:\\\/\\\/schema.org\",\"@graph\":[{\"@type\":\"WebPage\",\"@id\":\"https:\\\/\\\/www.hpetch.se\\\/de\\\/branchen\\\/automotive\\\/\",\"url\":\"https:\\\/\\\/www.hpetch.se\\\/de\\\/branchen\\\/automotive\\\/\",\"name\":\"Automotive - HPetch\",\"isPartOf\":{\"@id\":\"https:\\\/\\\/www.hpetch.se\\\/de\\\/#website\"},\"primaryImageOfPage\":{\"@id\":\"https:\\\/\\\/www.hpetch.se\\\/de\\\/branchen\\\/automotive\\\/#primaryimage\"},\"image\":{\"@id\":\"https:\\\/\\\/www.hpetch.se\\\/de\\\/branchen\\\/automotive\\\/#primaryimage\"},\"thumbnailUrl\":\"https:\\\/\\\/hpetch.wickeder.de\\\/wp-content\\\/uploads\\\/sites\\\/6\\\/2024\\\/11\\\/HpEtch_filter.jpg\",\"datePublished\":\"2020-01-28T12:02:56+00:00\",\"dateModified\":\"2024-11-06T15:49:56+00:00\",\"breadcrumb\":{\"@id\":\"https:\\\/\\\/www.hpetch.se\\\/de\\\/branchen\\\/automotive\\\/#breadcrumb\"},\"inLanguage\":\"de\",\"potentialAction\":[{\"@type\":\"ReadAction\",\"target\":[\"https:\\\/\\\/www.hpetch.se\\\/de\\\/branchen\\\/automotive\\\/\"]}]},{\"@type\":\"ImageObject\",\"inLanguage\":\"de\",\"@id\":\"https:\\\/\\\/www.hpetch.se\\\/de\\\/branchen\\\/automotive\\\/#primaryimage\",\"url\":\"https:\\\/\\\/hpetch.wickeder.de\\\/wp-content\\\/uploads\\\/sites\\\/6\\\/2024\\\/11\\\/HpEtch_filter.jpg\",\"contentUrl\":\"https:\\\/\\\/hpetch.wickeder.de\\\/wp-content\\\/uploads\\\/sites\\\/6\\\/2024\\\/11\\\/HpEtch_filter.jpg\"},{\"@type\":\"BreadcrumbList\",\"@id\":\"https:\\\/\\\/www.hpetch.se\\\/de\\\/branchen\\\/automotive\\\/#breadcrumb\",\"itemListElement\":[{\"@type\":\"ListItem\",\"position\":1,\"name\":\"Startseite\",\"item\":\"https:\\\/\\\/www.hpetch.se\\\/de\\\/home\\\/\"},{\"@type\":\"ListItem\",\"position\":2,\"name\":\"Branchen\",\"item\":\"https:\\\/\\\/www.hpetch.se\\\/de\\\/branchen\\\/\"},{\"@type\":\"ListItem\",\"position\":3,\"name\":\"Automotive\"}]},{\"@type\":\"WebSite\",\"@id\":\"https:\\\/\\\/www.hpetch.se\\\/de\\\/#website\",\"url\":\"https:\\\/\\\/www.hpetch.se\\\/de\\\/\",\"name\":\"HPetch\",\"description\":\"Form\u00e4tzteile in Pr\u00e4zision, Polymerbeschichtung\",\"publisher\":{\"@id\":\"https:\\\/\\\/www.hpetch.se\\\/de\\\/#organization\"},\"potentialAction\":[{\"@type\":\"SearchAction\",\"target\":{\"@type\":\"EntryPoint\",\"urlTemplate\":\"https:\\\/\\\/www.hpetch.se\\\/de\\\/?s={search_term_string}\"},\"query-input\":{\"@type\":\"PropertyValueSpecification\",\"valueRequired\":true,\"valueName\":\"search_term_string\"}}],\"inLanguage\":\"de\"},{\"@type\":\"Organization\",\"@id\":\"https:\\\/\\\/www.hpetch.se\\\/de\\\/#organization\",\"name\":\"HPetch\",\"url\":\"https:\\\/\\\/www.hpetch.se\\\/de\\\/\",\"logo\":{\"@type\":\"ImageObject\",\"inLanguage\":\"de\",\"@id\":\"https:\\\/\\\/www.hpetch.se\\\/de\\\/#\\\/schema\\\/logo\\\/image\\\/\",\"url\":\"https:\\\/\\\/www.hpetch.se\\\/wp-content\\\/uploads\\\/sites\\\/6\\\/2019\\\/11\\\/hpecht_2025_randlos_400px.jpg\",\"contentUrl\":\"https:\\\/\\\/www.hpetch.se\\\/wp-content\\\/uploads\\\/sites\\\/6\\\/2019\\\/11\\\/hpecht_2025_randlos_400px.jpg\",\"width\":400,\"height\":159,\"caption\":\"HPetch\"},\"image\":{\"@id\":\"https:\\\/\\\/www.hpetch.se\\\/de\\\/#\\\/schema\\\/logo\\\/image\\\/\"}}]}<\/script>\n<!-- \/ Yoast SEO plugin. -->","yoast_head_json":{"title":"Automotive - HPetch","robots":{"index":"index","follow":"follow","max-snippet":"max-snippet:-1","max-image-preview":"max-image-preview:large","max-video-preview":"max-video-preview:-1"},"canonical":"https:\/\/www.hpetch.se\/de\/branchen\/automotive\/","og_locale":"de_DE","og_type":"article","og_title":"Automotive - HPetch","og_description":"\u00c4tzteile f\u00fcr die Automobilindustrie Pr\u00e4zisions\u00e4tzteile f\u00fcr die Automobilindustrie HP Etch stellt viele unterschiedliche \u00c4tzteile f\u00fcr die Automobilbranche her &#8211;\u00a0 von der Kraftstoffeinspritzung, \u00fcber Filter, dekorative Elemente, Pr\u00e4zisionsfedern, Elektrokontaktteile, Bordnetzkomponenten, etc. \u00c4tzen vs. Stanzen Das\u00a0\u00c4tzverfahren\u00a0bietet gegen\u00fcber dem traditionellen Stanzverfahren Vorteile, was vor allem Anwendung findet, wenn die Applikation starken Belastungen ausgesetzt ist. Beim Stanzprozess k\u00f6nnen Haarrisse [&hellip;]","og_url":"https:\/\/www.hpetch.se\/de\/branchen\/automotive\/","og_site_name":"HPetch","article_modified_time":"2024-11-06T15:49:56+00:00","og_image":[{"url":"https:\/\/hpetch.wickeder.de\/wp-content\/uploads\/sites\/6\/2024\/11\/HpEtch_filter.jpg","type":"","width":"","height":""}],"twitter_card":"summary_large_image","twitter_misc":{"Gesch\u00e4tzte Lesezeit":"1\u00a0Minute"},"schema":{"@context":"https:\/\/schema.org","@graph":[{"@type":"WebPage","@id":"https:\/\/www.hpetch.se\/de\/branchen\/automotive\/","url":"https:\/\/www.hpetch.se\/de\/branchen\/automotive\/","name":"Automotive - HPetch","isPartOf":{"@id":"https:\/\/www.hpetch.se\/de\/#website"},"primaryImageOfPage":{"@id":"https:\/\/www.hpetch.se\/de\/branchen\/automotive\/#primaryimage"},"image":{"@id":"https:\/\/www.hpetch.se\/de\/branchen\/automotive\/#primaryimage"},"thumbnailUrl":"https:\/\/hpetch.wickeder.de\/wp-content\/uploads\/sites\/6\/2024\/11\/HpEtch_filter.jpg","datePublished":"2020-01-28T12:02:56+00:00","dateModified":"2024-11-06T15:49:56+00:00","breadcrumb":{"@id":"https:\/\/www.hpetch.se\/de\/branchen\/automotive\/#breadcrumb"},"inLanguage":"de","potentialAction":[{"@type":"ReadAction","target":["https:\/\/www.hpetch.se\/de\/branchen\/automotive\/"]}]},{"@type":"ImageObject","inLanguage":"de","@id":"https:\/\/www.hpetch.se\/de\/branchen\/automotive\/#primaryimage","url":"https:\/\/hpetch.wickeder.de\/wp-content\/uploads\/sites\/6\/2024\/11\/HpEtch_filter.jpg","contentUrl":"https:\/\/hpetch.wickeder.de\/wp-content\/uploads\/sites\/6\/2024\/11\/HpEtch_filter.jpg"},{"@type":"BreadcrumbList","@id":"https:\/\/www.hpetch.se\/de\/branchen\/automotive\/#breadcrumb","itemListElement":[{"@type":"ListItem","position":1,"name":"Startseite","item":"https:\/\/www.hpetch.se\/de\/home\/"},{"@type":"ListItem","position":2,"name":"Branchen","item":"https:\/\/www.hpetch.se\/de\/branchen\/"},{"@type":"ListItem","position":3,"name":"Automotive"}]},{"@type":"WebSite","@id":"https:\/\/www.hpetch.se\/de\/#website","url":"https:\/\/www.hpetch.se\/de\/","name":"HPetch","description":"Form\u00e4tzteile in Pr\u00e4zision, Polymerbeschichtung","publisher":{"@id":"https:\/\/www.hpetch.se\/de\/#organization"},"potentialAction":[{"@type":"SearchAction","target":{"@type":"EntryPoint","urlTemplate":"https:\/\/www.hpetch.se\/de\/?s={search_term_string}"},"query-input":{"@type":"PropertyValueSpecification","valueRequired":true,"valueName":"search_term_string"}}],"inLanguage":"de"},{"@type":"Organization","@id":"https:\/\/www.hpetch.se\/de\/#organization","name":"HPetch","url":"https:\/\/www.hpetch.se\/de\/","logo":{"@type":"ImageObject","inLanguage":"de","@id":"https:\/\/www.hpetch.se\/de\/#\/schema\/logo\/image\/","url":"https:\/\/www.hpetch.se\/wp-content\/uploads\/sites\/6\/2019\/11\/hpecht_2025_randlos_400px.jpg","contentUrl":"https:\/\/www.hpetch.se\/wp-content\/uploads\/sites\/6\/2019\/11\/hpecht_2025_randlos_400px.jpg","width":400,"height":159,"caption":"HPetch"},"image":{"@id":"https:\/\/www.hpetch.se\/de\/#\/schema\/logo\/image\/"}}]}},"_links":{"self":[{"href":"https:\/\/www.hpetch.se\/de\/wp-json\/wp\/v2\/pages\/1073","targetHints":{"allow":["GET"]}}],"collection":[{"href":"https:\/\/www.hpetch.se\/de\/wp-json\/wp\/v2\/pages"}],"about":[{"href":"https:\/\/www.hpetch.se\/de\/wp-json\/wp\/v2\/types\/page"}],"author":[{"embeddable":true,"href":"https:\/\/www.hpetch.se\/de\/wp-json\/wp\/v2\/users\/2"}],"replies":[{"embeddable":true,"href":"https:\/\/www.hpetch.se\/de\/wp-json\/wp\/v2\/comments?post=1073"}],"version-history":[{"count":60,"href":"https:\/\/www.hpetch.se\/de\/wp-json\/wp\/v2\/pages\/1073\/revisions"}],"predecessor-version":[{"id":3114,"href":"https:\/\/www.hpetch.se\/de\/wp-json\/wp\/v2\/pages\/1073\/revisions\/3114"}],"up":[{"embeddable":true,"href":"https:\/\/www.hpetch.se\/de\/wp-json\/wp\/v2\/pages\/568"}],"wp:attachment":[{"href":"https:\/\/www.hpetch.se\/de\/wp-json\/wp\/v2\/media?parent=1073"}],"curies":[{"name":"wp","href":"https:\/\/api.w.org\/{rel}","templated":true}]}}