{"id":1360,"date":"2020-02-03T10:12:39","date_gmt":"2020-02-03T09:12:39","guid":{"rendered":"https:\/\/hpetch.wickeder.wickeder.de\/?page_id=1360"},"modified":"2024-11-06T17:04:12","modified_gmt":"2024-11-06T16:04:12","slug":"medizin","status":"publish","type":"page","link":"https:\/\/www.hpetch.se\/de\/branchen\/medizin\/","title":{"rendered":"Medizin"},"content":{"rendered":"\t\t<div data-elementor-type=\"wp-page\" data-elementor-id=\"1360\" class=\"elementor elementor-1360\" data-elementor-post-type=\"page\">\n\t\t\t\t<div class=\"elementor-element elementor-element-c5d3e36 e-flex e-con-boxed e-con e-parent\" data-id=\"c5d3e36\" data-element_type=\"container\" data-e-type=\"container\" data-settings=\"{&quot;background_background&quot;:&quot;classic&quot;}\">\n\t\t\t\t\t<div class=\"e-con-inner\">\n\t\t\t\t<div class=\"elementor-element elementor-element-678e850 elementor-widget elementor-widget-heading\" data-id=\"678e850\" data-element_type=\"widget\" data-e-type=\"widget\" data-widget_type=\"heading.default\">\n\t\t\t\t<div class=\"elementor-widget-container\">\n\t\t\t\t\t<h2 class=\"elementor-heading-title elementor-size-default\">\u00c4tzteile f\u00fcr die Medizintechnik<\/h2>\t\t\t\t<\/div>\n\t\t\t\t<\/div>\n\t\t<div class=\"elementor-element elementor-element-d9f6c2f e-con-full e-flex e-con e-child\" data-id=\"d9f6c2f\" data-element_type=\"container\" data-e-type=\"container\" data-settings=\"{&quot;background_background&quot;:&quot;classic&quot;}\">\n\t\t<div class=\"elementor-element elementor-element-dcc2e6c e-con-full e-flex e-con e-child\" data-id=\"dcc2e6c\" data-element_type=\"container\" data-e-type=\"container\">\n\t\t\t\t<div class=\"elementor-element elementor-element-0cf2d61 elementor-widget elementor-widget-image\" data-id=\"0cf2d61\" data-element_type=\"widget\" data-e-type=\"widget\" data-widget_type=\"image.default\">\n\t\t\t\t<div class=\"elementor-widget-container\">\n\t\t\t\t\t\t\t\t\t\t\t\t\t\t\t<img fetchpriority=\"high\" decoding=\"async\" width=\"768\" height=\"380\" src=\"https:\/\/www.hpetch.se\/wp-content\/uploads\/sites\/6\/2024\/11\/HPEtch.jpg\" class=\"attachment-large size-large wp-image-3131\" alt=\"\" \/>\t\t\t\t\t\t\t\t\t\t\t\t\t\t\t<\/div>\n\t\t\t\t<\/div>\n\t\t\t\t<div class=\"elementor-element elementor-element-364f3fc elementor-widget elementor-widget-image\" data-id=\"364f3fc\" data-element_type=\"widget\" data-e-type=\"widget\" data-widget_type=\"image.default\">\n\t\t\t\t<div class=\"elementor-widget-container\">\n\t\t\t\t\t\t\t\t\t\t\t\t\t\t\t<img decoding=\"async\" width=\"768\" height=\"380\" src=\"https:\/\/www.hpetch.se\/wp-content\/uploads\/sites\/6\/2024\/11\/decorative-etching.jpg\" class=\"attachment-large size-large wp-image-3128\" alt=\"\" \/>\t\t\t\t\t\t\t\t\t\t\t\t\t\t\t<\/div>\n\t\t\t\t<\/div>\n\t\t\t\t<\/div>\n\t\t<div class=\"elementor-element elementor-element-c5e6a7f e-con-full e-flex e-con e-child\" data-id=\"c5e6a7f\" data-element_type=\"container\" data-e-type=\"container\">\n\t\t\t\t<div class=\"elementor-element elementor-element-a65a74a elementor-widget elementor-widget-heading\" data-id=\"a65a74a\" data-element_type=\"widget\" data-e-type=\"widget\" data-widget_type=\"heading.default\">\n\t\t\t\t<div class=\"elementor-widget-container\">\n\t\t\t\t\t<h3 class=\"elementor-heading-title elementor-size-default\">Ge\u00e4tzte Medizinkomponenten<\/h3>\t\t\t\t<\/div>\n\t\t\t\t<\/div>\n\t\t\t\t<div class=\"elementor-element elementor-element-29d4829 elementor-widget elementor-widget-text-editor\" data-id=\"29d4829\" data-element_type=\"widget\" data-e-type=\"widget\" data-widget_type=\"text-editor.default\">\n\t\t\t\t<div class=\"elementor-widget-container\">\n\t\t\t\t\t\t\t\t\t<p>Ge\u00e4tzte Teile f\u00fcr die Medizintechnik sind oftmals in sehr filigranen Anwendungen zu finden, wie z.B. Herzschrittmachern, H\u00f6rger\u00e4ten, mikrochirurgischen Instrumenten, Lanzetten etc.<\/p>\t\t\t\t\t\t\t\t<\/div>\n\t\t\t\t<\/div>\n\t\t\t\t<div class=\"elementor-element elementor-element-b9a8a86 elementor-widget elementor-widget-text-editor\" data-id=\"b9a8a86\" data-element_type=\"widget\" data-e-type=\"widget\" data-widget_type=\"text-editor.default\">\n\t\t\t\t<div class=\"elementor-widget-container\">\n\t\t\t\t\t\t\t\t\t<p><b>Sauber und pr\u00e4zise f\u00fcr die Sicherheit am Menschen<\/b><\/p>\t\t\t\t\t\t\t\t<\/div>\n\t\t\t\t<\/div>\n\t\t\t\t<div class=\"elementor-element elementor-element-ae36b47 elementor-widget elementor-widget-text-editor\" data-id=\"ae36b47\" data-element_type=\"widget\" data-e-type=\"widget\" data-widget_type=\"text-editor.default\">\n\t\t\t\t<div class=\"elementor-widget-container\">\n\t\t\t\t\t\t\t\t\t<p>Bei medizinischen Anwendungen spielt h\u00f6chste Genauigkeit eine entscheidende Rolle. Da \u00c4tzen keine Gef\u00fcge\u00e4nderungen oder Grate verursacht, ist es ein oftmals verwendetes Verfahren f\u00fcr Anwendungen aus der Medizinbranche. Herk\u00f6mmliche Verfahren w\u00fcrden die Eigenschaften zu sehr beeintr\u00e4chtigen.<\/p>\t\t\t\t\t\t\t\t<\/div>\n\t\t\t\t<\/div>\n\t\t\t\t<div class=\"elementor-element elementor-element-a483b36 elementor-widget elementor-widget-text-editor\" data-id=\"a483b36\" data-element_type=\"widget\" data-e-type=\"widget\" data-widget_type=\"text-editor.default\">\n\t\t\t\t<div class=\"elementor-widget-container\">\n\t\t\t\t\t\t\t\t\t<p><b>Elektronische medizinische Ger\u00e4te<\/b><\/p>\t\t\t\t\t\t\t\t<\/div>\n\t\t\t\t<\/div>\n\t\t\t\t<div class=\"elementor-element elementor-element-2aaddc4 elementor-widget elementor-widget-text-editor\" data-id=\"2aaddc4\" data-element_type=\"widget\" data-e-type=\"widget\" data-widget_type=\"text-editor.default\">\n\t\t\t\t<div class=\"elementor-widget-container\">\n\t\t\t\t\t\t\t\t\t<p>In der modernen Medizintechnik kommen auch immer mehr elektronische Ger\u00e4te zum Einsatz, die z.B. hermetische Geh\u00e4use ben\u00f6tigen, wie z.B. R\u00f6ntgen- und Computertomographieger\u00e4te oder auch Laser-\/ und optische Systeme. Selbst bei kleinen St\u00fcckzahlen ist aufgrund unserer Prototypentwicklung ein hohes Ma\u00df an Preisleistung zu erzielen.<\/p>\t\t\t\t\t\t\t\t<\/div>\n\t\t\t\t<\/div>\n\t\t\t\t<\/div>\n\t\t\t\t<\/div>\n\t\t\t\t\t<\/div>\n\t\t\t\t<\/div>\n\t\t\t\t<\/div>\n\t\t","protected":false},"excerpt":{"rendered":"<p>\u00c4tzteile f\u00fcr die Medizintechnik Ge\u00e4tzte Medizinkomponenten Ge\u00e4tzte Teile f\u00fcr die Medizintechnik sind oftmals in sehr filigranen Anwendungen zu finden, wie z.B. Herzschrittmachern, H\u00f6rger\u00e4ten, mikrochirurgischen Instrumenten, Lanzetten etc. Sauber und pr\u00e4zise f\u00fcr die Sicherheit am Menschen Bei medizinischen Anwendungen spielt h\u00f6chste Genauigkeit eine entscheidende Rolle. Da \u00c4tzen keine Gef\u00fcge\u00e4nderungen oder Grate verursacht, ist es ein oftmals [&hellip;]<\/p>\n","protected":false},"author":2,"featured_media":0,"parent":568,"menu_order":3,"comment_status":"closed","ping_status":"closed","template":"","meta":{"footnotes":""},"class_list":["post-1360","page","type-page","status-publish","hentry"],"yoast_head":"<!-- This site is optimized with the Yoast SEO plugin v27.3 - https:\/\/yoast.com\/product\/yoast-seo-wordpress\/ -->\n<title>Medizin - HPetch<\/title>\n<meta name=\"robots\" content=\"index, follow, max-snippet:-1, max-image-preview:large, max-video-preview:-1\" \/>\n<link rel=\"canonical\" href=\"https:\/\/www.hpetch.se\/de\/branchen\/medizin\/\" \/>\n<meta property=\"og:locale\" content=\"de_DE\" \/>\n<meta property=\"og:type\" content=\"article\" \/>\n<meta property=\"og:title\" content=\"Medizin - HPetch\" \/>\n<meta property=\"og:description\" content=\"\u00c4tzteile f\u00fcr die Medizintechnik Ge\u00e4tzte Medizinkomponenten Ge\u00e4tzte Teile f\u00fcr die Medizintechnik sind oftmals in sehr filigranen Anwendungen zu finden, wie z.B. Herzschrittmachern, H\u00f6rger\u00e4ten, mikrochirurgischen Instrumenten, Lanzetten etc. Sauber und pr\u00e4zise f\u00fcr die Sicherheit am Menschen Bei medizinischen Anwendungen spielt h\u00f6chste Genauigkeit eine entscheidende Rolle. Da \u00c4tzen keine Gef\u00fcge\u00e4nderungen oder Grate verursacht, ist es ein oftmals [&hellip;]\" \/>\n<meta property=\"og:url\" content=\"https:\/\/www.hpetch.se\/de\/branchen\/medizin\/\" \/>\n<meta property=\"og:site_name\" content=\"HPetch\" \/>\n<meta property=\"article:modified_time\" content=\"2024-11-06T16:04:12+00:00\" \/>\n<meta property=\"og:image\" content=\"https:\/\/hpetch.wickeder.de\/wp-content\/uploads\/sites\/6\/2024\/11\/HPEtch.jpg\" \/>\n<meta name=\"twitter:card\" content=\"summary_large_image\" \/>\n<meta name=\"twitter:label1\" content=\"Gesch\u00e4tzte Lesezeit\" \/>\n\t<meta name=\"twitter:data1\" content=\"1\u00a0Minute\" \/>\n<script type=\"application\/ld+json\" class=\"yoast-schema-graph\">{\"@context\":\"https:\\\/\\\/schema.org\",\"@graph\":[{\"@type\":\"WebPage\",\"@id\":\"https:\\\/\\\/www.hpetch.se\\\/de\\\/branchen\\\/medizin\\\/\",\"url\":\"https:\\\/\\\/www.hpetch.se\\\/de\\\/branchen\\\/medizin\\\/\",\"name\":\"Medizin - HPetch\",\"isPartOf\":{\"@id\":\"https:\\\/\\\/www.hpetch.se\\\/de\\\/#website\"},\"primaryImageOfPage\":{\"@id\":\"https:\\\/\\\/www.hpetch.se\\\/de\\\/branchen\\\/medizin\\\/#primaryimage\"},\"image\":{\"@id\":\"https:\\\/\\\/www.hpetch.se\\\/de\\\/branchen\\\/medizin\\\/#primaryimage\"},\"thumbnailUrl\":\"https:\\\/\\\/hpetch.wickeder.de\\\/wp-content\\\/uploads\\\/sites\\\/6\\\/2024\\\/11\\\/HPEtch.jpg\",\"datePublished\":\"2020-02-03T09:12:39+00:00\",\"dateModified\":\"2024-11-06T16:04:12+00:00\",\"breadcrumb\":{\"@id\":\"https:\\\/\\\/www.hpetch.se\\\/de\\\/branchen\\\/medizin\\\/#breadcrumb\"},\"inLanguage\":\"de\",\"potentialAction\":[{\"@type\":\"ReadAction\",\"target\":[\"https:\\\/\\\/www.hpetch.se\\\/de\\\/branchen\\\/medizin\\\/\"]}]},{\"@type\":\"ImageObject\",\"inLanguage\":\"de\",\"@id\":\"https:\\\/\\\/www.hpetch.se\\\/de\\\/branchen\\\/medizin\\\/#primaryimage\",\"url\":\"https:\\\/\\\/hpetch.wickeder.de\\\/wp-content\\\/uploads\\\/sites\\\/6\\\/2024\\\/11\\\/HPEtch.jpg\",\"contentUrl\":\"https:\\\/\\\/hpetch.wickeder.de\\\/wp-content\\\/uploads\\\/sites\\\/6\\\/2024\\\/11\\\/HPEtch.jpg\"},{\"@type\":\"BreadcrumbList\",\"@id\":\"https:\\\/\\\/www.hpetch.se\\\/de\\\/branchen\\\/medizin\\\/#breadcrumb\",\"itemListElement\":[{\"@type\":\"ListItem\",\"position\":1,\"name\":\"Startseite\",\"item\":\"https:\\\/\\\/www.hpetch.se\\\/de\\\/home\\\/\"},{\"@type\":\"ListItem\",\"position\":2,\"name\":\"Branchen\",\"item\":\"https:\\\/\\\/www.hpetch.se\\\/de\\\/branchen\\\/\"},{\"@type\":\"ListItem\",\"position\":3,\"name\":\"Medizin\"}]},{\"@type\":\"WebSite\",\"@id\":\"https:\\\/\\\/www.hpetch.se\\\/de\\\/#website\",\"url\":\"https:\\\/\\\/www.hpetch.se\\\/de\\\/\",\"name\":\"HPetch\",\"description\":\"Form\u00e4tzteile in Pr\u00e4zision, Polymerbeschichtung\",\"publisher\":{\"@id\":\"https:\\\/\\\/www.hpetch.se\\\/de\\\/#organization\"},\"potentialAction\":[{\"@type\":\"SearchAction\",\"target\":{\"@type\":\"EntryPoint\",\"urlTemplate\":\"https:\\\/\\\/www.hpetch.se\\\/de\\\/?s={search_term_string}\"},\"query-input\":{\"@type\":\"PropertyValueSpecification\",\"valueRequired\":true,\"valueName\":\"search_term_string\"}}],\"inLanguage\":\"de\"},{\"@type\":\"Organization\",\"@id\":\"https:\\\/\\\/www.hpetch.se\\\/de\\\/#organization\",\"name\":\"HPetch\",\"url\":\"https:\\\/\\\/www.hpetch.se\\\/de\\\/\",\"logo\":{\"@type\":\"ImageObject\",\"inLanguage\":\"de\",\"@id\":\"https:\\\/\\\/www.hpetch.se\\\/de\\\/#\\\/schema\\\/logo\\\/image\\\/\",\"url\":\"https:\\\/\\\/www.hpetch.se\\\/wp-content\\\/uploads\\\/sites\\\/6\\\/2019\\\/11\\\/hpecht_2025_randlos_400px.jpg\",\"contentUrl\":\"https:\\\/\\\/www.hpetch.se\\\/wp-content\\\/uploads\\\/sites\\\/6\\\/2019\\\/11\\\/hpecht_2025_randlos_400px.jpg\",\"width\":400,\"height\":159,\"caption\":\"HPetch\"},\"image\":{\"@id\":\"https:\\\/\\\/www.hpetch.se\\\/de\\\/#\\\/schema\\\/logo\\\/image\\\/\"}}]}<\/script>\n<!-- \/ Yoast SEO plugin. -->","yoast_head_json":{"title":"Medizin - HPetch","robots":{"index":"index","follow":"follow","max-snippet":"max-snippet:-1","max-image-preview":"max-image-preview:large","max-video-preview":"max-video-preview:-1"},"canonical":"https:\/\/www.hpetch.se\/de\/branchen\/medizin\/","og_locale":"de_DE","og_type":"article","og_title":"Medizin - HPetch","og_description":"\u00c4tzteile f\u00fcr die Medizintechnik Ge\u00e4tzte Medizinkomponenten Ge\u00e4tzte Teile f\u00fcr die Medizintechnik sind oftmals in sehr filigranen Anwendungen zu finden, wie z.B. Herzschrittmachern, H\u00f6rger\u00e4ten, mikrochirurgischen Instrumenten, Lanzetten etc. Sauber und pr\u00e4zise f\u00fcr die Sicherheit am Menschen Bei medizinischen Anwendungen spielt h\u00f6chste Genauigkeit eine entscheidende Rolle. Da \u00c4tzen keine Gef\u00fcge\u00e4nderungen oder Grate verursacht, ist es ein oftmals [&hellip;]","og_url":"https:\/\/www.hpetch.se\/de\/branchen\/medizin\/","og_site_name":"HPetch","article_modified_time":"2024-11-06T16:04:12+00:00","og_image":[{"url":"https:\/\/hpetch.wickeder.de\/wp-content\/uploads\/sites\/6\/2024\/11\/HPEtch.jpg","type":"","width":"","height":""}],"twitter_card":"summary_large_image","twitter_misc":{"Gesch\u00e4tzte Lesezeit":"1\u00a0Minute"},"schema":{"@context":"https:\/\/schema.org","@graph":[{"@type":"WebPage","@id":"https:\/\/www.hpetch.se\/de\/branchen\/medizin\/","url":"https:\/\/www.hpetch.se\/de\/branchen\/medizin\/","name":"Medizin - HPetch","isPartOf":{"@id":"https:\/\/www.hpetch.se\/de\/#website"},"primaryImageOfPage":{"@id":"https:\/\/www.hpetch.se\/de\/branchen\/medizin\/#primaryimage"},"image":{"@id":"https:\/\/www.hpetch.se\/de\/branchen\/medizin\/#primaryimage"},"thumbnailUrl":"https:\/\/hpetch.wickeder.de\/wp-content\/uploads\/sites\/6\/2024\/11\/HPEtch.jpg","datePublished":"2020-02-03T09:12:39+00:00","dateModified":"2024-11-06T16:04:12+00:00","breadcrumb":{"@id":"https:\/\/www.hpetch.se\/de\/branchen\/medizin\/#breadcrumb"},"inLanguage":"de","potentialAction":[{"@type":"ReadAction","target":["https:\/\/www.hpetch.se\/de\/branchen\/medizin\/"]}]},{"@type":"ImageObject","inLanguage":"de","@id":"https:\/\/www.hpetch.se\/de\/branchen\/medizin\/#primaryimage","url":"https:\/\/hpetch.wickeder.de\/wp-content\/uploads\/sites\/6\/2024\/11\/HPEtch.jpg","contentUrl":"https:\/\/hpetch.wickeder.de\/wp-content\/uploads\/sites\/6\/2024\/11\/HPEtch.jpg"},{"@type":"BreadcrumbList","@id":"https:\/\/www.hpetch.se\/de\/branchen\/medizin\/#breadcrumb","itemListElement":[{"@type":"ListItem","position":1,"name":"Startseite","item":"https:\/\/www.hpetch.se\/de\/home\/"},{"@type":"ListItem","position":2,"name":"Branchen","item":"https:\/\/www.hpetch.se\/de\/branchen\/"},{"@type":"ListItem","position":3,"name":"Medizin"}]},{"@type":"WebSite","@id":"https:\/\/www.hpetch.se\/de\/#website","url":"https:\/\/www.hpetch.se\/de\/","name":"HPetch","description":"Form\u00e4tzteile in Pr\u00e4zision, Polymerbeschichtung","publisher":{"@id":"https:\/\/www.hpetch.se\/de\/#organization"},"potentialAction":[{"@type":"SearchAction","target":{"@type":"EntryPoint","urlTemplate":"https:\/\/www.hpetch.se\/de\/?s={search_term_string}"},"query-input":{"@type":"PropertyValueSpecification","valueRequired":true,"valueName":"search_term_string"}}],"inLanguage":"de"},{"@type":"Organization","@id":"https:\/\/www.hpetch.se\/de\/#organization","name":"HPetch","url":"https:\/\/www.hpetch.se\/de\/","logo":{"@type":"ImageObject","inLanguage":"de","@id":"https:\/\/www.hpetch.se\/de\/#\/schema\/logo\/image\/","url":"https:\/\/www.hpetch.se\/wp-content\/uploads\/sites\/6\/2019\/11\/hpecht_2025_randlos_400px.jpg","contentUrl":"https:\/\/www.hpetch.se\/wp-content\/uploads\/sites\/6\/2019\/11\/hpecht_2025_randlos_400px.jpg","width":400,"height":159,"caption":"HPetch"},"image":{"@id":"https:\/\/www.hpetch.se\/de\/#\/schema\/logo\/image\/"}}]}},"_links":{"self":[{"href":"https:\/\/www.hpetch.se\/de\/wp-json\/wp\/v2\/pages\/1360","targetHints":{"allow":["GET"]}}],"collection":[{"href":"https:\/\/www.hpetch.se\/de\/wp-json\/wp\/v2\/pages"}],"about":[{"href":"https:\/\/www.hpetch.se\/de\/wp-json\/wp\/v2\/types\/page"}],"author":[{"embeddable":true,"href":"https:\/\/www.hpetch.se\/de\/wp-json\/wp\/v2\/users\/2"}],"replies":[{"embeddable":true,"href":"https:\/\/www.hpetch.se\/de\/wp-json\/wp\/v2\/comments?post=1360"}],"version-history":[{"count":16,"href":"https:\/\/www.hpetch.se\/de\/wp-json\/wp\/v2\/pages\/1360\/revisions"}],"predecessor-version":[{"id":3136,"href":"https:\/\/www.hpetch.se\/de\/wp-json\/wp\/v2\/pages\/1360\/revisions\/3136"}],"up":[{"embeddable":true,"href":"https:\/\/www.hpetch.se\/de\/wp-json\/wp\/v2\/pages\/568"}],"wp:attachment":[{"href":"https:\/\/www.hpetch.se\/de\/wp-json\/wp\/v2\/media?parent=1360"}],"curies":[{"name":"wp","href":"https:\/\/api.w.org\/{rel}","templated":true}]}}