{"id":1441,"date":"2020-02-03T11:48:39","date_gmt":"2020-02-03T10:48:39","guid":{"rendered":"https:\/\/hpetch.wickeder.wickeder.de\/?page_id=1441"},"modified":"2024-11-06T16:58:16","modified_gmt":"2024-11-06T15:58:16","slug":"elektro-elektronik","status":"publish","type":"page","link":"https:\/\/www.hpetch.se\/de\/branchen\/elektro-elektronik\/","title":{"rendered":"Elektro \/ Elektronik"},"content":{"rendered":"\t\t<div data-elementor-type=\"wp-page\" data-elementor-id=\"1441\" class=\"elementor elementor-1441\" data-elementor-post-type=\"page\">\n\t\t\t\t<div class=\"elementor-element elementor-element-9e48475 e-flex e-con-boxed e-con e-parent\" data-id=\"9e48475\" data-element_type=\"container\" data-e-type=\"container\" data-settings=\"{&quot;background_background&quot;:&quot;classic&quot;}\">\n\t\t\t\t\t<div class=\"e-con-inner\">\n\t\t\t\t<div class=\"elementor-element elementor-element-dd90251 elementor-widget elementor-widget-heading\" data-id=\"dd90251\" data-element_type=\"widget\" data-e-type=\"widget\" data-widget_type=\"heading.default\">\n\t\t\t\t<div class=\"elementor-widget-container\">\n\t\t\t\t\t<h2 class=\"elementor-heading-title elementor-size-default\">Pr\u00e4zisionselektroteile<\/h2>\t\t\t\t<\/div>\n\t\t\t\t<\/div>\n\t\t<div class=\"elementor-element elementor-element-72baf46 e-con-full e-flex e-con e-child\" data-id=\"72baf46\" data-element_type=\"container\" data-e-type=\"container\" data-settings=\"{&quot;background_background&quot;:&quot;classic&quot;}\">\n\t\t<div class=\"elementor-element elementor-element-f63586b e-con-full e-flex e-con e-child\" data-id=\"f63586b\" data-element_type=\"container\" data-e-type=\"container\">\n\t\t\t\t<div class=\"elementor-element elementor-element-3bc4dd7 elementor-widget elementor-widget-image\" data-id=\"3bc4dd7\" data-element_type=\"widget\" data-e-type=\"widget\" data-widget_type=\"image.default\">\n\t\t\t\t<div class=\"elementor-widget-container\">\n\t\t\t\t\t\t\t\t\t\t\t\t\t\t\t<img fetchpriority=\"high\" decoding=\"async\" width=\"768\" height=\"380\" src=\"https:\/\/www.hpetch.se\/wp-content\/uploads\/sites\/6\/2024\/11\/HPEtch-etched_parts.jpg\" class=\"attachment-large size-large wp-image-3115\" alt=\"\" \/>\t\t\t\t\t\t\t\t\t\t\t\t\t\t\t<\/div>\n\t\t\t\t<\/div>\n\t\t\t\t<div class=\"elementor-element elementor-element-178c85b elementor-widget elementor-widget-image\" data-id=\"178c85b\" data-element_type=\"widget\" data-e-type=\"widget\" data-widget_type=\"image.default\">\n\t\t\t\t<div class=\"elementor-widget-container\">\n\t\t\t\t\t\t\t\t\t\t\t\t\t\t\t<img decoding=\"async\" width=\"768\" height=\"380\" src=\"https:\/\/www.hpetch.se\/wp-content\/uploads\/sites\/6\/2024\/11\/solder-paste-stencil.jpg\" class=\"attachment-large size-large wp-image-3118\" alt=\"\" \/>\t\t\t\t\t\t\t\t\t\t\t\t\t\t\t<\/div>\n\t\t\t\t<\/div>\n\t\t\t\t<\/div>\n\t\t<div class=\"elementor-element elementor-element-daee31e e-con-full e-flex e-con e-child\" data-id=\"daee31e\" data-element_type=\"container\" data-e-type=\"container\">\n\t\t\t\t<div class=\"elementor-element elementor-element-b445a4f elementor-widget elementor-widget-heading\" data-id=\"b445a4f\" data-element_type=\"widget\" data-e-type=\"widget\" data-widget_type=\"heading.default\">\n\t\t\t\t<div class=\"elementor-widget-container\">\n\t\t\t\t\t<h3 class=\"elementor-heading-title elementor-size-default\">Pr\u00e4zisions\u00e4tzteile f\u00fcr die Elektroindustrie<\/h3>\t\t\t\t<\/div>\n\t\t\t\t<\/div>\n\t\t\t\t<div class=\"elementor-element elementor-element-7f40862 elementor-widget elementor-widget-text-editor\" data-id=\"7f40862\" data-element_type=\"widget\" data-e-type=\"widget\" data-widget_type=\"text-editor.default\">\n\t\t\t\t<div class=\"elementor-widget-container\">\n\t\t\t\t\t\t\t\t\t<p>Um den modernen Anforderungen der Automatisierung und Miniaturisierung gerecht zu werden, kommen unterschiedliche Metallform\u00e4tzteile in der Elektrobranche zum Einsatz. Dazu z\u00e4hlen gebogene und ungebogene Abschirmungen, Leadframes,\u00a0<a class=\"internal-link\" href=\"https:\/\/www.hpetch.se\/produkte-portfolio\/rakel\/\">L\u00f6tpastenmasken\/Schablonen<\/a>,\u00a0<a class=\"internal-link\" href=\"https:\/\/www.hpetch.se\/produkte-portfolio\/elektronikkontaktteile\/\">Kontakte<\/a>, Schalter, Anschl\u00fcsse, Federn, etc.<\/p>\t\t\t\t\t\t\t\t<\/div>\n\t\t\t\t<\/div>\n\t\t\t\t<div class=\"elementor-element elementor-element-a63616d elementor-widget elementor-widget-text-editor\" data-id=\"a63616d\" data-element_type=\"widget\" data-e-type=\"widget\" data-widget_type=\"text-editor.default\">\n\t\t\t\t<div class=\"elementor-widget-container\">\n\t\t\t\t\t\t\t\t\t<p><b>Eigene Biegemaschinen<\/b><\/p>\t\t\t\t\t\t\t\t<\/div>\n\t\t\t\t<\/div>\n\t\t\t\t<div class=\"elementor-element elementor-element-005691b elementor-widget elementor-widget-text-editor\" data-id=\"005691b\" data-element_type=\"widget\" data-e-type=\"widget\" data-widget_type=\"text-editor.default\">\n\t\t\t\t<div class=\"elementor-widget-container\">\n\t\t\t\t\t\t\t\t\t<p><span id=\"result_box\" lang=\"de\"><a class=\"internal-link\" href=\"https:\/\/www.hpetch.se\/produkte-portfolio\/emc-emi-abschirmungen\/\">Abschirmungen<\/a>\u00a0k\u00f6nnen neben der \u00c4tzung auch inhouse geformt werden. Die \u00c4tzung von\u00a0<\/span>Schachbrettmustern in die Tiefe erlaubt viele verschiedene Konfigurationen. In der Produktentwicklungsphase k\u00f6nnen voll funktionsf\u00e4hige Schilde schnell und zuverl\u00e4ssig erzeugt werden &#8211; das spart Zeit und Geld.<\/p>\t\t\t\t\t\t\t\t<\/div>\n\t\t\t\t<\/div>\n\t\t\t\t<div class=\"elementor-element elementor-element-bd912c3 elementor-widget elementor-widget-text-editor\" data-id=\"bd912c3\" data-element_type=\"widget\" data-e-type=\"widget\" data-widget_type=\"text-editor.default\">\n\t\t\t\t<div class=\"elementor-widget-container\">\n\t\t\t\t\t\t\t\t\t<p><b>Vorteile von fotoge\u00e4tzten Elektroteilen<\/b><\/p>\t\t\t\t\t\t\t\t<\/div>\n\t\t\t\t<\/div>\n\t\t\t\t<div class=\"elementor-element elementor-element-27a6c13 elementor-widget elementor-widget-text-editor\" data-id=\"27a6c13\" data-element_type=\"widget\" data-e-type=\"widget\" data-widget_type=\"text-editor.default\">\n\t\t\t\t<div class=\"elementor-widget-container\">\n\t\t\t\t\t\t\t\t\t<p><span id=\"result_box\" lang=\"de\">\u203a Einsparung der Kosten f\u00fcr die Formwerkzeuge\u00a0<\/span><br \/>\u203a Verbesserung der Designflexibilit\u00e4t<br \/>\u203a Durchgehende Bohrungen und Schlitze zur verbesserten W\u00e4rmeabfuhr<br \/>\u203a Komplizierte Geometrie ohne Einfluss auf die Werkzeugkosten<br \/>\u203a Tiefge\u00e4tzte Logos und Nomenklatur m\u00f6glich<br \/>\u203a Schnelle Prototypenlieferung<\/p>\t\t\t\t\t\t\t\t<\/div>\n\t\t\t\t<\/div>\n\t\t\t\t<\/div>\n\t\t\t\t<\/div>\n\t\t\t\t\t<\/div>\n\t\t\t\t<\/div>\n\t\t\t\t<\/div>\n\t\t","protected":false},"excerpt":{"rendered":"<p>Pr\u00e4zisionselektroteile Pr\u00e4zisions\u00e4tzteile f\u00fcr die Elektroindustrie Um den modernen Anforderungen der Automatisierung und Miniaturisierung gerecht zu werden, kommen unterschiedliche Metallform\u00e4tzteile in der Elektrobranche zum Einsatz. Dazu z\u00e4hlen gebogene und ungebogene Abschirmungen, Leadframes,\u00a0L\u00f6tpastenmasken\/Schablonen,\u00a0Kontakte, Schalter, Anschl\u00fcsse, Federn, etc. Eigene Biegemaschinen Abschirmungen\u00a0k\u00f6nnen neben der \u00c4tzung auch inhouse geformt werden. Die \u00c4tzung von\u00a0Schachbrettmustern in die Tiefe erlaubt viele verschiedene Konfigurationen. [&hellip;]<\/p>\n","protected":false},"author":2,"featured_media":0,"parent":568,"menu_order":2,"comment_status":"closed","ping_status":"closed","template":"","meta":{"footnotes":""},"class_list":["post-1441","page","type-page","status-publish","hentry"],"yoast_head":"<!-- This site is optimized with the Yoast SEO plugin v27.3 - https:\/\/yoast.com\/product\/yoast-seo-wordpress\/ -->\n<title>Elektro \/ Elektronik - HPetch<\/title>\n<meta name=\"robots\" content=\"index, follow, max-snippet:-1, max-image-preview:large, max-video-preview:-1\" \/>\n<link rel=\"canonical\" href=\"https:\/\/www.hpetch.se\/de\/branchen\/elektro-elektronik\/\" \/>\n<meta property=\"og:locale\" content=\"de_DE\" \/>\n<meta property=\"og:type\" content=\"article\" \/>\n<meta property=\"og:title\" content=\"Elektro \/ Elektronik - HPetch\" \/>\n<meta property=\"og:description\" content=\"Pr\u00e4zisionselektroteile Pr\u00e4zisions\u00e4tzteile f\u00fcr die Elektroindustrie Um den modernen Anforderungen der Automatisierung und Miniaturisierung gerecht zu werden, kommen unterschiedliche Metallform\u00e4tzteile in der Elektrobranche zum Einsatz. Dazu z\u00e4hlen gebogene und ungebogene Abschirmungen, Leadframes,\u00a0L\u00f6tpastenmasken\/Schablonen,\u00a0Kontakte, Schalter, Anschl\u00fcsse, Federn, etc. Eigene Biegemaschinen Abschirmungen\u00a0k\u00f6nnen neben der \u00c4tzung auch inhouse geformt werden. Die \u00c4tzung von\u00a0Schachbrettmustern in die Tiefe erlaubt viele verschiedene Konfigurationen. [&hellip;]\" \/>\n<meta property=\"og:url\" content=\"https:\/\/www.hpetch.se\/de\/branchen\/elektro-elektronik\/\" \/>\n<meta property=\"og:site_name\" content=\"HPetch\" \/>\n<meta property=\"article:modified_time\" content=\"2024-11-06T15:58:16+00:00\" \/>\n<meta property=\"og:image\" content=\"https:\/\/hpetch.wickeder.de\/wp-content\/uploads\/sites\/6\/2024\/11\/HPEtch-etched_parts.jpg\" \/>\n<meta name=\"twitter:card\" content=\"summary_large_image\" \/>\n<meta name=\"twitter:label1\" content=\"Gesch\u00e4tzte Lesezeit\" \/>\n\t<meta name=\"twitter:data1\" content=\"1\u00a0Minute\" \/>\n<script type=\"application\/ld+json\" class=\"yoast-schema-graph\">{\"@context\":\"https:\\\/\\\/schema.org\",\"@graph\":[{\"@type\":\"WebPage\",\"@id\":\"https:\\\/\\\/www.hpetch.se\\\/de\\\/branchen\\\/elektro-elektronik\\\/\",\"url\":\"https:\\\/\\\/www.hpetch.se\\\/de\\\/branchen\\\/elektro-elektronik\\\/\",\"name\":\"Elektro \\\/ Elektronik - HPetch\",\"isPartOf\":{\"@id\":\"https:\\\/\\\/www.hpetch.se\\\/de\\\/#website\"},\"primaryImageOfPage\":{\"@id\":\"https:\\\/\\\/www.hpetch.se\\\/de\\\/branchen\\\/elektro-elektronik\\\/#primaryimage\"},\"image\":{\"@id\":\"https:\\\/\\\/www.hpetch.se\\\/de\\\/branchen\\\/elektro-elektronik\\\/#primaryimage\"},\"thumbnailUrl\":\"https:\\\/\\\/hpetch.wickeder.de\\\/wp-content\\\/uploads\\\/sites\\\/6\\\/2024\\\/11\\\/HPEtch-etched_parts.jpg\",\"datePublished\":\"2020-02-03T10:48:39+00:00\",\"dateModified\":\"2024-11-06T15:58:16+00:00\",\"breadcrumb\":{\"@id\":\"https:\\\/\\\/www.hpetch.se\\\/de\\\/branchen\\\/elektro-elektronik\\\/#breadcrumb\"},\"inLanguage\":\"de\",\"potentialAction\":[{\"@type\":\"ReadAction\",\"target\":[\"https:\\\/\\\/www.hpetch.se\\\/de\\\/branchen\\\/elektro-elektronik\\\/\"]}]},{\"@type\":\"ImageObject\",\"inLanguage\":\"de\",\"@id\":\"https:\\\/\\\/www.hpetch.se\\\/de\\\/branchen\\\/elektro-elektronik\\\/#primaryimage\",\"url\":\"https:\\\/\\\/hpetch.wickeder.de\\\/wp-content\\\/uploads\\\/sites\\\/6\\\/2024\\\/11\\\/HPEtch-etched_parts.jpg\",\"contentUrl\":\"https:\\\/\\\/hpetch.wickeder.de\\\/wp-content\\\/uploads\\\/sites\\\/6\\\/2024\\\/11\\\/HPEtch-etched_parts.jpg\"},{\"@type\":\"BreadcrumbList\",\"@id\":\"https:\\\/\\\/www.hpetch.se\\\/de\\\/branchen\\\/elektro-elektronik\\\/#breadcrumb\",\"itemListElement\":[{\"@type\":\"ListItem\",\"position\":1,\"name\":\"Startseite\",\"item\":\"https:\\\/\\\/www.hpetch.se\\\/de\\\/home\\\/\"},{\"@type\":\"ListItem\",\"position\":2,\"name\":\"Branchen\",\"item\":\"https:\\\/\\\/www.hpetch.se\\\/de\\\/branchen\\\/\"},{\"@type\":\"ListItem\",\"position\":3,\"name\":\"Elektro \\\/ Elektronik\"}]},{\"@type\":\"WebSite\",\"@id\":\"https:\\\/\\\/www.hpetch.se\\\/de\\\/#website\",\"url\":\"https:\\\/\\\/www.hpetch.se\\\/de\\\/\",\"name\":\"HPetch\",\"description\":\"Form\u00e4tzteile in Pr\u00e4zision, Polymerbeschichtung\",\"publisher\":{\"@id\":\"https:\\\/\\\/www.hpetch.se\\\/de\\\/#organization\"},\"potentialAction\":[{\"@type\":\"SearchAction\",\"target\":{\"@type\":\"EntryPoint\",\"urlTemplate\":\"https:\\\/\\\/www.hpetch.se\\\/de\\\/?s={search_term_string}\"},\"query-input\":{\"@type\":\"PropertyValueSpecification\",\"valueRequired\":true,\"valueName\":\"search_term_string\"}}],\"inLanguage\":\"de\"},{\"@type\":\"Organization\",\"@id\":\"https:\\\/\\\/www.hpetch.se\\\/de\\\/#organization\",\"name\":\"HPetch\",\"url\":\"https:\\\/\\\/www.hpetch.se\\\/de\\\/\",\"logo\":{\"@type\":\"ImageObject\",\"inLanguage\":\"de\",\"@id\":\"https:\\\/\\\/www.hpetch.se\\\/de\\\/#\\\/schema\\\/logo\\\/image\\\/\",\"url\":\"https:\\\/\\\/www.hpetch.se\\\/wp-content\\\/uploads\\\/sites\\\/6\\\/2019\\\/11\\\/hpecht_2025_randlos_400px.jpg\",\"contentUrl\":\"https:\\\/\\\/www.hpetch.se\\\/wp-content\\\/uploads\\\/sites\\\/6\\\/2019\\\/11\\\/hpecht_2025_randlos_400px.jpg\",\"width\":400,\"height\":159,\"caption\":\"HPetch\"},\"image\":{\"@id\":\"https:\\\/\\\/www.hpetch.se\\\/de\\\/#\\\/schema\\\/logo\\\/image\\\/\"}}]}<\/script>\n<!-- \/ Yoast SEO plugin. -->","yoast_head_json":{"title":"Elektro \/ Elektronik - HPetch","robots":{"index":"index","follow":"follow","max-snippet":"max-snippet:-1","max-image-preview":"max-image-preview:large","max-video-preview":"max-video-preview:-1"},"canonical":"https:\/\/www.hpetch.se\/de\/branchen\/elektro-elektronik\/","og_locale":"de_DE","og_type":"article","og_title":"Elektro \/ Elektronik - HPetch","og_description":"Pr\u00e4zisionselektroteile Pr\u00e4zisions\u00e4tzteile f\u00fcr die Elektroindustrie Um den modernen Anforderungen der Automatisierung und Miniaturisierung gerecht zu werden, kommen unterschiedliche Metallform\u00e4tzteile in der Elektrobranche zum Einsatz. Dazu z\u00e4hlen gebogene und ungebogene Abschirmungen, Leadframes,\u00a0L\u00f6tpastenmasken\/Schablonen,\u00a0Kontakte, Schalter, Anschl\u00fcsse, Federn, etc. Eigene Biegemaschinen Abschirmungen\u00a0k\u00f6nnen neben der \u00c4tzung auch inhouse geformt werden. Die \u00c4tzung von\u00a0Schachbrettmustern in die Tiefe erlaubt viele verschiedene Konfigurationen. [&hellip;]","og_url":"https:\/\/www.hpetch.se\/de\/branchen\/elektro-elektronik\/","og_site_name":"HPetch","article_modified_time":"2024-11-06T15:58:16+00:00","og_image":[{"url":"https:\/\/hpetch.wickeder.de\/wp-content\/uploads\/sites\/6\/2024\/11\/HPEtch-etched_parts.jpg","type":"","width":"","height":""}],"twitter_card":"summary_large_image","twitter_misc":{"Gesch\u00e4tzte Lesezeit":"1\u00a0Minute"},"schema":{"@context":"https:\/\/schema.org","@graph":[{"@type":"WebPage","@id":"https:\/\/www.hpetch.se\/de\/branchen\/elektro-elektronik\/","url":"https:\/\/www.hpetch.se\/de\/branchen\/elektro-elektronik\/","name":"Elektro \/ Elektronik - HPetch","isPartOf":{"@id":"https:\/\/www.hpetch.se\/de\/#website"},"primaryImageOfPage":{"@id":"https:\/\/www.hpetch.se\/de\/branchen\/elektro-elektronik\/#primaryimage"},"image":{"@id":"https:\/\/www.hpetch.se\/de\/branchen\/elektro-elektronik\/#primaryimage"},"thumbnailUrl":"https:\/\/hpetch.wickeder.de\/wp-content\/uploads\/sites\/6\/2024\/11\/HPEtch-etched_parts.jpg","datePublished":"2020-02-03T10:48:39+00:00","dateModified":"2024-11-06T15:58:16+00:00","breadcrumb":{"@id":"https:\/\/www.hpetch.se\/de\/branchen\/elektro-elektronik\/#breadcrumb"},"inLanguage":"de","potentialAction":[{"@type":"ReadAction","target":["https:\/\/www.hpetch.se\/de\/branchen\/elektro-elektronik\/"]}]},{"@type":"ImageObject","inLanguage":"de","@id":"https:\/\/www.hpetch.se\/de\/branchen\/elektro-elektronik\/#primaryimage","url":"https:\/\/hpetch.wickeder.de\/wp-content\/uploads\/sites\/6\/2024\/11\/HPEtch-etched_parts.jpg","contentUrl":"https:\/\/hpetch.wickeder.de\/wp-content\/uploads\/sites\/6\/2024\/11\/HPEtch-etched_parts.jpg"},{"@type":"BreadcrumbList","@id":"https:\/\/www.hpetch.se\/de\/branchen\/elektro-elektronik\/#breadcrumb","itemListElement":[{"@type":"ListItem","position":1,"name":"Startseite","item":"https:\/\/www.hpetch.se\/de\/home\/"},{"@type":"ListItem","position":2,"name":"Branchen","item":"https:\/\/www.hpetch.se\/de\/branchen\/"},{"@type":"ListItem","position":3,"name":"Elektro \/ Elektronik"}]},{"@type":"WebSite","@id":"https:\/\/www.hpetch.se\/de\/#website","url":"https:\/\/www.hpetch.se\/de\/","name":"HPetch","description":"Form\u00e4tzteile in Pr\u00e4zision, Polymerbeschichtung","publisher":{"@id":"https:\/\/www.hpetch.se\/de\/#organization"},"potentialAction":[{"@type":"SearchAction","target":{"@type":"EntryPoint","urlTemplate":"https:\/\/www.hpetch.se\/de\/?s={search_term_string}"},"query-input":{"@type":"PropertyValueSpecification","valueRequired":true,"valueName":"search_term_string"}}],"inLanguage":"de"},{"@type":"Organization","@id":"https:\/\/www.hpetch.se\/de\/#organization","name":"HPetch","url":"https:\/\/www.hpetch.se\/de\/","logo":{"@type":"ImageObject","inLanguage":"de","@id":"https:\/\/www.hpetch.se\/de\/#\/schema\/logo\/image\/","url":"https:\/\/www.hpetch.se\/wp-content\/uploads\/sites\/6\/2019\/11\/hpecht_2025_randlos_400px.jpg","contentUrl":"https:\/\/www.hpetch.se\/wp-content\/uploads\/sites\/6\/2019\/11\/hpecht_2025_randlos_400px.jpg","width":400,"height":159,"caption":"HPetch"},"image":{"@id":"https:\/\/www.hpetch.se\/de\/#\/schema\/logo\/image\/"}}]}},"_links":{"self":[{"href":"https:\/\/www.hpetch.se\/de\/wp-json\/wp\/v2\/pages\/1441","targetHints":{"allow":["GET"]}}],"collection":[{"href":"https:\/\/www.hpetch.se\/de\/wp-json\/wp\/v2\/pages"}],"about":[{"href":"https:\/\/www.hpetch.se\/de\/wp-json\/wp\/v2\/types\/page"}],"author":[{"embeddable":true,"href":"https:\/\/www.hpetch.se\/de\/wp-json\/wp\/v2\/users\/2"}],"replies":[{"embeddable":true,"href":"https:\/\/www.hpetch.se\/de\/wp-json\/wp\/v2\/comments?post=1441"}],"version-history":[{"count":15,"href":"https:\/\/www.hpetch.se\/de\/wp-json\/wp\/v2\/pages\/1441\/revisions"}],"predecessor-version":[{"id":3127,"href":"https:\/\/www.hpetch.se\/de\/wp-json\/wp\/v2\/pages\/1441\/revisions\/3127"}],"up":[{"embeddable":true,"href":"https:\/\/www.hpetch.se\/de\/wp-json\/wp\/v2\/pages\/568"}],"wp:attachment":[{"href":"https:\/\/www.hpetch.se\/de\/wp-json\/wp\/v2\/media?parent=1441"}],"curies":[{"name":"wp","href":"https:\/\/api.w.org\/{rel}","templated":true}]}}