{"id":1644,"date":"2020-02-10T10:43:34","date_gmt":"2020-02-10T09:43:34","guid":{"rendered":"https:\/\/hpetch.wickeder.wickeder.de\/?page_id=1644"},"modified":"2024-11-08T11:36:44","modified_gmt":"2024-11-08T10:36:44","slug":"technische-richtlinien","status":"publish","type":"page","link":"https:\/\/www.hpetch.se\/de\/produkte-portfolio\/technische-richtlinien\/","title":{"rendered":"Technische Richtlinien"},"content":{"rendered":"\t\t<div data-elementor-type=\"wp-page\" data-elementor-id=\"1644\" class=\"elementor elementor-1644\" data-elementor-post-type=\"page\">\n\t\t\t\t<div class=\"elementor-element elementor-element-53d808d e-flex e-con-boxed e-con e-parent\" data-id=\"53d808d\" data-element_type=\"container\" data-e-type=\"container\" data-settings=\"{&quot;background_background&quot;:&quot;classic&quot;}\">\n\t\t\t\t\t<div class=\"e-con-inner\">\n\t\t\t\t<div class=\"elementor-element elementor-element-c7445ea elementor-widget elementor-widget-text-editor\" data-id=\"c7445ea\" data-element_type=\"widget\" data-e-type=\"widget\" data-widget_type=\"text-editor.default\">\n\t\t\t\t<div class=\"elementor-widget-container\">\n\t\t\t\t\t\t\t\t\t<p>Unsere technischen Richtlinien informieren Sie \u00fcber unsere M\u00f6glichkeiten. Sollten Sie andere Anforderungen haben, fragen Sie uns gerne an &#8211; wir finden f\u00fcr Sie die optimale L\u00f6sung. Dazu z\u00e4hlt, dass wir die St\u00e4rken der Wickeder Group nutzen k\u00f6nnen und \u00fcber ein gutes Partnernetzwerk verf\u00fcgen.<\/p>\t\t\t\t\t\t\t\t<\/div>\n\t\t\t\t<\/div>\n\t\t<div class=\"elementor-element elementor-element-ff8a5c5 e-con-full e-flex e-con e-child\" data-id=\"ff8a5c5\" data-element_type=\"container\" data-e-type=\"container\">\n\t\t<div class=\"elementor-element elementor-element-7a80132 e-con-full e-flex e-con e-child\" data-id=\"7a80132\" data-element_type=\"container\" data-e-type=\"container\" data-settings=\"{&quot;background_background&quot;:&quot;classic&quot;}\">\n\t\t\t\t<div class=\"elementor-element elementor-element-7f81ee0 elementor-widget elementor-widget-heading\" data-id=\"7f81ee0\" data-element_type=\"widget\" data-e-type=\"widget\" data-widget_type=\"heading.default\">\n\t\t\t\t<div class=\"elementor-widget-container\">\n\t\t\t\t\t<h3 class=\"elementor-heading-title elementor-size-default\">Eckdaten in der \u00dcbersicht<\/h3>\t\t\t\t<\/div>\n\t\t\t\t<\/div>\n\t\t\t\t<div class=\"elementor-element elementor-element-10dc8fd elementor-align-start elementor-icon-list--layout-traditional elementor-list-item-link-full_width elementor-widget elementor-widget-icon-list\" data-id=\"10dc8fd\" data-element_type=\"widget\" data-e-type=\"widget\" data-widget_type=\"icon-list.default\">\n\t\t\t\t<div class=\"elementor-widget-container\">\n\t\t\t\t\t\t\t<ul class=\"elementor-icon-list-items\">\n\t\t\t\t\t\t\t<li class=\"elementor-icon-list-item\">\n\t\t\t\t\t\t\t\t\t\t\t<span class=\"elementor-icon-list-icon\">\n\t\t\t\t\t\t\t<i aria-hidden=\"true\" class=\"fas fa-chevron-right\"><\/i>\t\t\t\t\t\t<\/span>\n\t\t\t\t\t\t\t\t\t\t<span class=\"elementor-icon-list-text\">Materialien: Stahl und Edelst\u00e4hle, Eisen-Nickel-Legierungen,     Kupfer-Legierungen, Aluminium, Plattierte Werkstoffe<\/span>\n\t\t\t\t\t\t\t\t\t<\/li>\n\t\t\t\t\t\t\t\t<li class=\"elementor-icon-list-item\">\n\t\t\t\t\t\t\t\t\t\t\t<span class=\"elementor-icon-list-icon\">\n\t\t\t\t\t\t\t<i aria-hidden=\"true\" class=\"fas fa-chevron-right\"><\/i>\t\t\t\t\t\t<\/span>\n\t\t\t\t\t\t\t\t\t\t<span class=\"elementor-icon-list-text\">Materialst\u00e4rken: 0.015 - 2.0 mm (4.0 mm auf Anfrage)<\/span>\n\t\t\t\t\t\t\t\t\t<\/li>\n\t\t\t\t\t\t\t\t<li class=\"elementor-icon-list-item\">\n\t\t\t\t\t\t\t\t\t\t\t<span class=\"elementor-icon-list-icon\">\n\t\t\t\t\t\t\t<i aria-hidden=\"true\" class=\"fas fa-chevron-right\"><\/i>\t\t\t\t\t\t<\/span>\n\t\t\t\t\t\t\t\t\t\t<span class=\"elementor-icon-list-text\">Enge Toleranzen: bis zu +\/- 0.01 mm<\/span>\n\t\t\t\t\t\t\t\t\t<\/li>\n\t\t\t\t\t\t\t\t<li class=\"elementor-icon-list-item\">\n\t\t\t\t\t\t\t\t\t\t\t<span class=\"elementor-icon-list-icon\">\n\t\t\t\t\t\t\t<i aria-hidden=\"true\" class=\"fas fa-chevron-right\"><\/i>\t\t\t\t\t\t<\/span>\n\t\t\t\t\t\t\t\t\t\t<span class=\"elementor-icon-list-text\">Abmessungen: Sheet maximal 610 x 610 mm    (610 x 1800 mm auf Anfrage)<\/span>\n\t\t\t\t\t\t\t\t\t<\/li>\n\t\t\t\t\t\t\t\t<li class=\"elementor-icon-list-item\">\n\t\t\t\t\t\t\t\t\t\t\t<span class=\"elementor-icon-list-icon\">\n\t\t\t\t\t\t\t<i aria-hidden=\"true\" class=\"fas fa-chevron-right\"><\/i>\t\t\t\t\t\t<\/span>\n\t\t\t\t\t\t\t\t\t\t<span class=\"elementor-icon-list-text\">Lieferzeit: kleine Serien innerhalb einer Woche<\/span>\n\t\t\t\t\t\t\t\t\t<\/li>\n\t\t\t\t\t\t\t\t<li class=\"elementor-icon-list-item\">\n\t\t\t\t\t\t\t\t\t\t\t<span class=\"elementor-icon-list-icon\">\n\t\t\t\t\t\t\t<i aria-hidden=\"true\" class=\"fas fa-chevron-right\"><\/i>\t\t\t\t\t\t<\/span>\n\t\t\t\t\t\t\t\t\t\t<span class=\"elementor-icon-list-text\">Lieferung: vereinzelt oder in Sheets<\/span>\n\t\t\t\t\t\t\t\t\t<\/li>\n\t\t\t\t\t\t<\/ul>\n\t\t\t\t\t\t<\/div>\n\t\t\t\t<\/div>\n\t\t\t\t<\/div>\n\t\t<div class=\"elementor-element elementor-element-1ce90b9 e-con-full e-flex e-con e-child\" data-id=\"1ce90b9\" data-element_type=\"container\" data-e-type=\"container\" data-settings=\"{&quot;background_background&quot;:&quot;classic&quot;}\">\n\t\t\t\t<div class=\"elementor-element elementor-element-6bd9f29 elementor-widget elementor-widget-heading\" data-id=\"6bd9f29\" data-element_type=\"widget\" data-e-type=\"widget\" data-widget_type=\"heading.default\">\n\t\t\t\t<div class=\"elementor-widget-container\">\n\t\t\t\t\t<h3 class=\"elementor-heading-title elementor-size-default\">Lochgeometrien<\/h3>\t\t\t\t<\/div>\n\t\t\t\t<\/div>\n\t\t\t\t<div class=\"elementor-element elementor-element-007a34b elementor-widget elementor-widget-image\" data-id=\"007a34b\" data-element_type=\"widget\" data-e-type=\"widget\" data-widget_type=\"image.default\">\n\t\t\t\t<div class=\"elementor-widget-container\">\n\t\t\t\t\t\t\t\t\t\t\t\t\t\t\t<img fetchpriority=\"high\" decoding=\"async\" width=\"768\" height=\"380\" src=\"https:\/\/www.hpetch.se\/wp-content\/uploads\/sites\/6\/2024\/10\/Lochgeometrien-1.jpg\" class=\"attachment-large size-large wp-image-2982\" alt=\"\" \/>\t\t\t\t\t\t\t\t\t\t\t\t\t\t\t<\/div>\n\t\t\t\t<\/div>\n\t\t\t\t<\/div>\n\t\t\t\t<\/div>\n\t\t<div class=\"elementor-element elementor-element-1e5f769 e-con-full e-flex e-con e-child\" data-id=\"1e5f769\" data-element_type=\"container\" data-e-type=\"container\">\n\t\t<div class=\"elementor-element elementor-element-47cba7e e-con-full e-flex e-con e-child\" data-id=\"47cba7e\" data-element_type=\"container\" data-e-type=\"container\" data-settings=\"{&quot;background_background&quot;:&quot;classic&quot;}\">\n\t\t\t\t<div class=\"elementor-element elementor-element-f7b8ff5 elementor-widget elementor-widget-heading\" data-id=\"f7b8ff5\" data-element_type=\"widget\" data-e-type=\"widget\" data-widget_type=\"heading.default\">\n\t\t\t\t<div class=\"elementor-widget-container\">\n\t\t\t\t\t<h3 class=\"elementor-heading-title elementor-size-default\">Daten \/ Konstruktion\n<\/h3>\t\t\t\t<\/div>\n\t\t\t\t<\/div>\n\t\t\t\t<div class=\"elementor-element elementor-element-66b40b5 elementor-widget elementor-widget-text-editor\" data-id=\"66b40b5\" data-element_type=\"widget\" data-e-type=\"widget\" data-widget_type=\"text-editor.default\">\n\t\t\t\t<div class=\"elementor-widget-container\">\n\t\t\t\t\t\t\t\t\t<p>Wir nehmen unter anderem\u00a0 die folgenden Dateiformate an:<\/p>\t\t\t\t\t\t\t\t<\/div>\n\t\t\t\t<\/div>\n\t\t\t\t<div class=\"elementor-element elementor-element-f00e5e8 elementor-align-start elementor-icon-list--layout-traditional elementor-list-item-link-full_width elementor-widget elementor-widget-icon-list\" data-id=\"f00e5e8\" data-element_type=\"widget\" data-e-type=\"widget\" data-widget_type=\"icon-list.default\">\n\t\t\t\t<div class=\"elementor-widget-container\">\n\t\t\t\t\t\t\t<ul class=\"elementor-icon-list-items\">\n\t\t\t\t\t\t\t<li class=\"elementor-icon-list-item\">\n\t\t\t\t\t\t\t\t\t\t\t<span class=\"elementor-icon-list-icon\">\n\t\t\t\t\t\t\t<i aria-hidden=\"true\" class=\"fas fa-chevron-right\"><\/i>\t\t\t\t\t\t<\/span>\n\t\t\t\t\t\t\t\t\t\t<span class=\"elementor-icon-list-text\">Step<\/span>\n\t\t\t\t\t\t\t\t\t<\/li>\n\t\t\t\t\t\t\t\t<li class=\"elementor-icon-list-item\">\n\t\t\t\t\t\t\t\t\t\t\t<span class=\"elementor-icon-list-icon\">\n\t\t\t\t\t\t\t<i aria-hidden=\"true\" class=\"fas fa-chevron-right\"><\/i>\t\t\t\t\t\t<\/span>\n\t\t\t\t\t\t\t\t\t\t<span class=\"elementor-icon-list-text\">IGES<\/span>\n\t\t\t\t\t\t\t\t\t<\/li>\n\t\t\t\t\t\t\t\t<li class=\"elementor-icon-list-item\">\n\t\t\t\t\t\t\t\t\t\t\t<span class=\"elementor-icon-list-icon\">\n\t\t\t\t\t\t\t<i aria-hidden=\"true\" class=\"fas fa-chevron-right\"><\/i>\t\t\t\t\t\t<\/span>\n\t\t\t\t\t\t\t\t\t\t<span class=\"elementor-icon-list-text\">DWG<\/span>\n\t\t\t\t\t\t\t\t\t<\/li>\n\t\t\t\t\t\t\t\t<li class=\"elementor-icon-list-item\">\n\t\t\t\t\t\t\t\t\t\t\t<span class=\"elementor-icon-list-icon\">\n\t\t\t\t\t\t\t<i aria-hidden=\"true\" class=\"fas fa-chevron-right\"><\/i>\t\t\t\t\t\t<\/span>\n\t\t\t\t\t\t\t\t\t\t<span class=\"elementor-icon-list-text\">DXF<\/span>\n\t\t\t\t\t\t\t\t\t<\/li>\n\t\t\t\t\t\t\t\t<li class=\"elementor-icon-list-item\">\n\t\t\t\t\t\t\t\t\t\t\t<span class=\"elementor-icon-list-icon\">\n\t\t\t\t\t\t\t<i aria-hidden=\"true\" class=\"fas fa-chevron-right\"><\/i>\t\t\t\t\t\t<\/span>\n\t\t\t\t\t\t\t\t\t\t<span class=\"elementor-icon-list-text\">PDF<\/span>\n\t\t\t\t\t\t\t\t\t<\/li>\n\t\t\t\t\t\t<\/ul>\n\t\t\t\t\t\t<\/div>\n\t\t\t\t<\/div>\n\t\t\t\t<div class=\"elementor-element elementor-element-ea2d306 elementor-widget elementor-widget-text-editor\" data-id=\"ea2d306\" data-element_type=\"widget\" data-e-type=\"widget\" data-widget_type=\"text-editor.default\">\n\t\t\t\t<div class=\"elementor-widget-container\">\n\t\t\t\t\t\t\t\t\t<p>Gerne unterst\u00fctzen wir Sie bei der Umsetzung Ihrer technischen Zeichnung. Sollte Ihnen kein passendes Dateiformat vorliegen oder ben\u00f6tigen Sie eine neue, technische Zeichnung, nehmen Sie gerne telefonisch oder via Mail Kontakt zu uns auf. Hier finden Sie unsere fachkundigen\u00a0<a class=\"internal-link\" href=\"https:\/\/www.hpetch.se\/kontakt\/\">Ansprechpartner.<\/a><\/p>\t\t\t\t\t\t\t\t<\/div>\n\t\t\t\t<\/div>\n\t\t\t\t<\/div>\n\t\t<div class=\"elementor-element elementor-element-eebefbd e-con-full e-flex e-con e-child\" data-id=\"eebefbd\" data-element_type=\"container\" data-e-type=\"container\" data-settings=\"{&quot;background_background&quot;:&quot;classic&quot;}\">\n\t\t\t\t<div class=\"elementor-element elementor-element-73407ed elementor-widget elementor-widget-heading\" data-id=\"73407ed\" data-element_type=\"widget\" data-e-type=\"widget\" data-widget_type=\"heading.default\">\n\t\t\t\t<div class=\"elementor-widget-container\">\n\t\t\t\t\t<h3 class=\"elementor-heading-title elementor-size-default\">Materialien<\/h3>\t\t\t\t<\/div>\n\t\t\t\t<\/div>\n\t\t\t\t<div class=\"elementor-element elementor-element-bc26fa1 elementor-widget elementor-widget-text-editor\" data-id=\"bc26fa1\" data-element_type=\"widget\" data-e-type=\"widget\" data-widget_type=\"text-editor.default\">\n\t\t\t\t<div class=\"elementor-widget-container\">\n\t\t\t\t\t\t\t\t\t<p>Wir haben viele verschiedene Materialien in den unterschiedlichsten Dicken und G\u00fcten auf Lager. Fragen Sie gerne unsere akutellen Kapazit\u00e4ten an.<\/p><p>Wir ordern f\u00fcr Sie aber auch gerne Sepzialmaterial oder bearbeiten Ihr kundenspezifisches Beistellmaterial.\u00a0<\/p><p><b>Kennen Sie schon Plattierte Werkstoffe?<\/b><\/p><p>Kann ein einzelner Werkstoff die geforderten Eigenschaften nicht erf\u00fcllen, kommen Plattierte Werkstoffe zum Einsatz. So lassen sich die positiven Funktionen des jeweiligen Metalls vereinen. Beim Plattieren werden mindestens zwei unterschiedlich metallische B\u00e4nder zu einem Verbundmaterial vereinigt. Die Werkstoffe laufen parallel vom jeweiligen Coil in die Walzanlage und werden dort, je nach Metall und Materialeigenschaften, durch hohen Walzdruck miteinander verbunden.<b>\u00a0<a class=\"internal-link\" href=\"https:\/\/www.wickeder-group.de\/produkte\/smart-materials\/\" target=\"_blank\" rel=\"noopener\">Finden Sie hier mehr heraus.<\/a><\/b><\/p>\t\t\t\t\t\t\t\t<\/div>\n\t\t\t\t<\/div>\n\t\t\t\t<\/div>\n\t\t\t\t<\/div>\n\t\t\t\t\t<\/div>\n\t\t\t\t<\/div>\n\t\t\t\t<\/div>\n\t\t","protected":false},"excerpt":{"rendered":"<p>Unsere technischen Richtlinien informieren Sie \u00fcber unsere M\u00f6glichkeiten. Sollten Sie andere Anforderungen haben, fragen Sie uns gerne an &#8211; wir finden f\u00fcr Sie die optimale L\u00f6sung. Dazu z\u00e4hlt, dass wir die St\u00e4rken der Wickeder Group nutzen k\u00f6nnen und \u00fcber ein gutes Partnernetzwerk verf\u00fcgen. Eckdaten in der \u00dcbersicht Materialien: Stahl und Edelst\u00e4hle, Eisen-Nickel-Legierungen, Kupfer-Legierungen, Aluminium, Plattierte [&hellip;]<\/p>\n","protected":false},"author":5,"featured_media":0,"parent":2476,"menu_order":7,"comment_status":"closed","ping_status":"closed","template":"","meta":{"footnotes":""},"class_list":["post-1644","page","type-page","status-publish","hentry"],"yoast_head":"<!-- This site is optimized with the Yoast SEO plugin v27.3 - https:\/\/yoast.com\/product\/yoast-seo-wordpress\/ -->\n<title>Technische Richtlinien - HPetch<\/title>\n<meta name=\"robots\" content=\"index, follow, max-snippet:-1, max-image-preview:large, max-video-preview:-1\" \/>\n<link rel=\"canonical\" href=\"https:\/\/www.hpetch.se\/de\/produkte-portfolio\/technische-richtlinien\/\" \/>\n<meta property=\"og:locale\" content=\"de_DE\" \/>\n<meta property=\"og:type\" content=\"article\" \/>\n<meta property=\"og:title\" content=\"Technische Richtlinien - HPetch\" \/>\n<meta property=\"og:description\" content=\"Unsere technischen Richtlinien informieren Sie \u00fcber unsere M\u00f6glichkeiten. Sollten Sie andere Anforderungen haben, fragen Sie uns gerne an &#8211; wir finden f\u00fcr Sie die optimale L\u00f6sung. Dazu z\u00e4hlt, dass wir die St\u00e4rken der Wickeder Group nutzen k\u00f6nnen und \u00fcber ein gutes Partnernetzwerk verf\u00fcgen. Eckdaten in der \u00dcbersicht Materialien: Stahl und Edelst\u00e4hle, Eisen-Nickel-Legierungen, Kupfer-Legierungen, Aluminium, Plattierte [&hellip;]\" \/>\n<meta property=\"og:url\" content=\"https:\/\/www.hpetch.se\/de\/produkte-portfolio\/technische-richtlinien\/\" \/>\n<meta property=\"og:site_name\" content=\"HPetch\" \/>\n<meta property=\"article:modified_time\" content=\"2024-11-08T10:36:44+00:00\" \/>\n<meta property=\"og:image\" content=\"https:\/\/hpetch.wickeder.de\/wp-content\/uploads\/sites\/6\/2024\/10\/Lochgeometrien-1.jpg\" \/>\n<meta name=\"twitter:card\" content=\"summary_large_image\" \/>\n<meta name=\"twitter:label1\" content=\"Gesch\u00e4tzte Lesezeit\" \/>\n\t<meta name=\"twitter:data1\" content=\"1\u00a0Minute\" \/>\n<script type=\"application\/ld+json\" class=\"yoast-schema-graph\">{\"@context\":\"https:\\\/\\\/schema.org\",\"@graph\":[{\"@type\":\"WebPage\",\"@id\":\"https:\\\/\\\/www.hpetch.se\\\/de\\\/produkte-portfolio\\\/technische-richtlinien\\\/\",\"url\":\"https:\\\/\\\/www.hpetch.se\\\/de\\\/produkte-portfolio\\\/technische-richtlinien\\\/\",\"name\":\"Technische Richtlinien - HPetch\",\"isPartOf\":{\"@id\":\"https:\\\/\\\/www.hpetch.se\\\/de\\\/#website\"},\"primaryImageOfPage\":{\"@id\":\"https:\\\/\\\/www.hpetch.se\\\/de\\\/produkte-portfolio\\\/technische-richtlinien\\\/#primaryimage\"},\"image\":{\"@id\":\"https:\\\/\\\/www.hpetch.se\\\/de\\\/produkte-portfolio\\\/technische-richtlinien\\\/#primaryimage\"},\"thumbnailUrl\":\"https:\\\/\\\/hpetch.wickeder.de\\\/wp-content\\\/uploads\\\/sites\\\/6\\\/2024\\\/10\\\/Lochgeometrien-1.jpg\",\"datePublished\":\"2020-02-10T09:43:34+00:00\",\"dateModified\":\"2024-11-08T10:36:44+00:00\",\"breadcrumb\":{\"@id\":\"https:\\\/\\\/www.hpetch.se\\\/de\\\/produkte-portfolio\\\/technische-richtlinien\\\/#breadcrumb\"},\"inLanguage\":\"de\",\"potentialAction\":[{\"@type\":\"ReadAction\",\"target\":[\"https:\\\/\\\/www.hpetch.se\\\/de\\\/produkte-portfolio\\\/technische-richtlinien\\\/\"]}]},{\"@type\":\"ImageObject\",\"inLanguage\":\"de\",\"@id\":\"https:\\\/\\\/www.hpetch.se\\\/de\\\/produkte-portfolio\\\/technische-richtlinien\\\/#primaryimage\",\"url\":\"https:\\\/\\\/hpetch.wickeder.de\\\/wp-content\\\/uploads\\\/sites\\\/6\\\/2024\\\/10\\\/Lochgeometrien-1.jpg\",\"contentUrl\":\"https:\\\/\\\/hpetch.wickeder.de\\\/wp-content\\\/uploads\\\/sites\\\/6\\\/2024\\\/10\\\/Lochgeometrien-1.jpg\"},{\"@type\":\"BreadcrumbList\",\"@id\":\"https:\\\/\\\/www.hpetch.se\\\/de\\\/produkte-portfolio\\\/technische-richtlinien\\\/#breadcrumb\",\"itemListElement\":[{\"@type\":\"ListItem\",\"position\":1,\"name\":\"Startseite\",\"item\":\"https:\\\/\\\/www.hpetch.se\\\/de\\\/home\\\/\"},{\"@type\":\"ListItem\",\"position\":2,\"name\":\"Produkte \\\/ Portfolio\",\"item\":\"https:\\\/\\\/www.hpetch.se\\\/de\\\/produkte-portfolio\\\/\"},{\"@type\":\"ListItem\",\"position\":3,\"name\":\"Technische Richtlinien\"}]},{\"@type\":\"WebSite\",\"@id\":\"https:\\\/\\\/www.hpetch.se\\\/de\\\/#website\",\"url\":\"https:\\\/\\\/www.hpetch.se\\\/de\\\/\",\"name\":\"HPetch\",\"description\":\"Form\u00e4tzteile in Pr\u00e4zision, Polymerbeschichtung\",\"publisher\":{\"@id\":\"https:\\\/\\\/www.hpetch.se\\\/de\\\/#organization\"},\"potentialAction\":[{\"@type\":\"SearchAction\",\"target\":{\"@type\":\"EntryPoint\",\"urlTemplate\":\"https:\\\/\\\/www.hpetch.se\\\/de\\\/?s={search_term_string}\"},\"query-input\":{\"@type\":\"PropertyValueSpecification\",\"valueRequired\":true,\"valueName\":\"search_term_string\"}}],\"inLanguage\":\"de\"},{\"@type\":\"Organization\",\"@id\":\"https:\\\/\\\/www.hpetch.se\\\/de\\\/#organization\",\"name\":\"HPetch\",\"url\":\"https:\\\/\\\/www.hpetch.se\\\/de\\\/\",\"logo\":{\"@type\":\"ImageObject\",\"inLanguage\":\"de\",\"@id\":\"https:\\\/\\\/www.hpetch.se\\\/de\\\/#\\\/schema\\\/logo\\\/image\\\/\",\"url\":\"https:\\\/\\\/www.hpetch.se\\\/wp-content\\\/uploads\\\/sites\\\/6\\\/2019\\\/11\\\/hpecht_2025_randlos_400px.jpg\",\"contentUrl\":\"https:\\\/\\\/www.hpetch.se\\\/wp-content\\\/uploads\\\/sites\\\/6\\\/2019\\\/11\\\/hpecht_2025_randlos_400px.jpg\",\"width\":400,\"height\":159,\"caption\":\"HPetch\"},\"image\":{\"@id\":\"https:\\\/\\\/www.hpetch.se\\\/de\\\/#\\\/schema\\\/logo\\\/image\\\/\"}}]}<\/script>\n<!-- \/ Yoast SEO plugin. -->","yoast_head_json":{"title":"Technische Richtlinien - HPetch","robots":{"index":"index","follow":"follow","max-snippet":"max-snippet:-1","max-image-preview":"max-image-preview:large","max-video-preview":"max-video-preview:-1"},"canonical":"https:\/\/www.hpetch.se\/de\/produkte-portfolio\/technische-richtlinien\/","og_locale":"de_DE","og_type":"article","og_title":"Technische Richtlinien - HPetch","og_description":"Unsere technischen Richtlinien informieren Sie \u00fcber unsere M\u00f6glichkeiten. Sollten Sie andere Anforderungen haben, fragen Sie uns gerne an &#8211; wir finden f\u00fcr Sie die optimale L\u00f6sung. Dazu z\u00e4hlt, dass wir die St\u00e4rken der Wickeder Group nutzen k\u00f6nnen und \u00fcber ein gutes Partnernetzwerk verf\u00fcgen. Eckdaten in der \u00dcbersicht Materialien: Stahl und Edelst\u00e4hle, Eisen-Nickel-Legierungen, Kupfer-Legierungen, Aluminium, Plattierte [&hellip;]","og_url":"https:\/\/www.hpetch.se\/de\/produkte-portfolio\/technische-richtlinien\/","og_site_name":"HPetch","article_modified_time":"2024-11-08T10:36:44+00:00","og_image":[{"url":"https:\/\/hpetch.wickeder.de\/wp-content\/uploads\/sites\/6\/2024\/10\/Lochgeometrien-1.jpg","type":"","width":"","height":""}],"twitter_card":"summary_large_image","twitter_misc":{"Gesch\u00e4tzte Lesezeit":"1\u00a0Minute"},"schema":{"@context":"https:\/\/schema.org","@graph":[{"@type":"WebPage","@id":"https:\/\/www.hpetch.se\/de\/produkte-portfolio\/technische-richtlinien\/","url":"https:\/\/www.hpetch.se\/de\/produkte-portfolio\/technische-richtlinien\/","name":"Technische Richtlinien - HPetch","isPartOf":{"@id":"https:\/\/www.hpetch.se\/de\/#website"},"primaryImageOfPage":{"@id":"https:\/\/www.hpetch.se\/de\/produkte-portfolio\/technische-richtlinien\/#primaryimage"},"image":{"@id":"https:\/\/www.hpetch.se\/de\/produkte-portfolio\/technische-richtlinien\/#primaryimage"},"thumbnailUrl":"https:\/\/hpetch.wickeder.de\/wp-content\/uploads\/sites\/6\/2024\/10\/Lochgeometrien-1.jpg","datePublished":"2020-02-10T09:43:34+00:00","dateModified":"2024-11-08T10:36:44+00:00","breadcrumb":{"@id":"https:\/\/www.hpetch.se\/de\/produkte-portfolio\/technische-richtlinien\/#breadcrumb"},"inLanguage":"de","potentialAction":[{"@type":"ReadAction","target":["https:\/\/www.hpetch.se\/de\/produkte-portfolio\/technische-richtlinien\/"]}]},{"@type":"ImageObject","inLanguage":"de","@id":"https:\/\/www.hpetch.se\/de\/produkte-portfolio\/technische-richtlinien\/#primaryimage","url":"https:\/\/hpetch.wickeder.de\/wp-content\/uploads\/sites\/6\/2024\/10\/Lochgeometrien-1.jpg","contentUrl":"https:\/\/hpetch.wickeder.de\/wp-content\/uploads\/sites\/6\/2024\/10\/Lochgeometrien-1.jpg"},{"@type":"BreadcrumbList","@id":"https:\/\/www.hpetch.se\/de\/produkte-portfolio\/technische-richtlinien\/#breadcrumb","itemListElement":[{"@type":"ListItem","position":1,"name":"Startseite","item":"https:\/\/www.hpetch.se\/de\/home\/"},{"@type":"ListItem","position":2,"name":"Produkte \/ Portfolio","item":"https:\/\/www.hpetch.se\/de\/produkte-portfolio\/"},{"@type":"ListItem","position":3,"name":"Technische Richtlinien"}]},{"@type":"WebSite","@id":"https:\/\/www.hpetch.se\/de\/#website","url":"https:\/\/www.hpetch.se\/de\/","name":"HPetch","description":"Form\u00e4tzteile in Pr\u00e4zision, Polymerbeschichtung","publisher":{"@id":"https:\/\/www.hpetch.se\/de\/#organization"},"potentialAction":[{"@type":"SearchAction","target":{"@type":"EntryPoint","urlTemplate":"https:\/\/www.hpetch.se\/de\/?s={search_term_string}"},"query-input":{"@type":"PropertyValueSpecification","valueRequired":true,"valueName":"search_term_string"}}],"inLanguage":"de"},{"@type":"Organization","@id":"https:\/\/www.hpetch.se\/de\/#organization","name":"HPetch","url":"https:\/\/www.hpetch.se\/de\/","logo":{"@type":"ImageObject","inLanguage":"de","@id":"https:\/\/www.hpetch.se\/de\/#\/schema\/logo\/image\/","url":"https:\/\/www.hpetch.se\/wp-content\/uploads\/sites\/6\/2019\/11\/hpecht_2025_randlos_400px.jpg","contentUrl":"https:\/\/www.hpetch.se\/wp-content\/uploads\/sites\/6\/2019\/11\/hpecht_2025_randlos_400px.jpg","width":400,"height":159,"caption":"HPetch"},"image":{"@id":"https:\/\/www.hpetch.se\/de\/#\/schema\/logo\/image\/"}}]}},"_links":{"self":[{"href":"https:\/\/www.hpetch.se\/de\/wp-json\/wp\/v2\/pages\/1644","targetHints":{"allow":["GET"]}}],"collection":[{"href":"https:\/\/www.hpetch.se\/de\/wp-json\/wp\/v2\/pages"}],"about":[{"href":"https:\/\/www.hpetch.se\/de\/wp-json\/wp\/v2\/types\/page"}],"author":[{"embeddable":true,"href":"https:\/\/www.hpetch.se\/de\/wp-json\/wp\/v2\/users\/5"}],"replies":[{"embeddable":true,"href":"https:\/\/www.hpetch.se\/de\/wp-json\/wp\/v2\/comments?post=1644"}],"version-history":[{"count":4,"href":"https:\/\/www.hpetch.se\/de\/wp-json\/wp\/v2\/pages\/1644\/revisions"}],"predecessor-version":[{"id":3288,"href":"https:\/\/www.hpetch.se\/de\/wp-json\/wp\/v2\/pages\/1644\/revisions\/3288"}],"up":[{"embeddable":true,"href":"https:\/\/www.hpetch.se\/de\/wp-json\/wp\/v2\/pages\/2476"}],"wp:attachment":[{"href":"https:\/\/www.hpetch.se\/de\/wp-json\/wp\/v2\/media?parent=1644"}],"curies":[{"name":"wp","href":"https:\/\/api.w.org\/{rel}","templated":true}]}}