{"id":2450,"date":"2024-10-22T10:40:10","date_gmt":"2024-10-22T08:40:10","guid":{"rendered":"https:\/\/hpetch.wickeder.de\/?page_id=2450"},"modified":"2024-11-05T14:09:30","modified_gmt":"2024-11-05T13:09:30","slug":"hp-etch","status":"publish","type":"page","link":"https:\/\/www.hpetch.se\/de\/unternehmen\/hp-etch\/","title":{"rendered":"HP Etch"},"content":{"rendered":"\t\t<div data-elementor-type=\"wp-page\" data-elementor-id=\"2450\" class=\"elementor elementor-2450\" data-elementor-post-type=\"page\">\n\t\t\t\t<div class=\"elementor-element elementor-element-be56bfd e-flex e-con-boxed e-con e-parent\" data-id=\"be56bfd\" data-element_type=\"container\" data-e-type=\"container\">\n\t\t\t\t\t<div class=\"e-con-inner\">\n\t\t\t\t<div class=\"elementor-element elementor-element-5e2d749 elementor-widget elementor-widget-heading\" data-id=\"5e2d749\" data-element_type=\"widget\" data-e-type=\"widget\" data-widget_type=\"heading.default\">\n\t\t\t\t<div class=\"elementor-widget-container\">\n\t\t\t\t\t<h2 class=\"elementor-heading-title elementor-size-default\">HP Etch - Ge\u00e4tzte Bauteile in Pr\u00e4zision<\/h2>\t\t\t\t<\/div>\n\t\t\t\t<\/div>\n\t\t\t\t<div class=\"elementor-element elementor-element-2df05db elementor-widget elementor-widget-n-accordion\" data-id=\"2df05db\" data-element_type=\"widget\" data-e-type=\"widget\" data-settings=\"{&quot;default_state&quot;:&quot;expanded&quot;,&quot;max_items_expended&quot;:&quot;one&quot;,&quot;n_accordion_animation_duration&quot;:{&quot;unit&quot;:&quot;ms&quot;,&quot;size&quot;:400,&quot;sizes&quot;:[]}}\" data-widget_type=\"nested-accordion.default\">\n\t\t\t\t<div class=\"elementor-widget-container\">\n\t\t\t\t\t\t\t<div class=\"e-n-accordion\" aria-label=\"Accordion. Open links with Enter or Space, close with Escape, and navigate with Arrow Keys\">\n\t\t\t\t\t\t<details id=\"e-n-accordion-item-4810\" class=\"e-n-accordion-item\" open>\n\t\t\t\t<summary class=\"e-n-accordion-item-title\" data-accordion-index=\"1\" tabindex=\"0\" aria-expanded=\"true\" aria-controls=\"e-n-accordion-item-4810\" >\n\t\t\t\t\t<span class='e-n-accordion-item-title-header'><div class=\"e-n-accordion-item-title-text\"> Sto\u00dfen andere Technologien an ihre Grenzen, kommt das \u00c4tzen zum Einsatz.  <\/div><\/span>\n\t\t\t\t\t\t\t<span class='e-n-accordion-item-title-icon'>\n\t\t\t<span class='e-opened' ><i aria-hidden=\"true\" class=\"fas fa-chevron-up\"><\/i><\/span>\n\t\t\t<span class='e-closed'><i aria-hidden=\"true\" class=\"fas fa-chevron-down\"><\/i><\/span>\n\t\t<\/span>\n\n\t\t\t\t\t\t<\/summary>\n\t\t\t\t<div role=\"region\" aria-labelledby=\"e-n-accordion-item-4810\" class=\"elementor-element elementor-element-a0732b0 e-con-full e-flex e-con e-child\" data-id=\"a0732b0\" data-element_type=\"container\" data-e-type=\"container\">\n\t\t\t\t<div class=\"elementor-element elementor-element-ef0970d elementor-widget elementor-widget-text-editor\" data-id=\"ef0970d\" data-element_type=\"widget\" data-e-type=\"widget\" data-widget_type=\"text-editor.default\">\n\t\t\t\t<div class=\"elementor-widget-container\">\n\t\t\t\t\t\t\t\t\t<p>Feinste Strukturen, gratfreie Oberfl\u00e4chen\u00a0und das ganze kosteneffizient.<\/p><p>Das Foto\u00e4tzverfahren ist nicht nur schnell sondern auch effektiv und kosteng\u00fcnstig. Es bietet gegen\u00fcber anderen Technologien verfahrenstechnische Vorteile. So entfallen teure Werkzeugkosten, denn Designs f\u00fcr die fotochemischen Masken werden innerhalb k\u00fcrzester Zeit digital erstellt. Das zu verarbeitende Metall bleibt spannungs- und gratfrei, es entstehen weder Hitzezonen noch Kanten, wie beim Laserschneiden oder Stanzen.<\/p><p>Unterschiedliche Lochgeometrien und komplexe \u00d6ffnungsdesigns erlauben eine Vielzahl von kundenspezifischen L\u00f6sungen, z. B. definierte offene Fl\u00e4chenverh\u00e4ltnisse oder Volumenstr\u00f6me. Wir bei HP Etch k\u00f6nnen engste Toleranzen einhalten. Informieren Sie sich \u00fcber unsere\u00a0<a href=\"https:\/\/www.hpetch.se\/produkte-portfolio\/technische-richtlinien\/\"><b>technische Richtlinien.<\/b><\/a><\/p><p>Wir verarbeiten unter anderem Nickel, Edelstahl, Aluminium, Kupfer und Kupferlegierungen sowie\u00a0<a class=\"internal-link\" href=\"https:\/\/www.wickeder-group.de\/produkte\/smart-materials\/\" target=\"_blank\" rel=\"noopener\">Plattierte Metalle.<\/a><\/p>\t\t\t\t\t\t\t\t<\/div>\n\t\t\t\t<\/div>\n\t\t\t\t<\/div>\n\t\t\t\t\t<\/details>\n\t\t\t\t\t\t<details id=\"e-n-accordion-item-4811\" class=\"e-n-accordion-item\" >\n\t\t\t\t<summary class=\"e-n-accordion-item-title\" data-accordion-index=\"2\" tabindex=\"-1\" aria-expanded=\"false\" aria-controls=\"e-n-accordion-item-4811\" >\n\t\t\t\t\t<span class='e-n-accordion-item-title-header'><div class=\"e-n-accordion-item-title-text\"> Hohe Produktqualit\u00e4t - Pr\u00e4zision, Erfahrung Feedback, qualifizierte Lieferanten <\/div><\/span>\n\t\t\t\t\t\t\t<span class='e-n-accordion-item-title-icon'>\n\t\t\t<span class='e-opened' ><i aria-hidden=\"true\" class=\"fas fa-chevron-up\"><\/i><\/span>\n\t\t\t<span class='e-closed'><i aria-hidden=\"true\" class=\"fas fa-chevron-down\"><\/i><\/span>\n\t\t<\/span>\n\n\t\t\t\t\t\t<\/summary>\n\t\t\t\t<div role=\"region\" aria-labelledby=\"e-n-accordion-item-4811\" class=\"elementor-element elementor-element-d094af3 e-con-full e-flex e-con e-child\" data-id=\"d094af3\" data-element_type=\"container\" data-e-type=\"container\">\n\t\t\t\t<div class=\"elementor-element elementor-element-f3450fc elementor-widget elementor-widget-text-editor\" data-id=\"f3450fc\" data-element_type=\"widget\" data-e-type=\"widget\" data-widget_type=\"text-editor.default\">\n\t\t\t\t<div class=\"elementor-widget-container\">\n\t\t\t\t\t\t\t\t\t<p>Wir liefern Ihnen innovative und flexible L\u00f6sungen mit hoher Pr\u00e4zision!<br \/>Gemeinsam mit unseren Lieferanten und Partnern entwickeln wir die richtige L\u00f6sung f\u00fcr Ihre Anwendungen, um Ihren Anforderungen und Erwartungen bestm\u00f6glich gerecht zu werden.\u00a0<\/p>\t\t\t\t\t\t\t\t<\/div>\n\t\t\t\t<\/div>\n\t\t\t\t<\/div>\n\t\t\t\t\t<\/details>\n\t\t\t\t\t\t<details id=\"e-n-accordion-item-4812\" class=\"e-n-accordion-item\" >\n\t\t\t\t<summary class=\"e-n-accordion-item-title\" data-accordion-index=\"3\" tabindex=\"-1\" aria-expanded=\"false\" aria-controls=\"e-n-accordion-item-4812\" >\n\t\t\t\t\t<span class='e-n-accordion-item-title-header'><div class=\"e-n-accordion-item-title-text\"> Hohe Qualifikation - Erfahrung und Ausbildung <\/div><\/span>\n\t\t\t\t\t\t\t<span class='e-n-accordion-item-title-icon'>\n\t\t\t<span class='e-opened' ><i aria-hidden=\"true\" class=\"fas fa-chevron-up\"><\/i><\/span>\n\t\t\t<span class='e-closed'><i aria-hidden=\"true\" class=\"fas fa-chevron-down\"><\/i><\/span>\n\t\t<\/span>\n\n\t\t\t\t\t\t<\/summary>\n\t\t\t\t<div role=\"region\" aria-labelledby=\"e-n-accordion-item-4812\" class=\"elementor-element elementor-element-3ad9a4e e-con-full e-flex e-con e-child\" data-id=\"3ad9a4e\" data-element_type=\"container\" data-e-type=\"container\">\n\t\t\t\t<div class=\"elementor-element elementor-element-4abc80c elementor-widget elementor-widget-text-editor\" data-id=\"4abc80c\" data-element_type=\"widget\" data-e-type=\"widget\" data-widget_type=\"text-editor.default\">\n\t\t\t\t<div class=\"elementor-widget-container\">\n\t\t\t\t\t\t\t\t\t<p>HP Etch besch\u00e4ftigt 40 Mitarbeiter, davon zehn Ingenieure mit langj\u00e4hriger internationaler Erfahrung und Fachkompetenz in der Branche. Regelm\u00e4\u00dfige Weiterbildungen stellen sicher, dass unsere Mitarbeiter die neuesten Entwicklungen auf dem Markt kennen und somit eine hohe Qualit\u00e4t in jedem Schritt des Herstellungsprozesses garantieren. Wir sehen uns als Partner f\u00fcr die Elektronik- und Medizintechnik und andere verwandte Industrien. Hohe Produktqualit\u00e4t, Pr\u00e4zision und Liefertreue sind die Grundlage unserer Arbeit. Unser Motto lautet &#8222;Pr\u00e4zision auf ganzer Linie&#8220;.<\/p>\t\t\t\t\t\t\t\t<\/div>\n\t\t\t\t<\/div>\n\t\t\t\t<\/div>\n\t\t\t\t\t<\/details>\n\t\t\t\t\t\t<details id=\"e-n-accordion-item-4813\" class=\"e-n-accordion-item\" >\n\t\t\t\t<summary class=\"e-n-accordion-item-title\" data-accordion-index=\"4\" tabindex=\"-1\" aria-expanded=\"false\" aria-controls=\"e-n-accordion-item-4813\" >\n\t\t\t\t\t<span class='e-n-accordion-item-title-header'><div class=\"e-n-accordion-item-title-text\"> Hohes Umweltbewusstsein \u2013 f\u00fcr eine nachhaltige Welt <\/div><\/span>\n\t\t\t\t\t\t\t<span class='e-n-accordion-item-title-icon'>\n\t\t\t<span class='e-opened' ><i aria-hidden=\"true\" class=\"fas fa-chevron-up\"><\/i><\/span>\n\t\t\t<span class='e-closed'><i aria-hidden=\"true\" class=\"fas fa-chevron-down\"><\/i><\/span>\n\t\t<\/span>\n\n\t\t\t\t\t\t<\/summary>\n\t\t\t\t<div role=\"region\" aria-labelledby=\"e-n-accordion-item-4813\" class=\"elementor-element elementor-element-084fb28 e-con-full e-flex e-con e-child\" data-id=\"084fb28\" data-element_type=\"container\" data-e-type=\"container\">\n\t\t\t\t<div class=\"elementor-element elementor-element-0b7e006 elementor-widget elementor-widget-text-editor\" data-id=\"0b7e006\" data-element_type=\"widget\" data-e-type=\"widget\" data-widget_type=\"text-editor.default\">\n\t\t\t\t<div class=\"elementor-widget-container\">\n\t\t\t\t\t\t\t\t\t<p>Die Arbeit an Umweltfragen ist ein nat\u00fcrlicher Bestandteil eines gesunden Unternehmens &#8211; eine gesunde Umwelt ist wirtschaftlich sinnvoll. HP Etch konzentriert sein Umweltmanagement auf die Einsparung von\u00a0 Ressourcen. Ziel ist es, jedes Produkt mit einem m\u00f6glichst geringen Verbrauch von Strom, Chemikalien und Wasser herzustellen.<\/p><p>Der \u00d6kozyklus-Ansatz wird dabei auch in der Produktion ber\u00fccksichtigt. Die moderne Technologie von HP Etch erm\u00f6glicht es, einen sehr hohen Anteil der \u00c4tzchemikalien wiederzuverwenden. Die verbrauchte Chemikalie Eisen (III)-chlorid wird durch Elektrolyse wiederhergestellt und in den Prozess zur\u00fcckgef\u00fchrt.<\/p>\t\t\t\t\t\t\t\t<\/div>\n\t\t\t\t<\/div>\n\t\t\t\t<\/div>\n\t\t\t\t\t<\/details>\n\t\t\t\t\t\t<details id=\"e-n-accordion-item-4814\" class=\"e-n-accordion-item\" >\n\t\t\t\t<summary class=\"e-n-accordion-item-title\" data-accordion-index=\"5\" tabindex=\"-1\" aria-expanded=\"false\" aria-controls=\"e-n-accordion-item-4814\" >\n\t\t\t\t\t<span class='e-n-accordion-item-title-header'><div class=\"e-n-accordion-item-title-text\"> Hohe Liefergenauigkeit - Planung, Flexibilit\u00e4t, gute Beziehungen <\/div><\/span>\n\t\t\t\t\t\t\t<span class='e-n-accordion-item-title-icon'>\n\t\t\t<span class='e-opened' ><i aria-hidden=\"true\" class=\"fas fa-chevron-up\"><\/i><\/span>\n\t\t\t<span class='e-closed'><i aria-hidden=\"true\" class=\"fas fa-chevron-down\"><\/i><\/span>\n\t\t<\/span>\n\n\t\t\t\t\t\t<\/summary>\n\t\t\t\t<div role=\"region\" aria-labelledby=\"e-n-accordion-item-4814\" class=\"elementor-element elementor-element-b4941f8 e-con-full e-flex e-con e-child\" data-id=\"b4941f8\" data-element_type=\"container\" data-e-type=\"container\">\n\t\t\t\t<div class=\"elementor-element elementor-element-6b848f4 elementor-widget elementor-widget-text-editor\" data-id=\"6b848f4\" data-element_type=\"widget\" data-e-type=\"widget\" data-widget_type=\"text-editor.default\">\n\t\t\t\t<div class=\"elementor-widget-container\">\n\t\t\t\t\t\t\t\t\t<p>Alle unsere \u00c4tzformteile werden f\u00fcr spezielle Anwendungen nach Kundenspezifikation gefertigt. Dabei kommen sowohl reine Metalle als auch Metalllegierungen und Plattierte Werkstoffe zum Einsatz. Wir beraten Sie gerne zu Ihrer optimalen L\u00f6sung.<\/p><p>Abh\u00e4ngig von der Materialverf\u00fcgbarkeit und Ihren Unterlagen, senden wir Ihnen Ihre Produkte in der Regel innerhalb von einer Woche zu. Sie ben\u00f6tigen Ihre Applikation schneller? Kontaktieren Sie uns und wir versuchen einen gemeinsamen Weg zu finden.<\/p>\t\t\t\t\t\t\t\t<\/div>\n\t\t\t\t<\/div>\n\t\t\t\t<\/div>\n\t\t\t\t\t<\/details>\n\t\t\t\t\t\t<details id=\"e-n-accordion-item-4815\" class=\"e-n-accordion-item\" >\n\t\t\t\t<summary class=\"e-n-accordion-item-title\" data-accordion-index=\"6\" tabindex=\"-1\" aria-expanded=\"false\" aria-controls=\"e-n-accordion-item-4815\" >\n\t\t\t\t\t<span class='e-n-accordion-item-title-header'><div class=\"e-n-accordion-item-title-text\"> H\u00f6chste Qualit\u00e4t seit \u00fcber 35 Jahren <\/div><\/span>\n\t\t\t\t\t\t\t<span class='e-n-accordion-item-title-icon'>\n\t\t\t<span class='e-opened' ><i aria-hidden=\"true\" class=\"fas fa-chevron-up\"><\/i><\/span>\n\t\t\t<span class='e-closed'><i aria-hidden=\"true\" class=\"fas fa-chevron-down\"><\/i><\/span>\n\t\t<\/span>\n\n\t\t\t\t\t\t<\/summary>\n\t\t\t\t<div role=\"region\" aria-labelledby=\"e-n-accordion-item-4815\" class=\"elementor-element elementor-element-3b852f4 e-con-full e-flex e-con e-child\" data-id=\"3b852f4\" data-element_type=\"container\" data-e-type=\"container\">\n\t\t\t\t<div class=\"elementor-element elementor-element-f0b529e elementor-widget elementor-widget-text-editor\" data-id=\"f0b529e\" data-element_type=\"widget\" data-e-type=\"widget\" data-widget_type=\"text-editor.default\">\n\t\t\t\t<div class=\"elementor-widget-container\">\n\t\t\t\t\t\t\t\t\t<p>HP Etch befindet sich 20 km westlich von Stockholm in einer ehemaligen IBM-Geb\u00e4ude, die sich bereits 1982 auf die Hochpr\u00e4zisions-\u00c4tztechnik spezialisiert hat. HP Etch hat dieses Gesch\u00e4ft 1995 \u00fcbernommen und f\u00fchrt seit jeher die Traditionen und das Know-how dieser \u00c4ra in die Zukunft.<br \/>HP Etch ist Mitglied der internationalen Organisation Photo Chemical Machining Institute (PCMI), die uns Zugang zu den neuesten Forschungsergebnissen und anderen Entwicklungen in der \u00c4tztechnologie bietet.<\/p>\t\t\t\t\t\t\t\t<\/div>\n\t\t\t\t<\/div>\n\t\t\t\t<\/div>\n\t\t\t\t\t<\/details>\n\t\t\t\t\t<\/div>\n\t\t\t\t\t\t<\/div>\n\t\t\t\t<\/div>\n\t\t\t\t\t<\/div>\n\t\t\t\t<\/div>\n\t\t\t\t<\/div>\n\t\t","protected":false},"excerpt":{"rendered":"<p>HP Etch &#8211; Ge\u00e4tzte Bauteile in Pr\u00e4zision Sto\u00dfen andere Technologien an ihre Grenzen, kommt das \u00c4tzen zum Einsatz. Feinste Strukturen, gratfreie Oberfl\u00e4chen\u00a0und das ganze kosteneffizient. Das Foto\u00e4tzverfahren ist nicht nur schnell sondern auch effektiv und kosteng\u00fcnstig. Es bietet gegen\u00fcber anderen Technologien verfahrenstechnische Vorteile. So entfallen teure Werkzeugkosten, denn Designs f\u00fcr die fotochemischen Masken werden innerhalb [&hellip;]<\/p>\n","protected":false},"author":1,"featured_media":0,"parent":2446,"menu_order":1,"comment_status":"closed","ping_status":"closed","template":"","meta":{"footnotes":""},"class_list":["post-2450","page","type-page","status-publish","hentry"],"yoast_head":"<!-- This site is optimized with the Yoast SEO plugin v27.3 - https:\/\/yoast.com\/product\/yoast-seo-wordpress\/ -->\n<title>HP Etch - HPetch<\/title>\n<meta name=\"robots\" content=\"index, follow, max-snippet:-1, max-image-preview:large, max-video-preview:-1\" \/>\n<link rel=\"canonical\" href=\"https:\/\/www.hpetch.se\/de\/unternehmen\/hp-etch\/\" \/>\n<meta property=\"og:locale\" content=\"de_DE\" \/>\n<meta property=\"og:type\" content=\"article\" \/>\n<meta property=\"og:title\" content=\"HP Etch - HPetch\" \/>\n<meta property=\"og:description\" content=\"HP Etch &#8211; Ge\u00e4tzte Bauteile in Pr\u00e4zision Sto\u00dfen andere Technologien an ihre Grenzen, kommt das \u00c4tzen zum Einsatz. Feinste Strukturen, gratfreie Oberfl\u00e4chen\u00a0und das ganze kosteneffizient. Das Foto\u00e4tzverfahren ist nicht nur schnell sondern auch effektiv und kosteng\u00fcnstig. Es bietet gegen\u00fcber anderen Technologien verfahrenstechnische Vorteile. So entfallen teure Werkzeugkosten, denn Designs f\u00fcr die fotochemischen Masken werden innerhalb [&hellip;]\" \/>\n<meta property=\"og:url\" content=\"https:\/\/www.hpetch.se\/de\/unternehmen\/hp-etch\/\" \/>\n<meta property=\"og:site_name\" content=\"HPetch\" \/>\n<meta property=\"article:modified_time\" content=\"2024-11-05T13:09:30+00:00\" \/>\n<meta name=\"twitter:card\" content=\"summary_large_image\" \/>\n<meta name=\"twitter:label1\" content=\"Gesch\u00e4tzte Lesezeit\" \/>\n\t<meta name=\"twitter:data1\" content=\"5\u00a0Minuten\" \/>\n<script type=\"application\/ld+json\" class=\"yoast-schema-graph\">{\"@context\":\"https:\\\/\\\/schema.org\",\"@graph\":[{\"@type\":\"WebPage\",\"@id\":\"https:\\\/\\\/www.hpetch.se\\\/de\\\/unternehmen\\\/hp-etch\\\/\",\"url\":\"https:\\\/\\\/www.hpetch.se\\\/de\\\/unternehmen\\\/hp-etch\\\/\",\"name\":\"HP Etch - HPetch\",\"isPartOf\":{\"@id\":\"https:\\\/\\\/www.hpetch.se\\\/de\\\/#website\"},\"datePublished\":\"2024-10-22T08:40:10+00:00\",\"dateModified\":\"2024-11-05T13:09:30+00:00\",\"breadcrumb\":{\"@id\":\"https:\\\/\\\/www.hpetch.se\\\/de\\\/unternehmen\\\/hp-etch\\\/#breadcrumb\"},\"inLanguage\":\"de\",\"potentialAction\":[{\"@type\":\"ReadAction\",\"target\":[\"https:\\\/\\\/www.hpetch.se\\\/de\\\/unternehmen\\\/hp-etch\\\/\"]}]},{\"@type\":\"BreadcrumbList\",\"@id\":\"https:\\\/\\\/www.hpetch.se\\\/de\\\/unternehmen\\\/hp-etch\\\/#breadcrumb\",\"itemListElement\":[{\"@type\":\"ListItem\",\"position\":1,\"name\":\"Startseite\",\"item\":\"https:\\\/\\\/www.hpetch.se\\\/de\\\/home\\\/\"},{\"@type\":\"ListItem\",\"position\":2,\"name\":\"Unternehmen\",\"item\":\"https:\\\/\\\/www.hpetch.se\\\/de\\\/unternehmen\\\/\"},{\"@type\":\"ListItem\",\"position\":3,\"name\":\"HP Etch\"}]},{\"@type\":\"WebSite\",\"@id\":\"https:\\\/\\\/www.hpetch.se\\\/de\\\/#website\",\"url\":\"https:\\\/\\\/www.hpetch.se\\\/de\\\/\",\"name\":\"HPetch\",\"description\":\"Form\u00e4tzteile in Pr\u00e4zision, Polymerbeschichtung\",\"publisher\":{\"@id\":\"https:\\\/\\\/www.hpetch.se\\\/de\\\/#organization\"},\"potentialAction\":[{\"@type\":\"SearchAction\",\"target\":{\"@type\":\"EntryPoint\",\"urlTemplate\":\"https:\\\/\\\/www.hpetch.se\\\/de\\\/?s={search_term_string}\"},\"query-input\":{\"@type\":\"PropertyValueSpecification\",\"valueRequired\":true,\"valueName\":\"search_term_string\"}}],\"inLanguage\":\"de\"},{\"@type\":\"Organization\",\"@id\":\"https:\\\/\\\/www.hpetch.se\\\/de\\\/#organization\",\"name\":\"HPetch\",\"url\":\"https:\\\/\\\/www.hpetch.se\\\/de\\\/\",\"logo\":{\"@type\":\"ImageObject\",\"inLanguage\":\"de\",\"@id\":\"https:\\\/\\\/www.hpetch.se\\\/de\\\/#\\\/schema\\\/logo\\\/image\\\/\",\"url\":\"https:\\\/\\\/www.hpetch.se\\\/wp-content\\\/uploads\\\/sites\\\/6\\\/2019\\\/11\\\/hpecht_2025_randlos_400px.jpg\",\"contentUrl\":\"https:\\\/\\\/www.hpetch.se\\\/wp-content\\\/uploads\\\/sites\\\/6\\\/2019\\\/11\\\/hpecht_2025_randlos_400px.jpg\",\"width\":400,\"height\":159,\"caption\":\"HPetch\"},\"image\":{\"@id\":\"https:\\\/\\\/www.hpetch.se\\\/de\\\/#\\\/schema\\\/logo\\\/image\\\/\"}}]}<\/script>\n<!-- \/ Yoast SEO plugin. -->","yoast_head_json":{"title":"HP Etch - HPetch","robots":{"index":"index","follow":"follow","max-snippet":"max-snippet:-1","max-image-preview":"max-image-preview:large","max-video-preview":"max-video-preview:-1"},"canonical":"https:\/\/www.hpetch.se\/de\/unternehmen\/hp-etch\/","og_locale":"de_DE","og_type":"article","og_title":"HP Etch - HPetch","og_description":"HP Etch &#8211; Ge\u00e4tzte Bauteile in Pr\u00e4zision Sto\u00dfen andere Technologien an ihre Grenzen, kommt das \u00c4tzen zum Einsatz. Feinste Strukturen, gratfreie Oberfl\u00e4chen\u00a0und das ganze kosteneffizient. Das Foto\u00e4tzverfahren ist nicht nur schnell sondern auch effektiv und kosteng\u00fcnstig. Es bietet gegen\u00fcber anderen Technologien verfahrenstechnische Vorteile. So entfallen teure Werkzeugkosten, denn Designs f\u00fcr die fotochemischen Masken werden innerhalb [&hellip;]","og_url":"https:\/\/www.hpetch.se\/de\/unternehmen\/hp-etch\/","og_site_name":"HPetch","article_modified_time":"2024-11-05T13:09:30+00:00","twitter_card":"summary_large_image","twitter_misc":{"Gesch\u00e4tzte Lesezeit":"5\u00a0Minuten"},"schema":{"@context":"https:\/\/schema.org","@graph":[{"@type":"WebPage","@id":"https:\/\/www.hpetch.se\/de\/unternehmen\/hp-etch\/","url":"https:\/\/www.hpetch.se\/de\/unternehmen\/hp-etch\/","name":"HP Etch - HPetch","isPartOf":{"@id":"https:\/\/www.hpetch.se\/de\/#website"},"datePublished":"2024-10-22T08:40:10+00:00","dateModified":"2024-11-05T13:09:30+00:00","breadcrumb":{"@id":"https:\/\/www.hpetch.se\/de\/unternehmen\/hp-etch\/#breadcrumb"},"inLanguage":"de","potentialAction":[{"@type":"ReadAction","target":["https:\/\/www.hpetch.se\/de\/unternehmen\/hp-etch\/"]}]},{"@type":"BreadcrumbList","@id":"https:\/\/www.hpetch.se\/de\/unternehmen\/hp-etch\/#breadcrumb","itemListElement":[{"@type":"ListItem","position":1,"name":"Startseite","item":"https:\/\/www.hpetch.se\/de\/home\/"},{"@type":"ListItem","position":2,"name":"Unternehmen","item":"https:\/\/www.hpetch.se\/de\/unternehmen\/"},{"@type":"ListItem","position":3,"name":"HP Etch"}]},{"@type":"WebSite","@id":"https:\/\/www.hpetch.se\/de\/#website","url":"https:\/\/www.hpetch.se\/de\/","name":"HPetch","description":"Form\u00e4tzteile in Pr\u00e4zision, Polymerbeschichtung","publisher":{"@id":"https:\/\/www.hpetch.se\/de\/#organization"},"potentialAction":[{"@type":"SearchAction","target":{"@type":"EntryPoint","urlTemplate":"https:\/\/www.hpetch.se\/de\/?s={search_term_string}"},"query-input":{"@type":"PropertyValueSpecification","valueRequired":true,"valueName":"search_term_string"}}],"inLanguage":"de"},{"@type":"Organization","@id":"https:\/\/www.hpetch.se\/de\/#organization","name":"HPetch","url":"https:\/\/www.hpetch.se\/de\/","logo":{"@type":"ImageObject","inLanguage":"de","@id":"https:\/\/www.hpetch.se\/de\/#\/schema\/logo\/image\/","url":"https:\/\/www.hpetch.se\/wp-content\/uploads\/sites\/6\/2019\/11\/hpecht_2025_randlos_400px.jpg","contentUrl":"https:\/\/www.hpetch.se\/wp-content\/uploads\/sites\/6\/2019\/11\/hpecht_2025_randlos_400px.jpg","width":400,"height":159,"caption":"HPetch"},"image":{"@id":"https:\/\/www.hpetch.se\/de\/#\/schema\/logo\/image\/"}}]}},"_links":{"self":[{"href":"https:\/\/www.hpetch.se\/de\/wp-json\/wp\/v2\/pages\/2450","targetHints":{"allow":["GET"]}}],"collection":[{"href":"https:\/\/www.hpetch.se\/de\/wp-json\/wp\/v2\/pages"}],"about":[{"href":"https:\/\/www.hpetch.se\/de\/wp-json\/wp\/v2\/types\/page"}],"author":[{"embeddable":true,"href":"https:\/\/www.hpetch.se\/de\/wp-json\/wp\/v2\/users\/1"}],"replies":[{"embeddable":true,"href":"https:\/\/www.hpetch.se\/de\/wp-json\/wp\/v2\/comments?post=2450"}],"version-history":[{"count":13,"href":"https:\/\/www.hpetch.se\/de\/wp-json\/wp\/v2\/pages\/2450\/revisions"}],"predecessor-version":[{"id":3041,"href":"https:\/\/www.hpetch.se\/de\/wp-json\/wp\/v2\/pages\/2450\/revisions\/3041"}],"up":[{"embeddable":true,"href":"https:\/\/www.hpetch.se\/de\/wp-json\/wp\/v2\/pages\/2446"}],"wp:attachment":[{"href":"https:\/\/www.hpetch.se\/de\/wp-json\/wp\/v2\/media?parent=2450"}],"curies":[{"name":"wp","href":"https:\/\/api.w.org\/{rel}","templated":true}]}}