{"id":2452,"date":"2024-10-22T10:40:24","date_gmt":"2024-10-22T08:40:24","guid":{"rendered":"https:\/\/hpetch.wickeder.de\/?page_id=2452"},"modified":"2024-11-05T14:50:56","modified_gmt":"2024-11-05T13:50:56","slug":"micrometal","status":"publish","type":"page","link":"https:\/\/www.hpetch.se\/de\/unternehmen\/micrometal\/","title":{"rendered":"micrometal"},"content":{"rendered":"\t\t<div data-elementor-type=\"wp-page\" data-elementor-id=\"2452\" class=\"elementor elementor-2452\" data-elementor-post-type=\"page\">\n\t\t\t\t<div class=\"elementor-element elementor-element-e74b2a4 e-flex e-con-boxed e-con e-parent\" data-id=\"e74b2a4\" data-element_type=\"container\" data-e-type=\"container\">\n\t\t\t\t\t<div class=\"e-con-inner\">\n\t\t\t\t<div class=\"elementor-element elementor-element-843db6f elementor-widget elementor-widget-heading\" data-id=\"843db6f\" data-element_type=\"widget\" data-e-type=\"widget\" data-widget_type=\"heading.default\">\n\t\t\t\t<div class=\"elementor-widget-container\">\n\t\t\t\t\t<h2 class=\"elementor-heading-title elementor-size-default\">\u00c4tzen im Endlosverfahren\n<\/h2>\t\t\t\t<\/div>\n\t\t\t\t<\/div>\n\t\t\t\t<div class=\"elementor-element elementor-element-f7e96fe elementor-widget elementor-widget-text-editor\" data-id=\"f7e96fe\" data-element_type=\"widget\" data-e-type=\"widget\" data-widget_type=\"text-editor.default\">\n\t\t\t\t<div class=\"elementor-widget-container\">\n\t\t\t\t\t\t\t\t\t<p><a class=\"internal-link\" href=\"https:\/\/www.micrometal.de\/\">Micrometal<\/a>\u00a0mit Sitz in M\u00fcllheim (Baden) ist Muttergesellschaft der HP Etch und der\u00a0<a class=\"internal-link\" href=\"https:\/\/www.micrometal.de\/aetzteile.html\">\u00c4tztechnik-Spezialist f\u00fcr Endlosb\u00e4nder.<\/a>\u00a0Durch das Know-how in der Mikrosystemtechnik kann Micrometal \u00e4u\u00dferst d\u00fcnne Metalle in sehr hohen St\u00fcckzahlen und im Endlosformat \u00e4tzen. Die komplexen Bauteile sind dabei immer sauber, spannungs- und gratfrei.<\/p><p>Besonderheiten der Fertigung sind der kontinuierliche Inline-Prozess sowie die Verwendung von Nasslack und hochpr\u00e4zisen Glaswerkzeugen. Dies erm\u00f6glicht eine hohe Reproduzierbarkeit und Kosteneffektivit\u00e4t.<\/p><p>Micrometal ist nach IATF\u00a016949 und DIN EN ISO 14001 zertifiziert.<\/p><p>Micrometal und HP Etch ergeben eine perfekte Partnerschaft. W\u00e4hrend HP Etch mit seiner Sheet Technology (St\u00fcckproduktion) den Prototypenbau und kleine Mengen optimal bedient, ist das Reel-to-Reel-Verfahren von micrometal f\u00fcr mittlere und gro\u00dfe St\u00fcckzahlen geeignet.<\/p>\t\t\t\t\t\t\t\t<\/div>\n\t\t\t\t<\/div>\n\t\t\t\t\t<\/div>\n\t\t\t\t<\/div>\n\t\t\t\t<\/div>\n\t\t","protected":false},"excerpt":{"rendered":"<p>\u00c4tzen im Endlosverfahren Micrometal\u00a0mit Sitz in M\u00fcllheim (Baden) ist Muttergesellschaft der HP Etch und der\u00a0\u00c4tztechnik-Spezialist f\u00fcr Endlosb\u00e4nder.\u00a0Durch das Know-how in der Mikrosystemtechnik kann Micrometal \u00e4u\u00dferst d\u00fcnne Metalle in sehr hohen St\u00fcckzahlen und im Endlosformat \u00e4tzen. Die komplexen Bauteile sind dabei immer sauber, spannungs- und gratfrei. Besonderheiten der Fertigung sind der kontinuierliche Inline-Prozess sowie die Verwendung [&hellip;]<\/p>\n","protected":false},"author":1,"featured_media":0,"parent":2446,"menu_order":2,"comment_status":"closed","ping_status":"closed","template":"","meta":{"footnotes":""},"class_list":["post-2452","page","type-page","status-publish","hentry"],"yoast_head":"<!-- This site is optimized with the Yoast SEO plugin v27.3 - https:\/\/yoast.com\/product\/yoast-seo-wordpress\/ -->\n<title>micrometal - HPetch<\/title>\n<meta name=\"robots\" content=\"index, follow, max-snippet:-1, max-image-preview:large, max-video-preview:-1\" \/>\n<link rel=\"canonical\" href=\"https:\/\/www.hpetch.se\/de\/unternehmen\/micrometal\/\" \/>\n<meta property=\"og:locale\" content=\"de_DE\" \/>\n<meta property=\"og:type\" content=\"article\" \/>\n<meta property=\"og:title\" content=\"micrometal - HPetch\" \/>\n<meta property=\"og:description\" content=\"\u00c4tzen im Endlosverfahren Micrometal\u00a0mit Sitz in M\u00fcllheim (Baden) ist Muttergesellschaft der HP Etch und der\u00a0\u00c4tztechnik-Spezialist f\u00fcr Endlosb\u00e4nder.\u00a0Durch das Know-how in der Mikrosystemtechnik kann Micrometal \u00e4u\u00dferst d\u00fcnne Metalle in sehr hohen St\u00fcckzahlen und im Endlosformat \u00e4tzen. Die komplexen Bauteile sind dabei immer sauber, spannungs- und gratfrei. Besonderheiten der Fertigung sind der kontinuierliche Inline-Prozess sowie die Verwendung [&hellip;]\" \/>\n<meta property=\"og:url\" content=\"https:\/\/www.hpetch.se\/de\/unternehmen\/micrometal\/\" \/>\n<meta property=\"og:site_name\" content=\"HPetch\" \/>\n<meta property=\"article:modified_time\" content=\"2024-11-05T13:50:56+00:00\" \/>\n<meta name=\"twitter:card\" content=\"summary_large_image\" \/>\n<meta name=\"twitter:label1\" content=\"Gesch\u00e4tzte Lesezeit\" \/>\n\t<meta name=\"twitter:data1\" content=\"1\u00a0Minute\" \/>\n<script type=\"application\/ld+json\" class=\"yoast-schema-graph\">{\"@context\":\"https:\\\/\\\/schema.org\",\"@graph\":[{\"@type\":\"WebPage\",\"@id\":\"https:\\\/\\\/www.hpetch.se\\\/de\\\/unternehmen\\\/micrometal\\\/\",\"url\":\"https:\\\/\\\/www.hpetch.se\\\/de\\\/unternehmen\\\/micrometal\\\/\",\"name\":\"micrometal - HPetch\",\"isPartOf\":{\"@id\":\"https:\\\/\\\/www.hpetch.se\\\/de\\\/#website\"},\"datePublished\":\"2024-10-22T08:40:24+00:00\",\"dateModified\":\"2024-11-05T13:50:56+00:00\",\"breadcrumb\":{\"@id\":\"https:\\\/\\\/www.hpetch.se\\\/de\\\/unternehmen\\\/micrometal\\\/#breadcrumb\"},\"inLanguage\":\"de\",\"potentialAction\":[{\"@type\":\"ReadAction\",\"target\":[\"https:\\\/\\\/www.hpetch.se\\\/de\\\/unternehmen\\\/micrometal\\\/\"]}]},{\"@type\":\"BreadcrumbList\",\"@id\":\"https:\\\/\\\/www.hpetch.se\\\/de\\\/unternehmen\\\/micrometal\\\/#breadcrumb\",\"itemListElement\":[{\"@type\":\"ListItem\",\"position\":1,\"name\":\"Startseite\",\"item\":\"https:\\\/\\\/www.hpetch.se\\\/de\\\/home\\\/\"},{\"@type\":\"ListItem\",\"position\":2,\"name\":\"Unternehmen\",\"item\":\"https:\\\/\\\/www.hpetch.se\\\/de\\\/unternehmen\\\/\"},{\"@type\":\"ListItem\",\"position\":3,\"name\":\"micrometal\"}]},{\"@type\":\"WebSite\",\"@id\":\"https:\\\/\\\/www.hpetch.se\\\/de\\\/#website\",\"url\":\"https:\\\/\\\/www.hpetch.se\\\/de\\\/\",\"name\":\"HPetch\",\"description\":\"Form\u00e4tzteile in Pr\u00e4zision, Polymerbeschichtung\",\"publisher\":{\"@id\":\"https:\\\/\\\/www.hpetch.se\\\/de\\\/#organization\"},\"potentialAction\":[{\"@type\":\"SearchAction\",\"target\":{\"@type\":\"EntryPoint\",\"urlTemplate\":\"https:\\\/\\\/www.hpetch.se\\\/de\\\/?s={search_term_string}\"},\"query-input\":{\"@type\":\"PropertyValueSpecification\",\"valueRequired\":true,\"valueName\":\"search_term_string\"}}],\"inLanguage\":\"de\"},{\"@type\":\"Organization\",\"@id\":\"https:\\\/\\\/www.hpetch.se\\\/de\\\/#organization\",\"name\":\"HPetch\",\"url\":\"https:\\\/\\\/www.hpetch.se\\\/de\\\/\",\"logo\":{\"@type\":\"ImageObject\",\"inLanguage\":\"de\",\"@id\":\"https:\\\/\\\/www.hpetch.se\\\/de\\\/#\\\/schema\\\/logo\\\/image\\\/\",\"url\":\"https:\\\/\\\/www.hpetch.se\\\/wp-content\\\/uploads\\\/sites\\\/6\\\/2019\\\/11\\\/hpecht_2025_randlos_400px.jpg\",\"contentUrl\":\"https:\\\/\\\/www.hpetch.se\\\/wp-content\\\/uploads\\\/sites\\\/6\\\/2019\\\/11\\\/hpecht_2025_randlos_400px.jpg\",\"width\":400,\"height\":159,\"caption\":\"HPetch\"},\"image\":{\"@id\":\"https:\\\/\\\/www.hpetch.se\\\/de\\\/#\\\/schema\\\/logo\\\/image\\\/\"}}]}<\/script>\n<!-- \/ Yoast SEO plugin. -->","yoast_head_json":{"title":"micrometal - HPetch","robots":{"index":"index","follow":"follow","max-snippet":"max-snippet:-1","max-image-preview":"max-image-preview:large","max-video-preview":"max-video-preview:-1"},"canonical":"https:\/\/www.hpetch.se\/de\/unternehmen\/micrometal\/","og_locale":"de_DE","og_type":"article","og_title":"micrometal - HPetch","og_description":"\u00c4tzen im Endlosverfahren Micrometal\u00a0mit Sitz in M\u00fcllheim (Baden) ist Muttergesellschaft der HP Etch und der\u00a0\u00c4tztechnik-Spezialist f\u00fcr Endlosb\u00e4nder.\u00a0Durch das Know-how in der Mikrosystemtechnik kann Micrometal \u00e4u\u00dferst d\u00fcnne Metalle in sehr hohen St\u00fcckzahlen und im Endlosformat \u00e4tzen. Die komplexen Bauteile sind dabei immer sauber, spannungs- und gratfrei. Besonderheiten der Fertigung sind der kontinuierliche Inline-Prozess sowie die Verwendung [&hellip;]","og_url":"https:\/\/www.hpetch.se\/de\/unternehmen\/micrometal\/","og_site_name":"HPetch","article_modified_time":"2024-11-05T13:50:56+00:00","twitter_card":"summary_large_image","twitter_misc":{"Gesch\u00e4tzte Lesezeit":"1\u00a0Minute"},"schema":{"@context":"https:\/\/schema.org","@graph":[{"@type":"WebPage","@id":"https:\/\/www.hpetch.se\/de\/unternehmen\/micrometal\/","url":"https:\/\/www.hpetch.se\/de\/unternehmen\/micrometal\/","name":"micrometal - HPetch","isPartOf":{"@id":"https:\/\/www.hpetch.se\/de\/#website"},"datePublished":"2024-10-22T08:40:24+00:00","dateModified":"2024-11-05T13:50:56+00:00","breadcrumb":{"@id":"https:\/\/www.hpetch.se\/de\/unternehmen\/micrometal\/#breadcrumb"},"inLanguage":"de","potentialAction":[{"@type":"ReadAction","target":["https:\/\/www.hpetch.se\/de\/unternehmen\/micrometal\/"]}]},{"@type":"BreadcrumbList","@id":"https:\/\/www.hpetch.se\/de\/unternehmen\/micrometal\/#breadcrumb","itemListElement":[{"@type":"ListItem","position":1,"name":"Startseite","item":"https:\/\/www.hpetch.se\/de\/home\/"},{"@type":"ListItem","position":2,"name":"Unternehmen","item":"https:\/\/www.hpetch.se\/de\/unternehmen\/"},{"@type":"ListItem","position":3,"name":"micrometal"}]},{"@type":"WebSite","@id":"https:\/\/www.hpetch.se\/de\/#website","url":"https:\/\/www.hpetch.se\/de\/","name":"HPetch","description":"Form\u00e4tzteile in Pr\u00e4zision, Polymerbeschichtung","publisher":{"@id":"https:\/\/www.hpetch.se\/de\/#organization"},"potentialAction":[{"@type":"SearchAction","target":{"@type":"EntryPoint","urlTemplate":"https:\/\/www.hpetch.se\/de\/?s={search_term_string}"},"query-input":{"@type":"PropertyValueSpecification","valueRequired":true,"valueName":"search_term_string"}}],"inLanguage":"de"},{"@type":"Organization","@id":"https:\/\/www.hpetch.se\/de\/#organization","name":"HPetch","url":"https:\/\/www.hpetch.se\/de\/","logo":{"@type":"ImageObject","inLanguage":"de","@id":"https:\/\/www.hpetch.se\/de\/#\/schema\/logo\/image\/","url":"https:\/\/www.hpetch.se\/wp-content\/uploads\/sites\/6\/2019\/11\/hpecht_2025_randlos_400px.jpg","contentUrl":"https:\/\/www.hpetch.se\/wp-content\/uploads\/sites\/6\/2019\/11\/hpecht_2025_randlos_400px.jpg","width":400,"height":159,"caption":"HPetch"},"image":{"@id":"https:\/\/www.hpetch.se\/de\/#\/schema\/logo\/image\/"}}]}},"_links":{"self":[{"href":"https:\/\/www.hpetch.se\/de\/wp-json\/wp\/v2\/pages\/2452","targetHints":{"allow":["GET"]}}],"collection":[{"href":"https:\/\/www.hpetch.se\/de\/wp-json\/wp\/v2\/pages"}],"about":[{"href":"https:\/\/www.hpetch.se\/de\/wp-json\/wp\/v2\/types\/page"}],"author":[{"embeddable":true,"href":"https:\/\/www.hpetch.se\/de\/wp-json\/wp\/v2\/users\/1"}],"replies":[{"embeddable":true,"href":"https:\/\/www.hpetch.se\/de\/wp-json\/wp\/v2\/comments?post=2452"}],"version-history":[{"count":4,"href":"https:\/\/www.hpetch.se\/de\/wp-json\/wp\/v2\/pages\/2452\/revisions"}],"predecessor-version":[{"id":3044,"href":"https:\/\/www.hpetch.se\/de\/wp-json\/wp\/v2\/pages\/2452\/revisions\/3044"}],"up":[{"embeddable":true,"href":"https:\/\/www.hpetch.se\/de\/wp-json\/wp\/v2\/pages\/2446"}],"wp:attachment":[{"href":"https:\/\/www.hpetch.se\/de\/wp-json\/wp\/v2\/media?parent=2452"}],"curies":[{"name":"wp","href":"https:\/\/api.w.org\/{rel}","templated":true}]}}