{"id":2454,"date":"2024-10-22T10:40:38","date_gmt":"2024-10-22T08:40:38","guid":{"rendered":"https:\/\/hpetch.wickeder.de\/?page_id=2454"},"modified":"2024-11-05T15:50:43","modified_gmt":"2024-11-05T14:50:43","slug":"paratech-coating-scandinavia","status":"publish","type":"page","link":"https:\/\/www.hpetch.se\/de\/unternehmen\/paratech-coating-scandinavia\/","title":{"rendered":"ParaTech Coating Scandinavia"},"content":{"rendered":"\t\t<div data-elementor-type=\"wp-page\" data-elementor-id=\"2454\" class=\"elementor elementor-2454\" data-elementor-post-type=\"page\">\n\t\t\t\t<div class=\"elementor-element elementor-element-dceb452 e-flex e-con-boxed e-con e-parent\" data-id=\"dceb452\" data-element_type=\"container\" data-e-type=\"container\">\n\t\t\t\t\t<div class=\"e-con-inner\">\n\t\t\t\t<div class=\"elementor-element elementor-element-dab3a7d elementor-widget elementor-widget-heading\" data-id=\"dab3a7d\" data-element_type=\"widget\" data-e-type=\"widget\" data-widget_type=\"heading.default\">\n\t\t\t\t<div class=\"elementor-widget-container\">\n\t\t\t\t\t<h2 class=\"elementor-heading-title elementor-size-default\">Polymerbeschichtung von h\u00f6chster Qualit\u00e4t\n<\/h2>\t\t\t\t<\/div>\n\t\t\t\t<\/div>\n\t\t\t\t<div class=\"elementor-element elementor-element-5a0168b elementor-widget elementor-widget-text-editor\" data-id=\"5a0168b\" data-element_type=\"widget\" data-e-type=\"widget\" data-widget_type=\"text-editor.default\">\n\t\t\t\t<div class=\"elementor-widget-container\">\n\t\t\t\t\t\t\t\t\t<p>ParaTech Coating Scandinavia wurde 1999 gegr\u00fcndet und ist zuverl\u00e4ssiger Partner f\u00fcr zahlreiche Branchen.<\/p><p>Das\u00a0hochwertige Schutzbeschichtungsverfahren, bekannt als Parylene, sch\u00fctzt elektronische, elektrische und andere empfindliche Produkte vor Umwelteinfl\u00fcssen, besonders bei hohen Beanspruchungen. Zu den sicherheitskritischen Anwendungsfeldern z\u00e4hlen z.B. salzige Milieus, wie Salzwasser, oder aber Bereiche unter Spannung sowie in der Schwerelosigkeit. \u00dcberall dort, wo Teile ausfallsicher funktionieren m\u00fcssen, bietet die Polymerbeschichtung besonderen Schutz bei gleichZeitiger Biokompabilit\u00e4t.<\/p><p>H\u00e4ufig findet der Beschichtungsprozess, der von ParaTech Coating ebenso wie die Prozessausr\u00fcstung entwickelt wird, Anwendung in den Bereichen Automotive, Bergbau, Industrieelektronik, Milit\u00e4rtechnik, Luft- und Raumfahrt\u00a0sowie in der Medizintechnik.<\/p>\t\t\t\t\t\t\t\t<\/div>\n\t\t\t\t<\/div>\n\t\t\t\t\t<\/div>\n\t\t\t\t<\/div>\n\t\t\t\t<\/div>\n\t\t","protected":false},"excerpt":{"rendered":"<p>Polymerbeschichtung von h\u00f6chster Qualit\u00e4t ParaTech Coating Scandinavia wurde 1999 gegr\u00fcndet und ist zuverl\u00e4ssiger Partner f\u00fcr zahlreiche Branchen. Das\u00a0hochwertige Schutzbeschichtungsverfahren, bekannt als Parylene, sch\u00fctzt elektronische, elektrische und andere empfindliche Produkte vor Umwelteinfl\u00fcssen, besonders bei hohen Beanspruchungen. Zu den sicherheitskritischen Anwendungsfeldern z\u00e4hlen z.B. salzige Milieus, wie Salzwasser, oder aber Bereiche unter Spannung sowie in der Schwerelosigkeit. \u00dcberall [&hellip;]<\/p>\n","protected":false},"author":1,"featured_media":0,"parent":2446,"menu_order":3,"comment_status":"closed","ping_status":"closed","template":"","meta":{"footnotes":""},"class_list":["post-2454","page","type-page","status-publish","hentry"],"yoast_head":"<!-- This site is optimized with the Yoast SEO plugin v27.3 - https:\/\/yoast.com\/product\/yoast-seo-wordpress\/ -->\n<title>ParaTech Coating Scandinavia - HPetch<\/title>\n<meta name=\"robots\" content=\"index, follow, max-snippet:-1, max-image-preview:large, max-video-preview:-1\" \/>\n<link rel=\"canonical\" href=\"https:\/\/www.hpetch.se\/de\/unternehmen\/paratech-coating-scandinavia\/\" \/>\n<meta property=\"og:locale\" content=\"de_DE\" \/>\n<meta property=\"og:type\" content=\"article\" \/>\n<meta property=\"og:title\" content=\"ParaTech Coating Scandinavia - HPetch\" \/>\n<meta property=\"og:description\" content=\"Polymerbeschichtung von h\u00f6chster Qualit\u00e4t ParaTech Coating Scandinavia wurde 1999 gegr\u00fcndet und ist zuverl\u00e4ssiger Partner f\u00fcr zahlreiche Branchen. Das\u00a0hochwertige Schutzbeschichtungsverfahren, bekannt als Parylene, sch\u00fctzt elektronische, elektrische und andere empfindliche Produkte vor Umwelteinfl\u00fcssen, besonders bei hohen Beanspruchungen. Zu den sicherheitskritischen Anwendungsfeldern z\u00e4hlen z.B. salzige Milieus, wie Salzwasser, oder aber Bereiche unter Spannung sowie in der Schwerelosigkeit. \u00dcberall [&hellip;]\" \/>\n<meta property=\"og:url\" content=\"https:\/\/www.hpetch.se\/de\/unternehmen\/paratech-coating-scandinavia\/\" \/>\n<meta property=\"og:site_name\" content=\"HPetch\" \/>\n<meta property=\"article:modified_time\" content=\"2024-11-05T14:50:43+00:00\" \/>\n<meta name=\"twitter:card\" content=\"summary_large_image\" \/>\n<meta name=\"twitter:label1\" content=\"Gesch\u00e4tzte Lesezeit\" \/>\n\t<meta name=\"twitter:data1\" content=\"1\u00a0Minute\" \/>\n<script type=\"application\/ld+json\" class=\"yoast-schema-graph\">{\"@context\":\"https:\\\/\\\/schema.org\",\"@graph\":[{\"@type\":\"WebPage\",\"@id\":\"https:\\\/\\\/www.hpetch.se\\\/de\\\/unternehmen\\\/paratech-coating-scandinavia\\\/\",\"url\":\"https:\\\/\\\/www.hpetch.se\\\/de\\\/unternehmen\\\/paratech-coating-scandinavia\\\/\",\"name\":\"ParaTech Coating Scandinavia - HPetch\",\"isPartOf\":{\"@id\":\"https:\\\/\\\/www.hpetch.se\\\/de\\\/#website\"},\"datePublished\":\"2024-10-22T08:40:38+00:00\",\"dateModified\":\"2024-11-05T14:50:43+00:00\",\"breadcrumb\":{\"@id\":\"https:\\\/\\\/www.hpetch.se\\\/de\\\/unternehmen\\\/paratech-coating-scandinavia\\\/#breadcrumb\"},\"inLanguage\":\"de\",\"potentialAction\":[{\"@type\":\"ReadAction\",\"target\":[\"https:\\\/\\\/www.hpetch.se\\\/de\\\/unternehmen\\\/paratech-coating-scandinavia\\\/\"]}]},{\"@type\":\"BreadcrumbList\",\"@id\":\"https:\\\/\\\/www.hpetch.se\\\/de\\\/unternehmen\\\/paratech-coating-scandinavia\\\/#breadcrumb\",\"itemListElement\":[{\"@type\":\"ListItem\",\"position\":1,\"name\":\"Startseite\",\"item\":\"https:\\\/\\\/www.hpetch.se\\\/de\\\/home\\\/\"},{\"@type\":\"ListItem\",\"position\":2,\"name\":\"Unternehmen\",\"item\":\"https:\\\/\\\/www.hpetch.se\\\/de\\\/unternehmen\\\/\"},{\"@type\":\"ListItem\",\"position\":3,\"name\":\"ParaTech Coating Scandinavia\"}]},{\"@type\":\"WebSite\",\"@id\":\"https:\\\/\\\/www.hpetch.se\\\/de\\\/#website\",\"url\":\"https:\\\/\\\/www.hpetch.se\\\/de\\\/\",\"name\":\"HPetch\",\"description\":\"Form\u00e4tzteile in Pr\u00e4zision, Polymerbeschichtung\",\"publisher\":{\"@id\":\"https:\\\/\\\/www.hpetch.se\\\/de\\\/#organization\"},\"potentialAction\":[{\"@type\":\"SearchAction\",\"target\":{\"@type\":\"EntryPoint\",\"urlTemplate\":\"https:\\\/\\\/www.hpetch.se\\\/de\\\/?s={search_term_string}\"},\"query-input\":{\"@type\":\"PropertyValueSpecification\",\"valueRequired\":true,\"valueName\":\"search_term_string\"}}],\"inLanguage\":\"de\"},{\"@type\":\"Organization\",\"@id\":\"https:\\\/\\\/www.hpetch.se\\\/de\\\/#organization\",\"name\":\"HPetch\",\"url\":\"https:\\\/\\\/www.hpetch.se\\\/de\\\/\",\"logo\":{\"@type\":\"ImageObject\",\"inLanguage\":\"de\",\"@id\":\"https:\\\/\\\/www.hpetch.se\\\/de\\\/#\\\/schema\\\/logo\\\/image\\\/\",\"url\":\"https:\\\/\\\/www.hpetch.se\\\/wp-content\\\/uploads\\\/sites\\\/6\\\/2019\\\/11\\\/hpecht_2025_randlos_400px.jpg\",\"contentUrl\":\"https:\\\/\\\/www.hpetch.se\\\/wp-content\\\/uploads\\\/sites\\\/6\\\/2019\\\/11\\\/hpecht_2025_randlos_400px.jpg\",\"width\":400,\"height\":159,\"caption\":\"HPetch\"},\"image\":{\"@id\":\"https:\\\/\\\/www.hpetch.se\\\/de\\\/#\\\/schema\\\/logo\\\/image\\\/\"}}]}<\/script>\n<!-- \/ Yoast SEO plugin. -->","yoast_head_json":{"title":"ParaTech Coating Scandinavia - HPetch","robots":{"index":"index","follow":"follow","max-snippet":"max-snippet:-1","max-image-preview":"max-image-preview:large","max-video-preview":"max-video-preview:-1"},"canonical":"https:\/\/www.hpetch.se\/de\/unternehmen\/paratech-coating-scandinavia\/","og_locale":"de_DE","og_type":"article","og_title":"ParaTech Coating Scandinavia - HPetch","og_description":"Polymerbeschichtung von h\u00f6chster Qualit\u00e4t ParaTech Coating Scandinavia wurde 1999 gegr\u00fcndet und ist zuverl\u00e4ssiger Partner f\u00fcr zahlreiche Branchen. Das\u00a0hochwertige Schutzbeschichtungsverfahren, bekannt als Parylene, sch\u00fctzt elektronische, elektrische und andere empfindliche Produkte vor Umwelteinfl\u00fcssen, besonders bei hohen Beanspruchungen. Zu den sicherheitskritischen Anwendungsfeldern z\u00e4hlen z.B. salzige Milieus, wie Salzwasser, oder aber Bereiche unter Spannung sowie in der Schwerelosigkeit. \u00dcberall [&hellip;]","og_url":"https:\/\/www.hpetch.se\/de\/unternehmen\/paratech-coating-scandinavia\/","og_site_name":"HPetch","article_modified_time":"2024-11-05T14:50:43+00:00","twitter_card":"summary_large_image","twitter_misc":{"Gesch\u00e4tzte Lesezeit":"1\u00a0Minute"},"schema":{"@context":"https:\/\/schema.org","@graph":[{"@type":"WebPage","@id":"https:\/\/www.hpetch.se\/de\/unternehmen\/paratech-coating-scandinavia\/","url":"https:\/\/www.hpetch.se\/de\/unternehmen\/paratech-coating-scandinavia\/","name":"ParaTech Coating Scandinavia - HPetch","isPartOf":{"@id":"https:\/\/www.hpetch.se\/de\/#website"},"datePublished":"2024-10-22T08:40:38+00:00","dateModified":"2024-11-05T14:50:43+00:00","breadcrumb":{"@id":"https:\/\/www.hpetch.se\/de\/unternehmen\/paratech-coating-scandinavia\/#breadcrumb"},"inLanguage":"de","potentialAction":[{"@type":"ReadAction","target":["https:\/\/www.hpetch.se\/de\/unternehmen\/paratech-coating-scandinavia\/"]}]},{"@type":"BreadcrumbList","@id":"https:\/\/www.hpetch.se\/de\/unternehmen\/paratech-coating-scandinavia\/#breadcrumb","itemListElement":[{"@type":"ListItem","position":1,"name":"Startseite","item":"https:\/\/www.hpetch.se\/de\/home\/"},{"@type":"ListItem","position":2,"name":"Unternehmen","item":"https:\/\/www.hpetch.se\/de\/unternehmen\/"},{"@type":"ListItem","position":3,"name":"ParaTech Coating Scandinavia"}]},{"@type":"WebSite","@id":"https:\/\/www.hpetch.se\/de\/#website","url":"https:\/\/www.hpetch.se\/de\/","name":"HPetch","description":"Form\u00e4tzteile in Pr\u00e4zision, Polymerbeschichtung","publisher":{"@id":"https:\/\/www.hpetch.se\/de\/#organization"},"potentialAction":[{"@type":"SearchAction","target":{"@type":"EntryPoint","urlTemplate":"https:\/\/www.hpetch.se\/de\/?s={search_term_string}"},"query-input":{"@type":"PropertyValueSpecification","valueRequired":true,"valueName":"search_term_string"}}],"inLanguage":"de"},{"@type":"Organization","@id":"https:\/\/www.hpetch.se\/de\/#organization","name":"HPetch","url":"https:\/\/www.hpetch.se\/de\/","logo":{"@type":"ImageObject","inLanguage":"de","@id":"https:\/\/www.hpetch.se\/de\/#\/schema\/logo\/image\/","url":"https:\/\/www.hpetch.se\/wp-content\/uploads\/sites\/6\/2019\/11\/hpecht_2025_randlos_400px.jpg","contentUrl":"https:\/\/www.hpetch.se\/wp-content\/uploads\/sites\/6\/2019\/11\/hpecht_2025_randlos_400px.jpg","width":400,"height":159,"caption":"HPetch"},"image":{"@id":"https:\/\/www.hpetch.se\/de\/#\/schema\/logo\/image\/"}}]}},"_links":{"self":[{"href":"https:\/\/www.hpetch.se\/de\/wp-json\/wp\/v2\/pages\/2454","targetHints":{"allow":["GET"]}}],"collection":[{"href":"https:\/\/www.hpetch.se\/de\/wp-json\/wp\/v2\/pages"}],"about":[{"href":"https:\/\/www.hpetch.se\/de\/wp-json\/wp\/v2\/types\/page"}],"author":[{"embeddable":true,"href":"https:\/\/www.hpetch.se\/de\/wp-json\/wp\/v2\/users\/1"}],"replies":[{"embeddable":true,"href":"https:\/\/www.hpetch.se\/de\/wp-json\/wp\/v2\/comments?post=2454"}],"version-history":[{"count":4,"href":"https:\/\/www.hpetch.se\/de\/wp-json\/wp\/v2\/pages\/2454\/revisions"}],"predecessor-version":[{"id":3047,"href":"https:\/\/www.hpetch.se\/de\/wp-json\/wp\/v2\/pages\/2454\/revisions\/3047"}],"up":[{"embeddable":true,"href":"https:\/\/www.hpetch.se\/de\/wp-json\/wp\/v2\/pages\/2446"}],"wp:attachment":[{"href":"https:\/\/www.hpetch.se\/de\/wp-json\/wp\/v2\/media?parent=2454"}],"curies":[{"name":"wp","href":"https:\/\/api.w.org\/{rel}","templated":true}]}}