{"id":2476,"date":"2024-10-22T11:15:04","date_gmt":"2024-10-22T09:15:04","guid":{"rendered":"https:\/\/hpetch.wickeder.de\/?page_id=2476"},"modified":"2024-11-08T14:50:16","modified_gmt":"2024-11-08T13:50:16","slug":"produkte-portfolio","status":"publish","type":"page","link":"https:\/\/www.hpetch.se\/de\/produkte-portfolio\/","title":{"rendered":"Produkte \/ Portfolio"},"content":{"rendered":"\t\t<div data-elementor-type=\"wp-page\" data-elementor-id=\"2476\" class=\"elementor elementor-2476\" data-elementor-post-type=\"page\">\n\t\t\t\t<div class=\"elementor-element elementor-element-bf5b4ed e-flex e-con-boxed e-con e-parent\" data-id=\"bf5b4ed\" data-element_type=\"container\" data-e-type=\"container\">\n\t\t\t\t\t<div class=\"e-con-inner\">\n\t\t<div class=\"elementor-element elementor-element-d10195e e-con-full e-flex e-con e-child\" data-id=\"d10195e\" data-element_type=\"container\" data-e-type=\"container\">\n\t\t<div class=\"elementor-element elementor-element-4b4b944 e-con-full e-flex e-con e-child\" data-id=\"4b4b944\" data-element_type=\"container\" data-e-type=\"container\">\n\t\t\t\t<div class=\"elementor-element elementor-element-aae2586 elementor-widget elementor-widget-bildbox\" data-id=\"aae2586\" data-element_type=\"widget\" data-e-type=\"widget\" data-widget_type=\"bildbox.default\">\n\t\t\t\t<div class=\"elementor-widget-container\">\n\t\t\t\t\t    \n    <a href=\"https:\/\/www.hpetch.se\/produkte-portfolio\/emc-emi-abschirmungen\/\" class=\"bildbox blue\">\n\t    \t    <img decoding=\"async\" alt=\"\" src=\"https:\/\/www.hpetch.se\/wp-content\/uploads\/sites\/6\/2024\/10\/EMC-shileding-1.jpg\">\n\t    \t    <div class=\"bildbox_content\">\t\n\t\t    <div class=\"text_1\">\n\t\t\t    EMC &amp; EMI Abschirmungen\t\t    <\/div>\n\t\t    <div class=\"text_2\">\n\t\t\t    \t\t    <\/div>\n\t\t<\/div>\n    <\/a>\n    \n    \t\t\t\t<\/div>\n\t\t\t\t<\/div>\n\t\t\t\t<div class=\"elementor-element elementor-element-e4a3ee0 elementor-widget elementor-widget-text-editor\" data-id=\"e4a3ee0\" data-element_type=\"widget\" data-e-type=\"widget\" data-widget_type=\"text-editor.default\">\n\t\t\t\t<div class=\"elementor-widget-container\">\n\t\t\t\t\t\t\t\t\t<p>Es gibt viele Technologien, um EMI-\/RFI-Abschirmungen herzustellen. Die \u00c4tztechnologie eh\u00f6ht die Funktionalit\u00e4t und senkt Kosten.<\/p>\t\t\t\t\t\t\t\t<\/div>\n\t\t\t\t<\/div>\n\t\t\t\t<div class=\"elementor-element elementor-element-5778363 elementor-button-info elementor-widget elementor-widget-button\" data-id=\"5778363\" data-element_type=\"widget\" data-e-type=\"widget\" data-widget_type=\"button.default\">\n\t\t\t\t<div class=\"elementor-widget-container\">\n\t\t\t\t\t\t\t\t\t<div class=\"elementor-button-wrapper\">\n\t\t\t\t\t<a class=\"elementor-button elementor-button-link elementor-size-sm\" href=\"https:\/\/www.hpetch.se\/produkte-portfolio\/emc-emi-abschirmungen\/\">\n\t\t\t\t\t\t<span class=\"elementor-button-content-wrapper\">\n\t\t\t\t\t\t\t\t\t<span class=\"elementor-button-text\"> Mehr<\/span>\n\t\t\t\t\t<\/span>\n\t\t\t\t\t<\/a>\n\t\t\t\t<\/div>\n\t\t\t\t\t\t\t\t<\/div>\n\t\t\t\t<\/div>\n\t\t\t\t<\/div>\n\t\t<div class=\"elementor-element elementor-element-f00b428 e-con-full e-flex e-con e-child\" data-id=\"f00b428\" data-element_type=\"container\" data-e-type=\"container\">\n\t\t\t\t<div class=\"elementor-element elementor-element-1cdf677 elementor-widget elementor-widget-bildbox\" data-id=\"1cdf677\" data-element_type=\"widget\" data-e-type=\"widget\" data-widget_type=\"bildbox.default\">\n\t\t\t\t<div class=\"elementor-widget-container\">\n\t\t\t\t\t    \n    <a href=\"https:\/\/www.hpetch.se\/produkte-portfolio\/elektronikkontaktteile\/\" class=\"bildbox blue\">\n\t    \t    <img decoding=\"async\" alt=\"\" src=\"https:\/\/www.hpetch.se\/wp-content\/uploads\/sites\/6\/2024\/10\/Elektrobranche-1.jpg\">\n\t    \t    <div class=\"bildbox_content\">\t\n\t\t    <div class=\"text_1\">\n\t\t\t    Elektronikkontaktteile\t\t    <\/div>\n\t\t    <div class=\"text_2\">\n\t\t\t    \t\t    <\/div>\n\t\t<\/div>\n    <\/a>\n    \n    \t\t\t\t<\/div>\n\t\t\t\t<\/div>\n\t\t\t\t<div class=\"elementor-element elementor-element-69d19b0 elementor-widget elementor-widget-text-editor\" data-id=\"69d19b0\" data-element_type=\"widget\" data-e-type=\"widget\" data-widget_type=\"text-editor.default\">\n\t\t\t\t<div class=\"elementor-widget-container\">\n\t\t\t\t\t\t\t\t\t<p>Das \u00c4tzen ist eine h\u00e4ufig angewandte Technolgie f\u00fcr Elektronikkontaktteile, vor allem f\u00fcr Kontaktteile aus Plattierten Werkstoffen oder d\u00fcnnen Metallfolien<\/p>\t\t\t\t\t\t\t\t<\/div>\n\t\t\t\t<\/div>\n\t\t\t\t<div class=\"elementor-element elementor-element-d577454 elementor-button-info elementor-widget elementor-widget-button\" data-id=\"d577454\" data-element_type=\"widget\" data-e-type=\"widget\" data-widget_type=\"button.default\">\n\t\t\t\t<div class=\"elementor-widget-container\">\n\t\t\t\t\t\t\t\t\t<div class=\"elementor-button-wrapper\">\n\t\t\t\t\t<a class=\"elementor-button elementor-button-link elementor-size-sm\" href=\"https:\/\/www.hpetch.se\/branchen\/elektro-elektronik\/\">\n\t\t\t\t\t\t<span class=\"elementor-button-content-wrapper\">\n\t\t\t\t\t\t\t\t\t<span class=\"elementor-button-text\"> Mehr<\/span>\n\t\t\t\t\t<\/span>\n\t\t\t\t\t<\/a>\n\t\t\t\t<\/div>\n\t\t\t\t\t\t\t\t<\/div>\n\t\t\t\t<\/div>\n\t\t\t\t<\/div>\n\t\t<div class=\"elementor-element elementor-element-f9dce88 e-con-full e-flex e-con e-child\" data-id=\"f9dce88\" data-element_type=\"container\" data-e-type=\"container\">\n\t\t\t\t<div class=\"elementor-element elementor-element-c226a5d elementor-widget elementor-widget-bildbox\" data-id=\"c226a5d\" data-element_type=\"widget\" data-e-type=\"widget\" data-widget_type=\"bildbox.default\">\n\t\t\t\t<div class=\"elementor-widget-container\">\n\t\t\t\t\t    \n    <a href=\"https:\/\/www.hpetch.se\/produkte-portfolio\/stencils-und-lagerung\/\" class=\"bildbox blue\">\n\t    \t    <img decoding=\"async\" alt=\"\" src=\"https:\/\/www.hpetch.se\/wp-content\/uploads\/sites\/6\/2024\/10\/Rakel-1.jpg\">\n\t    \t    <div class=\"bildbox_content\">\t\n\t\t    <div class=\"text_1\">\n\t\t\t    Stencils und Lagerung\t\t    <\/div>\n\t\t    <div class=\"text_2\">\n\t\t\t    \t\t    <\/div>\n\t\t<\/div>\n    <\/a>\n    \n    \t\t\t\t<\/div>\n\t\t\t\t<\/div>\n\t\t\t\t<div class=\"elementor-element elementor-element-0fbe146 elementor-widget elementor-widget-text-editor\" data-id=\"0fbe146\" data-element_type=\"widget\" data-e-type=\"widget\" data-widget_type=\"text-editor.default\">\n\t\t\t\t<div class=\"elementor-widget-container\">\n\t\t\t\t\t\t\t\t\t<div class=\"press-text\">HP Etch ist Ihr Partner f\u00fcr Schablonen und Rakel mit individuellen Designs: sie k\u00f6nnen im photochemischen \u00c4tzverfahren ange\u00e4tzt oder durchge\u00e4tzt werden.<\/div>\t\t\t\t\t\t\t\t<\/div>\n\t\t\t\t<\/div>\n\t\t\t\t<div class=\"elementor-element elementor-element-33f2d1f elementor-button-info elementor-widget elementor-widget-button\" data-id=\"33f2d1f\" data-element_type=\"widget\" data-e-type=\"widget\" data-widget_type=\"button.default\">\n\t\t\t\t<div class=\"elementor-widget-container\">\n\t\t\t\t\t\t\t\t\t<div class=\"elementor-button-wrapper\">\n\t\t\t\t\t<a class=\"elementor-button elementor-button-link elementor-size-sm\" href=\"https:\/\/www.hpetch.se\/produkte-portfolio\/stencils-und-lagerung\/\">\n\t\t\t\t\t\t<span class=\"elementor-button-content-wrapper\">\n\t\t\t\t\t\t\t\t\t<span class=\"elementor-button-text\"> Mehr<\/span>\n\t\t\t\t\t<\/span>\n\t\t\t\t\t<\/a>\n\t\t\t\t<\/div>\n\t\t\t\t\t\t\t\t<\/div>\n\t\t\t\t<\/div>\n\t\t\t\t<\/div>\n\t\t\t\t<\/div>\n\t\t<div class=\"elementor-element elementor-element-1f582c4 e-con-full e-flex e-con e-child\" data-id=\"1f582c4\" data-element_type=\"container\" data-e-type=\"container\">\n\t\t<div class=\"elementor-element elementor-element-a837a50 e-con-full e-flex e-con e-child\" data-id=\"a837a50\" data-element_type=\"container\" data-e-type=\"container\">\n\t\t\t\t<div class=\"elementor-element elementor-element-5cb9abd elementor-widget elementor-widget-bildbox\" data-id=\"5cb9abd\" data-element_type=\"widget\" data-e-type=\"widget\" data-widget_type=\"bildbox.default\">\n\t\t\t\t<div class=\"elementor-widget-container\">\n\t\t\t\t\t    \n    <a href=\"https:\/\/www.hpetch.se\/produkte-portfolio\/rakel\/\" class=\"bildbox blue\">\n\t    \t    <img decoding=\"async\" alt=\"\" src=\"https:\/\/www.hpetch.se\/wp-content\/uploads\/sites\/6\/2024\/10\/Rakel-1.jpg\">\n\t    \t    <div class=\"bildbox_content\">\t\n\t\t    <div class=\"text_1\">\n\t\t\t    Rakel\t\t    <\/div>\n\t\t    <div class=\"text_2\">\n\t\t\t    \t\t    <\/div>\n\t\t<\/div>\n    <\/a>\n    \n    \t\t\t\t<\/div>\n\t\t\t\t<\/div>\n\t\t\t\t<div class=\"elementor-element elementor-element-2ce215b elementor-widget elementor-widget-text-editor\" data-id=\"2ce215b\" data-element_type=\"widget\" data-e-type=\"widget\" data-widget_type=\"text-editor.default\">\n\t\t\t\t<div class=\"elementor-widget-container\">\n\t\t\t\t\t\t\t\t\t<p>HP Etch ist Ihr Partner f\u00fcr Schablonen und Rakel mit individuellen Designs: sie k\u00f6nnen im photochemischen \u00c4tzverfahren ange\u00e4tzt oder durchge\u00e4tzt werden.<\/p>\t\t\t\t\t\t\t\t<\/div>\n\t\t\t\t<\/div>\n\t\t\t\t<div class=\"elementor-element elementor-element-27e38ca elementor-button-info elementor-widget elementor-widget-button\" data-id=\"27e38ca\" data-element_type=\"widget\" data-e-type=\"widget\" data-widget_type=\"button.default\">\n\t\t\t\t<div class=\"elementor-widget-container\">\n\t\t\t\t\t\t\t\t\t<div class=\"elementor-button-wrapper\">\n\t\t\t\t\t<a class=\"elementor-button elementor-button-link elementor-size-sm\" href=\"https:\/\/www.hpetch.se\/produkte-portfolio\/rakel\/\">\n\t\t\t\t\t\t<span class=\"elementor-button-content-wrapper\">\n\t\t\t\t\t\t\t\t\t<span class=\"elementor-button-text\"> Mehr<\/span>\n\t\t\t\t\t<\/span>\n\t\t\t\t\t<\/a>\n\t\t\t\t<\/div>\n\t\t\t\t\t\t\t\t<\/div>\n\t\t\t\t<\/div>\n\t\t\t\t<\/div>\n\t\t<div class=\"elementor-element elementor-element-b124e37 e-con-full e-flex e-con e-child\" data-id=\"b124e37\" data-element_type=\"container\" data-e-type=\"container\">\n\t\t\t\t<div class=\"elementor-element elementor-element-f1d5e8c elementor-widget elementor-widget-bildbox\" data-id=\"f1d5e8c\" data-element_type=\"widget\" data-e-type=\"widget\" data-widget_type=\"bildbox.default\">\n\t\t\t\t<div class=\"elementor-widget-container\">\n\t\t\t\t\t    \n    <a href=\"https:\/\/www.hpetch.se\/produkte-portfolio\/dekorative-aetzteile\/\" class=\"bildbox blue\">\n\t    \t    <img decoding=\"async\" alt=\"\" src=\"https:\/\/www.hpetch.se\/wp-content\/uploads\/sites\/6\/2024\/10\/dekorativ_neu-1.jpg\">\n\t    \t    <div class=\"bildbox_content\">\t\n\t\t    <div class=\"text_1\">\n\t\t\t    Dekorative \u00c4tzteile\t\t    <\/div>\n\t\t    <div class=\"text_2\">\n\t\t\t    \t\t    <\/div>\n\t\t<\/div>\n    <\/a>\n    \n    \t\t\t\t<\/div>\n\t\t\t\t<\/div>\n\t\t\t\t<div class=\"elementor-element elementor-element-3ea09af elementor-widget elementor-widget-text-editor\" data-id=\"3ea09af\" data-element_type=\"widget\" data-e-type=\"widget\" data-widget_type=\"text-editor.default\">\n\t\t\t\t<div class=\"elementor-widget-container\">\n\t\t\t\t\t\t\t\t\t<p>HP Etch produziert Ihre Form\u00e4tzteile f\u00fcr den Design und Accesoiresbereich. Gestalten Sie Ihr Design nach Ihren W\u00fcnschen oder lassen Sie sich von erfahrenen Designern beraten.<\/p>\t\t\t\t\t\t\t\t<\/div>\n\t\t\t\t<\/div>\n\t\t\t\t<div class=\"elementor-element elementor-element-fb9a9a6 elementor-button-info elementor-widget elementor-widget-button\" data-id=\"fb9a9a6\" data-element_type=\"widget\" data-e-type=\"widget\" data-widget_type=\"button.default\">\n\t\t\t\t<div class=\"elementor-widget-container\">\n\t\t\t\t\t\t\t\t\t<div class=\"elementor-button-wrapper\">\n\t\t\t\t\t<a class=\"elementor-button elementor-button-link elementor-size-sm\" href=\"https:\/\/www.hpetch.se\/produkte-portfolio\/dekorative-aetzteile\/\">\n\t\t\t\t\t\t<span class=\"elementor-button-content-wrapper\">\n\t\t\t\t\t\t\t\t\t<span class=\"elementor-button-text\"> Mehr<\/span>\n\t\t\t\t\t<\/span>\n\t\t\t\t\t<\/a>\n\t\t\t\t<\/div>\n\t\t\t\t\t\t\t\t<\/div>\n\t\t\t\t<\/div>\n\t\t\t\t<\/div>\n\t\t<div class=\"elementor-element elementor-element-dba1823 e-con-full e-flex e-con e-child\" data-id=\"dba1823\" data-element_type=\"container\" data-e-type=\"container\">\n\t\t\t\t<div class=\"elementor-element elementor-element-d6dc0f2 elementor-widget elementor-widget-bildbox\" data-id=\"d6dc0f2\" data-element_type=\"widget\" data-e-type=\"widget\" data-widget_type=\"bildbox.default\">\n\t\t\t\t<div class=\"elementor-widget-container\">\n\t\t\t\t\t    \n    <a href=\"https:\/\/www.hpetch.se\/produkte-portfolio\/parylene-beschichtung\/\" class=\"bildbox blue\">\n\t    \t    <img decoding=\"async\" alt=\"\" src=\"https:\/\/www.hpetch.se\/wp-content\/uploads\/sites\/6\/2024\/11\/Paratechcoating_386_191_small.jpg\">\n\t    \t    <div class=\"bildbox_content\">\t\n\t\t    <div class=\"text_1\">\n\t\t\t    Parylene Beschichtung\t\t    <\/div>\n\t\t    <div class=\"text_2\">\n\t\t\t    \t\t    <\/div>\n\t\t<\/div>\n    <\/a>\n    \n    \t\t\t\t<\/div>\n\t\t\t\t<\/div>\n\t\t\t\t<div class=\"elementor-element elementor-element-6255d97 elementor-widget elementor-widget-text-editor\" data-id=\"6255d97\" data-element_type=\"widget\" data-e-type=\"widget\" data-widget_type=\"text-editor.default\">\n\t\t\t\t<div class=\"elementor-widget-container\">\n\t\t\t\t\t\t\t\t\t<p>Bestehen\u00a0erh\u00f6hte Anforderungen an die Schutzwirkung von Baugruppen,\u00a0beispielsweise in der\u00a0Elektronik- oder Luft- und Raumfahrtindustrie, kann die\u00a0Parylene-Beschichtung die bestm\u00f6gliche L\u00f6sung sein.<\/p>\t\t\t\t\t\t\t\t<\/div>\n\t\t\t\t<\/div>\n\t\t\t\t<div class=\"elementor-element elementor-element-ac9eb70 elementor-button-info elementor-widget elementor-widget-button\" data-id=\"ac9eb70\" data-element_type=\"widget\" data-e-type=\"widget\" data-widget_type=\"button.default\">\n\t\t\t\t<div class=\"elementor-widget-container\">\n\t\t\t\t\t\t\t\t\t<div class=\"elementor-button-wrapper\">\n\t\t\t\t\t<a class=\"elementor-button elementor-button-link elementor-size-sm\" href=\"https:\/\/www.hpetch.se\/produkte-portfolio\/parylene-beschichtung\/\">\n\t\t\t\t\t\t<span class=\"elementor-button-content-wrapper\">\n\t\t\t\t\t\t\t\t\t<span class=\"elementor-button-text\"> Mehr<\/span>\n\t\t\t\t\t<\/span>\n\t\t\t\t\t<\/a>\n\t\t\t\t<\/div>\n\t\t\t\t\t\t\t\t<\/div>\n\t\t\t\t<\/div>\n\t\t\t\t<\/div>\n\t\t\t\t<\/div>\n\t\t<div class=\"elementor-element elementor-element-aab932f e-con-full e-flex e-con e-child\" data-id=\"aab932f\" data-element_type=\"container\" data-e-type=\"container\">\n\t\t<div class=\"elementor-element elementor-element-8afc725 e-con-full e-flex e-con e-child\" data-id=\"8afc725\" data-element_type=\"container\" data-e-type=\"container\">\n\t\t\t\t<div class=\"elementor-element elementor-element-b54adf2 elementor-widget elementor-widget-bildbox\" data-id=\"b54adf2\" data-element_type=\"widget\" data-e-type=\"widget\" data-widget_type=\"bildbox.default\">\n\t\t\t\t<div class=\"elementor-widget-container\">\n\t\t\t\t\t    \n    <a href=\"https:\/\/www.hpetch.se\/produkte-portfolio\/technische-richtlinien\/\" class=\"bildbox blue\">\n\t    \t    <img decoding=\"async\" alt=\"\" src=\"https:\/\/www.hpetch.se\/wp-content\/uploads\/sites\/6\/2024\/10\/Lochgeometrien-1.jpg\">\n\t    \t    <div class=\"bildbox_content\">\t\n\t\t    <div class=\"text_1\">\n\t\t\t    Technische Richtlinien\t\t    <\/div>\n\t\t    <div class=\"text_2\">\n\t\t\t    \t\t    <\/div>\n\t\t<\/div>\n    <\/a>\n    \n    \t\t\t\t<\/div>\n\t\t\t\t<\/div>\n\t\t\t\t<div class=\"elementor-element elementor-element-e5b761b elementor-widget elementor-widget-text-editor\" data-id=\"e5b761b\" data-element_type=\"widget\" data-e-type=\"widget\" data-widget_type=\"text-editor.default\">\n\t\t\t\t<div class=\"elementor-widget-container\">\n\t\t\t\t\t\t\t\t\t<p>Unsere technischen Richtlinien informieren Sie \u00fcber unsere M\u00f6glichkeiten. Sollten Sie andere Anforderungen haben, fragen Sie uns gerne an \u2013 wir finden f\u00fcr Sie die optimale L\u00f6sung.<\/p>\t\t\t\t\t\t\t\t<\/div>\n\t\t\t\t<\/div>\n\t\t\t\t<div class=\"elementor-element elementor-element-4ef8103 elementor-button-info elementor-widget elementor-widget-button\" data-id=\"4ef8103\" data-element_type=\"widget\" data-e-type=\"widget\" data-widget_type=\"button.default\">\n\t\t\t\t<div class=\"elementor-widget-container\">\n\t\t\t\t\t\t\t\t\t<div class=\"elementor-button-wrapper\">\n\t\t\t\t\t<a class=\"elementor-button elementor-button-link elementor-size-sm\" href=\"https:\/\/www.hpetch.se\/produkte-portfolio\/technische-richtlinien\/\">\n\t\t\t\t\t\t<span class=\"elementor-button-content-wrapper\">\n\t\t\t\t\t\t\t\t\t<span class=\"elementor-button-text\"> Mehr<\/span>\n\t\t\t\t\t<\/span>\n\t\t\t\t\t<\/a>\n\t\t\t\t<\/div>\n\t\t\t\t\t\t\t\t<\/div>\n\t\t\t\t<\/div>\n\t\t\t\t<\/div>\n\t\t<div class=\"elementor-element elementor-element-def5bce e-con-full e-flex e-con e-child\" data-id=\"def5bce\" data-element_type=\"container\" data-e-type=\"container\">\n\t\t\t\t<\/div>\n\t\t<div class=\"elementor-element elementor-element-bbedfe4 e-con-full e-flex e-con e-child\" data-id=\"bbedfe4\" data-element_type=\"container\" data-e-type=\"container\">\n\t\t\t\t<\/div>\n\t\t\t\t<\/div>\n\t\t\t\t\t<\/div>\n\t\t\t\t<\/div>\n\t\t\t\t<\/div>\n\t\t","protected":false},"excerpt":{"rendered":"<p>EMC &amp; EMI Abschirmungen Es gibt viele Technologien, um EMI-\/RFI-Abschirmungen herzustellen. Die \u00c4tztechnologie eh\u00f6ht die Funktionalit\u00e4t und senkt Kosten. Mehr Elektronikkontaktteile Das \u00c4tzen ist eine h\u00e4ufig angewandte Technolgie f\u00fcr Elektronikkontaktteile, vor allem f\u00fcr Kontaktteile aus Plattierten Werkstoffen oder d\u00fcnnen Metallfolien Mehr Stencils und Lagerung HP Etch ist Ihr Partner f\u00fcr Schablonen und Rakel mit individuellen [&hellip;]<\/p>\n","protected":false},"author":1,"featured_media":0,"parent":0,"menu_order":0,"comment_status":"closed","ping_status":"closed","template":"","meta":{"footnotes":""},"class_list":["post-2476","page","type-page","status-publish","hentry"],"yoast_head":"<!-- This site is optimized with the Yoast SEO plugin v27.3 - https:\/\/yoast.com\/product\/yoast-seo-wordpress\/ -->\n<title>Produkte \/ Portfolio - HPetch<\/title>\n<meta name=\"robots\" content=\"index, follow, max-snippet:-1, max-image-preview:large, max-video-preview:-1\" \/>\n<link rel=\"canonical\" href=\"https:\/\/www.hpetch.se\/de\/produkte-portfolio\/\" \/>\n<meta property=\"og:locale\" content=\"de_DE\" \/>\n<meta property=\"og:type\" content=\"article\" \/>\n<meta property=\"og:title\" content=\"Produkte \/ Portfolio - HPetch\" \/>\n<meta property=\"og:description\" content=\"EMC &amp; EMI Abschirmungen Es gibt viele Technologien, um EMI-\/RFI-Abschirmungen herzustellen. Die \u00c4tztechnologie eh\u00f6ht die Funktionalit\u00e4t und senkt Kosten. Mehr Elektronikkontaktteile Das \u00c4tzen ist eine h\u00e4ufig angewandte Technolgie f\u00fcr Elektronikkontaktteile, vor allem f\u00fcr Kontaktteile aus Plattierten Werkstoffen oder d\u00fcnnen Metallfolien Mehr Stencils und Lagerung HP Etch ist Ihr Partner f\u00fcr Schablonen und Rakel mit individuellen [&hellip;]\" \/>\n<meta property=\"og:url\" content=\"https:\/\/www.hpetch.se\/de\/produkte-portfolio\/\" \/>\n<meta property=\"og:site_name\" content=\"HPetch\" \/>\n<meta property=\"article:modified_time\" content=\"2024-11-08T13:50:16+00:00\" \/>\n<meta property=\"og:image\" content=\"https:\/\/hpetch.wickeder.de\/wp-content\/uploads\/sites\/6\/2024\/10\/EMC-shileding-1.jpg\" \/>\n<meta name=\"twitter:card\" content=\"summary_large_image\" \/>\n<meta name=\"twitter:label1\" content=\"Gesch\u00e4tzte Lesezeit\" \/>\n\t<meta name=\"twitter:data1\" content=\"1\u00a0Minute\" \/>\n<script type=\"application\/ld+json\" class=\"yoast-schema-graph\">{\"@context\":\"https:\\\/\\\/schema.org\",\"@graph\":[{\"@type\":\"WebPage\",\"@id\":\"https:\\\/\\\/www.hpetch.se\\\/de\\\/produkte-portfolio\\\/\",\"url\":\"https:\\\/\\\/www.hpetch.se\\\/de\\\/produkte-portfolio\\\/\",\"name\":\"Produkte \\\/ Portfolio - HPetch\",\"isPartOf\":{\"@id\":\"https:\\\/\\\/www.hpetch.se\\\/de\\\/#website\"},\"primaryImageOfPage\":{\"@id\":\"https:\\\/\\\/www.hpetch.se\\\/de\\\/produkte-portfolio\\\/#primaryimage\"},\"image\":{\"@id\":\"https:\\\/\\\/www.hpetch.se\\\/de\\\/produkte-portfolio\\\/#primaryimage\"},\"thumbnailUrl\":\"https:\\\/\\\/hpetch.wickeder.de\\\/wp-content\\\/uploads\\\/sites\\\/6\\\/2024\\\/10\\\/EMC-shileding-1.jpg\",\"datePublished\":\"2024-10-22T09:15:04+00:00\",\"dateModified\":\"2024-11-08T13:50:16+00:00\",\"breadcrumb\":{\"@id\":\"https:\\\/\\\/www.hpetch.se\\\/de\\\/produkte-portfolio\\\/#breadcrumb\"},\"inLanguage\":\"de\",\"potentialAction\":[{\"@type\":\"ReadAction\",\"target\":[\"https:\\\/\\\/www.hpetch.se\\\/de\\\/produkte-portfolio\\\/\"]}]},{\"@type\":\"ImageObject\",\"inLanguage\":\"de\",\"@id\":\"https:\\\/\\\/www.hpetch.se\\\/de\\\/produkte-portfolio\\\/#primaryimage\",\"url\":\"https:\\\/\\\/hpetch.wickeder.de\\\/wp-content\\\/uploads\\\/sites\\\/6\\\/2024\\\/10\\\/EMC-shileding-1.jpg\",\"contentUrl\":\"https:\\\/\\\/hpetch.wickeder.de\\\/wp-content\\\/uploads\\\/sites\\\/6\\\/2024\\\/10\\\/EMC-shileding-1.jpg\"},{\"@type\":\"BreadcrumbList\",\"@id\":\"https:\\\/\\\/www.hpetch.se\\\/de\\\/produkte-portfolio\\\/#breadcrumb\",\"itemListElement\":[{\"@type\":\"ListItem\",\"position\":1,\"name\":\"Startseite\",\"item\":\"https:\\\/\\\/www.hpetch.se\\\/de\\\/home\\\/\"},{\"@type\":\"ListItem\",\"position\":2,\"name\":\"Produkte \\\/ Portfolio\"}]},{\"@type\":\"WebSite\",\"@id\":\"https:\\\/\\\/www.hpetch.se\\\/de\\\/#website\",\"url\":\"https:\\\/\\\/www.hpetch.se\\\/de\\\/\",\"name\":\"HPetch\",\"description\":\"Form\u00e4tzteile in Pr\u00e4zision, Polymerbeschichtung\",\"publisher\":{\"@id\":\"https:\\\/\\\/www.hpetch.se\\\/de\\\/#organization\"},\"potentialAction\":[{\"@type\":\"SearchAction\",\"target\":{\"@type\":\"EntryPoint\",\"urlTemplate\":\"https:\\\/\\\/www.hpetch.se\\\/de\\\/?s={search_term_string}\"},\"query-input\":{\"@type\":\"PropertyValueSpecification\",\"valueRequired\":true,\"valueName\":\"search_term_string\"}}],\"inLanguage\":\"de\"},{\"@type\":\"Organization\",\"@id\":\"https:\\\/\\\/www.hpetch.se\\\/de\\\/#organization\",\"name\":\"HPetch\",\"url\":\"https:\\\/\\\/www.hpetch.se\\\/de\\\/\",\"logo\":{\"@type\":\"ImageObject\",\"inLanguage\":\"de\",\"@id\":\"https:\\\/\\\/www.hpetch.se\\\/de\\\/#\\\/schema\\\/logo\\\/image\\\/\",\"url\":\"https:\\\/\\\/www.hpetch.se\\\/wp-content\\\/uploads\\\/sites\\\/6\\\/2019\\\/11\\\/hpecht_2025_randlos_400px.jpg\",\"contentUrl\":\"https:\\\/\\\/www.hpetch.se\\\/wp-content\\\/uploads\\\/sites\\\/6\\\/2019\\\/11\\\/hpecht_2025_randlos_400px.jpg\",\"width\":400,\"height\":159,\"caption\":\"HPetch\"},\"image\":{\"@id\":\"https:\\\/\\\/www.hpetch.se\\\/de\\\/#\\\/schema\\\/logo\\\/image\\\/\"}}]}<\/script>\n<!-- \/ Yoast SEO plugin. -->","yoast_head_json":{"title":"Produkte \/ Portfolio - HPetch","robots":{"index":"index","follow":"follow","max-snippet":"max-snippet:-1","max-image-preview":"max-image-preview:large","max-video-preview":"max-video-preview:-1"},"canonical":"https:\/\/www.hpetch.se\/de\/produkte-portfolio\/","og_locale":"de_DE","og_type":"article","og_title":"Produkte \/ Portfolio - HPetch","og_description":"EMC &amp; EMI Abschirmungen Es gibt viele Technologien, um EMI-\/RFI-Abschirmungen herzustellen. Die \u00c4tztechnologie eh\u00f6ht die Funktionalit\u00e4t und senkt Kosten. Mehr Elektronikkontaktteile Das \u00c4tzen ist eine h\u00e4ufig angewandte Technolgie f\u00fcr Elektronikkontaktteile, vor allem f\u00fcr Kontaktteile aus Plattierten Werkstoffen oder d\u00fcnnen Metallfolien Mehr Stencils und Lagerung HP Etch ist Ihr Partner f\u00fcr Schablonen und Rakel mit individuellen [&hellip;]","og_url":"https:\/\/www.hpetch.se\/de\/produkte-portfolio\/","og_site_name":"HPetch","article_modified_time":"2024-11-08T13:50:16+00:00","og_image":[{"url":"https:\/\/hpetch.wickeder.de\/wp-content\/uploads\/sites\/6\/2024\/10\/EMC-shileding-1.jpg","type":"","width":"","height":""}],"twitter_card":"summary_large_image","twitter_misc":{"Gesch\u00e4tzte Lesezeit":"1\u00a0Minute"},"schema":{"@context":"https:\/\/schema.org","@graph":[{"@type":"WebPage","@id":"https:\/\/www.hpetch.se\/de\/produkte-portfolio\/","url":"https:\/\/www.hpetch.se\/de\/produkte-portfolio\/","name":"Produkte \/ Portfolio - HPetch","isPartOf":{"@id":"https:\/\/www.hpetch.se\/de\/#website"},"primaryImageOfPage":{"@id":"https:\/\/www.hpetch.se\/de\/produkte-portfolio\/#primaryimage"},"image":{"@id":"https:\/\/www.hpetch.se\/de\/produkte-portfolio\/#primaryimage"},"thumbnailUrl":"https:\/\/hpetch.wickeder.de\/wp-content\/uploads\/sites\/6\/2024\/10\/EMC-shileding-1.jpg","datePublished":"2024-10-22T09:15:04+00:00","dateModified":"2024-11-08T13:50:16+00:00","breadcrumb":{"@id":"https:\/\/www.hpetch.se\/de\/produkte-portfolio\/#breadcrumb"},"inLanguage":"de","potentialAction":[{"@type":"ReadAction","target":["https:\/\/www.hpetch.se\/de\/produkte-portfolio\/"]}]},{"@type":"ImageObject","inLanguage":"de","@id":"https:\/\/www.hpetch.se\/de\/produkte-portfolio\/#primaryimage","url":"https:\/\/hpetch.wickeder.de\/wp-content\/uploads\/sites\/6\/2024\/10\/EMC-shileding-1.jpg","contentUrl":"https:\/\/hpetch.wickeder.de\/wp-content\/uploads\/sites\/6\/2024\/10\/EMC-shileding-1.jpg"},{"@type":"BreadcrumbList","@id":"https:\/\/www.hpetch.se\/de\/produkte-portfolio\/#breadcrumb","itemListElement":[{"@type":"ListItem","position":1,"name":"Startseite","item":"https:\/\/www.hpetch.se\/de\/home\/"},{"@type":"ListItem","position":2,"name":"Produkte \/ Portfolio"}]},{"@type":"WebSite","@id":"https:\/\/www.hpetch.se\/de\/#website","url":"https:\/\/www.hpetch.se\/de\/","name":"HPetch","description":"Form\u00e4tzteile in Pr\u00e4zision, Polymerbeschichtung","publisher":{"@id":"https:\/\/www.hpetch.se\/de\/#organization"},"potentialAction":[{"@type":"SearchAction","target":{"@type":"EntryPoint","urlTemplate":"https:\/\/www.hpetch.se\/de\/?s={search_term_string}"},"query-input":{"@type":"PropertyValueSpecification","valueRequired":true,"valueName":"search_term_string"}}],"inLanguage":"de"},{"@type":"Organization","@id":"https:\/\/www.hpetch.se\/de\/#organization","name":"HPetch","url":"https:\/\/www.hpetch.se\/de\/","logo":{"@type":"ImageObject","inLanguage":"de","@id":"https:\/\/www.hpetch.se\/de\/#\/schema\/logo\/image\/","url":"https:\/\/www.hpetch.se\/wp-content\/uploads\/sites\/6\/2019\/11\/hpecht_2025_randlos_400px.jpg","contentUrl":"https:\/\/www.hpetch.se\/wp-content\/uploads\/sites\/6\/2019\/11\/hpecht_2025_randlos_400px.jpg","width":400,"height":159,"caption":"HPetch"},"image":{"@id":"https:\/\/www.hpetch.se\/de\/#\/schema\/logo\/image\/"}}]}},"_links":{"self":[{"href":"https:\/\/www.hpetch.se\/de\/wp-json\/wp\/v2\/pages\/2476","targetHints":{"allow":["GET"]}}],"collection":[{"href":"https:\/\/www.hpetch.se\/de\/wp-json\/wp\/v2\/pages"}],"about":[{"href":"https:\/\/www.hpetch.se\/de\/wp-json\/wp\/v2\/types\/page"}],"author":[{"embeddable":true,"href":"https:\/\/www.hpetch.se\/de\/wp-json\/wp\/v2\/users\/1"}],"replies":[{"embeddable":true,"href":"https:\/\/www.hpetch.se\/de\/wp-json\/wp\/v2\/comments?post=2476"}],"version-history":[{"count":17,"href":"https:\/\/www.hpetch.se\/de\/wp-json\/wp\/v2\/pages\/2476\/revisions"}],"predecessor-version":[{"id":3363,"href":"https:\/\/www.hpetch.se\/de\/wp-json\/wp\/v2\/pages\/2476\/revisions\/3363"}],"wp:attachment":[{"href":"https:\/\/www.hpetch.se\/de\/wp-json\/wp\/v2\/media?parent=2476"}],"curies":[{"name":"wp","href":"https:\/\/api.w.org\/{rel}","templated":true}]}}