{"id":2479,"date":"2024-10-22T11:15:25","date_gmt":"2024-10-22T09:15:25","guid":{"rendered":"https:\/\/hpetch.wickeder.de\/?page_id=2479"},"modified":"2024-11-07T11:20:15","modified_gmt":"2024-11-07T10:20:15","slug":"emc-emi-abschirmungen","status":"publish","type":"page","link":"https:\/\/www.hpetch.se\/de\/produkte-portfolio\/emc-emi-abschirmungen\/","title":{"rendered":"EMC &amp; EMI Abschirmungen"},"content":{"rendered":"\t\t<div data-elementor-type=\"wp-page\" data-elementor-id=\"2479\" class=\"elementor elementor-2479\" data-elementor-post-type=\"page\">\n\t\t\t\t<div class=\"elementor-element elementor-element-bb0a154 e-flex e-con-boxed e-con e-parent\" data-id=\"bb0a154\" data-element_type=\"container\" data-e-type=\"container\" data-settings=\"{&quot;background_background&quot;:&quot;classic&quot;}\">\n\t\t\t\t\t<div class=\"e-con-inner\">\n\t\t<div class=\"elementor-element elementor-element-4a25507 e-con-full e-flex e-con e-child\" data-id=\"4a25507\" data-element_type=\"container\" data-e-type=\"container\">\n\t\t\t\t<div class=\"elementor-element elementor-element-7e85e34 elementor-widget elementor-widget-heading\" data-id=\"7e85e34\" data-element_type=\"widget\" data-e-type=\"widget\" data-widget_type=\"heading.default\">\n\t\t\t\t<div class=\"elementor-widget-container\">\n\t\t\t\t\t<h2 class=\"elementor-heading-title elementor-size-default\">Ge\u00e4tzte EMC \/ EMI Abschirmungen\n<\/h2>\t\t\t\t<\/div>\n\t\t\t\t<\/div>\n\t\t\t\t<div class=\"elementor-element elementor-element-02966d1 elementor-widget elementor-widget-text-editor\" data-id=\"02966d1\" data-element_type=\"widget\" data-e-type=\"widget\" data-widget_type=\"text-editor.default\">\n\t\t\t\t<div class=\"elementor-widget-container\">\n\t\t\t\t\t\t\t\t\t<p><span id=\"result_box\" lang=\"de\">Bei HP Etch verf\u00fcgen wir \u00fcber umfangreiche Erfahrung in der EMV- und EMI-Abschirmung &#8211; Produkte, die empfindliche Elektronik vor st\u00f6renden elektromagnetischen Wellen sch\u00fctzen.<\/span><\/p><p>Wir helfen unseren Kunden die EU-Anforderungen und Richtlinien zu erf\u00fcllen und bieten kundenspezifische L\u00f6sungen von Anfang an. Wir beraten Sie gerne zu Ihren technischen Entw\u00fcrfen oder fertigen technische Zeichnungen f\u00fcr Ihre Abschirmprodukte an. Dank unserer flexiblen \u00c4tz-Methode k\u00f6nnen wir auch Logos, Produktcodes und Biegelinien auf Anfrage anfertigen.<\/p><p>Zusatzleistungen wie Biegen und Oberfl\u00e4chenbehandlungen werden von unserer eigenen Biegeabteilung im Unternehmen durchgef\u00fchrt oder von qualifizierten Finishern aus unserem Netzwerk.<\/p>\t\t\t\t\t\t\t\t<\/div>\n\t\t\t\t<\/div>\n\t\t\t\t<\/div>\n\t\t<div class=\"elementor-element elementor-element-584e16f e-con-full e-flex e-con e-child\" data-id=\"584e16f\" data-element_type=\"container\" data-e-type=\"container\">\n\t\t<div class=\"elementor-element elementor-element-a13c9df e-con-full e-flex e-con e-child\" data-id=\"a13c9df\" data-element_type=\"container\" data-e-type=\"container\">\n\t\t<div class=\"elementor-element elementor-element-99604c7 e-con-full e-flex e-con e-child\" data-id=\"99604c7\" data-element_type=\"container\" data-e-type=\"container\">\n\t\t\t\t<div class=\"elementor-element elementor-element-fd12dfe elementor-widget elementor-widget-image\" data-id=\"fd12dfe\" data-element_type=\"widget\" data-e-type=\"widget\" data-widget_type=\"image.default\">\n\t\t\t\t<div class=\"elementor-widget-container\">\n\t\t\t\t\t\t\t\t\t\t\t\t\t\t\t<img fetchpriority=\"high\" decoding=\"async\" width=\"768\" height=\"380\" src=\"https:\/\/www.hpetch.se\/wp-content\/uploads\/sites\/6\/2024\/11\/EMC.jpg\" class=\"attachment-large size-large wp-image-3146\" alt=\"\" \/>\t\t\t\t\t\t\t\t\t\t\t\t\t\t\t<\/div>\n\t\t\t\t<\/div>\n\t\t\t\t<\/div>\n\t\t<div class=\"elementor-element elementor-element-50522d3 e-con-full e-flex e-con e-child\" data-id=\"50522d3\" data-element_type=\"container\" data-e-type=\"container\">\n\t\t\t\t<div class=\"elementor-element elementor-element-b95291d elementor-widget elementor-widget-image\" data-id=\"b95291d\" data-element_type=\"widget\" data-e-type=\"widget\" data-widget_type=\"image.default\">\n\t\t\t\t<div class=\"elementor-widget-container\">\n\t\t\t\t\t\t\t\t\t\t\t\t\t\t\t<img decoding=\"async\" width=\"768\" height=\"380\" src=\"https:\/\/www.hpetch.se\/wp-content\/uploads\/sites\/6\/2024\/11\/EMI.jpg\" class=\"attachment-large size-large wp-image-3155\" alt=\"\" \/>\t\t\t\t\t\t\t\t\t\t\t\t\t\t\t<\/div>\n\t\t\t\t<\/div>\n\t\t\t\t<\/div>\n\t\t\t\t<\/div>\n\t\t<div class=\"elementor-element elementor-element-dbf96b0 e-con-full e-flex e-con e-child\" data-id=\"dbf96b0\" data-element_type=\"container\" data-e-type=\"container\">\n\t\t<div class=\"elementor-element elementor-element-87d5027 e-con-full e-flex e-con e-child\" data-id=\"87d5027\" data-element_type=\"container\" data-e-type=\"container\">\n\t\t\t\t<div class=\"elementor-element elementor-element-970af19 elementor-widget elementor-widget-image\" data-id=\"970af19\" data-element_type=\"widget\" data-e-type=\"widget\" data-widget_type=\"image.default\">\n\t\t\t\t<div class=\"elementor-widget-container\">\n\t\t\t\t\t\t\t\t\t\t\t\t\t\t\t<img decoding=\"async\" width=\"768\" height=\"380\" src=\"https:\/\/www.hpetch.se\/wp-content\/uploads\/sites\/6\/2024\/11\/HPEtch-etched_parts.jpg\" class=\"attachment-large size-large wp-image-3115\" alt=\"\" \/>\t\t\t\t\t\t\t\t\t\t\t\t\t\t\t<\/div>\n\t\t\t\t<\/div>\n\t\t\t\t<\/div>\n\t\t<div class=\"elementor-element elementor-element-d51f6f8 e-con-full e-flex e-con e-child\" data-id=\"d51f6f8\" data-element_type=\"container\" data-e-type=\"container\">\n\t\t\t\t<div class=\"elementor-element elementor-element-194078b elementor-widget elementor-widget-image\" data-id=\"194078b\" data-element_type=\"widget\" data-e-type=\"widget\" data-widget_type=\"image.default\">\n\t\t\t\t<div class=\"elementor-widget-container\">\n\t\t\t\t\t\t\t\t\t\t\t\t\t\t\t<img loading=\"lazy\" decoding=\"async\" width=\"768\" height=\"380\" src=\"https:\/\/www.hpetch.se\/wp-content\/uploads\/sites\/6\/2024\/11\/decorative-etching.jpg\" class=\"attachment-large size-large wp-image-3128\" alt=\"\" \/>\t\t\t\t\t\t\t\t\t\t\t\t\t\t\t<\/div>\n\t\t\t\t<\/div>\n\t\t\t\t<\/div>\n\t\t\t\t<\/div>\n\t\t\t\t<\/div>\n\t\t\t\t\t<\/div>\n\t\t\t\t<\/div>\n\t\t\t\t<\/div>\n\t\t","protected":false},"excerpt":{"rendered":"<p>Ge\u00e4tzte EMC \/ EMI Abschirmungen Bei HP Etch verf\u00fcgen wir \u00fcber umfangreiche Erfahrung in der EMV- und EMI-Abschirmung &#8211; Produkte, die empfindliche Elektronik vor st\u00f6renden elektromagnetischen Wellen sch\u00fctzen. Wir helfen unseren Kunden die EU-Anforderungen und Richtlinien zu erf\u00fcllen und bieten kundenspezifische L\u00f6sungen von Anfang an. Wir beraten Sie gerne zu Ihren technischen Entw\u00fcrfen oder fertigen [&hellip;]<\/p>\n","protected":false},"author":1,"featured_media":0,"parent":2476,"menu_order":1,"comment_status":"closed","ping_status":"closed","template":"","meta":{"footnotes":""},"class_list":["post-2479","page","type-page","status-publish","hentry"],"yoast_head":"<!-- This site is optimized with the Yoast SEO plugin v27.3 - https:\/\/yoast.com\/product\/yoast-seo-wordpress\/ -->\n<title>EMC &amp; EMI Abschirmungen - HPetch<\/title>\n<meta name=\"robots\" content=\"index, follow, max-snippet:-1, max-image-preview:large, max-video-preview:-1\" \/>\n<link rel=\"canonical\" href=\"https:\/\/www.hpetch.se\/de\/produkte-portfolio\/emc-emi-abschirmungen\/\" \/>\n<meta property=\"og:locale\" content=\"de_DE\" \/>\n<meta property=\"og:type\" content=\"article\" \/>\n<meta property=\"og:title\" content=\"EMC &amp; EMI Abschirmungen - HPetch\" \/>\n<meta property=\"og:description\" content=\"Ge\u00e4tzte EMC \/ EMI Abschirmungen Bei HP Etch verf\u00fcgen wir \u00fcber umfangreiche Erfahrung in der EMV- und EMI-Abschirmung &#8211; Produkte, die empfindliche Elektronik vor st\u00f6renden elektromagnetischen Wellen sch\u00fctzen. Wir helfen unseren Kunden die EU-Anforderungen und Richtlinien zu erf\u00fcllen und bieten kundenspezifische L\u00f6sungen von Anfang an. Wir beraten Sie gerne zu Ihren technischen Entw\u00fcrfen oder fertigen [&hellip;]\" \/>\n<meta property=\"og:url\" content=\"https:\/\/www.hpetch.se\/de\/produkte-portfolio\/emc-emi-abschirmungen\/\" \/>\n<meta property=\"og:site_name\" content=\"HPetch\" \/>\n<meta property=\"article:modified_time\" content=\"2024-11-07T10:20:15+00:00\" \/>\n<meta property=\"og:image\" content=\"https:\/\/hpetch.wickeder.de\/wp-content\/uploads\/sites\/6\/2024\/11\/EMC.jpg\" \/>\n<meta name=\"twitter:card\" content=\"summary_large_image\" \/>\n<meta name=\"twitter:label1\" content=\"Gesch\u00e4tzte Lesezeit\" \/>\n\t<meta name=\"twitter:data1\" content=\"1\u00a0Minute\" \/>\n<script type=\"application\/ld+json\" class=\"yoast-schema-graph\">{\"@context\":\"https:\\\/\\\/schema.org\",\"@graph\":[{\"@type\":\"WebPage\",\"@id\":\"https:\\\/\\\/www.hpetch.se\\\/de\\\/produkte-portfolio\\\/emc-emi-abschirmungen\\\/\",\"url\":\"https:\\\/\\\/www.hpetch.se\\\/de\\\/produkte-portfolio\\\/emc-emi-abschirmungen\\\/\",\"name\":\"EMC &amp; EMI Abschirmungen - HPetch\",\"isPartOf\":{\"@id\":\"https:\\\/\\\/www.hpetch.se\\\/de\\\/#website\"},\"primaryImageOfPage\":{\"@id\":\"https:\\\/\\\/www.hpetch.se\\\/de\\\/produkte-portfolio\\\/emc-emi-abschirmungen\\\/#primaryimage\"},\"image\":{\"@id\":\"https:\\\/\\\/www.hpetch.se\\\/de\\\/produkte-portfolio\\\/emc-emi-abschirmungen\\\/#primaryimage\"},\"thumbnailUrl\":\"https:\\\/\\\/hpetch.wickeder.de\\\/wp-content\\\/uploads\\\/sites\\\/6\\\/2024\\\/11\\\/EMC.jpg\",\"datePublished\":\"2024-10-22T09:15:25+00:00\",\"dateModified\":\"2024-11-07T10:20:15+00:00\",\"breadcrumb\":{\"@id\":\"https:\\\/\\\/www.hpetch.se\\\/de\\\/produkte-portfolio\\\/emc-emi-abschirmungen\\\/#breadcrumb\"},\"inLanguage\":\"de\",\"potentialAction\":[{\"@type\":\"ReadAction\",\"target\":[\"https:\\\/\\\/www.hpetch.se\\\/de\\\/produkte-portfolio\\\/emc-emi-abschirmungen\\\/\"]}]},{\"@type\":\"ImageObject\",\"inLanguage\":\"de\",\"@id\":\"https:\\\/\\\/www.hpetch.se\\\/de\\\/produkte-portfolio\\\/emc-emi-abschirmungen\\\/#primaryimage\",\"url\":\"https:\\\/\\\/hpetch.wickeder.de\\\/wp-content\\\/uploads\\\/sites\\\/6\\\/2024\\\/11\\\/EMC.jpg\",\"contentUrl\":\"https:\\\/\\\/hpetch.wickeder.de\\\/wp-content\\\/uploads\\\/sites\\\/6\\\/2024\\\/11\\\/EMC.jpg\"},{\"@type\":\"BreadcrumbList\",\"@id\":\"https:\\\/\\\/www.hpetch.se\\\/de\\\/produkte-portfolio\\\/emc-emi-abschirmungen\\\/#breadcrumb\",\"itemListElement\":[{\"@type\":\"ListItem\",\"position\":1,\"name\":\"Startseite\",\"item\":\"https:\\\/\\\/www.hpetch.se\\\/de\\\/home\\\/\"},{\"@type\":\"ListItem\",\"position\":2,\"name\":\"Produkte \\\/ Portfolio\",\"item\":\"https:\\\/\\\/www.hpetch.se\\\/de\\\/produkte-portfolio\\\/\"},{\"@type\":\"ListItem\",\"position\":3,\"name\":\"EMC &amp; EMI Abschirmungen\"}]},{\"@type\":\"WebSite\",\"@id\":\"https:\\\/\\\/www.hpetch.se\\\/de\\\/#website\",\"url\":\"https:\\\/\\\/www.hpetch.se\\\/de\\\/\",\"name\":\"HPetch\",\"description\":\"Form\u00e4tzteile in Pr\u00e4zision, Polymerbeschichtung\",\"publisher\":{\"@id\":\"https:\\\/\\\/www.hpetch.se\\\/de\\\/#organization\"},\"potentialAction\":[{\"@type\":\"SearchAction\",\"target\":{\"@type\":\"EntryPoint\",\"urlTemplate\":\"https:\\\/\\\/www.hpetch.se\\\/de\\\/?s={search_term_string}\"},\"query-input\":{\"@type\":\"PropertyValueSpecification\",\"valueRequired\":true,\"valueName\":\"search_term_string\"}}],\"inLanguage\":\"de\"},{\"@type\":\"Organization\",\"@id\":\"https:\\\/\\\/www.hpetch.se\\\/de\\\/#organization\",\"name\":\"HPetch\",\"url\":\"https:\\\/\\\/www.hpetch.se\\\/de\\\/\",\"logo\":{\"@type\":\"ImageObject\",\"inLanguage\":\"de\",\"@id\":\"https:\\\/\\\/www.hpetch.se\\\/de\\\/#\\\/schema\\\/logo\\\/image\\\/\",\"url\":\"https:\\\/\\\/www.hpetch.se\\\/wp-content\\\/uploads\\\/sites\\\/6\\\/2019\\\/11\\\/hpecht_2025_randlos_400px.jpg\",\"contentUrl\":\"https:\\\/\\\/www.hpetch.se\\\/wp-content\\\/uploads\\\/sites\\\/6\\\/2019\\\/11\\\/hpecht_2025_randlos_400px.jpg\",\"width\":400,\"height\":159,\"caption\":\"HPetch\"},\"image\":{\"@id\":\"https:\\\/\\\/www.hpetch.se\\\/de\\\/#\\\/schema\\\/logo\\\/image\\\/\"}}]}<\/script>\n<!-- \/ Yoast SEO plugin. -->","yoast_head_json":{"title":"EMC &amp; EMI Abschirmungen - HPetch","robots":{"index":"index","follow":"follow","max-snippet":"max-snippet:-1","max-image-preview":"max-image-preview:large","max-video-preview":"max-video-preview:-1"},"canonical":"https:\/\/www.hpetch.se\/de\/produkte-portfolio\/emc-emi-abschirmungen\/","og_locale":"de_DE","og_type":"article","og_title":"EMC &amp; EMI Abschirmungen - HPetch","og_description":"Ge\u00e4tzte EMC \/ EMI Abschirmungen Bei HP Etch verf\u00fcgen wir \u00fcber umfangreiche Erfahrung in der EMV- und EMI-Abschirmung &#8211; Produkte, die empfindliche Elektronik vor st\u00f6renden elektromagnetischen Wellen sch\u00fctzen. Wir helfen unseren Kunden die EU-Anforderungen und Richtlinien zu erf\u00fcllen und bieten kundenspezifische L\u00f6sungen von Anfang an. Wir beraten Sie gerne zu Ihren technischen Entw\u00fcrfen oder fertigen [&hellip;]","og_url":"https:\/\/www.hpetch.se\/de\/produkte-portfolio\/emc-emi-abschirmungen\/","og_site_name":"HPetch","article_modified_time":"2024-11-07T10:20:15+00:00","og_image":[{"url":"https:\/\/hpetch.wickeder.de\/wp-content\/uploads\/sites\/6\/2024\/11\/EMC.jpg","type":"","width":"","height":""}],"twitter_card":"summary_large_image","twitter_misc":{"Gesch\u00e4tzte Lesezeit":"1\u00a0Minute"},"schema":{"@context":"https:\/\/schema.org","@graph":[{"@type":"WebPage","@id":"https:\/\/www.hpetch.se\/de\/produkte-portfolio\/emc-emi-abschirmungen\/","url":"https:\/\/www.hpetch.se\/de\/produkte-portfolio\/emc-emi-abschirmungen\/","name":"EMC &amp; EMI Abschirmungen - HPetch","isPartOf":{"@id":"https:\/\/www.hpetch.se\/de\/#website"},"primaryImageOfPage":{"@id":"https:\/\/www.hpetch.se\/de\/produkte-portfolio\/emc-emi-abschirmungen\/#primaryimage"},"image":{"@id":"https:\/\/www.hpetch.se\/de\/produkte-portfolio\/emc-emi-abschirmungen\/#primaryimage"},"thumbnailUrl":"https:\/\/hpetch.wickeder.de\/wp-content\/uploads\/sites\/6\/2024\/11\/EMC.jpg","datePublished":"2024-10-22T09:15:25+00:00","dateModified":"2024-11-07T10:20:15+00:00","breadcrumb":{"@id":"https:\/\/www.hpetch.se\/de\/produkte-portfolio\/emc-emi-abschirmungen\/#breadcrumb"},"inLanguage":"de","potentialAction":[{"@type":"ReadAction","target":["https:\/\/www.hpetch.se\/de\/produkte-portfolio\/emc-emi-abschirmungen\/"]}]},{"@type":"ImageObject","inLanguage":"de","@id":"https:\/\/www.hpetch.se\/de\/produkte-portfolio\/emc-emi-abschirmungen\/#primaryimage","url":"https:\/\/hpetch.wickeder.de\/wp-content\/uploads\/sites\/6\/2024\/11\/EMC.jpg","contentUrl":"https:\/\/hpetch.wickeder.de\/wp-content\/uploads\/sites\/6\/2024\/11\/EMC.jpg"},{"@type":"BreadcrumbList","@id":"https:\/\/www.hpetch.se\/de\/produkte-portfolio\/emc-emi-abschirmungen\/#breadcrumb","itemListElement":[{"@type":"ListItem","position":1,"name":"Startseite","item":"https:\/\/www.hpetch.se\/de\/home\/"},{"@type":"ListItem","position":2,"name":"Produkte \/ Portfolio","item":"https:\/\/www.hpetch.se\/de\/produkte-portfolio\/"},{"@type":"ListItem","position":3,"name":"EMC &amp; EMI Abschirmungen"}]},{"@type":"WebSite","@id":"https:\/\/www.hpetch.se\/de\/#website","url":"https:\/\/www.hpetch.se\/de\/","name":"HPetch","description":"Form\u00e4tzteile in Pr\u00e4zision, Polymerbeschichtung","publisher":{"@id":"https:\/\/www.hpetch.se\/de\/#organization"},"potentialAction":[{"@type":"SearchAction","target":{"@type":"EntryPoint","urlTemplate":"https:\/\/www.hpetch.se\/de\/?s={search_term_string}"},"query-input":{"@type":"PropertyValueSpecification","valueRequired":true,"valueName":"search_term_string"}}],"inLanguage":"de"},{"@type":"Organization","@id":"https:\/\/www.hpetch.se\/de\/#organization","name":"HPetch","url":"https:\/\/www.hpetch.se\/de\/","logo":{"@type":"ImageObject","inLanguage":"de","@id":"https:\/\/www.hpetch.se\/de\/#\/schema\/logo\/image\/","url":"https:\/\/www.hpetch.se\/wp-content\/uploads\/sites\/6\/2019\/11\/hpecht_2025_randlos_400px.jpg","contentUrl":"https:\/\/www.hpetch.se\/wp-content\/uploads\/sites\/6\/2019\/11\/hpecht_2025_randlos_400px.jpg","width":400,"height":159,"caption":"HPetch"},"image":{"@id":"https:\/\/www.hpetch.se\/de\/#\/schema\/logo\/image\/"}}]}},"_links":{"self":[{"href":"https:\/\/www.hpetch.se\/de\/wp-json\/wp\/v2\/pages\/2479","targetHints":{"allow":["GET"]}}],"collection":[{"href":"https:\/\/www.hpetch.se\/de\/wp-json\/wp\/v2\/pages"}],"about":[{"href":"https:\/\/www.hpetch.se\/de\/wp-json\/wp\/v2\/types\/page"}],"author":[{"embeddable":true,"href":"https:\/\/www.hpetch.se\/de\/wp-json\/wp\/v2\/users\/1"}],"replies":[{"embeddable":true,"href":"https:\/\/www.hpetch.se\/de\/wp-json\/wp\/v2\/comments?post=2479"}],"version-history":[{"count":13,"href":"https:\/\/www.hpetch.se\/de\/wp-json\/wp\/v2\/pages\/2479\/revisions"}],"predecessor-version":[{"id":3164,"href":"https:\/\/www.hpetch.se\/de\/wp-json\/wp\/v2\/pages\/2479\/revisions\/3164"}],"up":[{"embeddable":true,"href":"https:\/\/www.hpetch.se\/de\/wp-json\/wp\/v2\/pages\/2476"}],"wp:attachment":[{"href":"https:\/\/www.hpetch.se\/de\/wp-json\/wp\/v2\/media?parent=2479"}],"curies":[{"name":"wp","href":"https:\/\/api.w.org\/{rel}","templated":true}]}}