{"id":2482,"date":"2024-10-22T11:20:51","date_gmt":"2024-10-22T09:20:51","guid":{"rendered":"https:\/\/hpetch.wickeder.de\/?page_id=2482"},"modified":"2024-11-07T14:25:09","modified_gmt":"2024-11-07T13:25:09","slug":"elektronikkontaktteile","status":"publish","type":"page","link":"https:\/\/www.hpetch.se\/de\/produkte-portfolio\/elektronikkontaktteile\/","title":{"rendered":"Elektronikkontaktteile"},"content":{"rendered":"\t\t<div data-elementor-type=\"wp-page\" data-elementor-id=\"2482\" class=\"elementor elementor-2482\" data-elementor-post-type=\"page\">\n\t\t\t\t<div class=\"elementor-element elementor-element-6927c53 e-flex e-con-boxed e-con e-parent\" data-id=\"6927c53\" data-element_type=\"container\" data-e-type=\"container\" data-settings=\"{&quot;background_background&quot;:&quot;classic&quot;}\">\n\t\t\t\t\t<div class=\"e-con-inner\">\n\t\t<div class=\"elementor-element elementor-element-ff01bea e-con-full e-flex e-con e-child\" data-id=\"ff01bea\" data-element_type=\"container\" data-e-type=\"container\">\n\t\t\t\t<div class=\"elementor-element elementor-element-a0f8d86 elementor-widget elementor-widget-heading\" data-id=\"a0f8d86\" data-element_type=\"widget\" data-e-type=\"widget\" data-widget_type=\"heading.default\">\n\t\t\t\t<div class=\"elementor-widget-container\">\n\t\t\t\t\t<h2 class=\"elementor-heading-title elementor-size-default\">Ge\u00e4tzte Elektronikkontaktteile\n<\/h2>\t\t\t\t<\/div>\n\t\t\t\t<\/div>\n\t\t\t\t<div class=\"elementor-element elementor-element-3e1494c elementor-widget elementor-widget-text-editor\" data-id=\"3e1494c\" data-element_type=\"widget\" data-e-type=\"widget\" data-widget_type=\"text-editor.default\">\n\t\t\t\t<div class=\"elementor-widget-container\">\n\t\t\t\t\t\t\t\t\t<p>Der \u00c4tzprozess findet h\u00e4ufig Anwendung bei elektronischen und elektrotechnischen Komponenten aus dem Bereich der Automatisierung und Miniaturisierung.<\/p><p>Unsere unterschiedlichen \u00c4tzformteile finden typischerweise Anwendung u.a. als Leadframe, <a class=\"internal-link\" href=\"https:\/\/www.hpetch.se\/produkte-portfolio\/rakel\/\">L\u00f6tpastenmaske<\/a>, Halbleiter, K\u00fchlplatten,\u00a0<a class=\"internal-link\" href=\"https:\/\/www.hpetch.se\/produkte-portfolio\/rakel\/\">Rakel<\/a>,\u00a0<a class=\"internal-link\" href=\"https:\/\/www.hpetch.se\/produkte-portfolio\/emc-emi-abschirmungen\/\">EMI\/EMC-Abschirmungen<\/a>, Steckverbinder, Kontakte, Federn, Gelenke, Abstandsscheiben, Gitter, Elektroden etc.<\/p>\t\t\t\t\t\t\t\t<\/div>\n\t\t\t\t<\/div>\n\t\t\t\t<\/div>\n\t\t<div class=\"elementor-element elementor-element-462b51b e-con-full e-flex e-con e-child\" data-id=\"462b51b\" data-element_type=\"container\" data-e-type=\"container\">\n\t\t<div class=\"elementor-element elementor-element-862803f e-con-full e-flex e-con e-child\" data-id=\"862803f\" data-element_type=\"container\" data-e-type=\"container\">\n\t\t<div class=\"elementor-element elementor-element-0c64419 e-con-full e-flex e-con e-child\" data-id=\"0c64419\" data-element_type=\"container\" data-e-type=\"container\">\n\t\t\t\t<div class=\"elementor-element elementor-element-b6f1567 elementor-widget elementor-widget-image\" data-id=\"b6f1567\" data-element_type=\"widget\" data-e-type=\"widget\" data-widget_type=\"image.default\">\n\t\t\t\t<div class=\"elementor-widget-container\">\n\t\t\t\t\t\t\t\t\t\t\t\t\t\t\t<img fetchpriority=\"high\" decoding=\"async\" width=\"768\" height=\"380\" src=\"https:\/\/www.hpetch.se\/wp-content\/uploads\/sites\/6\/2024\/11\/HpEtch_filter.jpg\" class=\"attachment-large size-large wp-image-3106\" alt=\"\" \/>\t\t\t\t\t\t\t\t\t\t\t\t\t\t\t<\/div>\n\t\t\t\t<\/div>\n\t\t\t\t<\/div>\n\t\t<div class=\"elementor-element elementor-element-2d00e32 e-con-full e-flex e-con e-child\" data-id=\"2d00e32\" data-element_type=\"container\" data-e-type=\"container\">\n\t\t\t\t<div class=\"elementor-element elementor-element-0ec5752 elementor-widget elementor-widget-image\" data-id=\"0ec5752\" data-element_type=\"widget\" data-e-type=\"widget\" data-widget_type=\"image.default\">\n\t\t\t\t<div class=\"elementor-widget-container\">\n\t\t\t\t\t\t\t\t\t\t\t\t\t\t\t<img decoding=\"async\" width=\"768\" height=\"380\" src=\"https:\/\/www.hpetch.se\/wp-content\/uploads\/sites\/6\/2024\/11\/Endings.jpg\" class=\"attachment-large size-large wp-image-3165\" alt=\"\" \/>\t\t\t\t\t\t\t\t\t\t\t\t\t\t\t<\/div>\n\t\t\t\t<\/div>\n\t\t\t\t<\/div>\n\t\t\t\t<\/div>\n\t\t<div class=\"elementor-element elementor-element-1666f46 e-con-full e-flex e-con e-child\" data-id=\"1666f46\" data-element_type=\"container\" data-e-type=\"container\">\n\t\t<div class=\"elementor-element elementor-element-7acfa8c e-con-full e-flex e-con e-child\" data-id=\"7acfa8c\" data-element_type=\"container\" data-e-type=\"container\">\n\t\t\t\t<div class=\"elementor-element elementor-element-0e4130c elementor-widget elementor-widget-image\" data-id=\"0e4130c\" data-element_type=\"widget\" data-e-type=\"widget\" data-widget_type=\"image.default\">\n\t\t\t\t<div class=\"elementor-widget-container\">\n\t\t\t\t\t\t\t\t\t\t\t\t\t\t\t<img decoding=\"async\" width=\"768\" height=\"380\" src=\"https:\/\/www.hpetch.se\/wp-content\/uploads\/sites\/6\/2024\/11\/solder-paste-stencil.jpg\" class=\"attachment-large size-large wp-image-3118\" alt=\"\" \/>\t\t\t\t\t\t\t\t\t\t\t\t\t\t\t<\/div>\n\t\t\t\t<\/div>\n\t\t\t\t<\/div>\n\t\t<div class=\"elementor-element elementor-element-1bf56ad e-con-full e-flex e-con e-child\" data-id=\"1bf56ad\" data-element_type=\"container\" data-e-type=\"container\">\n\t\t\t\t<div class=\"elementor-element elementor-element-785aded elementor-widget elementor-widget-image\" data-id=\"785aded\" data-element_type=\"widget\" data-e-type=\"widget\" data-widget_type=\"image.default\">\n\t\t\t\t<div class=\"elementor-widget-container\">\n\t\t\t\t\t\t\t\t\t\t\t\t\t\t\t<img loading=\"lazy\" decoding=\"async\" width=\"768\" height=\"380\" src=\"https:\/\/www.hpetch.se\/wp-content\/uploads\/sites\/6\/2024\/11\/Reel-to-reel.jpg\" class=\"attachment-large size-large wp-image-3103\" alt=\"\" \/>\t\t\t\t\t\t\t\t\t\t\t\t\t\t\t<\/div>\n\t\t\t\t<\/div>\n\t\t\t\t<\/div>\n\t\t\t\t<\/div>\n\t\t\t\t<\/div>\n\t\t\t\t\t<\/div>\n\t\t\t\t<\/div>\n\t\t\t\t<\/div>\n\t\t","protected":false},"excerpt":{"rendered":"<p>Ge\u00e4tzte Elektronikkontaktteile Der \u00c4tzprozess findet h\u00e4ufig Anwendung bei elektronischen und elektrotechnischen Komponenten aus dem Bereich der Automatisierung und Miniaturisierung. Unsere unterschiedlichen \u00c4tzformteile finden typischerweise Anwendung u.a. als Leadframe, L\u00f6tpastenmaske, Halbleiter, K\u00fchlplatten,\u00a0Rakel,\u00a0EMI\/EMC-Abschirmungen, Steckverbinder, Kontakte, Federn, Gelenke, Abstandsscheiben, Gitter, Elektroden etc.<\/p>\n","protected":false},"author":1,"featured_media":0,"parent":2476,"menu_order":2,"comment_status":"closed","ping_status":"closed","template":"","meta":{"footnotes":""},"class_list":["post-2482","page","type-page","status-publish","hentry"],"yoast_head":"<!-- This site is optimized with the Yoast SEO plugin v27.3 - https:\/\/yoast.com\/product\/yoast-seo-wordpress\/ -->\n<title>Elektronikkontaktteile - HPetch<\/title>\n<meta name=\"robots\" content=\"index, follow, max-snippet:-1, max-image-preview:large, max-video-preview:-1\" \/>\n<link rel=\"canonical\" href=\"https:\/\/www.hpetch.se\/de\/produkte-portfolio\/elektronikkontaktteile\/\" \/>\n<meta property=\"og:locale\" content=\"de_DE\" \/>\n<meta property=\"og:type\" content=\"article\" \/>\n<meta property=\"og:title\" content=\"Elektronikkontaktteile - HPetch\" \/>\n<meta property=\"og:description\" content=\"Ge\u00e4tzte Elektronikkontaktteile Der \u00c4tzprozess findet h\u00e4ufig Anwendung bei elektronischen und elektrotechnischen Komponenten aus dem Bereich der Automatisierung und Miniaturisierung. Unsere unterschiedlichen \u00c4tzformteile finden typischerweise Anwendung u.a. als Leadframe, L\u00f6tpastenmaske, Halbleiter, K\u00fchlplatten,\u00a0Rakel,\u00a0EMI\/EMC-Abschirmungen, Steckverbinder, Kontakte, Federn, Gelenke, Abstandsscheiben, Gitter, Elektroden etc.\" \/>\n<meta property=\"og:url\" content=\"https:\/\/www.hpetch.se\/de\/produkte-portfolio\/elektronikkontaktteile\/\" \/>\n<meta property=\"og:site_name\" content=\"HPetch\" \/>\n<meta property=\"article:modified_time\" content=\"2024-11-07T13:25:09+00:00\" \/>\n<meta property=\"og:image\" content=\"https:\/\/hpetch.wickeder.de\/wp-content\/uploads\/sites\/6\/2024\/11\/HpEtch_filter.jpg\" \/>\n<meta name=\"twitter:card\" content=\"summary_large_image\" \/>\n<script type=\"application\/ld+json\" class=\"yoast-schema-graph\">{\"@context\":\"https:\\\/\\\/schema.org\",\"@graph\":[{\"@type\":\"WebPage\",\"@id\":\"https:\\\/\\\/www.hpetch.se\\\/de\\\/produkte-portfolio\\\/elektronikkontaktteile\\\/\",\"url\":\"https:\\\/\\\/www.hpetch.se\\\/de\\\/produkte-portfolio\\\/elektronikkontaktteile\\\/\",\"name\":\"Elektronikkontaktteile - HPetch\",\"isPartOf\":{\"@id\":\"https:\\\/\\\/www.hpetch.se\\\/de\\\/#website\"},\"primaryImageOfPage\":{\"@id\":\"https:\\\/\\\/www.hpetch.se\\\/de\\\/produkte-portfolio\\\/elektronikkontaktteile\\\/#primaryimage\"},\"image\":{\"@id\":\"https:\\\/\\\/www.hpetch.se\\\/de\\\/produkte-portfolio\\\/elektronikkontaktteile\\\/#primaryimage\"},\"thumbnailUrl\":\"https:\\\/\\\/hpetch.wickeder.de\\\/wp-content\\\/uploads\\\/sites\\\/6\\\/2024\\\/11\\\/HpEtch_filter.jpg\",\"datePublished\":\"2024-10-22T09:20:51+00:00\",\"dateModified\":\"2024-11-07T13:25:09+00:00\",\"breadcrumb\":{\"@id\":\"https:\\\/\\\/www.hpetch.se\\\/de\\\/produkte-portfolio\\\/elektronikkontaktteile\\\/#breadcrumb\"},\"inLanguage\":\"de\",\"potentialAction\":[{\"@type\":\"ReadAction\",\"target\":[\"https:\\\/\\\/www.hpetch.se\\\/de\\\/produkte-portfolio\\\/elektronikkontaktteile\\\/\"]}]},{\"@type\":\"ImageObject\",\"inLanguage\":\"de\",\"@id\":\"https:\\\/\\\/www.hpetch.se\\\/de\\\/produkte-portfolio\\\/elektronikkontaktteile\\\/#primaryimage\",\"url\":\"https:\\\/\\\/hpetch.wickeder.de\\\/wp-content\\\/uploads\\\/sites\\\/6\\\/2024\\\/11\\\/HpEtch_filter.jpg\",\"contentUrl\":\"https:\\\/\\\/hpetch.wickeder.de\\\/wp-content\\\/uploads\\\/sites\\\/6\\\/2024\\\/11\\\/HpEtch_filter.jpg\"},{\"@type\":\"BreadcrumbList\",\"@id\":\"https:\\\/\\\/www.hpetch.se\\\/de\\\/produkte-portfolio\\\/elektronikkontaktteile\\\/#breadcrumb\",\"itemListElement\":[{\"@type\":\"ListItem\",\"position\":1,\"name\":\"Startseite\",\"item\":\"https:\\\/\\\/www.hpetch.se\\\/de\\\/home\\\/\"},{\"@type\":\"ListItem\",\"position\":2,\"name\":\"Produkte \\\/ Portfolio\",\"item\":\"https:\\\/\\\/www.hpetch.se\\\/de\\\/produkte-portfolio\\\/\"},{\"@type\":\"ListItem\",\"position\":3,\"name\":\"Elektronikkontaktteile\"}]},{\"@type\":\"WebSite\",\"@id\":\"https:\\\/\\\/www.hpetch.se\\\/de\\\/#website\",\"url\":\"https:\\\/\\\/www.hpetch.se\\\/de\\\/\",\"name\":\"HPetch\",\"description\":\"Form\u00e4tzteile in Pr\u00e4zision, Polymerbeschichtung\",\"publisher\":{\"@id\":\"https:\\\/\\\/www.hpetch.se\\\/de\\\/#organization\"},\"potentialAction\":[{\"@type\":\"SearchAction\",\"target\":{\"@type\":\"EntryPoint\",\"urlTemplate\":\"https:\\\/\\\/www.hpetch.se\\\/de\\\/?s={search_term_string}\"},\"query-input\":{\"@type\":\"PropertyValueSpecification\",\"valueRequired\":true,\"valueName\":\"search_term_string\"}}],\"inLanguage\":\"de\"},{\"@type\":\"Organization\",\"@id\":\"https:\\\/\\\/www.hpetch.se\\\/de\\\/#organization\",\"name\":\"HPetch\",\"url\":\"https:\\\/\\\/www.hpetch.se\\\/de\\\/\",\"logo\":{\"@type\":\"ImageObject\",\"inLanguage\":\"de\",\"@id\":\"https:\\\/\\\/www.hpetch.se\\\/de\\\/#\\\/schema\\\/logo\\\/image\\\/\",\"url\":\"https:\\\/\\\/www.hpetch.se\\\/wp-content\\\/uploads\\\/sites\\\/6\\\/2019\\\/11\\\/hpecht_2025_randlos_400px.jpg\",\"contentUrl\":\"https:\\\/\\\/www.hpetch.se\\\/wp-content\\\/uploads\\\/sites\\\/6\\\/2019\\\/11\\\/hpecht_2025_randlos_400px.jpg\",\"width\":400,\"height\":159,\"caption\":\"HPetch\"},\"image\":{\"@id\":\"https:\\\/\\\/www.hpetch.se\\\/de\\\/#\\\/schema\\\/logo\\\/image\\\/\"}}]}<\/script>\n<!-- \/ Yoast SEO plugin. -->","yoast_head_json":{"title":"Elektronikkontaktteile - HPetch","robots":{"index":"index","follow":"follow","max-snippet":"max-snippet:-1","max-image-preview":"max-image-preview:large","max-video-preview":"max-video-preview:-1"},"canonical":"https:\/\/www.hpetch.se\/de\/produkte-portfolio\/elektronikkontaktteile\/","og_locale":"de_DE","og_type":"article","og_title":"Elektronikkontaktteile - HPetch","og_description":"Ge\u00e4tzte Elektronikkontaktteile Der \u00c4tzprozess findet h\u00e4ufig Anwendung bei elektronischen und elektrotechnischen Komponenten aus dem Bereich der Automatisierung und Miniaturisierung. Unsere unterschiedlichen \u00c4tzformteile finden typischerweise Anwendung u.a. als Leadframe, L\u00f6tpastenmaske, Halbleiter, K\u00fchlplatten,\u00a0Rakel,\u00a0EMI\/EMC-Abschirmungen, Steckverbinder, Kontakte, Federn, Gelenke, Abstandsscheiben, Gitter, Elektroden etc.","og_url":"https:\/\/www.hpetch.se\/de\/produkte-portfolio\/elektronikkontaktteile\/","og_site_name":"HPetch","article_modified_time":"2024-11-07T13:25:09+00:00","og_image":[{"url":"https:\/\/hpetch.wickeder.de\/wp-content\/uploads\/sites\/6\/2024\/11\/HpEtch_filter.jpg","type":"","width":"","height":""}],"twitter_card":"summary_large_image","schema":{"@context":"https:\/\/schema.org","@graph":[{"@type":"WebPage","@id":"https:\/\/www.hpetch.se\/de\/produkte-portfolio\/elektronikkontaktteile\/","url":"https:\/\/www.hpetch.se\/de\/produkte-portfolio\/elektronikkontaktteile\/","name":"Elektronikkontaktteile - HPetch","isPartOf":{"@id":"https:\/\/www.hpetch.se\/de\/#website"},"primaryImageOfPage":{"@id":"https:\/\/www.hpetch.se\/de\/produkte-portfolio\/elektronikkontaktteile\/#primaryimage"},"image":{"@id":"https:\/\/www.hpetch.se\/de\/produkte-portfolio\/elektronikkontaktteile\/#primaryimage"},"thumbnailUrl":"https:\/\/hpetch.wickeder.de\/wp-content\/uploads\/sites\/6\/2024\/11\/HpEtch_filter.jpg","datePublished":"2024-10-22T09:20:51+00:00","dateModified":"2024-11-07T13:25:09+00:00","breadcrumb":{"@id":"https:\/\/www.hpetch.se\/de\/produkte-portfolio\/elektronikkontaktteile\/#breadcrumb"},"inLanguage":"de","potentialAction":[{"@type":"ReadAction","target":["https:\/\/www.hpetch.se\/de\/produkte-portfolio\/elektronikkontaktteile\/"]}]},{"@type":"ImageObject","inLanguage":"de","@id":"https:\/\/www.hpetch.se\/de\/produkte-portfolio\/elektronikkontaktteile\/#primaryimage","url":"https:\/\/hpetch.wickeder.de\/wp-content\/uploads\/sites\/6\/2024\/11\/HpEtch_filter.jpg","contentUrl":"https:\/\/hpetch.wickeder.de\/wp-content\/uploads\/sites\/6\/2024\/11\/HpEtch_filter.jpg"},{"@type":"BreadcrumbList","@id":"https:\/\/www.hpetch.se\/de\/produkte-portfolio\/elektronikkontaktteile\/#breadcrumb","itemListElement":[{"@type":"ListItem","position":1,"name":"Startseite","item":"https:\/\/www.hpetch.se\/de\/home\/"},{"@type":"ListItem","position":2,"name":"Produkte \/ Portfolio","item":"https:\/\/www.hpetch.se\/de\/produkte-portfolio\/"},{"@type":"ListItem","position":3,"name":"Elektronikkontaktteile"}]},{"@type":"WebSite","@id":"https:\/\/www.hpetch.se\/de\/#website","url":"https:\/\/www.hpetch.se\/de\/","name":"HPetch","description":"Form\u00e4tzteile in Pr\u00e4zision, Polymerbeschichtung","publisher":{"@id":"https:\/\/www.hpetch.se\/de\/#organization"},"potentialAction":[{"@type":"SearchAction","target":{"@type":"EntryPoint","urlTemplate":"https:\/\/www.hpetch.se\/de\/?s={search_term_string}"},"query-input":{"@type":"PropertyValueSpecification","valueRequired":true,"valueName":"search_term_string"}}],"inLanguage":"de"},{"@type":"Organization","@id":"https:\/\/www.hpetch.se\/de\/#organization","name":"HPetch","url":"https:\/\/www.hpetch.se\/de\/","logo":{"@type":"ImageObject","inLanguage":"de","@id":"https:\/\/www.hpetch.se\/de\/#\/schema\/logo\/image\/","url":"https:\/\/www.hpetch.se\/wp-content\/uploads\/sites\/6\/2019\/11\/hpecht_2025_randlos_400px.jpg","contentUrl":"https:\/\/www.hpetch.se\/wp-content\/uploads\/sites\/6\/2019\/11\/hpecht_2025_randlos_400px.jpg","width":400,"height":159,"caption":"HPetch"},"image":{"@id":"https:\/\/www.hpetch.se\/de\/#\/schema\/logo\/image\/"}}]}},"_links":{"self":[{"href":"https:\/\/www.hpetch.se\/de\/wp-json\/wp\/v2\/pages\/2482","targetHints":{"allow":["GET"]}}],"collection":[{"href":"https:\/\/www.hpetch.se\/de\/wp-json\/wp\/v2\/pages"}],"about":[{"href":"https:\/\/www.hpetch.se\/de\/wp-json\/wp\/v2\/types\/page"}],"author":[{"embeddable":true,"href":"https:\/\/www.hpetch.se\/de\/wp-json\/wp\/v2\/users\/1"}],"replies":[{"embeddable":true,"href":"https:\/\/www.hpetch.se\/de\/wp-json\/wp\/v2\/comments?post=2482"}],"version-history":[{"count":4,"href":"https:\/\/www.hpetch.se\/de\/wp-json\/wp\/v2\/pages\/2482\/revisions"}],"predecessor-version":[{"id":3170,"href":"https:\/\/www.hpetch.se\/de\/wp-json\/wp\/v2\/pages\/2482\/revisions\/3170"}],"up":[{"embeddable":true,"href":"https:\/\/www.hpetch.se\/de\/wp-json\/wp\/v2\/pages\/2476"}],"wp:attachment":[{"href":"https:\/\/www.hpetch.se\/de\/wp-json\/wp\/v2\/media?parent=2482"}],"curies":[{"name":"wp","href":"https:\/\/api.w.org\/{rel}","templated":true}]}}