{"id":2486,"date":"2024-10-22T11:21:54","date_gmt":"2024-10-22T09:21:54","guid":{"rendered":"https:\/\/hpetch.wickeder.de\/?page_id=2486"},"modified":"2024-11-08T14:55:11","modified_gmt":"2024-11-08T13:55:11","slug":"rakel","status":"publish","type":"page","link":"https:\/\/www.hpetch.se\/de\/produkte-portfolio\/rakel\/","title":{"rendered":"Rakel"},"content":{"rendered":"\t\t<div data-elementor-type=\"wp-page\" data-elementor-id=\"2486\" class=\"elementor elementor-2486\" data-elementor-post-type=\"page\">\n\t\t\t\t<div class=\"elementor-element elementor-element-47a8588 e-flex e-con-boxed e-con e-parent\" data-id=\"47a8588\" data-element_type=\"container\" data-e-type=\"container\" data-settings=\"{&quot;background_background&quot;:&quot;classic&quot;}\">\n\t\t\t\t\t<div class=\"e-con-inner\">\n\t\t<div class=\"elementor-element elementor-element-d4638f3 e-con-full e-flex e-con e-child\" data-id=\"d4638f3\" data-element_type=\"container\" data-e-type=\"container\">\n\t\t<div class=\"elementor-element elementor-element-39ce309 e-con-full e-flex e-con e-child\" data-id=\"39ce309\" data-element_type=\"container\" data-e-type=\"container\">\n\t\t\t\t<div class=\"elementor-element elementor-element-0687e3d elementor-widget elementor-widget-heading\" data-id=\"0687e3d\" data-element_type=\"widget\" data-e-type=\"widget\" data-widget_type=\"heading.default\">\n\t\t\t\t<div class=\"elementor-widget-container\">\n\t\t\t\t\t<h2 class=\"elementor-heading-title elementor-size-default\">Rakeln \/ Squeeges\n<\/h2>\t\t\t\t<\/div>\n\t\t\t\t<\/div>\n\t\t\t\t<div class=\"elementor-element elementor-element-3a8dc20 elementor-widget elementor-widget-text-editor\" data-id=\"3a8dc20\" data-element_type=\"widget\" data-e-type=\"widget\" data-widget_type=\"text-editor.default\">\n\t\t\t\t<div class=\"elementor-widget-container\">\n\t\t\t\t\t\t\t\t\t<div id=\"c51432\"><div class=\"text\"><p>Mit Rakeln von HP Etch\u00a0erhalten Sie ein ausgezeichnetes\u00a0Druckergebnis.<br \/>HP Etch verwendet einen geh\u00e4rteten Edelstahl, der die richtigen H\u00e4rte- und Biegeeigenschaften f\u00fcr die Herstellung von Rakeln aufweist.<br \/>Es ist wichtig, die Rakeln in regelm\u00e4\u00dfigen Abst\u00e4nden zu wechseln, um eine gute Qualit\u00e4t des Druckprozesses zu gew\u00e4hrleisten.<br \/>Wir produzieren Rakel f\u00fcr die g\u00e4ngigsten Drucker auf dem Markt.<br \/>Ekra, SpeedPrint, ASM (DEK), Fuji, Panasonic und andere.<\/p><p>Verpackungsgr\u00f6\u00dfe 12 &#8211; 36 St\u00fcck je nach Gr\u00f6\u00dfe des Rakels<br \/>Preis pro Paket 2 400 SEK \/ Blatt<br \/>Bis zu 3 verschiedene L\u00e4ngen desselben Modells von Rakel 3 000 SEK \/ Blatt<br \/>Rakelpreis ab 67 SEK \/ St\u00fcck<br \/>Preis Standardabzieher DEK 350 mm 133 SEK \/ St\u00fcck<\/p><\/div><\/div>\t\t\t\t\t\t\t\t<\/div>\n\t\t\t\t<\/div>\n\t\t\t\t<\/div>\n\t\t<div class=\"elementor-element elementor-element-1ec7164 e-con-full e-flex e-con e-child\" data-id=\"1ec7164\" data-element_type=\"container\" data-e-type=\"container\">\n\t\t<div class=\"elementor-element elementor-element-16f41d8 e-con-full e-flex e-con e-child\" data-id=\"16f41d8\" data-element_type=\"container\" data-e-type=\"container\" data-settings=\"{&quot;background_background&quot;:&quot;classic&quot;}\">\n\t\t\t\t<div class=\"elementor-element elementor-element-9b134b5 elementor-widget__width-auto elementor-widget elementor-widget-image\" data-id=\"9b134b5\" data-element_type=\"widget\" data-e-type=\"widget\" data-widget_type=\"image.default\">\n\t\t\t\t<div class=\"elementor-widget-container\">\n\t\t\t\t\t\t\t\t\t\t\t\t\t\t\t<img decoding=\"async\" width=\"139\" height=\"148\" src=\"https:\/\/www.hpetch.se\/wp-content\/uploads\/sites\/6\/2024\/11\/ASM.jpg\" class=\"attachment-full size-full wp-image-3218\" alt=\"\" \/>\t\t\t\t\t\t\t\t\t\t\t\t\t\t\t<\/div>\n\t\t\t\t<\/div>\n\t\t\t\t<div class=\"elementor-element elementor-element-fbcbfc8 elementor-widget__width-auto elementor-widget elementor-widget-image\" data-id=\"fbcbfc8\" data-element_type=\"widget\" data-e-type=\"widget\" data-widget_type=\"image.default\">\n\t\t\t\t<div class=\"elementor-widget-container\">\n\t\t\t\t\t\t\t\t\t\t\t\t\t\t\t<img decoding=\"async\" width=\"115\" height=\"129\" src=\"https:\/\/www.hpetch.se\/wp-content\/uploads\/sites\/6\/2024\/11\/SpeedPrint.jpg\" class=\"attachment-full size-full wp-image-3221\" alt=\"\" \/>\t\t\t\t\t\t\t\t\t\t\t\t\t\t\t<\/div>\n\t\t\t\t<\/div>\n\t\t\t\t<\/div>\n\t\t\t\t<\/div>\n\t\t\t\t<\/div>\n\t\t<div class=\"elementor-element elementor-element-ded7ed2 e-con-full e-flex e-con e-child\" data-id=\"ded7ed2\" data-element_type=\"container\" data-e-type=\"container\">\n\t\t<div class=\"elementor-element elementor-element-9ed92e2 e-con-full e-flex e-con e-child\" data-id=\"9ed92e2\" data-element_type=\"container\" data-e-type=\"container\">\n\t\t\t\t<div class=\"elementor-element elementor-element-0ad2969 elementor-widget elementor-widget-heading\" data-id=\"0ad2969\" data-element_type=\"widget\" data-e-type=\"widget\" data-widget_type=\"heading.default\">\n\t\t\t\t<div class=\"elementor-widget-container\">\n\t\t\t\t\t<h2 class=\"elementor-heading-title elementor-size-default\">Bestellform Rakeln\n<\/h2>\t\t\t\t<\/div>\n\t\t\t\t<\/div>\n\t\t\t\t<div class=\"elementor-element elementor-element-79e2a5d elementor-button-info elementor-widget elementor-widget-button\" data-id=\"79e2a5d\" data-element_type=\"widget\" data-e-type=\"widget\" data-widget_type=\"button.default\">\n\t\t\t\t<div class=\"elementor-widget-container\">\n\t\t\t\t\t\t\t\t\t<div class=\"elementor-button-wrapper\">\n\t\t\t\t\t<a class=\"elementor-button elementor-button-link elementor-size-sm\" href=\"https:\/\/www.hpetch.se\/wp-content\/uploads\/sites\/6\/2024\/11\/Order_form_Squeegee_and_Blades_HP_Etch_EN.xlsx\" target=\"_blank\">\n\t\t\t\t\t\t<span class=\"elementor-button-content-wrapper\">\n\t\t\t\t\t\t<span class=\"elementor-button-icon\">\n\t\t\t\t<i aria-hidden=\"true\" class=\"fas fa-file-excel\"><\/i>\t\t\t<\/span>\n\t\t\t\t\t\t\t\t\t<span class=\"elementor-button-text\">Rakeln bestellen<\/span>\n\t\t\t\t\t<\/span>\n\t\t\t\t\t<\/a>\n\t\t\t\t<\/div>\n\t\t\t\t\t\t\t\t<\/div>\n\t\t\t\t<\/div>\n\t\t\t\t<\/div>\n\t\t\t\t<\/div>\n\t\t\t\t\t<\/div>\n\t\t\t\t<\/div>\n\t\t\t\t<\/div>\n\t\t","protected":false},"excerpt":{"rendered":"<p>Rakeln \/ Squeeges Mit Rakeln von HP Etch\u00a0erhalten Sie ein ausgezeichnetes\u00a0Druckergebnis.HP Etch verwendet einen geh\u00e4rteten Edelstahl, der die richtigen H\u00e4rte- und Biegeeigenschaften f\u00fcr die Herstellung von Rakeln aufweist.Es ist wichtig, die Rakeln in regelm\u00e4\u00dfigen Abst\u00e4nden zu wechseln, um eine gute Qualit\u00e4t des Druckprozesses zu gew\u00e4hrleisten.Wir produzieren Rakel f\u00fcr die g\u00e4ngigsten Drucker auf dem Markt.Ekra, SpeedPrint, [&hellip;]<\/p>\n","protected":false},"author":1,"featured_media":0,"parent":2476,"menu_order":4,"comment_status":"closed","ping_status":"closed","template":"","meta":{"footnotes":""},"class_list":["post-2486","page","type-page","status-publish","hentry"],"yoast_head":"<!-- This site is optimized with the Yoast SEO plugin v27.3 - https:\/\/yoast.com\/product\/yoast-seo-wordpress\/ -->\n<title>Rakel - HPetch<\/title>\n<meta name=\"robots\" content=\"index, follow, max-snippet:-1, max-image-preview:large, max-video-preview:-1\" \/>\n<link rel=\"canonical\" href=\"https:\/\/www.hpetch.se\/de\/produkte-portfolio\/rakel\/\" \/>\n<meta property=\"og:locale\" content=\"de_DE\" \/>\n<meta property=\"og:type\" content=\"article\" \/>\n<meta property=\"og:title\" content=\"Rakel - HPetch\" \/>\n<meta property=\"og:description\" content=\"Rakeln \/ Squeeges Mit Rakeln von HP Etch\u00a0erhalten Sie ein ausgezeichnetes\u00a0Druckergebnis.HP Etch verwendet einen geh\u00e4rteten Edelstahl, der die richtigen H\u00e4rte- und Biegeeigenschaften f\u00fcr die Herstellung von Rakeln aufweist.Es ist wichtig, die Rakeln in regelm\u00e4\u00dfigen Abst\u00e4nden zu wechseln, um eine gute Qualit\u00e4t des Druckprozesses zu gew\u00e4hrleisten.Wir produzieren Rakel f\u00fcr die g\u00e4ngigsten Drucker auf dem Markt.Ekra, SpeedPrint, [&hellip;]\" \/>\n<meta property=\"og:url\" content=\"https:\/\/www.hpetch.se\/de\/produkte-portfolio\/rakel\/\" \/>\n<meta property=\"og:site_name\" content=\"HPetch\" \/>\n<meta property=\"article:modified_time\" content=\"2024-11-08T13:55:11+00:00\" \/>\n<meta property=\"og:image\" content=\"https:\/\/hpetch.wickeder.de\/wp-content\/uploads\/sites\/6\/2024\/11\/ASM.jpg\" \/>\n<meta name=\"twitter:card\" content=\"summary_large_image\" \/>\n<meta name=\"twitter:label1\" content=\"Gesch\u00e4tzte Lesezeit\" \/>\n\t<meta name=\"twitter:data1\" content=\"1\u00a0Minute\" \/>\n<script type=\"application\/ld+json\" class=\"yoast-schema-graph\">{\"@context\":\"https:\\\/\\\/schema.org\",\"@graph\":[{\"@type\":\"WebPage\",\"@id\":\"https:\\\/\\\/www.hpetch.se\\\/de\\\/produkte-portfolio\\\/rakel\\\/\",\"url\":\"https:\\\/\\\/www.hpetch.se\\\/de\\\/produkte-portfolio\\\/rakel\\\/\",\"name\":\"Rakel - HPetch\",\"isPartOf\":{\"@id\":\"https:\\\/\\\/www.hpetch.se\\\/de\\\/#website\"},\"primaryImageOfPage\":{\"@id\":\"https:\\\/\\\/www.hpetch.se\\\/de\\\/produkte-portfolio\\\/rakel\\\/#primaryimage\"},\"image\":{\"@id\":\"https:\\\/\\\/www.hpetch.se\\\/de\\\/produkte-portfolio\\\/rakel\\\/#primaryimage\"},\"thumbnailUrl\":\"https:\\\/\\\/hpetch.wickeder.de\\\/wp-content\\\/uploads\\\/sites\\\/6\\\/2024\\\/11\\\/ASM.jpg\",\"datePublished\":\"2024-10-22T09:21:54+00:00\",\"dateModified\":\"2024-11-08T13:55:11+00:00\",\"breadcrumb\":{\"@id\":\"https:\\\/\\\/www.hpetch.se\\\/de\\\/produkte-portfolio\\\/rakel\\\/#breadcrumb\"},\"inLanguage\":\"de\",\"potentialAction\":[{\"@type\":\"ReadAction\",\"target\":[\"https:\\\/\\\/www.hpetch.se\\\/de\\\/produkte-portfolio\\\/rakel\\\/\"]}]},{\"@type\":\"ImageObject\",\"inLanguage\":\"de\",\"@id\":\"https:\\\/\\\/www.hpetch.se\\\/de\\\/produkte-portfolio\\\/rakel\\\/#primaryimage\",\"url\":\"https:\\\/\\\/hpetch.wickeder.de\\\/wp-content\\\/uploads\\\/sites\\\/6\\\/2024\\\/11\\\/ASM.jpg\",\"contentUrl\":\"https:\\\/\\\/hpetch.wickeder.de\\\/wp-content\\\/uploads\\\/sites\\\/6\\\/2024\\\/11\\\/ASM.jpg\"},{\"@type\":\"BreadcrumbList\",\"@id\":\"https:\\\/\\\/www.hpetch.se\\\/de\\\/produkte-portfolio\\\/rakel\\\/#breadcrumb\",\"itemListElement\":[{\"@type\":\"ListItem\",\"position\":1,\"name\":\"Startseite\",\"item\":\"https:\\\/\\\/www.hpetch.se\\\/de\\\/home\\\/\"},{\"@type\":\"ListItem\",\"position\":2,\"name\":\"Produkte \\\/ Portfolio\",\"item\":\"https:\\\/\\\/www.hpetch.se\\\/de\\\/produkte-portfolio\\\/\"},{\"@type\":\"ListItem\",\"position\":3,\"name\":\"Rakel\"}]},{\"@type\":\"WebSite\",\"@id\":\"https:\\\/\\\/www.hpetch.se\\\/de\\\/#website\",\"url\":\"https:\\\/\\\/www.hpetch.se\\\/de\\\/\",\"name\":\"HPetch\",\"description\":\"Form\u00e4tzteile in Pr\u00e4zision, Polymerbeschichtung\",\"publisher\":{\"@id\":\"https:\\\/\\\/www.hpetch.se\\\/de\\\/#organization\"},\"potentialAction\":[{\"@type\":\"SearchAction\",\"target\":{\"@type\":\"EntryPoint\",\"urlTemplate\":\"https:\\\/\\\/www.hpetch.se\\\/de\\\/?s={search_term_string}\"},\"query-input\":{\"@type\":\"PropertyValueSpecification\",\"valueRequired\":true,\"valueName\":\"search_term_string\"}}],\"inLanguage\":\"de\"},{\"@type\":\"Organization\",\"@id\":\"https:\\\/\\\/www.hpetch.se\\\/de\\\/#organization\",\"name\":\"HPetch\",\"url\":\"https:\\\/\\\/www.hpetch.se\\\/de\\\/\",\"logo\":{\"@type\":\"ImageObject\",\"inLanguage\":\"de\",\"@id\":\"https:\\\/\\\/www.hpetch.se\\\/de\\\/#\\\/schema\\\/logo\\\/image\\\/\",\"url\":\"https:\\\/\\\/www.hpetch.se\\\/wp-content\\\/uploads\\\/sites\\\/6\\\/2019\\\/11\\\/hpecht_2025_randlos_400px.jpg\",\"contentUrl\":\"https:\\\/\\\/www.hpetch.se\\\/wp-content\\\/uploads\\\/sites\\\/6\\\/2019\\\/11\\\/hpecht_2025_randlos_400px.jpg\",\"width\":400,\"height\":159,\"caption\":\"HPetch\"},\"image\":{\"@id\":\"https:\\\/\\\/www.hpetch.se\\\/de\\\/#\\\/schema\\\/logo\\\/image\\\/\"}}]}<\/script>\n<!-- \/ Yoast SEO plugin. -->","yoast_head_json":{"title":"Rakel - HPetch","robots":{"index":"index","follow":"follow","max-snippet":"max-snippet:-1","max-image-preview":"max-image-preview:large","max-video-preview":"max-video-preview:-1"},"canonical":"https:\/\/www.hpetch.se\/de\/produkte-portfolio\/rakel\/","og_locale":"de_DE","og_type":"article","og_title":"Rakel - HPetch","og_description":"Rakeln \/ Squeeges Mit Rakeln von HP Etch\u00a0erhalten Sie ein ausgezeichnetes\u00a0Druckergebnis.HP Etch verwendet einen geh\u00e4rteten Edelstahl, der die richtigen H\u00e4rte- und Biegeeigenschaften f\u00fcr die Herstellung von Rakeln aufweist.Es ist wichtig, die Rakeln in regelm\u00e4\u00dfigen Abst\u00e4nden zu wechseln, um eine gute Qualit\u00e4t des Druckprozesses zu gew\u00e4hrleisten.Wir produzieren Rakel f\u00fcr die g\u00e4ngigsten Drucker auf dem Markt.Ekra, SpeedPrint, [&hellip;]","og_url":"https:\/\/www.hpetch.se\/de\/produkte-portfolio\/rakel\/","og_site_name":"HPetch","article_modified_time":"2024-11-08T13:55:11+00:00","og_image":[{"url":"https:\/\/hpetch.wickeder.de\/wp-content\/uploads\/sites\/6\/2024\/11\/ASM.jpg","type":"","width":"","height":""}],"twitter_card":"summary_large_image","twitter_misc":{"Gesch\u00e4tzte Lesezeit":"1\u00a0Minute"},"schema":{"@context":"https:\/\/schema.org","@graph":[{"@type":"WebPage","@id":"https:\/\/www.hpetch.se\/de\/produkte-portfolio\/rakel\/","url":"https:\/\/www.hpetch.se\/de\/produkte-portfolio\/rakel\/","name":"Rakel - HPetch","isPartOf":{"@id":"https:\/\/www.hpetch.se\/de\/#website"},"primaryImageOfPage":{"@id":"https:\/\/www.hpetch.se\/de\/produkte-portfolio\/rakel\/#primaryimage"},"image":{"@id":"https:\/\/www.hpetch.se\/de\/produkte-portfolio\/rakel\/#primaryimage"},"thumbnailUrl":"https:\/\/hpetch.wickeder.de\/wp-content\/uploads\/sites\/6\/2024\/11\/ASM.jpg","datePublished":"2024-10-22T09:21:54+00:00","dateModified":"2024-11-08T13:55:11+00:00","breadcrumb":{"@id":"https:\/\/www.hpetch.se\/de\/produkte-portfolio\/rakel\/#breadcrumb"},"inLanguage":"de","potentialAction":[{"@type":"ReadAction","target":["https:\/\/www.hpetch.se\/de\/produkte-portfolio\/rakel\/"]}]},{"@type":"ImageObject","inLanguage":"de","@id":"https:\/\/www.hpetch.se\/de\/produkte-portfolio\/rakel\/#primaryimage","url":"https:\/\/hpetch.wickeder.de\/wp-content\/uploads\/sites\/6\/2024\/11\/ASM.jpg","contentUrl":"https:\/\/hpetch.wickeder.de\/wp-content\/uploads\/sites\/6\/2024\/11\/ASM.jpg"},{"@type":"BreadcrumbList","@id":"https:\/\/www.hpetch.se\/de\/produkte-portfolio\/rakel\/#breadcrumb","itemListElement":[{"@type":"ListItem","position":1,"name":"Startseite","item":"https:\/\/www.hpetch.se\/de\/home\/"},{"@type":"ListItem","position":2,"name":"Produkte \/ Portfolio","item":"https:\/\/www.hpetch.se\/de\/produkte-portfolio\/"},{"@type":"ListItem","position":3,"name":"Rakel"}]},{"@type":"WebSite","@id":"https:\/\/www.hpetch.se\/de\/#website","url":"https:\/\/www.hpetch.se\/de\/","name":"HPetch","description":"Form\u00e4tzteile in Pr\u00e4zision, Polymerbeschichtung","publisher":{"@id":"https:\/\/www.hpetch.se\/de\/#organization"},"potentialAction":[{"@type":"SearchAction","target":{"@type":"EntryPoint","urlTemplate":"https:\/\/www.hpetch.se\/de\/?s={search_term_string}"},"query-input":{"@type":"PropertyValueSpecification","valueRequired":true,"valueName":"search_term_string"}}],"inLanguage":"de"},{"@type":"Organization","@id":"https:\/\/www.hpetch.se\/de\/#organization","name":"HPetch","url":"https:\/\/www.hpetch.se\/de\/","logo":{"@type":"ImageObject","inLanguage":"de","@id":"https:\/\/www.hpetch.se\/de\/#\/schema\/logo\/image\/","url":"https:\/\/www.hpetch.se\/wp-content\/uploads\/sites\/6\/2019\/11\/hpecht_2025_randlos_400px.jpg","contentUrl":"https:\/\/www.hpetch.se\/wp-content\/uploads\/sites\/6\/2019\/11\/hpecht_2025_randlos_400px.jpg","width":400,"height":159,"caption":"HPetch"},"image":{"@id":"https:\/\/www.hpetch.se\/de\/#\/schema\/logo\/image\/"}}]}},"_links":{"self":[{"href":"https:\/\/www.hpetch.se\/de\/wp-json\/wp\/v2\/pages\/2486","targetHints":{"allow":["GET"]}}],"collection":[{"href":"https:\/\/www.hpetch.se\/de\/wp-json\/wp\/v2\/pages"}],"about":[{"href":"https:\/\/www.hpetch.se\/de\/wp-json\/wp\/v2\/types\/page"}],"author":[{"embeddable":true,"href":"https:\/\/www.hpetch.se\/de\/wp-json\/wp\/v2\/users\/1"}],"replies":[{"embeddable":true,"href":"https:\/\/www.hpetch.se\/de\/wp-json\/wp\/v2\/comments?post=2486"}],"version-history":[{"count":7,"href":"https:\/\/www.hpetch.se\/de\/wp-json\/wp\/v2\/pages\/2486\/revisions"}],"predecessor-version":[{"id":3368,"href":"https:\/\/www.hpetch.se\/de\/wp-json\/wp\/v2\/pages\/2486\/revisions\/3368"}],"up":[{"embeddable":true,"href":"https:\/\/www.hpetch.se\/de\/wp-json\/wp\/v2\/pages\/2476"}],"wp:attachment":[{"href":"https:\/\/www.hpetch.se\/de\/wp-json\/wp\/v2\/media?parent=2486"}],"curies":[{"name":"wp","href":"https:\/\/api.w.org\/{rel}","templated":true}]}}