{"id":2488,"date":"2024-10-22T11:22:17","date_gmt":"2024-10-22T09:22:17","guid":{"rendered":"https:\/\/hpetch.wickeder.de\/?page_id=2488"},"modified":"2024-11-08T10:05:01","modified_gmt":"2024-11-08T09:05:01","slug":"dekorative-aetzteile","status":"publish","type":"page","link":"https:\/\/www.hpetch.se\/de\/produkte-portfolio\/dekorative-aetzteile\/","title":{"rendered":"Dekorative \u00c4tzteile"},"content":{"rendered":"\t\t<div data-elementor-type=\"wp-page\" data-elementor-id=\"2488\" class=\"elementor elementor-2488\" data-elementor-post-type=\"page\">\n\t\t\t\t<div class=\"elementor-element elementor-element-2aa97d5 e-flex e-con-boxed e-con e-parent\" data-id=\"2aa97d5\" data-element_type=\"container\" data-e-type=\"container\" data-settings=\"{&quot;background_background&quot;:&quot;classic&quot;}\">\n\t\t\t\t\t<div class=\"e-con-inner\">\n\t\t<div class=\"elementor-element elementor-element-05aca54 e-con-full e-flex e-con e-child\" data-id=\"05aca54\" data-element_type=\"container\" data-e-type=\"container\">\n\t\t\t\t<div class=\"elementor-element elementor-element-b908ff2 elementor-widget elementor-widget-heading\" data-id=\"b908ff2\" data-element_type=\"widget\" data-e-type=\"widget\" data-widget_type=\"heading.default\">\n\t\t\t\t<div class=\"elementor-widget-container\">\n\t\t\t\t\t<h2 class=\"elementor-heading-title elementor-size-default\">Dekorative \u00c4tzteile<\/h2>\t\t\t\t<\/div>\n\t\t\t\t<\/div>\n\t\t\t\t<div class=\"elementor-element elementor-element-9e68604 elementor-widget elementor-widget-text-editor\" data-id=\"9e68604\" data-element_type=\"widget\" data-e-type=\"widget\" data-widget_type=\"text-editor.default\">\n\t\t\t\t<div class=\"elementor-widget-container\">\n\t\t\t\t\t\t\t\t\t<p>Vor allem in der Automobilindustrie kommt das Fertigungsverfahren der \u00c4tztechnologie besonders h\u00e4ufig zum Einsatz, denn es bietet hohe St\u00fcckzahlen bei stetiger Lieferbereitschaft. Filigrane Muster auf Lautsprecher- oder L\u00fcftungsabdeckungen sowie Einstiegsleisten sind mit h\u00f6chster Qualit\u00e4t und Sauberkeit, frei von Kratzern und Graten\u00a0bis in den\u00a0\u00b5-Bereich m\u00f6glich. Zudem kann kundenindividuell eine spezielle Geometrie gew\u00e4hrleistet werden.<\/p><p>\u00a0Auch in den Bereichen\u00a0Architektur und\u00a0Design greifen Designer und das Produkt-Management gerne auf die \u00c4tztechnik zur\u00fcck, da sie individuelle, feinste Linien und Strukturen erm\u00f6glicht.<\/p>\t\t\t\t\t\t\t\t<\/div>\n\t\t\t\t<\/div>\n\t\t\t\t<\/div>\n\t\t<div class=\"elementor-element elementor-element-e6d3eb8 e-con-full e-flex e-con e-child\" data-id=\"e6d3eb8\" data-element_type=\"container\" data-e-type=\"container\">\n\t\t<div class=\"elementor-element elementor-element-d6a9e15 e-con-full e-flex e-con e-child\" data-id=\"d6a9e15\" data-element_type=\"container\" data-e-type=\"container\">\n\t\t<div class=\"elementor-element elementor-element-73a02a8 e-con-full e-flex e-con e-child\" data-id=\"73a02a8\" data-element_type=\"container\" data-e-type=\"container\">\n\t\t\t\t<div class=\"elementor-element elementor-element-8d56625 elementor-widget elementor-widget-image\" data-id=\"8d56625\" data-element_type=\"widget\" data-e-type=\"widget\" data-widget_type=\"image.default\">\n\t\t\t\t<div class=\"elementor-widget-container\">\n\t\t\t\t\t\t\t\t\t\t\t\t\t\t\t<img fetchpriority=\"high\" decoding=\"async\" width=\"767\" height=\"379\" src=\"https:\/\/www.hpetch.se\/wp-content\/uploads\/sites\/6\/2024\/11\/Dekorative_Leuchte.jpg\" class=\"attachment-large size-large wp-image-3228\" alt=\"\" \/>\t\t\t\t\t\t\t\t\t\t\t\t\t\t\t<\/div>\n\t\t\t\t<\/div>\n\t\t\t\t<\/div>\n\t\t<div class=\"elementor-element elementor-element-554b5b5 e-con-full e-flex e-con e-child\" data-id=\"554b5b5\" data-element_type=\"container\" data-e-type=\"container\">\n\t\t\t\t<div class=\"elementor-element elementor-element-8140eeb elementor-widget elementor-widget-image\" data-id=\"8140eeb\" data-element_type=\"widget\" data-e-type=\"widget\" data-widget_type=\"image.default\">\n\t\t\t\t<div class=\"elementor-widget-container\">\n\t\t\t\t\t\t\t\t\t\t\t\t\t\t\t<img decoding=\"async\" width=\"767\" height=\"379\" src=\"https:\/\/www.hpetch.se\/wp-content\/uploads\/sites\/6\/2024\/11\/dekoratives_aetzen.jpg\" class=\"attachment-large size-large wp-image-3231\" alt=\"\" \/>\t\t\t\t\t\t\t\t\t\t\t\t\t\t\t<\/div>\n\t\t\t\t<\/div>\n\t\t\t\t<\/div>\n\t\t\t\t<\/div>\n\t\t<div class=\"elementor-element elementor-element-6b8d657 e-con-full e-flex e-con e-child\" data-id=\"6b8d657\" data-element_type=\"container\" data-e-type=\"container\">\n\t\t<div class=\"elementor-element elementor-element-5852ff6 e-con-full e-flex e-con e-child\" data-id=\"5852ff6\" data-element_type=\"container\" data-e-type=\"container\">\n\t\t\t\t<div class=\"elementor-element elementor-element-fd4bdf9 elementor-widget elementor-widget-image\" data-id=\"fd4bdf9\" data-element_type=\"widget\" data-e-type=\"widget\" data-widget_type=\"image.default\">\n\t\t\t\t<div class=\"elementor-widget-container\">\n\t\t\t\t\t\t\t\t\t\t\t\t\t\t\t<img decoding=\"async\" width=\"767\" height=\"379\" src=\"https:\/\/www.hpetch.se\/wp-content\/uploads\/sites\/6\/2024\/11\/dekorativ.jpg\" class=\"attachment-large size-large wp-image-3234\" alt=\"\" \/>\t\t\t\t\t\t\t\t\t\t\t\t\t\t\t<\/div>\n\t\t\t\t<\/div>\n\t\t\t\t<\/div>\n\t\t<div class=\"elementor-element elementor-element-d3b506e e-con-full e-flex e-con e-child\" data-id=\"d3b506e\" data-element_type=\"container\" data-e-type=\"container\">\n\t\t\t\t<div class=\"elementor-element elementor-element-4ea248c elementor-widget elementor-widget-image\" data-id=\"4ea248c\" data-element_type=\"widget\" data-e-type=\"widget\" data-widget_type=\"image.default\">\n\t\t\t\t<div class=\"elementor-widget-container\">\n\t\t\t\t\t\t\t\t\t\t\t\t\t\t\t<img loading=\"lazy\" decoding=\"async\" width=\"768\" height=\"380\" src=\"https:\/\/www.hpetch.se\/wp-content\/uploads\/sites\/6\/2024\/10\/Interior-1.jpg\" class=\"attachment-large size-large wp-image-2958\" alt=\"\" \/>\t\t\t\t\t\t\t\t\t\t\t\t\t\t\t<\/div>\n\t\t\t\t<\/div>\n\t\t\t\t<\/div>\n\t\t\t\t<\/div>\n\t\t\t\t<\/div>\n\t\t\t\t\t<\/div>\n\t\t\t\t<\/div>\n\t\t\t\t<\/div>\n\t\t","protected":false},"excerpt":{"rendered":"<p>Dekorative \u00c4tzteile Vor allem in der Automobilindustrie kommt das Fertigungsverfahren der \u00c4tztechnologie besonders h\u00e4ufig zum Einsatz, denn es bietet hohe St\u00fcckzahlen bei stetiger Lieferbereitschaft. Filigrane Muster auf Lautsprecher- oder L\u00fcftungsabdeckungen sowie Einstiegsleisten sind mit h\u00f6chster Qualit\u00e4t und Sauberkeit, frei von Kratzern und Graten\u00a0bis in den\u00a0\u00b5-Bereich m\u00f6glich. Zudem kann kundenindividuell eine spezielle Geometrie gew\u00e4hrleistet werden. \u00a0Auch [&hellip;]<\/p>\n","protected":false},"author":1,"featured_media":0,"parent":2476,"menu_order":5,"comment_status":"closed","ping_status":"closed","template":"","meta":{"footnotes":""},"class_list":["post-2488","page","type-page","status-publish","hentry"],"yoast_head":"<!-- This site is optimized with the Yoast SEO plugin v27.3 - https:\/\/yoast.com\/product\/yoast-seo-wordpress\/ -->\n<title>Dekorative \u00c4tzteile - HPetch<\/title>\n<meta name=\"robots\" content=\"index, follow, max-snippet:-1, max-image-preview:large, max-video-preview:-1\" \/>\n<link rel=\"canonical\" href=\"https:\/\/www.hpetch.se\/de\/produkte-portfolio\/dekorative-aetzteile\/\" \/>\n<meta property=\"og:locale\" content=\"de_DE\" \/>\n<meta property=\"og:type\" content=\"article\" \/>\n<meta property=\"og:title\" content=\"Dekorative \u00c4tzteile - HPetch\" \/>\n<meta property=\"og:description\" content=\"Dekorative \u00c4tzteile Vor allem in der Automobilindustrie kommt das Fertigungsverfahren der \u00c4tztechnologie besonders h\u00e4ufig zum Einsatz, denn es bietet hohe St\u00fcckzahlen bei stetiger Lieferbereitschaft. Filigrane Muster auf Lautsprecher- oder L\u00fcftungsabdeckungen sowie Einstiegsleisten sind mit h\u00f6chster Qualit\u00e4t und Sauberkeit, frei von Kratzern und Graten\u00a0bis in den\u00a0\u00b5-Bereich m\u00f6glich. Zudem kann kundenindividuell eine spezielle Geometrie gew\u00e4hrleistet werden. \u00a0Auch [&hellip;]\" \/>\n<meta property=\"og:url\" content=\"https:\/\/www.hpetch.se\/de\/produkte-portfolio\/dekorative-aetzteile\/\" \/>\n<meta property=\"og:site_name\" content=\"HPetch\" \/>\n<meta property=\"article:modified_time\" content=\"2024-11-08T09:05:01+00:00\" \/>\n<meta property=\"og:image\" content=\"https:\/\/hpetch.wickeder.de\/wp-content\/uploads\/sites\/6\/2024\/11\/Dekorative_Leuchte.jpg\" \/>\n<meta name=\"twitter:card\" content=\"summary_large_image\" \/>\n<script type=\"application\/ld+json\" class=\"yoast-schema-graph\">{\"@context\":\"https:\\\/\\\/schema.org\",\"@graph\":[{\"@type\":\"WebPage\",\"@id\":\"https:\\\/\\\/www.hpetch.se\\\/de\\\/produkte-portfolio\\\/dekorative-aetzteile\\\/\",\"url\":\"https:\\\/\\\/www.hpetch.se\\\/de\\\/produkte-portfolio\\\/dekorative-aetzteile\\\/\",\"name\":\"Dekorative \u00c4tzteile - HPetch\",\"isPartOf\":{\"@id\":\"https:\\\/\\\/www.hpetch.se\\\/de\\\/#website\"},\"primaryImageOfPage\":{\"@id\":\"https:\\\/\\\/www.hpetch.se\\\/de\\\/produkte-portfolio\\\/dekorative-aetzteile\\\/#primaryimage\"},\"image\":{\"@id\":\"https:\\\/\\\/www.hpetch.se\\\/de\\\/produkte-portfolio\\\/dekorative-aetzteile\\\/#primaryimage\"},\"thumbnailUrl\":\"https:\\\/\\\/hpetch.wickeder.de\\\/wp-content\\\/uploads\\\/sites\\\/6\\\/2024\\\/11\\\/Dekorative_Leuchte.jpg\",\"datePublished\":\"2024-10-22T09:22:17+00:00\",\"dateModified\":\"2024-11-08T09:05:01+00:00\",\"breadcrumb\":{\"@id\":\"https:\\\/\\\/www.hpetch.se\\\/de\\\/produkte-portfolio\\\/dekorative-aetzteile\\\/#breadcrumb\"},\"inLanguage\":\"de\",\"potentialAction\":[{\"@type\":\"ReadAction\",\"target\":[\"https:\\\/\\\/www.hpetch.se\\\/de\\\/produkte-portfolio\\\/dekorative-aetzteile\\\/\"]}]},{\"@type\":\"ImageObject\",\"inLanguage\":\"de\",\"@id\":\"https:\\\/\\\/www.hpetch.se\\\/de\\\/produkte-portfolio\\\/dekorative-aetzteile\\\/#primaryimage\",\"url\":\"https:\\\/\\\/hpetch.wickeder.de\\\/wp-content\\\/uploads\\\/sites\\\/6\\\/2024\\\/11\\\/Dekorative_Leuchte.jpg\",\"contentUrl\":\"https:\\\/\\\/hpetch.wickeder.de\\\/wp-content\\\/uploads\\\/sites\\\/6\\\/2024\\\/11\\\/Dekorative_Leuchte.jpg\"},{\"@type\":\"BreadcrumbList\",\"@id\":\"https:\\\/\\\/www.hpetch.se\\\/de\\\/produkte-portfolio\\\/dekorative-aetzteile\\\/#breadcrumb\",\"itemListElement\":[{\"@type\":\"ListItem\",\"position\":1,\"name\":\"Startseite\",\"item\":\"https:\\\/\\\/www.hpetch.se\\\/de\\\/home\\\/\"},{\"@type\":\"ListItem\",\"position\":2,\"name\":\"Produkte \\\/ Portfolio\",\"item\":\"https:\\\/\\\/www.hpetch.se\\\/de\\\/produkte-portfolio\\\/\"},{\"@type\":\"ListItem\",\"position\":3,\"name\":\"Dekorative \u00c4tzteile\"}]},{\"@type\":\"WebSite\",\"@id\":\"https:\\\/\\\/www.hpetch.se\\\/de\\\/#website\",\"url\":\"https:\\\/\\\/www.hpetch.se\\\/de\\\/\",\"name\":\"HPetch\",\"description\":\"Form\u00e4tzteile in Pr\u00e4zision, Polymerbeschichtung\",\"publisher\":{\"@id\":\"https:\\\/\\\/www.hpetch.se\\\/de\\\/#organization\"},\"potentialAction\":[{\"@type\":\"SearchAction\",\"target\":{\"@type\":\"EntryPoint\",\"urlTemplate\":\"https:\\\/\\\/www.hpetch.se\\\/de\\\/?s={search_term_string}\"},\"query-input\":{\"@type\":\"PropertyValueSpecification\",\"valueRequired\":true,\"valueName\":\"search_term_string\"}}],\"inLanguage\":\"de\"},{\"@type\":\"Organization\",\"@id\":\"https:\\\/\\\/www.hpetch.se\\\/de\\\/#organization\",\"name\":\"HPetch\",\"url\":\"https:\\\/\\\/www.hpetch.se\\\/de\\\/\",\"logo\":{\"@type\":\"ImageObject\",\"inLanguage\":\"de\",\"@id\":\"https:\\\/\\\/www.hpetch.se\\\/de\\\/#\\\/schema\\\/logo\\\/image\\\/\",\"url\":\"https:\\\/\\\/www.hpetch.se\\\/wp-content\\\/uploads\\\/sites\\\/6\\\/2019\\\/11\\\/hpecht_2025_randlos_400px.jpg\",\"contentUrl\":\"https:\\\/\\\/www.hpetch.se\\\/wp-content\\\/uploads\\\/sites\\\/6\\\/2019\\\/11\\\/hpecht_2025_randlos_400px.jpg\",\"width\":400,\"height\":159,\"caption\":\"HPetch\"},\"image\":{\"@id\":\"https:\\\/\\\/www.hpetch.se\\\/de\\\/#\\\/schema\\\/logo\\\/image\\\/\"}}]}<\/script>\n<!-- \/ Yoast SEO plugin. -->","yoast_head_json":{"title":"Dekorative \u00c4tzteile - HPetch","robots":{"index":"index","follow":"follow","max-snippet":"max-snippet:-1","max-image-preview":"max-image-preview:large","max-video-preview":"max-video-preview:-1"},"canonical":"https:\/\/www.hpetch.se\/de\/produkte-portfolio\/dekorative-aetzteile\/","og_locale":"de_DE","og_type":"article","og_title":"Dekorative \u00c4tzteile - HPetch","og_description":"Dekorative \u00c4tzteile Vor allem in der Automobilindustrie kommt das Fertigungsverfahren der \u00c4tztechnologie besonders h\u00e4ufig zum Einsatz, denn es bietet hohe St\u00fcckzahlen bei stetiger Lieferbereitschaft. Filigrane Muster auf Lautsprecher- oder L\u00fcftungsabdeckungen sowie Einstiegsleisten sind mit h\u00f6chster Qualit\u00e4t und Sauberkeit, frei von Kratzern und Graten\u00a0bis in den\u00a0\u00b5-Bereich m\u00f6glich. Zudem kann kundenindividuell eine spezielle Geometrie gew\u00e4hrleistet werden. \u00a0Auch [&hellip;]","og_url":"https:\/\/www.hpetch.se\/de\/produkte-portfolio\/dekorative-aetzteile\/","og_site_name":"HPetch","article_modified_time":"2024-11-08T09:05:01+00:00","og_image":[{"url":"https:\/\/hpetch.wickeder.de\/wp-content\/uploads\/sites\/6\/2024\/11\/Dekorative_Leuchte.jpg","type":"","width":"","height":""}],"twitter_card":"summary_large_image","schema":{"@context":"https:\/\/schema.org","@graph":[{"@type":"WebPage","@id":"https:\/\/www.hpetch.se\/de\/produkte-portfolio\/dekorative-aetzteile\/","url":"https:\/\/www.hpetch.se\/de\/produkte-portfolio\/dekorative-aetzteile\/","name":"Dekorative \u00c4tzteile - HPetch","isPartOf":{"@id":"https:\/\/www.hpetch.se\/de\/#website"},"primaryImageOfPage":{"@id":"https:\/\/www.hpetch.se\/de\/produkte-portfolio\/dekorative-aetzteile\/#primaryimage"},"image":{"@id":"https:\/\/www.hpetch.se\/de\/produkte-portfolio\/dekorative-aetzteile\/#primaryimage"},"thumbnailUrl":"https:\/\/hpetch.wickeder.de\/wp-content\/uploads\/sites\/6\/2024\/11\/Dekorative_Leuchte.jpg","datePublished":"2024-10-22T09:22:17+00:00","dateModified":"2024-11-08T09:05:01+00:00","breadcrumb":{"@id":"https:\/\/www.hpetch.se\/de\/produkte-portfolio\/dekorative-aetzteile\/#breadcrumb"},"inLanguage":"de","potentialAction":[{"@type":"ReadAction","target":["https:\/\/www.hpetch.se\/de\/produkte-portfolio\/dekorative-aetzteile\/"]}]},{"@type":"ImageObject","inLanguage":"de","@id":"https:\/\/www.hpetch.se\/de\/produkte-portfolio\/dekorative-aetzteile\/#primaryimage","url":"https:\/\/hpetch.wickeder.de\/wp-content\/uploads\/sites\/6\/2024\/11\/Dekorative_Leuchte.jpg","contentUrl":"https:\/\/hpetch.wickeder.de\/wp-content\/uploads\/sites\/6\/2024\/11\/Dekorative_Leuchte.jpg"},{"@type":"BreadcrumbList","@id":"https:\/\/www.hpetch.se\/de\/produkte-portfolio\/dekorative-aetzteile\/#breadcrumb","itemListElement":[{"@type":"ListItem","position":1,"name":"Startseite","item":"https:\/\/www.hpetch.se\/de\/home\/"},{"@type":"ListItem","position":2,"name":"Produkte \/ Portfolio","item":"https:\/\/www.hpetch.se\/de\/produkte-portfolio\/"},{"@type":"ListItem","position":3,"name":"Dekorative \u00c4tzteile"}]},{"@type":"WebSite","@id":"https:\/\/www.hpetch.se\/de\/#website","url":"https:\/\/www.hpetch.se\/de\/","name":"HPetch","description":"Form\u00e4tzteile in Pr\u00e4zision, Polymerbeschichtung","publisher":{"@id":"https:\/\/www.hpetch.se\/de\/#organization"},"potentialAction":[{"@type":"SearchAction","target":{"@type":"EntryPoint","urlTemplate":"https:\/\/www.hpetch.se\/de\/?s={search_term_string}"},"query-input":{"@type":"PropertyValueSpecification","valueRequired":true,"valueName":"search_term_string"}}],"inLanguage":"de"},{"@type":"Organization","@id":"https:\/\/www.hpetch.se\/de\/#organization","name":"HPetch","url":"https:\/\/www.hpetch.se\/de\/","logo":{"@type":"ImageObject","inLanguage":"de","@id":"https:\/\/www.hpetch.se\/de\/#\/schema\/logo\/image\/","url":"https:\/\/www.hpetch.se\/wp-content\/uploads\/sites\/6\/2019\/11\/hpecht_2025_randlos_400px.jpg","contentUrl":"https:\/\/www.hpetch.se\/wp-content\/uploads\/sites\/6\/2019\/11\/hpecht_2025_randlos_400px.jpg","width":400,"height":159,"caption":"HPetch"},"image":{"@id":"https:\/\/www.hpetch.se\/de\/#\/schema\/logo\/image\/"}}]}},"_links":{"self":[{"href":"https:\/\/www.hpetch.se\/de\/wp-json\/wp\/v2\/pages\/2488","targetHints":{"allow":["GET"]}}],"collection":[{"href":"https:\/\/www.hpetch.se\/de\/wp-json\/wp\/v2\/pages"}],"about":[{"href":"https:\/\/www.hpetch.se\/de\/wp-json\/wp\/v2\/types\/page"}],"author":[{"embeddable":true,"href":"https:\/\/www.hpetch.se\/de\/wp-json\/wp\/v2\/users\/1"}],"replies":[{"embeddable":true,"href":"https:\/\/www.hpetch.se\/de\/wp-json\/wp\/v2\/comments?post=2488"}],"version-history":[{"count":4,"href":"https:\/\/www.hpetch.se\/de\/wp-json\/wp\/v2\/pages\/2488\/revisions"}],"predecessor-version":[{"id":3239,"href":"https:\/\/www.hpetch.se\/de\/wp-json\/wp\/v2\/pages\/2488\/revisions\/3239"}],"up":[{"embeddable":true,"href":"https:\/\/www.hpetch.se\/de\/wp-json\/wp\/v2\/pages\/2476"}],"wp:attachment":[{"href":"https:\/\/www.hpetch.se\/de\/wp-json\/wp\/v2\/media?parent=2488"}],"curies":[{"name":"wp","href":"https:\/\/api.w.org\/{rel}","templated":true}]}}