{"id":2532,"date":"2024-10-22T12:10:47","date_gmt":"2024-10-22T10:10:47","guid":{"rendered":"https:\/\/hpetch.wickeder.de\/?page_id=2532"},"modified":"2024-11-06T17:07:28","modified_gmt":"2024-11-06T16:07:28","slug":"dekorative-aetzteile-interior","status":"publish","type":"page","link":"https:\/\/www.hpetch.se\/de\/branchen\/dekorative-aetzteile-interior\/","title":{"rendered":"Dekorative \u00c4tzteile \/ Interior"},"content":{"rendered":"\t\t<div data-elementor-type=\"wp-page\" data-elementor-id=\"2532\" class=\"elementor elementor-2532\" data-elementor-post-type=\"page\">\n\t\t\t\t<div class=\"elementor-element elementor-element-409d240 e-flex e-con-boxed e-con e-parent\" data-id=\"409d240\" data-element_type=\"container\" data-e-type=\"container\" data-settings=\"{&quot;background_background&quot;:&quot;classic&quot;}\">\n\t\t\t\t\t<div class=\"e-con-inner\">\n\t\t\t\t<div class=\"elementor-element elementor-element-1e857af elementor-widget elementor-widget-heading\" data-id=\"1e857af\" data-element_type=\"widget\" data-e-type=\"widget\" data-widget_type=\"heading.default\">\n\t\t\t\t<div class=\"elementor-widget-container\">\n\t\t\t\t\t<h2 class=\"elementor-heading-title elementor-size-default\">Dekorative \u00c4tzteile<\/h2>\t\t\t\t<\/div>\n\t\t\t\t<\/div>\n\t\t<div class=\"elementor-element elementor-element-10d7c09 e-con-full e-flex e-con e-child\" data-id=\"10d7c09\" data-element_type=\"container\" data-e-type=\"container\" data-settings=\"{&quot;background_background&quot;:&quot;classic&quot;}\">\n\t\t<div class=\"elementor-element elementor-element-1ca1222 e-con-full e-flex e-con e-child\" data-id=\"1ca1222\" data-element_type=\"container\" data-e-type=\"container\">\n\t\t\t\t<div class=\"elementor-element elementor-element-ede8cfc elementor-widget elementor-widget-image\" data-id=\"ede8cfc\" data-element_type=\"widget\" data-e-type=\"widget\" data-widget_type=\"image.default\">\n\t\t\t\t<div class=\"elementor-widget-container\">\n\t\t\t\t\t\t\t\t\t\t\t\t\t\t\t<img fetchpriority=\"high\" decoding=\"async\" width=\"768\" height=\"380\" src=\"https:\/\/www.hpetch.se\/wp-content\/uploads\/sites\/6\/2024\/11\/HPEtch.jpg\" class=\"attachment-large size-large wp-image-3131\" alt=\"\" \/>\t\t\t\t\t\t\t\t\t\t\t\t\t\t\t<\/div>\n\t\t\t\t<\/div>\n\t\t\t\t<div class=\"elementor-element elementor-element-8b0fa6f elementor-widget elementor-widget-image\" data-id=\"8b0fa6f\" data-element_type=\"widget\" data-e-type=\"widget\" data-widget_type=\"image.default\">\n\t\t\t\t<div class=\"elementor-widget-container\">\n\t\t\t\t\t\t\t\t\t\t\t\t\t\t\t<img decoding=\"async\" width=\"768\" height=\"380\" src=\"https:\/\/www.hpetch.se\/wp-content\/uploads\/sites\/6\/2024\/11\/decorative-etching.jpg\" class=\"attachment-large size-large wp-image-3128\" alt=\"\" \/>\t\t\t\t\t\t\t\t\t\t\t\t\t\t\t<\/div>\n\t\t\t\t<\/div>\n\t\t\t\t<\/div>\n\t\t<div class=\"elementor-element elementor-element-84616fc e-con-full e-flex e-con e-child\" data-id=\"84616fc\" data-element_type=\"container\" data-e-type=\"container\">\n\t\t\t\t<div class=\"elementor-element elementor-element-483b8c8 elementor-widget elementor-widget-heading\" data-id=\"483b8c8\" data-element_type=\"widget\" data-e-type=\"widget\" data-widget_type=\"heading.default\">\n\t\t\t\t<div class=\"elementor-widget-container\">\n\t\t\t\t\t<h3 class=\"elementor-heading-title elementor-size-default\">Ge\u00e4tzte dekorative Komponenten<\/h3>\t\t\t\t<\/div>\n\t\t\t\t<\/div>\n\t\t\t\t<div class=\"elementor-element elementor-element-e6d01e5 elementor-widget elementor-widget-text-editor\" data-id=\"e6d01e5\" data-element_type=\"widget\" data-e-type=\"widget\" data-widget_type=\"text-editor.default\">\n\t\t\t\t<div class=\"elementor-widget-container\">\n\t\t\t\t\t\t\t\t\t<p>Durch das fotochemische \u00c4tzen sind komplexe Geometrien und feinste Oberfl\u00e4chenstrukturen m\u00f6glich, sodass sowohl \u00e4sthetisch als auch funktional viele Vorteile genutzt werden k\u00f6nnen.<\/p>\t\t\t\t\t\t\t\t<\/div>\n\t\t\t\t<\/div>\n\t\t\t\t<div class=\"elementor-element elementor-element-f0ff1dd elementor-widget elementor-widget-text-editor\" data-id=\"f0ff1dd\" data-element_type=\"widget\" data-e-type=\"widget\" data-widget_type=\"text-editor.default\">\n\t\t\t\t<div class=\"elementor-widget-container\">\n\t\t\t\t\t\t\t\t\t<p>Die M\u00f6glichkeiten im dekorativen Bereich sind vielf\u00e4ltig. Angefangen vom Interior Design im Automobil , wie z.B. Lautsprecherabdeckungen, Einstiegsleisten, Armaturenbretter bis hin zum Innenarchitekturbereich, wie z.B. Leuchten, Schilder, Raumteiler, etc.<\/p>\t\t\t\t\t\t\t\t<\/div>\n\t\t\t\t<\/div>\n\t\t\t\t<div class=\"elementor-element elementor-element-2e991e7 elementor-widget elementor-widget-text-editor\" data-id=\"2e991e7\" data-element_type=\"widget\" data-e-type=\"widget\" data-widget_type=\"text-editor.default\">\n\t\t\t\t<div class=\"elementor-widget-container\">\n\t\t\t\t\t\t\t\t\t<p>Vor allem zweifarbig Plattierte Werkstoffe, wie z.B. Aluminium-Kupfer-Verbunde oder Messing-Stahl k\u00f6nnen besonders \u00e4sthetische Effekte erzielen. Wir helfen Ihnen gerne bei der passenden Beratung.<\/p>\t\t\t\t\t\t\t\t<\/div>\n\t\t\t\t<\/div>\n\t\t\t\t<\/div>\n\t\t\t\t<\/div>\n\t\t\t\t\t<\/div>\n\t\t\t\t<\/div>\n\t\t\t\t<\/div>\n\t\t","protected":false},"excerpt":{"rendered":"<p>Dekorative \u00c4tzteile Ge\u00e4tzte dekorative Komponenten Durch das fotochemische \u00c4tzen sind komplexe Geometrien und feinste Oberfl\u00e4chenstrukturen m\u00f6glich, sodass sowohl \u00e4sthetisch als auch funktional viele Vorteile genutzt werden k\u00f6nnen. Die M\u00f6glichkeiten im dekorativen Bereich sind vielf\u00e4ltig. Angefangen vom Interior Design im Automobil , wie z.B. Lautsprecherabdeckungen, Einstiegsleisten, Armaturenbretter bis hin zum Innenarchitekturbereich, wie z.B. Leuchten, Schilder, Raumteiler, [&hellip;]<\/p>\n","protected":false},"author":1,"featured_media":0,"parent":568,"menu_order":4,"comment_status":"closed","ping_status":"closed","template":"","meta":{"footnotes":""},"class_list":["post-2532","page","type-page","status-publish","hentry"],"yoast_head":"<!-- This site is optimized with the Yoast SEO plugin v27.3 - https:\/\/yoast.com\/product\/yoast-seo-wordpress\/ -->\n<title>Dekorative \u00c4tzteile \/ Interior - HPetch<\/title>\n<meta name=\"robots\" content=\"index, follow, max-snippet:-1, max-image-preview:large, max-video-preview:-1\" \/>\n<link rel=\"canonical\" href=\"https:\/\/www.hpetch.se\/de\/branchen\/dekorative-aetzteile-interior\/\" \/>\n<meta property=\"og:locale\" content=\"de_DE\" \/>\n<meta property=\"og:type\" content=\"article\" \/>\n<meta property=\"og:title\" content=\"Dekorative \u00c4tzteile \/ Interior - HPetch\" \/>\n<meta property=\"og:description\" content=\"Dekorative \u00c4tzteile Ge\u00e4tzte dekorative Komponenten Durch das fotochemische \u00c4tzen sind komplexe Geometrien und feinste Oberfl\u00e4chenstrukturen m\u00f6glich, sodass sowohl \u00e4sthetisch als auch funktional viele Vorteile genutzt werden k\u00f6nnen. Die M\u00f6glichkeiten im dekorativen Bereich sind vielf\u00e4ltig. Angefangen vom Interior Design im Automobil , wie z.B. Lautsprecherabdeckungen, Einstiegsleisten, Armaturenbretter bis hin zum Innenarchitekturbereich, wie z.B. Leuchten, Schilder, Raumteiler, [&hellip;]\" \/>\n<meta property=\"og:url\" content=\"https:\/\/www.hpetch.se\/de\/branchen\/dekorative-aetzteile-interior\/\" \/>\n<meta property=\"og:site_name\" content=\"HPetch\" \/>\n<meta property=\"article:modified_time\" content=\"2024-11-06T16:07:28+00:00\" \/>\n<meta property=\"og:image\" content=\"https:\/\/hpetch.wickeder.de\/wp-content\/uploads\/sites\/6\/2024\/11\/HPEtch.jpg\" \/>\n<meta name=\"twitter:card\" content=\"summary_large_image\" \/>\n<script type=\"application\/ld+json\" class=\"yoast-schema-graph\">{\"@context\":\"https:\\\/\\\/schema.org\",\"@graph\":[{\"@type\":\"WebPage\",\"@id\":\"https:\\\/\\\/www.hpetch.se\\\/de\\\/branchen\\\/dekorative-aetzteile-interior\\\/\",\"url\":\"https:\\\/\\\/www.hpetch.se\\\/de\\\/branchen\\\/dekorative-aetzteile-interior\\\/\",\"name\":\"Dekorative \u00c4tzteile \\\/ Interior - HPetch\",\"isPartOf\":{\"@id\":\"https:\\\/\\\/www.hpetch.se\\\/de\\\/#website\"},\"primaryImageOfPage\":{\"@id\":\"https:\\\/\\\/www.hpetch.se\\\/de\\\/branchen\\\/dekorative-aetzteile-interior\\\/#primaryimage\"},\"image\":{\"@id\":\"https:\\\/\\\/www.hpetch.se\\\/de\\\/branchen\\\/dekorative-aetzteile-interior\\\/#primaryimage\"},\"thumbnailUrl\":\"https:\\\/\\\/hpetch.wickeder.de\\\/wp-content\\\/uploads\\\/sites\\\/6\\\/2024\\\/11\\\/HPEtch.jpg\",\"datePublished\":\"2024-10-22T10:10:47+00:00\",\"dateModified\":\"2024-11-06T16:07:28+00:00\",\"breadcrumb\":{\"@id\":\"https:\\\/\\\/www.hpetch.se\\\/de\\\/branchen\\\/dekorative-aetzteile-interior\\\/#breadcrumb\"},\"inLanguage\":\"de\",\"potentialAction\":[{\"@type\":\"ReadAction\",\"target\":[\"https:\\\/\\\/www.hpetch.se\\\/de\\\/branchen\\\/dekorative-aetzteile-interior\\\/\"]}]},{\"@type\":\"ImageObject\",\"inLanguage\":\"de\",\"@id\":\"https:\\\/\\\/www.hpetch.se\\\/de\\\/branchen\\\/dekorative-aetzteile-interior\\\/#primaryimage\",\"url\":\"https:\\\/\\\/hpetch.wickeder.de\\\/wp-content\\\/uploads\\\/sites\\\/6\\\/2024\\\/11\\\/HPEtch.jpg\",\"contentUrl\":\"https:\\\/\\\/hpetch.wickeder.de\\\/wp-content\\\/uploads\\\/sites\\\/6\\\/2024\\\/11\\\/HPEtch.jpg\"},{\"@type\":\"BreadcrumbList\",\"@id\":\"https:\\\/\\\/www.hpetch.se\\\/de\\\/branchen\\\/dekorative-aetzteile-interior\\\/#breadcrumb\",\"itemListElement\":[{\"@type\":\"ListItem\",\"position\":1,\"name\":\"Startseite\",\"item\":\"https:\\\/\\\/www.hpetch.se\\\/de\\\/home\\\/\"},{\"@type\":\"ListItem\",\"position\":2,\"name\":\"Branchen\",\"item\":\"https:\\\/\\\/www.hpetch.se\\\/de\\\/branchen\\\/\"},{\"@type\":\"ListItem\",\"position\":3,\"name\":\"Dekorative \u00c4tzteile \\\/ Interior\"}]},{\"@type\":\"WebSite\",\"@id\":\"https:\\\/\\\/www.hpetch.se\\\/de\\\/#website\",\"url\":\"https:\\\/\\\/www.hpetch.se\\\/de\\\/\",\"name\":\"HPetch\",\"description\":\"Form\u00e4tzteile in Pr\u00e4zision, Polymerbeschichtung\",\"publisher\":{\"@id\":\"https:\\\/\\\/www.hpetch.se\\\/de\\\/#organization\"},\"potentialAction\":[{\"@type\":\"SearchAction\",\"target\":{\"@type\":\"EntryPoint\",\"urlTemplate\":\"https:\\\/\\\/www.hpetch.se\\\/de\\\/?s={search_term_string}\"},\"query-input\":{\"@type\":\"PropertyValueSpecification\",\"valueRequired\":true,\"valueName\":\"search_term_string\"}}],\"inLanguage\":\"de\"},{\"@type\":\"Organization\",\"@id\":\"https:\\\/\\\/www.hpetch.se\\\/de\\\/#organization\",\"name\":\"HPetch\",\"url\":\"https:\\\/\\\/www.hpetch.se\\\/de\\\/\",\"logo\":{\"@type\":\"ImageObject\",\"inLanguage\":\"de\",\"@id\":\"https:\\\/\\\/www.hpetch.se\\\/de\\\/#\\\/schema\\\/logo\\\/image\\\/\",\"url\":\"https:\\\/\\\/www.hpetch.se\\\/wp-content\\\/uploads\\\/sites\\\/6\\\/2019\\\/11\\\/hpecht_2025_randlos_400px.jpg\",\"contentUrl\":\"https:\\\/\\\/www.hpetch.se\\\/wp-content\\\/uploads\\\/sites\\\/6\\\/2019\\\/11\\\/hpecht_2025_randlos_400px.jpg\",\"width\":400,\"height\":159,\"caption\":\"HPetch\"},\"image\":{\"@id\":\"https:\\\/\\\/www.hpetch.se\\\/de\\\/#\\\/schema\\\/logo\\\/image\\\/\"}}]}<\/script>\n<!-- \/ Yoast SEO plugin. -->","yoast_head_json":{"title":"Dekorative \u00c4tzteile \/ Interior - HPetch","robots":{"index":"index","follow":"follow","max-snippet":"max-snippet:-1","max-image-preview":"max-image-preview:large","max-video-preview":"max-video-preview:-1"},"canonical":"https:\/\/www.hpetch.se\/de\/branchen\/dekorative-aetzteile-interior\/","og_locale":"de_DE","og_type":"article","og_title":"Dekorative \u00c4tzteile \/ Interior - HPetch","og_description":"Dekorative \u00c4tzteile Ge\u00e4tzte dekorative Komponenten Durch das fotochemische \u00c4tzen sind komplexe Geometrien und feinste Oberfl\u00e4chenstrukturen m\u00f6glich, sodass sowohl \u00e4sthetisch als auch funktional viele Vorteile genutzt werden k\u00f6nnen. Die M\u00f6glichkeiten im dekorativen Bereich sind vielf\u00e4ltig. Angefangen vom Interior Design im Automobil , wie z.B. Lautsprecherabdeckungen, Einstiegsleisten, Armaturenbretter bis hin zum Innenarchitekturbereich, wie z.B. Leuchten, Schilder, Raumteiler, [&hellip;]","og_url":"https:\/\/www.hpetch.se\/de\/branchen\/dekorative-aetzteile-interior\/","og_site_name":"HPetch","article_modified_time":"2024-11-06T16:07:28+00:00","og_image":[{"url":"https:\/\/hpetch.wickeder.de\/wp-content\/uploads\/sites\/6\/2024\/11\/HPEtch.jpg","type":"","width":"","height":""}],"twitter_card":"summary_large_image","schema":{"@context":"https:\/\/schema.org","@graph":[{"@type":"WebPage","@id":"https:\/\/www.hpetch.se\/de\/branchen\/dekorative-aetzteile-interior\/","url":"https:\/\/www.hpetch.se\/de\/branchen\/dekorative-aetzteile-interior\/","name":"Dekorative \u00c4tzteile \/ Interior - HPetch","isPartOf":{"@id":"https:\/\/www.hpetch.se\/de\/#website"},"primaryImageOfPage":{"@id":"https:\/\/www.hpetch.se\/de\/branchen\/dekorative-aetzteile-interior\/#primaryimage"},"image":{"@id":"https:\/\/www.hpetch.se\/de\/branchen\/dekorative-aetzteile-interior\/#primaryimage"},"thumbnailUrl":"https:\/\/hpetch.wickeder.de\/wp-content\/uploads\/sites\/6\/2024\/11\/HPEtch.jpg","datePublished":"2024-10-22T10:10:47+00:00","dateModified":"2024-11-06T16:07:28+00:00","breadcrumb":{"@id":"https:\/\/www.hpetch.se\/de\/branchen\/dekorative-aetzteile-interior\/#breadcrumb"},"inLanguage":"de","potentialAction":[{"@type":"ReadAction","target":["https:\/\/www.hpetch.se\/de\/branchen\/dekorative-aetzteile-interior\/"]}]},{"@type":"ImageObject","inLanguage":"de","@id":"https:\/\/www.hpetch.se\/de\/branchen\/dekorative-aetzteile-interior\/#primaryimage","url":"https:\/\/hpetch.wickeder.de\/wp-content\/uploads\/sites\/6\/2024\/11\/HPEtch.jpg","contentUrl":"https:\/\/hpetch.wickeder.de\/wp-content\/uploads\/sites\/6\/2024\/11\/HPEtch.jpg"},{"@type":"BreadcrumbList","@id":"https:\/\/www.hpetch.se\/de\/branchen\/dekorative-aetzteile-interior\/#breadcrumb","itemListElement":[{"@type":"ListItem","position":1,"name":"Startseite","item":"https:\/\/www.hpetch.se\/de\/home\/"},{"@type":"ListItem","position":2,"name":"Branchen","item":"https:\/\/www.hpetch.se\/de\/branchen\/"},{"@type":"ListItem","position":3,"name":"Dekorative \u00c4tzteile \/ Interior"}]},{"@type":"WebSite","@id":"https:\/\/www.hpetch.se\/de\/#website","url":"https:\/\/www.hpetch.se\/de\/","name":"HPetch","description":"Form\u00e4tzteile in Pr\u00e4zision, Polymerbeschichtung","publisher":{"@id":"https:\/\/www.hpetch.se\/de\/#organization"},"potentialAction":[{"@type":"SearchAction","target":{"@type":"EntryPoint","urlTemplate":"https:\/\/www.hpetch.se\/de\/?s={search_term_string}"},"query-input":{"@type":"PropertyValueSpecification","valueRequired":true,"valueName":"search_term_string"}}],"inLanguage":"de"},{"@type":"Organization","@id":"https:\/\/www.hpetch.se\/de\/#organization","name":"HPetch","url":"https:\/\/www.hpetch.se\/de\/","logo":{"@type":"ImageObject","inLanguage":"de","@id":"https:\/\/www.hpetch.se\/de\/#\/schema\/logo\/image\/","url":"https:\/\/www.hpetch.se\/wp-content\/uploads\/sites\/6\/2019\/11\/hpecht_2025_randlos_400px.jpg","contentUrl":"https:\/\/www.hpetch.se\/wp-content\/uploads\/sites\/6\/2019\/11\/hpecht_2025_randlos_400px.jpg","width":400,"height":159,"caption":"HPetch"},"image":{"@id":"https:\/\/www.hpetch.se\/de\/#\/schema\/logo\/image\/"}}]}},"_links":{"self":[{"href":"https:\/\/www.hpetch.se\/de\/wp-json\/wp\/v2\/pages\/2532","targetHints":{"allow":["GET"]}}],"collection":[{"href":"https:\/\/www.hpetch.se\/de\/wp-json\/wp\/v2\/pages"}],"about":[{"href":"https:\/\/www.hpetch.se\/de\/wp-json\/wp\/v2\/types\/page"}],"author":[{"embeddable":true,"href":"https:\/\/www.hpetch.se\/de\/wp-json\/wp\/v2\/users\/1"}],"replies":[{"embeddable":true,"href":"https:\/\/www.hpetch.se\/de\/wp-json\/wp\/v2\/comments?post=2532"}],"version-history":[{"count":4,"href":"https:\/\/www.hpetch.se\/de\/wp-json\/wp\/v2\/pages\/2532\/revisions"}],"predecessor-version":[{"id":3139,"href":"https:\/\/www.hpetch.se\/de\/wp-json\/wp\/v2\/pages\/2532\/revisions\/3139"}],"up":[{"embeddable":true,"href":"https:\/\/www.hpetch.se\/de\/wp-json\/wp\/v2\/pages\/568"}],"wp:attachment":[{"href":"https:\/\/www.hpetch.se\/de\/wp-json\/wp\/v2\/media?parent=2532"}],"curies":[{"name":"wp","href":"https:\/\/api.w.org\/{rel}","templated":true}]}}