{"id":2534,"date":"2024-10-22T12:11:05","date_gmt":"2024-10-22T10:11:05","guid":{"rendered":"https:\/\/hpetch.wickeder.de\/?page_id=2534"},"modified":"2024-11-06T17:12:24","modified_gmt":"2024-11-06T16:12:24","slug":"luft-und-raumfahrt","status":"publish","type":"page","link":"https:\/\/www.hpetch.se\/de\/branchen\/luft-und-raumfahrt\/","title":{"rendered":"Luft- und Raumfahrt"},"content":{"rendered":"\t\t<div data-elementor-type=\"wp-page\" data-elementor-id=\"2534\" class=\"elementor elementor-2534\" data-elementor-post-type=\"page\">\n\t\t\t\t<div class=\"elementor-element elementor-element-9f13d72 e-flex e-con-boxed e-con e-parent\" data-id=\"9f13d72\" data-element_type=\"container\" data-e-type=\"container\" data-settings=\"{&quot;background_background&quot;:&quot;classic&quot;}\">\n\t\t\t\t\t<div class=\"e-con-inner\">\n\t\t\t\t<div class=\"elementor-element elementor-element-42eca12 elementor-widget elementor-widget-heading\" data-id=\"42eca12\" data-element_type=\"widget\" data-e-type=\"widget\" data-widget_type=\"heading.default\">\n\t\t\t\t<div class=\"elementor-widget-container\">\n\t\t\t\t\t<h2 class=\"elementor-heading-title elementor-size-default\">\u00c4tzteile f\u00fcr die Luft- und Raumfahrt<\/h2>\t\t\t\t<\/div>\n\t\t\t\t<\/div>\n\t\t<div class=\"elementor-element elementor-element-83af7ab e-con-full e-flex e-con e-child\" data-id=\"83af7ab\" data-element_type=\"container\" data-e-type=\"container\" data-settings=\"{&quot;background_background&quot;:&quot;classic&quot;}\">\n\t\t<div class=\"elementor-element elementor-element-5a9c8f3 e-con-full e-flex e-con e-child\" data-id=\"5a9c8f3\" data-element_type=\"container\" data-e-type=\"container\">\n\t\t\t\t<div class=\"elementor-element elementor-element-1c739f8 elementor-widget elementor-widget-image\" data-id=\"1c739f8\" data-element_type=\"widget\" data-e-type=\"widget\" data-widget_type=\"image.default\">\n\t\t\t\t<div class=\"elementor-widget-container\">\n\t\t\t\t\t\t\t\t\t\t\t\t\t\t\t<img fetchpriority=\"high\" decoding=\"async\" width=\"768\" height=\"380\" src=\"https:\/\/www.hpetch.se\/wp-content\/uploads\/sites\/6\/2024\/11\/HPEtch.jpg\" class=\"attachment-large size-large wp-image-3131\" alt=\"\" \/>\t\t\t\t\t\t\t\t\t\t\t\t\t\t\t<\/div>\n\t\t\t\t<\/div>\n\t\t\t\t<div class=\"elementor-element elementor-element-b97b01f elementor-widget elementor-widget-image\" data-id=\"b97b01f\" data-element_type=\"widget\" data-e-type=\"widget\" data-widget_type=\"image.default\">\n\t\t\t\t<div class=\"elementor-widget-container\">\n\t\t\t\t\t\t\t\t\t\t\t\t\t\t\t<img decoding=\"async\" width=\"768\" height=\"380\" src=\"https:\/\/www.hpetch.se\/wp-content\/uploads\/sites\/6\/2024\/11\/decorative-etching.jpg\" class=\"attachment-large size-large wp-image-3128\" alt=\"\" \/>\t\t\t\t\t\t\t\t\t\t\t\t\t\t\t<\/div>\n\t\t\t\t<\/div>\n\t\t\t\t<\/div>\n\t\t<div class=\"elementor-element elementor-element-7919efb e-con-full e-flex e-con e-child\" data-id=\"7919efb\" data-element_type=\"container\" data-e-type=\"container\">\n\t\t\t\t<div class=\"elementor-element elementor-element-a41878c elementor-widget elementor-widget-heading\" data-id=\"a41878c\" data-element_type=\"widget\" data-e-type=\"widget\" data-widget_type=\"heading.default\">\n\t\t\t\t<div class=\"elementor-widget-container\">\n\t\t\t\t\t<h3 class=\"elementor-heading-title elementor-size-default\">H\u00f6chste Anforderungen f\u00fcr \u00c4tzformteile<\/h3>\t\t\t\t<\/div>\n\t\t\t\t<\/div>\n\t\t\t\t<div class=\"elementor-element elementor-element-7b15154 elementor-widget elementor-widget-text-editor\" data-id=\"7b15154\" data-element_type=\"widget\" data-e-type=\"widget\" data-widget_type=\"text-editor.default\">\n\t\t\t\t<div class=\"elementor-widget-container\">\n\t\t\t\t\t\t\t\t\t<p>Sei es f\u00fcr Satelliten oder Flugzeuge, HP Etch kann \u00c4tzteile aus hochfesten Metallen fertigen, die extremen Temperaturschwankungen und h\u00f6chsten mechanischen Belastungen standhalten.\u00a0<\/p>\t\t\t\t\t\t\t\t<\/div>\n\t\t\t\t<\/div>\n\t\t\t\t<div class=\"elementor-element elementor-element-ebd1393 elementor-widget elementor-widget-text-editor\" data-id=\"ebd1393\" data-element_type=\"widget\" data-e-type=\"widget\" data-widget_type=\"text-editor.default\">\n\t\t\t\t<div class=\"elementor-widget-container\">\n\t\t\t\t\t\t\t\t\t<p>In der Luft- und Raumfahrt kommen vor allem Metalle zum Einsatz, die sehr verschlei\u00dffest, korrosionsbest\u00e4ndig, aber dennoch sehr leicht sind.<\/p>\t\t\t\t\t\t\t\t<\/div>\n\t\t\t\t<\/div>\n\t\t\t\t<div class=\"elementor-element elementor-element-eb362d1 elementor-widget elementor-widget-text-editor\" data-id=\"eb362d1\" data-element_type=\"widget\" data-e-type=\"widget\" data-widget_type=\"text-editor.default\">\n\t\t\t\t<div class=\"elementor-widget-container\">\n\t\t\t\t\t\t\t\t\t<p>So kommen oft Aluminium und Titan zum Einsatz, die mit konventionellen Metallbearbeitungsverfahren schwer zu verarbeiten sind und hohe Kosten verursachen. Durch den \u00c4tzprozess k\u00f6nnen die bekannten Vorteile, wie Gratfreiheit, keine Umformr\u00fcckst\u00e4nde und keine thermischen Effekt genutzt werden.<\/p>\t\t\t\t\t\t\t\t<\/div>\n\t\t\t\t<\/div>\n\t\t\t\t<div class=\"elementor-element elementor-element-7ad38bb elementor-widget elementor-widget-text-editor\" data-id=\"7ad38bb\" data-element_type=\"widget\" data-e-type=\"widget\" data-widget_type=\"text-editor.default\">\n\t\t\t\t<div class=\"elementor-widget-container\">\n\t\t\t\t\t\t\t\t\t<p>Auch Plattierte Verbundwerkstoffe, wie z.B. Aluminium-Stahl oder Kupfer-Titan finden Anwendung in Applikationen der Luftfahrt und bieten als ge\u00e4tzte Variante\u00a0<a class=\"internal-link-new-window\" href=\"https:\/\/www.wickeder-group.de\/special\/feran.html\" target=\"_blank\" rel=\"noopener\">diverse Vorteile.<\/a><\/p>\t\t\t\t\t\t\t\t<\/div>\n\t\t\t\t<\/div>\n\t\t\t\t<\/div>\n\t\t\t\t<\/div>\n\t\t\t\t\t<\/div>\n\t\t\t\t<\/div>\n\t\t\t\t<\/div>\n\t\t","protected":false},"excerpt":{"rendered":"<p>\u00c4tzteile f\u00fcr die Luft- und Raumfahrt H\u00f6chste Anforderungen f\u00fcr \u00c4tzformteile Sei es f\u00fcr Satelliten oder Flugzeuge, HP Etch kann \u00c4tzteile aus hochfesten Metallen fertigen, die extremen Temperaturschwankungen und h\u00f6chsten mechanischen Belastungen standhalten.\u00a0 In der Luft- und Raumfahrt kommen vor allem Metalle zum Einsatz, die sehr verschlei\u00dffest, korrosionsbest\u00e4ndig, aber dennoch sehr leicht sind. So kommen oft [&hellip;]<\/p>\n","protected":false},"author":1,"featured_media":0,"parent":568,"menu_order":5,"comment_status":"closed","ping_status":"closed","template":"","meta":{"footnotes":""},"class_list":["post-2534","page","type-page","status-publish","hentry"],"yoast_head":"<!-- This site is optimized with the Yoast SEO plugin v27.3 - https:\/\/yoast.com\/product\/yoast-seo-wordpress\/ -->\n<title>Luft- und Raumfahrt - HPetch<\/title>\n<meta name=\"robots\" content=\"index, follow, max-snippet:-1, max-image-preview:large, max-video-preview:-1\" \/>\n<link rel=\"canonical\" href=\"https:\/\/www.hpetch.se\/de\/branchen\/luft-und-raumfahrt\/\" \/>\n<meta property=\"og:locale\" content=\"de_DE\" \/>\n<meta property=\"og:type\" content=\"article\" \/>\n<meta property=\"og:title\" content=\"Luft- und Raumfahrt - HPetch\" \/>\n<meta property=\"og:description\" content=\"\u00c4tzteile f\u00fcr die Luft- und Raumfahrt H\u00f6chste Anforderungen f\u00fcr \u00c4tzformteile Sei es f\u00fcr Satelliten oder Flugzeuge, HP Etch kann \u00c4tzteile aus hochfesten Metallen fertigen, die extremen Temperaturschwankungen und h\u00f6chsten mechanischen Belastungen standhalten.\u00a0 In der Luft- und Raumfahrt kommen vor allem Metalle zum Einsatz, die sehr verschlei\u00dffest, korrosionsbest\u00e4ndig, aber dennoch sehr leicht sind. So kommen oft [&hellip;]\" \/>\n<meta property=\"og:url\" content=\"https:\/\/www.hpetch.se\/de\/branchen\/luft-und-raumfahrt\/\" \/>\n<meta property=\"og:site_name\" content=\"HPetch\" \/>\n<meta property=\"article:modified_time\" content=\"2024-11-06T16:12:24+00:00\" \/>\n<meta property=\"og:image\" content=\"https:\/\/hpetch.wickeder.de\/wp-content\/uploads\/sites\/6\/2024\/11\/HPEtch.jpg\" \/>\n<meta name=\"twitter:card\" content=\"summary_large_image\" \/>\n<meta name=\"twitter:label1\" content=\"Gesch\u00e4tzte Lesezeit\" \/>\n\t<meta name=\"twitter:data1\" content=\"1\u00a0Minute\" \/>\n<script type=\"application\/ld+json\" class=\"yoast-schema-graph\">{\"@context\":\"https:\\\/\\\/schema.org\",\"@graph\":[{\"@type\":\"WebPage\",\"@id\":\"https:\\\/\\\/www.hpetch.se\\\/de\\\/branchen\\\/luft-und-raumfahrt\\\/\",\"url\":\"https:\\\/\\\/www.hpetch.se\\\/de\\\/branchen\\\/luft-und-raumfahrt\\\/\",\"name\":\"Luft- und Raumfahrt - HPetch\",\"isPartOf\":{\"@id\":\"https:\\\/\\\/www.hpetch.se\\\/de\\\/#website\"},\"primaryImageOfPage\":{\"@id\":\"https:\\\/\\\/www.hpetch.se\\\/de\\\/branchen\\\/luft-und-raumfahrt\\\/#primaryimage\"},\"image\":{\"@id\":\"https:\\\/\\\/www.hpetch.se\\\/de\\\/branchen\\\/luft-und-raumfahrt\\\/#primaryimage\"},\"thumbnailUrl\":\"https:\\\/\\\/hpetch.wickeder.de\\\/wp-content\\\/uploads\\\/sites\\\/6\\\/2024\\\/11\\\/HPEtch.jpg\",\"datePublished\":\"2024-10-22T10:11:05+00:00\",\"dateModified\":\"2024-11-06T16:12:24+00:00\",\"breadcrumb\":{\"@id\":\"https:\\\/\\\/www.hpetch.se\\\/de\\\/branchen\\\/luft-und-raumfahrt\\\/#breadcrumb\"},\"inLanguage\":\"de\",\"potentialAction\":[{\"@type\":\"ReadAction\",\"target\":[\"https:\\\/\\\/www.hpetch.se\\\/de\\\/branchen\\\/luft-und-raumfahrt\\\/\"]}]},{\"@type\":\"ImageObject\",\"inLanguage\":\"de\",\"@id\":\"https:\\\/\\\/www.hpetch.se\\\/de\\\/branchen\\\/luft-und-raumfahrt\\\/#primaryimage\",\"url\":\"https:\\\/\\\/hpetch.wickeder.de\\\/wp-content\\\/uploads\\\/sites\\\/6\\\/2024\\\/11\\\/HPEtch.jpg\",\"contentUrl\":\"https:\\\/\\\/hpetch.wickeder.de\\\/wp-content\\\/uploads\\\/sites\\\/6\\\/2024\\\/11\\\/HPEtch.jpg\"},{\"@type\":\"BreadcrumbList\",\"@id\":\"https:\\\/\\\/www.hpetch.se\\\/de\\\/branchen\\\/luft-und-raumfahrt\\\/#breadcrumb\",\"itemListElement\":[{\"@type\":\"ListItem\",\"position\":1,\"name\":\"Startseite\",\"item\":\"https:\\\/\\\/www.hpetch.se\\\/de\\\/home\\\/\"},{\"@type\":\"ListItem\",\"position\":2,\"name\":\"Branchen\",\"item\":\"https:\\\/\\\/www.hpetch.se\\\/de\\\/branchen\\\/\"},{\"@type\":\"ListItem\",\"position\":3,\"name\":\"Luft- und Raumfahrt\"}]},{\"@type\":\"WebSite\",\"@id\":\"https:\\\/\\\/www.hpetch.se\\\/de\\\/#website\",\"url\":\"https:\\\/\\\/www.hpetch.se\\\/de\\\/\",\"name\":\"HPetch\",\"description\":\"Form\u00e4tzteile in Pr\u00e4zision, Polymerbeschichtung\",\"publisher\":{\"@id\":\"https:\\\/\\\/www.hpetch.se\\\/de\\\/#organization\"},\"potentialAction\":[{\"@type\":\"SearchAction\",\"target\":{\"@type\":\"EntryPoint\",\"urlTemplate\":\"https:\\\/\\\/www.hpetch.se\\\/de\\\/?s={search_term_string}\"},\"query-input\":{\"@type\":\"PropertyValueSpecification\",\"valueRequired\":true,\"valueName\":\"search_term_string\"}}],\"inLanguage\":\"de\"},{\"@type\":\"Organization\",\"@id\":\"https:\\\/\\\/www.hpetch.se\\\/de\\\/#organization\",\"name\":\"HPetch\",\"url\":\"https:\\\/\\\/www.hpetch.se\\\/de\\\/\",\"logo\":{\"@type\":\"ImageObject\",\"inLanguage\":\"de\",\"@id\":\"https:\\\/\\\/www.hpetch.se\\\/de\\\/#\\\/schema\\\/logo\\\/image\\\/\",\"url\":\"https:\\\/\\\/www.hpetch.se\\\/wp-content\\\/uploads\\\/sites\\\/6\\\/2019\\\/11\\\/hpecht_2025_randlos_400px.jpg\",\"contentUrl\":\"https:\\\/\\\/www.hpetch.se\\\/wp-content\\\/uploads\\\/sites\\\/6\\\/2019\\\/11\\\/hpecht_2025_randlos_400px.jpg\",\"width\":400,\"height\":159,\"caption\":\"HPetch\"},\"image\":{\"@id\":\"https:\\\/\\\/www.hpetch.se\\\/de\\\/#\\\/schema\\\/logo\\\/image\\\/\"}}]}<\/script>\n<!-- \/ Yoast SEO plugin. -->","yoast_head_json":{"title":"Luft- und Raumfahrt - HPetch","robots":{"index":"index","follow":"follow","max-snippet":"max-snippet:-1","max-image-preview":"max-image-preview:large","max-video-preview":"max-video-preview:-1"},"canonical":"https:\/\/www.hpetch.se\/de\/branchen\/luft-und-raumfahrt\/","og_locale":"de_DE","og_type":"article","og_title":"Luft- und Raumfahrt - HPetch","og_description":"\u00c4tzteile f\u00fcr die Luft- und Raumfahrt H\u00f6chste Anforderungen f\u00fcr \u00c4tzformteile Sei es f\u00fcr Satelliten oder Flugzeuge, HP Etch kann \u00c4tzteile aus hochfesten Metallen fertigen, die extremen Temperaturschwankungen und h\u00f6chsten mechanischen Belastungen standhalten.\u00a0 In der Luft- und Raumfahrt kommen vor allem Metalle zum Einsatz, die sehr verschlei\u00dffest, korrosionsbest\u00e4ndig, aber dennoch sehr leicht sind. So kommen oft [&hellip;]","og_url":"https:\/\/www.hpetch.se\/de\/branchen\/luft-und-raumfahrt\/","og_site_name":"HPetch","article_modified_time":"2024-11-06T16:12:24+00:00","og_image":[{"url":"https:\/\/hpetch.wickeder.de\/wp-content\/uploads\/sites\/6\/2024\/11\/HPEtch.jpg","type":"","width":"","height":""}],"twitter_card":"summary_large_image","twitter_misc":{"Gesch\u00e4tzte Lesezeit":"1\u00a0Minute"},"schema":{"@context":"https:\/\/schema.org","@graph":[{"@type":"WebPage","@id":"https:\/\/www.hpetch.se\/de\/branchen\/luft-und-raumfahrt\/","url":"https:\/\/www.hpetch.se\/de\/branchen\/luft-und-raumfahrt\/","name":"Luft- und Raumfahrt - HPetch","isPartOf":{"@id":"https:\/\/www.hpetch.se\/de\/#website"},"primaryImageOfPage":{"@id":"https:\/\/www.hpetch.se\/de\/branchen\/luft-und-raumfahrt\/#primaryimage"},"image":{"@id":"https:\/\/www.hpetch.se\/de\/branchen\/luft-und-raumfahrt\/#primaryimage"},"thumbnailUrl":"https:\/\/hpetch.wickeder.de\/wp-content\/uploads\/sites\/6\/2024\/11\/HPEtch.jpg","datePublished":"2024-10-22T10:11:05+00:00","dateModified":"2024-11-06T16:12:24+00:00","breadcrumb":{"@id":"https:\/\/www.hpetch.se\/de\/branchen\/luft-und-raumfahrt\/#breadcrumb"},"inLanguage":"de","potentialAction":[{"@type":"ReadAction","target":["https:\/\/www.hpetch.se\/de\/branchen\/luft-und-raumfahrt\/"]}]},{"@type":"ImageObject","inLanguage":"de","@id":"https:\/\/www.hpetch.se\/de\/branchen\/luft-und-raumfahrt\/#primaryimage","url":"https:\/\/hpetch.wickeder.de\/wp-content\/uploads\/sites\/6\/2024\/11\/HPEtch.jpg","contentUrl":"https:\/\/hpetch.wickeder.de\/wp-content\/uploads\/sites\/6\/2024\/11\/HPEtch.jpg"},{"@type":"BreadcrumbList","@id":"https:\/\/www.hpetch.se\/de\/branchen\/luft-und-raumfahrt\/#breadcrumb","itemListElement":[{"@type":"ListItem","position":1,"name":"Startseite","item":"https:\/\/www.hpetch.se\/de\/home\/"},{"@type":"ListItem","position":2,"name":"Branchen","item":"https:\/\/www.hpetch.se\/de\/branchen\/"},{"@type":"ListItem","position":3,"name":"Luft- und Raumfahrt"}]},{"@type":"WebSite","@id":"https:\/\/www.hpetch.se\/de\/#website","url":"https:\/\/www.hpetch.se\/de\/","name":"HPetch","description":"Form\u00e4tzteile in Pr\u00e4zision, Polymerbeschichtung","publisher":{"@id":"https:\/\/www.hpetch.se\/de\/#organization"},"potentialAction":[{"@type":"SearchAction","target":{"@type":"EntryPoint","urlTemplate":"https:\/\/www.hpetch.se\/de\/?s={search_term_string}"},"query-input":{"@type":"PropertyValueSpecification","valueRequired":true,"valueName":"search_term_string"}}],"inLanguage":"de"},{"@type":"Organization","@id":"https:\/\/www.hpetch.se\/de\/#organization","name":"HPetch","url":"https:\/\/www.hpetch.se\/de\/","logo":{"@type":"ImageObject","inLanguage":"de","@id":"https:\/\/www.hpetch.se\/de\/#\/schema\/logo\/image\/","url":"https:\/\/www.hpetch.se\/wp-content\/uploads\/sites\/6\/2019\/11\/hpecht_2025_randlos_400px.jpg","contentUrl":"https:\/\/www.hpetch.se\/wp-content\/uploads\/sites\/6\/2019\/11\/hpecht_2025_randlos_400px.jpg","width":400,"height":159,"caption":"HPetch"},"image":{"@id":"https:\/\/www.hpetch.se\/de\/#\/schema\/logo\/image\/"}}]}},"_links":{"self":[{"href":"https:\/\/www.hpetch.se\/de\/wp-json\/wp\/v2\/pages\/2534","targetHints":{"allow":["GET"]}}],"collection":[{"href":"https:\/\/www.hpetch.se\/de\/wp-json\/wp\/v2\/pages"}],"about":[{"href":"https:\/\/www.hpetch.se\/de\/wp-json\/wp\/v2\/types\/page"}],"author":[{"embeddable":true,"href":"https:\/\/www.hpetch.se\/de\/wp-json\/wp\/v2\/users\/1"}],"replies":[{"embeddable":true,"href":"https:\/\/www.hpetch.se\/de\/wp-json\/wp\/v2\/comments?post=2534"}],"version-history":[{"count":4,"href":"https:\/\/www.hpetch.se\/de\/wp-json\/wp\/v2\/pages\/2534\/revisions"}],"predecessor-version":[{"id":3142,"href":"https:\/\/www.hpetch.se\/de\/wp-json\/wp\/v2\/pages\/2534\/revisions\/3142"}],"up":[{"embeddable":true,"href":"https:\/\/www.hpetch.se\/de\/wp-json\/wp\/v2\/pages\/568"}],"wp:attachment":[{"href":"https:\/\/www.hpetch.se\/de\/wp-json\/wp\/v2\/media?parent=2534"}],"curies":[{"name":"wp","href":"https:\/\/api.w.org\/{rel}","templated":true}]}}