{"id":568,"date":"2019-12-11T23:24:24","date_gmt":"2019-12-11T22:24:24","guid":{"rendered":"https:\/\/hpetch.wickeder.wickeder.de\/?page_id=568"},"modified":"2024-11-08T14:49:43","modified_gmt":"2024-11-08T13:49:43","slug":"branchen","status":"publish","type":"page","link":"https:\/\/www.hpetch.se\/de\/branchen\/","title":{"rendered":"Branchen"},"content":{"rendered":"\t\t<div data-elementor-type=\"wp-page\" data-elementor-id=\"568\" class=\"elementor elementor-568\" data-elementor-post-type=\"page\">\n\t\t\t\t<div class=\"elementor-element elementor-element-e9b0828 e-flex e-con-boxed e-con e-parent\" data-id=\"e9b0828\" data-element_type=\"container\" data-e-type=\"container\">\n\t\t\t\t\t<div class=\"e-con-inner\">\n\t\t<div class=\"elementor-element elementor-element-caf925a e-con-full e-flex e-con e-child\" data-id=\"caf925a\" data-element_type=\"container\" data-e-type=\"container\">\n\t\t<div class=\"elementor-element elementor-element-09e4e65 e-con-full e-flex e-con e-child\" data-id=\"09e4e65\" data-element_type=\"container\" data-e-type=\"container\">\n\t\t\t\t<div class=\"elementor-element elementor-element-7f43517 elementor-widget elementor-widget-bildbox\" data-id=\"7f43517\" data-element_type=\"widget\" data-e-type=\"widget\" data-widget_type=\"bildbox.default\">\n\t\t\t\t<div class=\"elementor-widget-container\">\n\t\t\t\t\t    \n    <a href=\"https:\/\/www.hpetch.se\/branchen\/automotive\/\" class=\"bildbox blue\">\n\t    \t    <img decoding=\"async\" alt=\"\" src=\"https:\/\/www.hpetch.se\/wp-content\/uploads\/sites\/6\/2024\/10\/Automobil_386-191-1.jpg\">\n\t    \t    <div class=\"bildbox_content\">\t\n\t\t    <div class=\"text_1\">\n\t\t\t    Automotive\t\t    <\/div>\n\t\t    <div class=\"text_2\">\n\t\t\t    \t\t    <\/div>\n\t\t<\/div>\n    <\/a>\n    \n    \t\t\t\t<\/div>\n\t\t\t\t<\/div>\n\t\t\t\t<div class=\"elementor-element elementor-element-99375dd elementor-widget elementor-widget-text-editor\" data-id=\"99375dd\" data-element_type=\"widget\" data-e-type=\"widget\" data-widget_type=\"text-editor.default\">\n\t\t\t\t<div class=\"elementor-widget-container\">\n\t\t\t\t\t\t\t\t\t<p>Ge\u00e4tzte Dichtungen, Federn, Lautsprechergitter, Filter, dekorative Elemente, wie Einstiegsleisten, etc. z\u00e4hlen zu den typischen \u00c4tzteilen. Wie k\u00f6nnen wir Ihnen weiterhelfen?<\/p>\t\t\t\t\t\t\t\t<\/div>\n\t\t\t\t<\/div>\n\t\t\t\t<div class=\"elementor-element elementor-element-c19fd84 elementor-button-info elementor-widget elementor-widget-button\" data-id=\"c19fd84\" data-element_type=\"widget\" data-e-type=\"widget\" data-widget_type=\"button.default\">\n\t\t\t\t<div class=\"elementor-widget-container\">\n\t\t\t\t\t\t\t\t\t<div class=\"elementor-button-wrapper\">\n\t\t\t\t\t<a class=\"elementor-button elementor-button-link elementor-size-sm\" href=\"https:\/\/www.hpetch.se\/branchen\/automotive\/\">\n\t\t\t\t\t\t<span class=\"elementor-button-content-wrapper\">\n\t\t\t\t\t\t\t\t\t<span class=\"elementor-button-text\"> Mehr<\/span>\n\t\t\t\t\t<\/span>\n\t\t\t\t\t<\/a>\n\t\t\t\t<\/div>\n\t\t\t\t\t\t\t\t<\/div>\n\t\t\t\t<\/div>\n\t\t\t\t<\/div>\n\t\t<div class=\"elementor-element elementor-element-9bff998 e-con-full e-flex e-con e-child\" data-id=\"9bff998\" data-element_type=\"container\" data-e-type=\"container\">\n\t\t\t\t<div class=\"elementor-element elementor-element-98ef7f8 elementor-widget elementor-widget-bildbox\" data-id=\"98ef7f8\" data-element_type=\"widget\" data-e-type=\"widget\" data-widget_type=\"bildbox.default\">\n\t\t\t\t<div class=\"elementor-widget-container\">\n\t\t\t\t\t    \n    <a href=\"https:\/\/www.hpetch.se\/branchen\/elektro-elektronik\/\" class=\"bildbox blue\">\n\t    \t    <img decoding=\"async\" alt=\"\" src=\"https:\/\/www.hpetch.se\/wp-content\/uploads\/sites\/6\/2024\/10\/Elektro-1.jpg\">\n\t    \t    <div class=\"bildbox_content\">\t\n\t\t    <div class=\"text_1\">\n\t\t\t    Elektro \/ Elektronik\t\t    <\/div>\n\t\t    <div class=\"text_2\">\n\t\t\t    \t\t    <\/div>\n\t\t<\/div>\n    <\/a>\n    \n    \t\t\t\t<\/div>\n\t\t\t\t<\/div>\n\t\t\t\t<div class=\"elementor-element elementor-element-06d6400 elementor-widget elementor-widget-text-editor\" data-id=\"06d6400\" data-element_type=\"widget\" data-e-type=\"widget\" data-widget_type=\"text-editor.default\">\n\t\t\t\t<div class=\"elementor-widget-container\">\n\t\t\t\t\t\t\t\t\t<p>Halbleiter, Leadframes, Abschirmgeh\u00e4use, etc. \u00dcberall dort, wo Stanzteile an Ihre Grenzen kommen, ist die \u00c4tztechnologie f\u00fcr Elektroteile die richtige L\u00f6sung<\/p>\t\t\t\t\t\t\t\t<\/div>\n\t\t\t\t<\/div>\n\t\t\t\t<div class=\"elementor-element elementor-element-daf5288 elementor-button-info elementor-widget elementor-widget-button\" data-id=\"daf5288\" data-element_type=\"widget\" data-e-type=\"widget\" data-widget_type=\"button.default\">\n\t\t\t\t<div class=\"elementor-widget-container\">\n\t\t\t\t\t\t\t\t\t<div class=\"elementor-button-wrapper\">\n\t\t\t\t\t<a class=\"elementor-button elementor-button-link elementor-size-sm\" href=\"https:\/\/www.hpetch.se\/branchen\/elektro-elektronik\/\">\n\t\t\t\t\t\t<span class=\"elementor-button-content-wrapper\">\n\t\t\t\t\t\t\t\t\t<span class=\"elementor-button-text\"> Mehr<\/span>\n\t\t\t\t\t<\/span>\n\t\t\t\t\t<\/a>\n\t\t\t\t<\/div>\n\t\t\t\t\t\t\t\t<\/div>\n\t\t\t\t<\/div>\n\t\t\t\t<\/div>\n\t\t<div class=\"elementor-element elementor-element-7d6a354 e-con-full e-flex e-con e-child\" data-id=\"7d6a354\" data-element_type=\"container\" data-e-type=\"container\">\n\t\t\t\t<div class=\"elementor-element elementor-element-7e78e5b elementor-widget elementor-widget-bildbox\" data-id=\"7e78e5b\" data-element_type=\"widget\" data-e-type=\"widget\" data-widget_type=\"bildbox.default\">\n\t\t\t\t<div class=\"elementor-widget-container\">\n\t\t\t\t\t    \n    <a href=\"https:\/\/www.hpetch.se\/branchen\/medizin\/\" class=\"bildbox blue\">\n\t    \t    <img decoding=\"async\" alt=\"\" src=\"https:\/\/www.hpetch.se\/wp-content\/uploads\/sites\/6\/2024\/10\/pacemaker_386_191.jpg\">\n\t    \t    <div class=\"bildbox_content\">\t\n\t\t    <div class=\"text_1\">\n\t\t\t    Medizin\t\t    <\/div>\n\t\t    <div class=\"text_2\">\n\t\t\t    \t\t    <\/div>\n\t\t<\/div>\n    <\/a>\n    \n    \t\t\t\t<\/div>\n\t\t\t\t<\/div>\n\t\t\t\t<div class=\"elementor-element elementor-element-394c4c7 elementor-widget elementor-widget-text-editor\" data-id=\"394c4c7\" data-element_type=\"widget\" data-e-type=\"widget\" data-widget_type=\"text-editor.default\">\n\t\t\t\t<div class=\"elementor-widget-container\">\n\t\t\t\t\t\t\t\t\t<div class=\"press-text\">Die gratfreien \u00c4tz-Produkte erf\u00fcllen die hohen Qualit\u00e4tsstandards der Medizinbranche, da sie nach Kundenspezifikation vor allem eins sein m\u00fcssen: zuverl\u00e4ssig.<\/div>\t\t\t\t\t\t\t\t<\/div>\n\t\t\t\t<\/div>\n\t\t\t\t<div class=\"elementor-element elementor-element-98d0e1b elementor-button-info elementor-widget elementor-widget-button\" data-id=\"98d0e1b\" data-element_type=\"widget\" data-e-type=\"widget\" data-widget_type=\"button.default\">\n\t\t\t\t<div class=\"elementor-widget-container\">\n\t\t\t\t\t\t\t\t\t<div class=\"elementor-button-wrapper\">\n\t\t\t\t\t<a class=\"elementor-button elementor-button-link elementor-size-sm\" href=\"https:\/\/www.hpetch.se\/branchen\/medizin\/\">\n\t\t\t\t\t\t<span class=\"elementor-button-content-wrapper\">\n\t\t\t\t\t\t\t\t\t<span class=\"elementor-button-text\"> Mehr<\/span>\n\t\t\t\t\t<\/span>\n\t\t\t\t\t<\/a>\n\t\t\t\t<\/div>\n\t\t\t\t\t\t\t\t<\/div>\n\t\t\t\t<\/div>\n\t\t\t\t<\/div>\n\t\t\t\t<\/div>\n\t\t<div class=\"elementor-element elementor-element-33ca5f2 e-con-full e-flex e-con e-child\" data-id=\"33ca5f2\" data-element_type=\"container\" data-e-type=\"container\">\n\t\t<div class=\"elementor-element elementor-element-7def2fa e-con-full e-flex e-con e-child\" data-id=\"7def2fa\" data-element_type=\"container\" data-e-type=\"container\">\n\t\t\t\t<div class=\"elementor-element elementor-element-bc25b5e elementor-widget elementor-widget-bildbox\" data-id=\"bc25b5e\" data-element_type=\"widget\" data-e-type=\"widget\" data-widget_type=\"bildbox.default\">\n\t\t\t\t<div class=\"elementor-widget-container\">\n\t\t\t\t\t    \n    <a href=\"https:\/\/www.hpetch.se\/branchen\/dekorative-aetzteile-interior\/\" class=\"bildbox blue\">\n\t    \t    <img decoding=\"async\" alt=\"\" src=\"https:\/\/www.hpetch.se\/wp-content\/uploads\/sites\/6\/2024\/10\/Interior.jpg\">\n\t    \t    <div class=\"bildbox_content\">\t\n\t\t    <div class=\"text_1\">\n\t\t\t    Dekorative \u00c4tzteile \/ Interior\t\t    <\/div>\n\t\t    <div class=\"text_2\">\n\t\t\t    \t\t    <\/div>\n\t\t<\/div>\n    <\/a>\n    \n    \t\t\t\t<\/div>\n\t\t\t\t<\/div>\n\t\t\t\t<div class=\"elementor-element elementor-element-ecabe66 elementor-widget elementor-widget-text-editor\" data-id=\"ecabe66\" data-element_type=\"widget\" data-e-type=\"widget\" data-widget_type=\"text-editor.default\">\n\t\t\t\t<div class=\"elementor-widget-container\">\n\t\t\t\t\t\t\t\t\t<p>HP Etch fertigt dekorative \u00c4tzteile f\u00fcr viele Branchen &#8211; vom Interiorbereich \u00fcber Architektur bis hin zum Design f\u00fcr Automotive-Anwendungen<\/p>\t\t\t\t\t\t\t\t<\/div>\n\t\t\t\t<\/div>\n\t\t\t\t<div class=\"elementor-element elementor-element-19d11b6 elementor-button-info elementor-widget elementor-widget-button\" data-id=\"19d11b6\" data-element_type=\"widget\" data-e-type=\"widget\" data-widget_type=\"button.default\">\n\t\t\t\t<div class=\"elementor-widget-container\">\n\t\t\t\t\t\t\t\t\t<div class=\"elementor-button-wrapper\">\n\t\t\t\t\t<a class=\"elementor-button elementor-button-link elementor-size-sm\" href=\"https:\/\/www.hpetch.se\/branchen\/dekorative-aetzteile-interior\/\">\n\t\t\t\t\t\t<span class=\"elementor-button-content-wrapper\">\n\t\t\t\t\t\t\t\t\t<span class=\"elementor-button-text\"> Mehr<\/span>\n\t\t\t\t\t<\/span>\n\t\t\t\t\t<\/a>\n\t\t\t\t<\/div>\n\t\t\t\t\t\t\t\t<\/div>\n\t\t\t\t<\/div>\n\t\t\t\t<\/div>\n\t\t<div class=\"elementor-element elementor-element-0644636 e-con-full e-flex e-con e-child\" data-id=\"0644636\" data-element_type=\"container\" data-e-type=\"container\">\n\t\t\t\t<div class=\"elementor-element elementor-element-49c6d25 elementor-widget elementor-widget-bildbox\" data-id=\"49c6d25\" data-element_type=\"widget\" data-e-type=\"widget\" data-widget_type=\"bildbox.default\">\n\t\t\t\t<div class=\"elementor-widget-container\">\n\t\t\t\t\t    \n    <a href=\"https:\/\/www.hpetch.se\/branchen\/luft-und-raumfahrt\/\" class=\"bildbox blue\">\n\t    \t    <img decoding=\"async\" alt=\"\" src=\"https:\/\/www.hpetch.se\/wp-content\/uploads\/sites\/6\/2024\/10\/satellit_386_191_Etching.jpg\">\n\t    \t    <div class=\"bildbox_content\">\t\n\t\t    <div class=\"text_1\">\n\t\t\t    Luft- und Raumfahrt\t\t    <\/div>\n\t\t    <div class=\"text_2\">\n\t\t\t    \t\t    <\/div>\n\t\t<\/div>\n    <\/a>\n    \n    \t\t\t\t<\/div>\n\t\t\t\t<\/div>\n\t\t\t\t<div class=\"elementor-element elementor-element-f222477 elementor-widget elementor-widget-text-editor\" data-id=\"f222477\" data-element_type=\"widget\" data-e-type=\"widget\" data-widget_type=\"text-editor.default\">\n\t\t\t\t<div class=\"elementor-widget-container\">\n\t\t\t\t\t\t\t\t\t<p>Gewichtsreduktion, h\u00f6chste Druck-, W\u00e4rme- und K\u00e4ltebelastung sind Anforderungen, die die \u00c4tzteile von HP Etch f\u00fcr die Luft- und Raumfahrrt erf\u00fcllen<\/p>\t\t\t\t\t\t\t\t<\/div>\n\t\t\t\t<\/div>\n\t\t\t\t<div class=\"elementor-element elementor-element-1af87f4 elementor-button-info elementor-widget elementor-widget-button\" data-id=\"1af87f4\" data-element_type=\"widget\" data-e-type=\"widget\" data-widget_type=\"button.default\">\n\t\t\t\t<div class=\"elementor-widget-container\">\n\t\t\t\t\t\t\t\t\t<div class=\"elementor-button-wrapper\">\n\t\t\t\t\t<a class=\"elementor-button elementor-button-link elementor-size-sm\" href=\"https:\/\/www.hpetch.se\/branchen\/luft-und-raumfahrt\/\">\n\t\t\t\t\t\t<span class=\"elementor-button-content-wrapper\">\n\t\t\t\t\t\t\t\t\t<span class=\"elementor-button-text\"> Mehr<\/span>\n\t\t\t\t\t<\/span>\n\t\t\t\t\t<\/a>\n\t\t\t\t<\/div>\n\t\t\t\t\t\t\t\t<\/div>\n\t\t\t\t<\/div>\n\t\t\t\t<\/div>\n\t\t<div class=\"elementor-element elementor-element-d0820a9 e-con-full e-flex e-con e-child\" data-id=\"d0820a9\" data-element_type=\"container\" data-e-type=\"container\">\n\t\t\t\t<\/div>\n\t\t\t\t<\/div>\n\t\t\t\t\t<\/div>\n\t\t\t\t<\/div>\n\t\t\t\t<\/div>\n\t\t","protected":false},"excerpt":{"rendered":"<p>Automotive Ge\u00e4tzte Dichtungen, Federn, Lautsprechergitter, Filter, dekorative Elemente, wie Einstiegsleisten, etc. z\u00e4hlen zu den typischen \u00c4tzteilen. Wie k\u00f6nnen wir Ihnen weiterhelfen? Mehr Elektro \/ Elektronik Halbleiter, Leadframes, Abschirmgeh\u00e4use, etc. \u00dcberall dort, wo Stanzteile an Ihre Grenzen kommen, ist die \u00c4tztechnologie f\u00fcr Elektroteile die richtige L\u00f6sung Mehr Medizin Die gratfreien \u00c4tz-Produkte erf\u00fcllen die hohen Qualit\u00e4tsstandards der [&hellip;]<\/p>\n","protected":false},"author":1,"featured_media":0,"parent":0,"menu_order":0,"comment_status":"closed","ping_status":"closed","template":"","meta":{"footnotes":""},"class_list":["post-568","page","type-page","status-publish","hentry"],"yoast_head":"<!-- This site is optimized with the Yoast SEO plugin v27.3 - https:\/\/yoast.com\/product\/yoast-seo-wordpress\/ -->\n<title>Branchen - HPetch<\/title>\n<meta name=\"robots\" content=\"index, follow, max-snippet:-1, max-image-preview:large, max-video-preview:-1\" \/>\n<link rel=\"canonical\" href=\"https:\/\/www.hpetch.se\/de\/branchen\/\" \/>\n<meta property=\"og:locale\" content=\"de_DE\" \/>\n<meta property=\"og:type\" content=\"article\" \/>\n<meta property=\"og:title\" content=\"Branchen - HPetch\" \/>\n<meta property=\"og:description\" content=\"Automotive Ge\u00e4tzte Dichtungen, Federn, Lautsprechergitter, Filter, dekorative Elemente, wie Einstiegsleisten, etc. z\u00e4hlen zu den typischen \u00c4tzteilen. Wie k\u00f6nnen wir Ihnen weiterhelfen? Mehr Elektro \/ Elektronik Halbleiter, Leadframes, Abschirmgeh\u00e4use, etc. \u00dcberall dort, wo Stanzteile an Ihre Grenzen kommen, ist die \u00c4tztechnologie f\u00fcr Elektroteile die richtige L\u00f6sung Mehr Medizin Die gratfreien \u00c4tz-Produkte erf\u00fcllen die hohen Qualit\u00e4tsstandards der [&hellip;]\" \/>\n<meta property=\"og:url\" content=\"https:\/\/www.hpetch.se\/de\/branchen\/\" \/>\n<meta property=\"og:site_name\" content=\"HPetch\" \/>\n<meta property=\"article:modified_time\" content=\"2024-11-08T13:49:43+00:00\" \/>\n<meta property=\"og:image\" content=\"https:\/\/hpetch.wickeder.de\/wp-content\/uploads\/sites\/6\/2024\/10\/Automobil_386-191-1.jpg\" \/>\n<meta name=\"twitter:card\" content=\"summary_large_image\" \/>\n<meta name=\"twitter:label1\" content=\"Gesch\u00e4tzte Lesezeit\" \/>\n\t<meta name=\"twitter:data1\" content=\"1\u00a0Minute\" \/>\n<script type=\"application\/ld+json\" class=\"yoast-schema-graph\">{\"@context\":\"https:\\\/\\\/schema.org\",\"@graph\":[{\"@type\":\"WebPage\",\"@id\":\"https:\\\/\\\/www.hpetch.se\\\/de\\\/branchen\\\/\",\"url\":\"https:\\\/\\\/www.hpetch.se\\\/de\\\/branchen\\\/\",\"name\":\"Branchen - HPetch\",\"isPartOf\":{\"@id\":\"https:\\\/\\\/www.hpetch.se\\\/de\\\/#website\"},\"primaryImageOfPage\":{\"@id\":\"https:\\\/\\\/www.hpetch.se\\\/de\\\/branchen\\\/#primaryimage\"},\"image\":{\"@id\":\"https:\\\/\\\/www.hpetch.se\\\/de\\\/branchen\\\/#primaryimage\"},\"thumbnailUrl\":\"https:\\\/\\\/hpetch.wickeder.de\\\/wp-content\\\/uploads\\\/sites\\\/6\\\/2024\\\/10\\\/Automobil_386-191-1.jpg\",\"datePublished\":\"2019-12-11T22:24:24+00:00\",\"dateModified\":\"2024-11-08T13:49:43+00:00\",\"breadcrumb\":{\"@id\":\"https:\\\/\\\/www.hpetch.se\\\/de\\\/branchen\\\/#breadcrumb\"},\"inLanguage\":\"de\",\"potentialAction\":[{\"@type\":\"ReadAction\",\"target\":[\"https:\\\/\\\/www.hpetch.se\\\/de\\\/branchen\\\/\"]}]},{\"@type\":\"ImageObject\",\"inLanguage\":\"de\",\"@id\":\"https:\\\/\\\/www.hpetch.se\\\/de\\\/branchen\\\/#primaryimage\",\"url\":\"https:\\\/\\\/hpetch.wickeder.de\\\/wp-content\\\/uploads\\\/sites\\\/6\\\/2024\\\/10\\\/Automobil_386-191-1.jpg\",\"contentUrl\":\"https:\\\/\\\/hpetch.wickeder.de\\\/wp-content\\\/uploads\\\/sites\\\/6\\\/2024\\\/10\\\/Automobil_386-191-1.jpg\"},{\"@type\":\"BreadcrumbList\",\"@id\":\"https:\\\/\\\/www.hpetch.se\\\/de\\\/branchen\\\/#breadcrumb\",\"itemListElement\":[{\"@type\":\"ListItem\",\"position\":1,\"name\":\"Startseite\",\"item\":\"https:\\\/\\\/www.hpetch.se\\\/de\\\/home\\\/\"},{\"@type\":\"ListItem\",\"position\":2,\"name\":\"Branchen\"}]},{\"@type\":\"WebSite\",\"@id\":\"https:\\\/\\\/www.hpetch.se\\\/de\\\/#website\",\"url\":\"https:\\\/\\\/www.hpetch.se\\\/de\\\/\",\"name\":\"HPetch\",\"description\":\"Form\u00e4tzteile in Pr\u00e4zision, Polymerbeschichtung\",\"publisher\":{\"@id\":\"https:\\\/\\\/www.hpetch.se\\\/de\\\/#organization\"},\"potentialAction\":[{\"@type\":\"SearchAction\",\"target\":{\"@type\":\"EntryPoint\",\"urlTemplate\":\"https:\\\/\\\/www.hpetch.se\\\/de\\\/?s={search_term_string}\"},\"query-input\":{\"@type\":\"PropertyValueSpecification\",\"valueRequired\":true,\"valueName\":\"search_term_string\"}}],\"inLanguage\":\"de\"},{\"@type\":\"Organization\",\"@id\":\"https:\\\/\\\/www.hpetch.se\\\/de\\\/#organization\",\"name\":\"HPetch\",\"url\":\"https:\\\/\\\/www.hpetch.se\\\/de\\\/\",\"logo\":{\"@type\":\"ImageObject\",\"inLanguage\":\"de\",\"@id\":\"https:\\\/\\\/www.hpetch.se\\\/de\\\/#\\\/schema\\\/logo\\\/image\\\/\",\"url\":\"https:\\\/\\\/www.hpetch.se\\\/wp-content\\\/uploads\\\/sites\\\/6\\\/2019\\\/11\\\/hpecht_2025_randlos_400px.jpg\",\"contentUrl\":\"https:\\\/\\\/www.hpetch.se\\\/wp-content\\\/uploads\\\/sites\\\/6\\\/2019\\\/11\\\/hpecht_2025_randlos_400px.jpg\",\"width\":400,\"height\":159,\"caption\":\"HPetch\"},\"image\":{\"@id\":\"https:\\\/\\\/www.hpetch.se\\\/de\\\/#\\\/schema\\\/logo\\\/image\\\/\"}}]}<\/script>\n<!-- \/ Yoast SEO plugin. -->","yoast_head_json":{"title":"Branchen - HPetch","robots":{"index":"index","follow":"follow","max-snippet":"max-snippet:-1","max-image-preview":"max-image-preview:large","max-video-preview":"max-video-preview:-1"},"canonical":"https:\/\/www.hpetch.se\/de\/branchen\/","og_locale":"de_DE","og_type":"article","og_title":"Branchen - HPetch","og_description":"Automotive Ge\u00e4tzte Dichtungen, Federn, Lautsprechergitter, Filter, dekorative Elemente, wie Einstiegsleisten, etc. z\u00e4hlen zu den typischen \u00c4tzteilen. Wie k\u00f6nnen wir Ihnen weiterhelfen? Mehr Elektro \/ Elektronik Halbleiter, Leadframes, Abschirmgeh\u00e4use, etc. \u00dcberall dort, wo Stanzteile an Ihre Grenzen kommen, ist die \u00c4tztechnologie f\u00fcr Elektroteile die richtige L\u00f6sung Mehr Medizin Die gratfreien \u00c4tz-Produkte erf\u00fcllen die hohen Qualit\u00e4tsstandards der [&hellip;]","og_url":"https:\/\/www.hpetch.se\/de\/branchen\/","og_site_name":"HPetch","article_modified_time":"2024-11-08T13:49:43+00:00","og_image":[{"url":"https:\/\/hpetch.wickeder.de\/wp-content\/uploads\/sites\/6\/2024\/10\/Automobil_386-191-1.jpg","type":"","width":"","height":""}],"twitter_card":"summary_large_image","twitter_misc":{"Gesch\u00e4tzte Lesezeit":"1\u00a0Minute"},"schema":{"@context":"https:\/\/schema.org","@graph":[{"@type":"WebPage","@id":"https:\/\/www.hpetch.se\/de\/branchen\/","url":"https:\/\/www.hpetch.se\/de\/branchen\/","name":"Branchen - HPetch","isPartOf":{"@id":"https:\/\/www.hpetch.se\/de\/#website"},"primaryImageOfPage":{"@id":"https:\/\/www.hpetch.se\/de\/branchen\/#primaryimage"},"image":{"@id":"https:\/\/www.hpetch.se\/de\/branchen\/#primaryimage"},"thumbnailUrl":"https:\/\/hpetch.wickeder.de\/wp-content\/uploads\/sites\/6\/2024\/10\/Automobil_386-191-1.jpg","datePublished":"2019-12-11T22:24:24+00:00","dateModified":"2024-11-08T13:49:43+00:00","breadcrumb":{"@id":"https:\/\/www.hpetch.se\/de\/branchen\/#breadcrumb"},"inLanguage":"de","potentialAction":[{"@type":"ReadAction","target":["https:\/\/www.hpetch.se\/de\/branchen\/"]}]},{"@type":"ImageObject","inLanguage":"de","@id":"https:\/\/www.hpetch.se\/de\/branchen\/#primaryimage","url":"https:\/\/hpetch.wickeder.de\/wp-content\/uploads\/sites\/6\/2024\/10\/Automobil_386-191-1.jpg","contentUrl":"https:\/\/hpetch.wickeder.de\/wp-content\/uploads\/sites\/6\/2024\/10\/Automobil_386-191-1.jpg"},{"@type":"BreadcrumbList","@id":"https:\/\/www.hpetch.se\/de\/branchen\/#breadcrumb","itemListElement":[{"@type":"ListItem","position":1,"name":"Startseite","item":"https:\/\/www.hpetch.se\/de\/home\/"},{"@type":"ListItem","position":2,"name":"Branchen"}]},{"@type":"WebSite","@id":"https:\/\/www.hpetch.se\/de\/#website","url":"https:\/\/www.hpetch.se\/de\/","name":"HPetch","description":"Form\u00e4tzteile in Pr\u00e4zision, Polymerbeschichtung","publisher":{"@id":"https:\/\/www.hpetch.se\/de\/#organization"},"potentialAction":[{"@type":"SearchAction","target":{"@type":"EntryPoint","urlTemplate":"https:\/\/www.hpetch.se\/de\/?s={search_term_string}"},"query-input":{"@type":"PropertyValueSpecification","valueRequired":true,"valueName":"search_term_string"}}],"inLanguage":"de"},{"@type":"Organization","@id":"https:\/\/www.hpetch.se\/de\/#organization","name":"HPetch","url":"https:\/\/www.hpetch.se\/de\/","logo":{"@type":"ImageObject","inLanguage":"de","@id":"https:\/\/www.hpetch.se\/de\/#\/schema\/logo\/image\/","url":"https:\/\/www.hpetch.se\/wp-content\/uploads\/sites\/6\/2019\/11\/hpecht_2025_randlos_400px.jpg","contentUrl":"https:\/\/www.hpetch.se\/wp-content\/uploads\/sites\/6\/2019\/11\/hpecht_2025_randlos_400px.jpg","width":400,"height":159,"caption":"HPetch"},"image":{"@id":"https:\/\/www.hpetch.se\/de\/#\/schema\/logo\/image\/"}}]}},"_links":{"self":[{"href":"https:\/\/www.hpetch.se\/de\/wp-json\/wp\/v2\/pages\/568","targetHints":{"allow":["GET"]}}],"collection":[{"href":"https:\/\/www.hpetch.se\/de\/wp-json\/wp\/v2\/pages"}],"about":[{"href":"https:\/\/www.hpetch.se\/de\/wp-json\/wp\/v2\/types\/page"}],"author":[{"embeddable":true,"href":"https:\/\/www.hpetch.se\/de\/wp-json\/wp\/v2\/users\/1"}],"replies":[{"embeddable":true,"href":"https:\/\/www.hpetch.se\/de\/wp-json\/wp\/v2\/comments?post=568"}],"version-history":[{"count":75,"href":"https:\/\/www.hpetch.se\/de\/wp-json\/wp\/v2\/pages\/568\/revisions"}],"predecessor-version":[{"id":3360,"href":"https:\/\/www.hpetch.se\/de\/wp-json\/wp\/v2\/pages\/568\/revisions\/3360"}],"wp:attachment":[{"href":"https:\/\/www.hpetch.se\/de\/wp-json\/wp\/v2\/media?parent=568"}],"curies":[{"name":"wp","href":"https:\/\/api.w.org\/{rel}","templated":true}]}}