{"id":59,"date":"2019-11-21T11:31:04","date_gmt":"2019-11-21T10:31:04","guid":{"rendered":"https:\/\/hpetch.wickeder.wickeder.de\/?page_id=59"},"modified":"2024-11-14T12:38:10","modified_gmt":"2024-11-14T11:38:10","slug":"impressum","status":"publish","type":"page","link":"https:\/\/www.hpetch.se\/de\/impressum\/","title":{"rendered":"Impressum"},"content":{"rendered":"\t\t<div data-elementor-type=\"wp-page\" data-elementor-id=\"59\" class=\"elementor elementor-59\" data-elementor-post-type=\"page\">\n\t\t\t\t\t\t<section class=\"elementor-section elementor-top-section elementor-element elementor-element-c68c633 elementor-section-boxed elementor-section-height-default elementor-section-height-default\" data-id=\"c68c633\" data-element_type=\"section\" data-e-type=\"section\">\n\t\t\t\t\t\t<div class=\"elementor-container elementor-column-gap-default\">\n\t\t\t\t\t<div class=\"elementor-column elementor-col-100 elementor-top-column elementor-element elementor-element-c2d0f1f\" data-id=\"c2d0f1f\" data-element_type=\"column\" data-e-type=\"column\">\n\t\t\t<div class=\"elementor-widget-wrap elementor-element-populated\">\n\t\t\t\t\t\t<div class=\"elementor-element elementor-element-69950b6 elementor-widget elementor-widget-text-editor\" data-id=\"69950b6\" data-element_type=\"widget\" data-e-type=\"widget\" data-widget_type=\"text-editor.default\">\n\t\t\t\t<div class=\"elementor-widget-container\">\n\t\t\t\t\t\t\t\t\t<div id=\"c49536\"><div id=\"c49536\"><h2 class=\"csc-firstHeader layout-2\">Anbieter<\/h2><p><b>HP Etch AB<br \/><\/b>Elektronikh\u00f6jden 6<br \/>17543 J\u00e4rf\u00e4lla<br \/>Schweden<br \/>Tel. +46 (0) 8588 8230-0<br \/><a href=\"mailto:info@hpetch.se\">info@hpetch.se<\/a><\/p><\/div><div id=\"c49534\" class=\"csc-space-before-15\"><h2 class=\"layout-2\">Vertreten durch den Gesch\u00e4ftsf\u00fchrer<\/h2><p>Jennie Fors<br \/>VAT-ID: SE556545139901<br \/>Org. no: 556545-1399<br \/>Gesellschafssitz: J\u00e4rf\u00e4lla<\/p><\/div><div id=\"c49532\" class=\"csc-space-before-15\"><h2 class=\"layout-2\">Urheberrecht<\/h2><p>Copyright HP Etch Alle Rechte vorbehalten. Alle Texte, Bilder, Graphiken, Ton-, Video- und Animationsdateien sowie ihre Arrangements unterliegen dem Urheberrecht und anderen Gesetzen zum Schutz geistigen Eigentums. Sie d\u00fcrfen weder f\u00fcr Handelszwecke oder zur Weitergabe kopiert, noch ver\u00e4ndert und auf anderen Web-Sites verwendet werden. Einige Wickeder Westfalenstahl-Internet-Seiten enthalten auch Bilder, die dem Urheberrecht derjenigen unterliegen, die diese zur Verf\u00fcgung gestellt haben.<\/p><\/div><div id=\"c49528\" class=\"csc-space-before-15\"><h2 class=\"layout-2\">Konzeption und Realisierung<\/h2><p>HP Etch AB<br \/>F\u00fcr Fragen zu HP Etch AB\u00a0oder auch Anregungen zum Aufbau oder Inhalt dieser Website wenden Sie sich bitte an:<br \/>Jennie Fors<br \/>HP Etch AB<br \/>Tel: +46 (0) 8588 8230-0<\/p><\/div><div id=\"c49526\" class=\"csc-space-before-15\"><h2 class=\"layout-2\">Handelsmarken<\/h2><p>die auf Internet-Seiten genannten Handelsmarken sind gesetzlich gesch\u00fctzte Warenzeichen von Wickeder Westfalenstahl, einschlie\u00dflich der Produktnamen sowie Logos und Emblemen des Unternehmens.<\/p><\/div><\/div>\t\t\t\t\t\t\t\t<\/div>\n\t\t\t\t<\/div>\n\t\t\t\t\t<\/div>\n\t\t<\/div>\n\t\t\t\t\t<\/div>\n\t\t<\/section>\n\t\t\t\t<\/div>\n\t\t","protected":false},"excerpt":{"rendered":"<p>Anbieter HP Etch ABElektronikh\u00f6jden 617543 J\u00e4rf\u00e4llaSchwedenTel. +46 (0) 8588 8230-0info@hpetch.se Vertreten durch den Gesch\u00e4ftsf\u00fchrer Jennie ForsVAT-ID: SE556545139901Org. no: 556545-1399Gesellschafssitz: J\u00e4rf\u00e4lla Urheberrecht Copyright HP Etch Alle Rechte vorbehalten. Alle Texte, Bilder, Graphiken, Ton-, Video- und Animationsdateien sowie ihre Arrangements unterliegen dem Urheberrecht und anderen Gesetzen zum Schutz geistigen Eigentums. Sie d\u00fcrfen weder f\u00fcr Handelszwecke oder zur [&hellip;]<\/p>\n","protected":false},"author":1,"featured_media":0,"parent":0,"menu_order":0,"comment_status":"closed","ping_status":"closed","template":"","meta":{"footnotes":""},"class_list":["post-59","page","type-page","status-publish","hentry"],"yoast_head":"<!-- This site is optimized with the Yoast SEO plugin v27.3 - https:\/\/yoast.com\/product\/yoast-seo-wordpress\/ -->\n<title>Impressum - HPetch<\/title>\n<meta name=\"robots\" content=\"index, follow, max-snippet:-1, max-image-preview:large, max-video-preview:-1\" \/>\n<link rel=\"canonical\" href=\"https:\/\/www.hpetch.se\/de\/impressum\/\" \/>\n<meta property=\"og:locale\" content=\"de_DE\" \/>\n<meta property=\"og:type\" content=\"article\" \/>\n<meta property=\"og:title\" content=\"Impressum - HPetch\" \/>\n<meta property=\"og:description\" content=\"Anbieter HP Etch ABElektronikh\u00f6jden 617543 J\u00e4rf\u00e4llaSchwedenTel. +46 (0) 8588 8230-0info@hpetch.se Vertreten durch den Gesch\u00e4ftsf\u00fchrer Jennie ForsVAT-ID: SE556545139901Org. no: 556545-1399Gesellschafssitz: J\u00e4rf\u00e4lla Urheberrecht Copyright HP Etch Alle Rechte vorbehalten. Alle Texte, Bilder, Graphiken, Ton-, Video- und Animationsdateien sowie ihre Arrangements unterliegen dem Urheberrecht und anderen Gesetzen zum Schutz geistigen Eigentums. Sie d\u00fcrfen weder f\u00fcr Handelszwecke oder zur [&hellip;]\" \/>\n<meta property=\"og:url\" content=\"https:\/\/www.hpetch.se\/de\/impressum\/\" \/>\n<meta property=\"og:site_name\" content=\"HPetch\" \/>\n<meta property=\"article:modified_time\" content=\"2024-11-14T11:38:10+00:00\" \/>\n<meta name=\"twitter:card\" content=\"summary_large_image\" \/>\n<meta name=\"twitter:label1\" content=\"Gesch\u00e4tzte Lesezeit\" \/>\n\t<meta name=\"twitter:data1\" content=\"1\u00a0Minute\" \/>\n<script type=\"application\/ld+json\" class=\"yoast-schema-graph\">{\"@context\":\"https:\\\/\\\/schema.org\",\"@graph\":[{\"@type\":\"WebPage\",\"@id\":\"https:\\\/\\\/www.hpetch.se\\\/de\\\/impressum\\\/\",\"url\":\"https:\\\/\\\/www.hpetch.se\\\/de\\\/impressum\\\/\",\"name\":\"Impressum - HPetch\",\"isPartOf\":{\"@id\":\"https:\\\/\\\/www.hpetch.se\\\/de\\\/#website\"},\"datePublished\":\"2019-11-21T10:31:04+00:00\",\"dateModified\":\"2024-11-14T11:38:10+00:00\",\"breadcrumb\":{\"@id\":\"https:\\\/\\\/www.hpetch.se\\\/de\\\/impressum\\\/#breadcrumb\"},\"inLanguage\":\"de\",\"potentialAction\":[{\"@type\":\"ReadAction\",\"target\":[\"https:\\\/\\\/www.hpetch.se\\\/de\\\/impressum\\\/\"]}]},{\"@type\":\"BreadcrumbList\",\"@id\":\"https:\\\/\\\/www.hpetch.se\\\/de\\\/impressum\\\/#breadcrumb\",\"itemListElement\":[{\"@type\":\"ListItem\",\"position\":1,\"name\":\"Startseite\",\"item\":\"https:\\\/\\\/www.hpetch.se\\\/de\\\/home\\\/\"},{\"@type\":\"ListItem\",\"position\":2,\"name\":\"Impressum\"}]},{\"@type\":\"WebSite\",\"@id\":\"https:\\\/\\\/www.hpetch.se\\\/de\\\/#website\",\"url\":\"https:\\\/\\\/www.hpetch.se\\\/de\\\/\",\"name\":\"HPetch\",\"description\":\"Form\u00e4tzteile in Pr\u00e4zision, Polymerbeschichtung\",\"publisher\":{\"@id\":\"https:\\\/\\\/www.hpetch.se\\\/de\\\/#organization\"},\"potentialAction\":[{\"@type\":\"SearchAction\",\"target\":{\"@type\":\"EntryPoint\",\"urlTemplate\":\"https:\\\/\\\/www.hpetch.se\\\/de\\\/?s={search_term_string}\"},\"query-input\":{\"@type\":\"PropertyValueSpecification\",\"valueRequired\":true,\"valueName\":\"search_term_string\"}}],\"inLanguage\":\"de\"},{\"@type\":\"Organization\",\"@id\":\"https:\\\/\\\/www.hpetch.se\\\/de\\\/#organization\",\"name\":\"HPetch\",\"url\":\"https:\\\/\\\/www.hpetch.se\\\/de\\\/\",\"logo\":{\"@type\":\"ImageObject\",\"inLanguage\":\"de\",\"@id\":\"https:\\\/\\\/www.hpetch.se\\\/de\\\/#\\\/schema\\\/logo\\\/image\\\/\",\"url\":\"https:\\\/\\\/www.hpetch.se\\\/wp-content\\\/uploads\\\/sites\\\/6\\\/2019\\\/11\\\/hpecht_2025_randlos_400px.jpg\",\"contentUrl\":\"https:\\\/\\\/www.hpetch.se\\\/wp-content\\\/uploads\\\/sites\\\/6\\\/2019\\\/11\\\/hpecht_2025_randlos_400px.jpg\",\"width\":400,\"height\":159,\"caption\":\"HPetch\"},\"image\":{\"@id\":\"https:\\\/\\\/www.hpetch.se\\\/de\\\/#\\\/schema\\\/logo\\\/image\\\/\"}}]}<\/script>\n<!-- \/ Yoast SEO plugin. -->","yoast_head_json":{"title":"Impressum - HPetch","robots":{"index":"index","follow":"follow","max-snippet":"max-snippet:-1","max-image-preview":"max-image-preview:large","max-video-preview":"max-video-preview:-1"},"canonical":"https:\/\/www.hpetch.se\/de\/impressum\/","og_locale":"de_DE","og_type":"article","og_title":"Impressum - HPetch","og_description":"Anbieter HP Etch ABElektronikh\u00f6jden 617543 J\u00e4rf\u00e4llaSchwedenTel. +46 (0) 8588 8230-0info@hpetch.se Vertreten durch den Gesch\u00e4ftsf\u00fchrer Jennie ForsVAT-ID: SE556545139901Org. no: 556545-1399Gesellschafssitz: J\u00e4rf\u00e4lla Urheberrecht Copyright HP Etch Alle Rechte vorbehalten. Alle Texte, Bilder, Graphiken, Ton-, Video- und Animationsdateien sowie ihre Arrangements unterliegen dem Urheberrecht und anderen Gesetzen zum Schutz geistigen Eigentums. Sie d\u00fcrfen weder f\u00fcr Handelszwecke oder zur [&hellip;]","og_url":"https:\/\/www.hpetch.se\/de\/impressum\/","og_site_name":"HPetch","article_modified_time":"2024-11-14T11:38:10+00:00","twitter_card":"summary_large_image","twitter_misc":{"Gesch\u00e4tzte Lesezeit":"1\u00a0Minute"},"schema":{"@context":"https:\/\/schema.org","@graph":[{"@type":"WebPage","@id":"https:\/\/www.hpetch.se\/de\/impressum\/","url":"https:\/\/www.hpetch.se\/de\/impressum\/","name":"Impressum - HPetch","isPartOf":{"@id":"https:\/\/www.hpetch.se\/de\/#website"},"datePublished":"2019-11-21T10:31:04+00:00","dateModified":"2024-11-14T11:38:10+00:00","breadcrumb":{"@id":"https:\/\/www.hpetch.se\/de\/impressum\/#breadcrumb"},"inLanguage":"de","potentialAction":[{"@type":"ReadAction","target":["https:\/\/www.hpetch.se\/de\/impressum\/"]}]},{"@type":"BreadcrumbList","@id":"https:\/\/www.hpetch.se\/de\/impressum\/#breadcrumb","itemListElement":[{"@type":"ListItem","position":1,"name":"Startseite","item":"https:\/\/www.hpetch.se\/de\/home\/"},{"@type":"ListItem","position":2,"name":"Impressum"}]},{"@type":"WebSite","@id":"https:\/\/www.hpetch.se\/de\/#website","url":"https:\/\/www.hpetch.se\/de\/","name":"HPetch","description":"Form\u00e4tzteile in Pr\u00e4zision, Polymerbeschichtung","publisher":{"@id":"https:\/\/www.hpetch.se\/de\/#organization"},"potentialAction":[{"@type":"SearchAction","target":{"@type":"EntryPoint","urlTemplate":"https:\/\/www.hpetch.se\/de\/?s={search_term_string}"},"query-input":{"@type":"PropertyValueSpecification","valueRequired":true,"valueName":"search_term_string"}}],"inLanguage":"de"},{"@type":"Organization","@id":"https:\/\/www.hpetch.se\/de\/#organization","name":"HPetch","url":"https:\/\/www.hpetch.se\/de\/","logo":{"@type":"ImageObject","inLanguage":"de","@id":"https:\/\/www.hpetch.se\/de\/#\/schema\/logo\/image\/","url":"https:\/\/www.hpetch.se\/wp-content\/uploads\/sites\/6\/2019\/11\/hpecht_2025_randlos_400px.jpg","contentUrl":"https:\/\/www.hpetch.se\/wp-content\/uploads\/sites\/6\/2019\/11\/hpecht_2025_randlos_400px.jpg","width":400,"height":159,"caption":"HPetch"},"image":{"@id":"https:\/\/www.hpetch.se\/de\/#\/schema\/logo\/image\/"}}]}},"_links":{"self":[{"href":"https:\/\/www.hpetch.se\/de\/wp-json\/wp\/v2\/pages\/59","targetHints":{"allow":["GET"]}}],"collection":[{"href":"https:\/\/www.hpetch.se\/de\/wp-json\/wp\/v2\/pages"}],"about":[{"href":"https:\/\/www.hpetch.se\/de\/wp-json\/wp\/v2\/types\/page"}],"author":[{"embeddable":true,"href":"https:\/\/www.hpetch.se\/de\/wp-json\/wp\/v2\/users\/1"}],"replies":[{"embeddable":true,"href":"https:\/\/www.hpetch.se\/de\/wp-json\/wp\/v2\/comments?post=59"}],"version-history":[{"count":5,"href":"https:\/\/www.hpetch.se\/de\/wp-json\/wp\/v2\/pages\/59\/revisions"}],"predecessor-version":[{"id":3454,"href":"https:\/\/www.hpetch.se\/de\/wp-json\/wp\/v2\/pages\/59\/revisions\/3454"}],"wp:attachment":[{"href":"https:\/\/www.hpetch.se\/de\/wp-json\/wp\/v2\/media?parent=59"}],"curies":[{"name":"wp","href":"https:\/\/api.w.org\/{rel}","templated":true}]}}