{"id":2746,"date":"2024-10-24T13:38:19","date_gmt":"2024-10-24T11:38:19","guid":{"rendered":"https:\/\/hpetch.wickeder.de\/industry-sectors\/automotive\/"},"modified":"2024-11-08T13:52:31","modified_gmt":"2024-11-08T12:52:31","slug":"automotive","status":"publish","type":"page","link":"https:\/\/www.hpetch.se\/en\/industry-sectors\/automotive\/","title":{"rendered":"Automotive"},"content":{"rendered":"\t\t<div data-elementor-type=\"wp-page\" data-elementor-id=\"2746\" class=\"elementor elementor-2746 elementor-1073\" data-elementor-post-type=\"page\">\n\t\t\t\t<div class=\"elementor-element elementor-element-84a996c e-flex e-con-boxed e-con e-parent\" data-id=\"84a996c\" data-element_type=\"container\" data-e-type=\"container\" data-settings=\"{&quot;background_background&quot;:&quot;classic&quot;}\">\n\t\t\t\t\t<div class=\"e-con-inner\">\n\t\t\t\t<div class=\"elementor-element elementor-element-edc6c25 elementor-widget elementor-widget-heading\" data-id=\"edc6c25\" data-element_type=\"widget\" data-e-type=\"widget\" data-widget_type=\"heading.default\">\n\t\t\t\t<div class=\"elementor-widget-container\">\n\t\t\t\t\t<h2 class=\"elementor-heading-title elementor-size-default\">Etching parts for the automotive industry<\/h2>\t\t\t\t<\/div>\n\t\t\t\t<\/div>\n\t\t<div class=\"elementor-element elementor-element-71cd5df e-con-full e-flex e-con e-child\" data-id=\"71cd5df\" data-element_type=\"container\" data-e-type=\"container\" data-settings=\"{&quot;background_background&quot;:&quot;classic&quot;}\">\n\t\t<div class=\"elementor-element elementor-element-5fdb125 e-con-full e-flex e-con e-child\" data-id=\"5fdb125\" data-element_type=\"container\" data-e-type=\"container\">\n\t\t\t\t<div class=\"elementor-element elementor-element-f95ae0f elementor-widget elementor-widget-image\" data-id=\"f95ae0f\" data-element_type=\"widget\" data-e-type=\"widget\" data-widget_type=\"image.default\">\n\t\t\t\t<div class=\"elementor-widget-container\">\n\t\t\t\t\t\t\t\t\t\t\t\t\t\t\t<img fetchpriority=\"high\" decoding=\"async\" width=\"768\" height=\"380\" src=\"https:\/\/www.hpetch.se\/wp-content\/uploads\/sites\/6\/2024\/11\/HpEtch_filter.jpg\" class=\"attachment-large size-large wp-image-3107\" alt=\"\" \/>\t\t\t\t\t\t\t\t\t\t\t\t\t\t\t<\/div>\n\t\t\t\t<\/div>\n\t\t\t\t<div class=\"elementor-element elementor-element-5b6a1fd elementor-widget elementor-widget-image\" data-id=\"5b6a1fd\" data-element_type=\"widget\" data-e-type=\"widget\" data-widget_type=\"image.default\">\n\t\t\t\t<div class=\"elementor-widget-container\">\n\t\t\t\t\t\t\t\t\t\t\t\t\t\t\t<img decoding=\"async\" width=\"768\" height=\"380\" src=\"https:\/\/www.hpetch.se\/wp-content\/uploads\/sites\/6\/2024\/11\/Reel-to-reel.jpg\" class=\"attachment-large size-large wp-image-3104\" alt=\"\" \/>\t\t\t\t\t\t\t\t\t\t\t\t\t\t\t<\/div>\n\t\t\t\t<\/div>\n\t\t\t\t<\/div>\n\t\t<div class=\"elementor-element elementor-element-454e233 e-con-full e-flex e-con e-child\" data-id=\"454e233\" data-element_type=\"container\" data-e-type=\"container\">\n\t\t\t\t<div class=\"elementor-element elementor-element-ce044a2 elementor-widget elementor-widget-heading\" data-id=\"ce044a2\" data-element_type=\"widget\" data-e-type=\"widget\" data-widget_type=\"heading.default\">\n\t\t\t\t<div class=\"elementor-widget-container\">\n\t\t\t\t\t<h3 class=\"elementor-heading-title elementor-size-default\">Precision Etched Parts for the Automotive Industry<\/h3>\t\t\t\t<\/div>\n\t\t\t\t<\/div>\n\t\t\t\t<div class=\"elementor-element elementor-element-242fff5 elementor-widget elementor-widget-text-editor\" data-id=\"242fff5\" data-element_type=\"widget\" data-e-type=\"widget\" data-widget_type=\"text-editor.default\">\n\t\t\t\t<div class=\"elementor-widget-container\">\n\t\t\t\t\t\t\t\t\t<p>HP Etch manufactures many different etch parts for the automotive industry, i.e. fuel injection, filters, decorative elements, precision springs, electrical contact parts, wiring components, etc.<\/p>\n\t\t\t\t\t\t\t\t<\/div>\n\t\t\t\t<\/div>\n\t\t\t\t<div class=\"elementor-element elementor-element-773224b elementor-widget elementor-widget-text-editor\" data-id=\"773224b\" data-element_type=\"widget\" data-e-type=\"widget\" data-widget_type=\"text-editor.default\">\n\t\t\t\t<div class=\"elementor-widget-container\">\n\t\t\t\t\t\t\t\t\t<p><span title=\"\u00c4tzen vs.\"><b>Etching vs.\u00a0<\/b><\/span><span title=\"Stanzen \u00a0 \"><b>punching<\/b><br \/>\n<\/span><\/p>\n\t\t\t\t\t\t\t\t<\/div>\n\t\t\t\t<\/div>\n\t\t\t\t<div class=\"elementor-element elementor-element-83c97c5 elementor-widget elementor-widget-text-editor\" data-id=\"83c97c5\" data-element_type=\"widget\" data-e-type=\"widget\" data-widget_type=\"text-editor.default\">\n\t\t\t\t<div class=\"elementor-widget-container\">\n\t\t\t\t\t\t\t\t\t<p><span title=\"Das \u00c4tzverfahren bietet gegen\u00fcber dem traditionellen Stanzverfahren Vorteile, was vor allem Anwendung findet, wenn die Applikation starken Belastungen ausgesetzt ist.\">The etching process offers advantages\u00a0in comparison to\u00a0the traditional stamping process, which is mainly used when the application is exposed to heavy loads.\u00a0<\/span><span title=\"Beim Stanzprozess k\u00f6nnen Haarrisse entstehen, sodass Br\u00fcche verursacht werden k\u00f6nnen.\">The punching process can cause hairline cracks and causing breaks.\u00a0<\/span><span title=\"\u00c4tzen kann ohne jegliche Gef\u00fcge-Ver\u00e4nderung und mechanische Belastung auskommen.\">Etching can be done without any structural change and mechanical stress.\u00a0<\/span><span title=\"Da keine Werkzeugkosten anfallen sind die gew\u00fcnschten Pr\u00e4zisionsformteile wirtschaftlich attraktiv und schnell lieferbar. \u00a0 \">Since low\u00a0 tooling costs incurred, the desired precision etched parts\u00a0are economically attractive and quickly available.<\/span><\/p>\n\t\t\t\t\t\t\t\t<\/div>\n\t\t\t\t<\/div>\n\t\t\t\t<div class=\"elementor-element elementor-element-7206839 elementor-widget elementor-widget-text-editor\" data-id=\"7206839\" data-element_type=\"widget\" data-e-type=\"widget\" data-widget_type=\"text-editor.default\">\n\t\t\t\t<div class=\"elementor-widget-container\">\n\t\t\t\t\t\t\t\t\t<p><b>Prototypes<\/b><\/p>\n\t\t\t\t\t\t\t\t<\/div>\n\t\t\t\t<\/div>\n\t\t\t\t<div class=\"elementor-element elementor-element-5a8486e elementor-widget elementor-widget-text-editor\" data-id=\"5a8486e\" data-element_type=\"widget\" data-e-type=\"widget\" data-widget_type=\"text-editor.default\">\n\t\t\t\t<div class=\"elementor-widget-container\">\n\t\t\t\t\t\t\t\t\t<p><span title=\"Ein ganz besonderer positiver Aspekt liegt in der Prototypenfertigung.\">A very special positive aspect is the prototype production.\u00a0<\/span><span title=\"Durch eine St\u00fcckzahl ab einem St\u00fcck k\u00f6nnen Sie Ihre Anforderungen am Prototyp gezielt testen.\">With a quantity of one piece and above, you can specifically test your prototype requirements.\u00a0<\/span><span title=\"Kommt es dann zur Serienfertigung k\u00f6nnen wir Ihnen - neben unserer Sheet-Technologie - durch unsere Muttergesellschaft, die micrometal GmbH, das \u00c4tzen im Endlosverfahren (Reel-to-Reel) anbieten.\">If it then comes to series production, we can offer you &#8211; in addition to our sheet technology &#8211; through our parent company, micrometal GmbH, the etching process in a continuous process (reel-to-reel).<\/span><\/p>\n\t\t\t\t\t\t\t\t<\/div>\n\t\t\t\t<\/div>\n\t\t\t\t<\/div>\n\t\t\t\t<\/div>\n\t\t\t\t\t<\/div>\n\t\t\t\t<\/div>\n\t\t\t\t<\/div>\n\t\t","protected":false},"excerpt":{"rendered":"<p>Etching parts for the automotive industry Precision Etched Parts for the Automotive Industry HP Etch manufactures many different etch parts for the automotive industry, i.e. fuel injection, filters, decorative elements, precision springs, electrical contact parts, wiring components, etc. Etching vs.\u00a0punching The etching process offers advantages\u00a0in comparison to\u00a0the traditional stamping process, which is mainly used when [&hellip;]<\/p>\n","protected":false},"author":2,"featured_media":0,"parent":2658,"menu_order":1,"comment_status":"closed","ping_status":"closed","template":"","meta":{"footnotes":""},"class_list":["post-2746","page","type-page","status-publish","hentry"],"yoast_head":"<!-- This site is optimized with the Yoast SEO plugin v27.1.1 - https:\/\/yoast.com\/product\/yoast-seo-wordpress\/ -->\n<title>Automotive - HPetch<\/title>\n<meta name=\"robots\" content=\"index, follow, max-snippet:-1, max-image-preview:large, max-video-preview:-1\" \/>\n<link rel=\"canonical\" href=\"https:\/\/www.hpetch.se\/en\/industry-sectors\/automotive\/\" \/>\n<meta property=\"og:locale\" content=\"en_US\" \/>\n<meta property=\"og:type\" content=\"article\" \/>\n<meta property=\"og:title\" content=\"Automotive - HPetch\" \/>\n<meta property=\"og:description\" content=\"Etching parts for the automotive industry Precision Etched Parts for the Automotive Industry HP Etch manufactures many different etch parts for the automotive industry, i.e. fuel injection, filters, decorative elements, precision springs, electrical contact parts, wiring components, etc. Etching vs.\u00a0punching The etching process offers advantages\u00a0in comparison to\u00a0the traditional stamping process, which is mainly used when [&hellip;]\" \/>\n<meta property=\"og:url\" content=\"https:\/\/www.hpetch.se\/en\/industry-sectors\/automotive\/\" \/>\n<meta property=\"og:site_name\" content=\"HPetch\" \/>\n<meta property=\"article:modified_time\" content=\"2024-11-08T12:52:31+00:00\" \/>\n<meta property=\"og:image\" content=\"https:\/\/hpetch.wickeder.de\/wp-content\/uploads\/sites\/6\/2024\/11\/HpEtch_filter.jpg\" \/>\n<meta name=\"twitter:card\" content=\"summary_large_image\" \/>\n<meta name=\"twitter:label1\" content=\"Est. reading time\" \/>\n\t<meta name=\"twitter:data1\" content=\"1 minute\" \/>\n<script type=\"application\/ld+json\" class=\"yoast-schema-graph\">{\"@context\":\"https:\/\/schema.org\",\"@graph\":[{\"@type\":\"WebPage\",\"@id\":\"https:\/\/www.hpetch.se\/en\/industry-sectors\/automotive\/\",\"url\":\"https:\/\/www.hpetch.se\/en\/industry-sectors\/automotive\/\",\"name\":\"Automotive - HPetch\",\"isPartOf\":{\"@id\":\"https:\/\/www.hpetch.se\/en\/#website\"},\"primaryImageOfPage\":{\"@id\":\"https:\/\/www.hpetch.se\/en\/industry-sectors\/automotive\/#primaryimage\"},\"image\":{\"@id\":\"https:\/\/www.hpetch.se\/en\/industry-sectors\/automotive\/#primaryimage\"},\"thumbnailUrl\":\"https:\/\/hpetch.wickeder.de\/wp-content\/uploads\/sites\/6\/2024\/11\/HpEtch_filter.jpg\",\"datePublished\":\"2024-10-24T11:38:19+00:00\",\"dateModified\":\"2024-11-08T12:52:31+00:00\",\"breadcrumb\":{\"@id\":\"https:\/\/www.hpetch.se\/en\/industry-sectors\/automotive\/#breadcrumb\"},\"inLanguage\":\"en-US\",\"potentialAction\":[{\"@type\":\"ReadAction\",\"target\":[\"https:\/\/www.hpetch.se\/en\/industry-sectors\/automotive\/\"]}]},{\"@type\":\"ImageObject\",\"inLanguage\":\"en-US\",\"@id\":\"https:\/\/www.hpetch.se\/en\/industry-sectors\/automotive\/#primaryimage\",\"url\":\"https:\/\/hpetch.wickeder.de\/wp-content\/uploads\/sites\/6\/2024\/11\/HpEtch_filter.jpg\",\"contentUrl\":\"https:\/\/hpetch.wickeder.de\/wp-content\/uploads\/sites\/6\/2024\/11\/HpEtch_filter.jpg\"},{\"@type\":\"BreadcrumbList\",\"@id\":\"https:\/\/www.hpetch.se\/en\/industry-sectors\/automotive\/#breadcrumb\",\"itemListElement\":[{\"@type\":\"ListItem\",\"position\":1,\"name\":\"Startseite\",\"item\":\"https:\/\/www.hpetch.se\/en\/\"},{\"@type\":\"ListItem\",\"position\":2,\"name\":\"Industry Sectors\",\"item\":\"https:\/\/www.hpetch.se\/en\/industry-sectors\/\"},{\"@type\":\"ListItem\",\"position\":3,\"name\":\"Automotive\"}]},{\"@type\":\"WebSite\",\"@id\":\"https:\/\/www.hpetch.se\/en\/#website\",\"url\":\"https:\/\/www.hpetch.se\/en\/\",\"name\":\"HPetch\",\"description\":\"Form\u00e4tzteile in Pr\u00e4zision, Polymerbeschichtung\",\"publisher\":{\"@id\":\"https:\/\/www.hpetch.se\/en\/#organization\"},\"potentialAction\":[{\"@type\":\"SearchAction\",\"target\":{\"@type\":\"EntryPoint\",\"urlTemplate\":\"https:\/\/www.hpetch.se\/en\/?s={search_term_string}\"},\"query-input\":{\"@type\":\"PropertyValueSpecification\",\"valueRequired\":true,\"valueName\":\"search_term_string\"}}],\"inLanguage\":\"en-US\"},{\"@type\":\"Organization\",\"@id\":\"https:\/\/www.hpetch.se\/en\/#organization\",\"name\":\"HPetch\",\"url\":\"https:\/\/www.hpetch.se\/en\/\",\"logo\":{\"@type\":\"ImageObject\",\"inLanguage\":\"en-US\",\"@id\":\"https:\/\/www.hpetch.se\/en\/#\/schema\/logo\/image\/\",\"url\":\"https:\/\/www.hpetch.se\/wp-content\/uploads\/sites\/6\/2019\/11\/hpecht_2025_randlos_400px.jpg\",\"contentUrl\":\"https:\/\/www.hpetch.se\/wp-content\/uploads\/sites\/6\/2019\/11\/hpecht_2025_randlos_400px.jpg\",\"width\":400,\"height\":159,\"caption\":\"HPetch\"},\"image\":{\"@id\":\"https:\/\/www.hpetch.se\/en\/#\/schema\/logo\/image\/\"}}]}<\/script>\n<!-- \/ Yoast SEO plugin. -->","yoast_head_json":{"title":"Automotive - HPetch","robots":{"index":"index","follow":"follow","max-snippet":"max-snippet:-1","max-image-preview":"max-image-preview:large","max-video-preview":"max-video-preview:-1"},"canonical":"https:\/\/www.hpetch.se\/en\/industry-sectors\/automotive\/","og_locale":"en_US","og_type":"article","og_title":"Automotive - HPetch","og_description":"Etching parts for the automotive industry Precision Etched Parts for the Automotive Industry HP Etch manufactures many different etch parts for the automotive industry, i.e. fuel injection, filters, decorative elements, precision springs, electrical contact parts, wiring components, etc. Etching vs.\u00a0punching The etching process offers advantages\u00a0in comparison to\u00a0the traditional stamping process, which is mainly used when [&hellip;]","og_url":"https:\/\/www.hpetch.se\/en\/industry-sectors\/automotive\/","og_site_name":"HPetch","article_modified_time":"2024-11-08T12:52:31+00:00","og_image":[{"url":"https:\/\/hpetch.wickeder.de\/wp-content\/uploads\/sites\/6\/2024\/11\/HpEtch_filter.jpg","type":"","width":"","height":""}],"twitter_card":"summary_large_image","twitter_misc":{"Est. reading time":"1 minute"},"schema":{"@context":"https:\/\/schema.org","@graph":[{"@type":"WebPage","@id":"https:\/\/www.hpetch.se\/en\/industry-sectors\/automotive\/","url":"https:\/\/www.hpetch.se\/en\/industry-sectors\/automotive\/","name":"Automotive - HPetch","isPartOf":{"@id":"https:\/\/www.hpetch.se\/en\/#website"},"primaryImageOfPage":{"@id":"https:\/\/www.hpetch.se\/en\/industry-sectors\/automotive\/#primaryimage"},"image":{"@id":"https:\/\/www.hpetch.se\/en\/industry-sectors\/automotive\/#primaryimage"},"thumbnailUrl":"https:\/\/hpetch.wickeder.de\/wp-content\/uploads\/sites\/6\/2024\/11\/HpEtch_filter.jpg","datePublished":"2024-10-24T11:38:19+00:00","dateModified":"2024-11-08T12:52:31+00:00","breadcrumb":{"@id":"https:\/\/www.hpetch.se\/en\/industry-sectors\/automotive\/#breadcrumb"},"inLanguage":"en-US","potentialAction":[{"@type":"ReadAction","target":["https:\/\/www.hpetch.se\/en\/industry-sectors\/automotive\/"]}]},{"@type":"ImageObject","inLanguage":"en-US","@id":"https:\/\/www.hpetch.se\/en\/industry-sectors\/automotive\/#primaryimage","url":"https:\/\/hpetch.wickeder.de\/wp-content\/uploads\/sites\/6\/2024\/11\/HpEtch_filter.jpg","contentUrl":"https:\/\/hpetch.wickeder.de\/wp-content\/uploads\/sites\/6\/2024\/11\/HpEtch_filter.jpg"},{"@type":"BreadcrumbList","@id":"https:\/\/www.hpetch.se\/en\/industry-sectors\/automotive\/#breadcrumb","itemListElement":[{"@type":"ListItem","position":1,"name":"Startseite","item":"https:\/\/www.hpetch.se\/en\/"},{"@type":"ListItem","position":2,"name":"Industry Sectors","item":"https:\/\/www.hpetch.se\/en\/industry-sectors\/"},{"@type":"ListItem","position":3,"name":"Automotive"}]},{"@type":"WebSite","@id":"https:\/\/www.hpetch.se\/en\/#website","url":"https:\/\/www.hpetch.se\/en\/","name":"HPetch","description":"Form\u00e4tzteile in Pr\u00e4zision, Polymerbeschichtung","publisher":{"@id":"https:\/\/www.hpetch.se\/en\/#organization"},"potentialAction":[{"@type":"SearchAction","target":{"@type":"EntryPoint","urlTemplate":"https:\/\/www.hpetch.se\/en\/?s={search_term_string}"},"query-input":{"@type":"PropertyValueSpecification","valueRequired":true,"valueName":"search_term_string"}}],"inLanguage":"en-US"},{"@type":"Organization","@id":"https:\/\/www.hpetch.se\/en\/#organization","name":"HPetch","url":"https:\/\/www.hpetch.se\/en\/","logo":{"@type":"ImageObject","inLanguage":"en-US","@id":"https:\/\/www.hpetch.se\/en\/#\/schema\/logo\/image\/","url":"https:\/\/www.hpetch.se\/wp-content\/uploads\/sites\/6\/2019\/11\/hpecht_2025_randlos_400px.jpg","contentUrl":"https:\/\/www.hpetch.se\/wp-content\/uploads\/sites\/6\/2019\/11\/hpecht_2025_randlos_400px.jpg","width":400,"height":159,"caption":"HPetch"},"image":{"@id":"https:\/\/www.hpetch.se\/en\/#\/schema\/logo\/image\/"}}]}},"_links":{"self":[{"href":"https:\/\/www.hpetch.se\/en\/wp-json\/wp\/v2\/pages\/2746","targetHints":{"allow":["GET"]}}],"collection":[{"href":"https:\/\/www.hpetch.se\/en\/wp-json\/wp\/v2\/pages"}],"about":[{"href":"https:\/\/www.hpetch.se\/en\/wp-json\/wp\/v2\/types\/page"}],"author":[{"embeddable":true,"href":"https:\/\/www.hpetch.se\/en\/wp-json\/wp\/v2\/users\/2"}],"replies":[{"embeddable":true,"href":"https:\/\/www.hpetch.se\/en\/wp-json\/wp\/v2\/comments?post=2746"}],"version-history":[{"count":2,"href":"https:\/\/www.hpetch.se\/en\/wp-json\/wp\/v2\/pages\/2746\/revisions"}],"predecessor-version":[{"id":3335,"href":"https:\/\/www.hpetch.se\/en\/wp-json\/wp\/v2\/pages\/2746\/revisions\/3335"}],"up":[{"embeddable":true,"href":"https:\/\/www.hpetch.se\/en\/wp-json\/wp\/v2\/pages\/2658"}],"wp:attachment":[{"href":"https:\/\/www.hpetch.se\/en\/wp-json\/wp\/v2\/media?parent=2746"}],"curies":[{"name":"wp","href":"https:\/\/api.w.org\/{rel}","templated":true}]}}