{"id":2778,"date":"2024-10-24T13:41:07","date_gmt":"2024-10-24T11:41:07","guid":{"rendered":"https:\/\/hpetch.wickeder.de\/imprint\/"},"modified":"2024-11-14T12:43:22","modified_gmt":"2024-11-14T11:43:22","slug":"imprint","status":"publish","type":"page","link":"https:\/\/www.hpetch.se\/en\/imprint\/","title":{"rendered":"Imprint"},"content":{"rendered":"\t\t<div data-elementor-type=\"wp-page\" data-elementor-id=\"2778\" class=\"elementor elementor-2778 elementor-59\" data-elementor-post-type=\"page\">\n\t\t\t\t\t\t<section class=\"elementor-section elementor-top-section elementor-element elementor-element-c68c633 elementor-section-boxed elementor-section-height-default elementor-section-height-default\" data-id=\"c68c633\" data-element_type=\"section\" data-e-type=\"section\">\n\t\t\t\t\t\t<div class=\"elementor-container elementor-column-gap-default\">\n\t\t\t\t\t<div class=\"elementor-column elementor-col-100 elementor-top-column elementor-element elementor-element-c2d0f1f\" data-id=\"c2d0f1f\" data-element_type=\"column\" data-e-type=\"column\">\n\t\t\t<div class=\"elementor-widget-wrap elementor-element-populated\">\n\t\t\t\t\t\t<div class=\"elementor-element elementor-element-69950b6 elementor-widget elementor-widget-text-editor\" data-id=\"69950b6\" data-element_type=\"widget\" data-e-type=\"widget\" data-widget_type=\"text-editor.default\">\n\t\t\t\t<div class=\"elementor-widget-container\">\n\t\t\t\t\t\t\t\t\t<div id=\"c49538\">\n<h2 class=\"csc-firstHeader layout-2\">Provider<\/h2>\n<p><b>HP Etch AB<br \/>\n<\/b>Elektronikh\u00f6jden 6<br \/>\n17543 J\u00e4rf\u00e4lla<br \/>\nSweden<br \/>\n+46 (0) 8588 8230-0<br \/>\n<a href=\"mailto:info@hpetch.se\">info@hpetch.se<\/a><\/p>\n<\/div>\n<div id=\"c49535\" class=\"csc-space-before-15\">\n<h2 class=\"layout-2\">Represented by the Managing Director<\/h2>\n<p>Jennie Fors<br \/>\nVAT-ID: SE556545139901<br \/>\nOrg. no: 556545-1399<br \/>\nPlace of business: \u00a0J\u00e4rf\u00e4lla<\/p>\n<\/div>\n<div id=\"c49533\" class=\"csc-space-before-15\">\n<h2 class=\"layout-2\">Copyright<\/h2>\n<p>All rights reserved. All texst, images, graphics, sounds, videos and animation files and their arrangements are subject to copyright and other laws protecting intellectual property. They may not be copied for commercial purposes or for transmission, nor changed and used on other Websites. Some Wickeder Westfalenstahl Internet sites also contain images with a copyright of third parties.<\/p>\n<\/div>\n<div id=\"c49529\" class=\"csc-space-before-15\">\n<h2 class=\"layout-2\">Concept &amp; Realisation<\/h2>\n<p>HP Etch AB<br \/>\nIf you have questions about HP Etch, please contact us.<br \/>\nJennie Fors<br \/>\nHP Etch AB<br \/>\nTel: +46 (0) 8588 8230-0<\/p>\n<\/div>\n<div id=\"c49527\" class=\"csc-space-before-15\">\n<h2 class=\"layout-2\">Brandings<\/h2>\n<p>The brandings and trademarks of Wickeder Westfalenstahl are legally protected, including product names, company logos and emblems of the company.<\/p>\n<\/div>\n\t\t\t\t\t\t\t\t<\/div>\n\t\t\t\t<\/div>\n\t\t\t\t\t<\/div>\n\t\t<\/div>\n\t\t\t\t\t<\/div>\n\t\t<\/section>\n\t\t\t\t<\/div>\n\t\t","protected":false},"excerpt":{"rendered":"<p>Provider HP Etch AB Elektronikh\u00f6jden 6 17543 J\u00e4rf\u00e4lla Sweden +46 (0) 8588 8230-0 info@hpetch.se Represented by the Managing Director Jennie Fors VAT-ID: SE556545139901 Org. no: 556545-1399 Place of business: \u00a0J\u00e4rf\u00e4lla Copyright All rights reserved. All texst, images, graphics, sounds, videos and animation files and their arrangements are subject to copyright and other laws protecting intellectual [&hellip;]<\/p>\n","protected":false},"author":1,"featured_media":0,"parent":0,"menu_order":0,"comment_status":"closed","ping_status":"closed","template":"","meta":{"footnotes":""},"class_list":["post-2778","page","type-page","status-publish","hentry"],"yoast_head":"<!-- This site is optimized with the Yoast SEO plugin v27.3 - https:\/\/yoast.com\/product\/yoast-seo-wordpress\/ -->\n<title>Imprint - HPetch<\/title>\n<meta name=\"robots\" content=\"index, follow, max-snippet:-1, max-image-preview:large, max-video-preview:-1\" \/>\n<link rel=\"canonical\" href=\"https:\/\/www.hpetch.se\/en\/imprint\/\" \/>\n<meta property=\"og:locale\" content=\"en_US\" \/>\n<meta property=\"og:type\" content=\"article\" \/>\n<meta property=\"og:title\" content=\"Imprint - HPetch\" \/>\n<meta property=\"og:description\" content=\"Provider HP Etch AB Elektronikh\u00f6jden 6 17543 J\u00e4rf\u00e4lla Sweden +46 (0) 8588 8230-0 info@hpetch.se Represented by the Managing Director Jennie Fors VAT-ID: SE556545139901 Org. no: 556545-1399 Place of business: \u00a0J\u00e4rf\u00e4lla Copyright All rights reserved. All texst, images, graphics, sounds, videos and animation files and their arrangements are subject to copyright and other laws protecting intellectual [&hellip;]\" \/>\n<meta property=\"og:url\" content=\"https:\/\/www.hpetch.se\/en\/imprint\/\" \/>\n<meta property=\"og:site_name\" content=\"HPetch\" \/>\n<meta property=\"article:modified_time\" content=\"2024-11-14T11:43:22+00:00\" \/>\n<meta name=\"twitter:card\" content=\"summary_large_image\" \/>\n<meta name=\"twitter:label1\" content=\"Est. reading time\" \/>\n\t<meta name=\"twitter:data1\" content=\"1 minute\" \/>\n<script type=\"application\/ld+json\" class=\"yoast-schema-graph\">{\"@context\":\"https:\\\/\\\/schema.org\",\"@graph\":[{\"@type\":\"WebPage\",\"@id\":\"https:\\\/\\\/www.hpetch.se\\\/en\\\/imprint\\\/\",\"url\":\"https:\\\/\\\/www.hpetch.se\\\/en\\\/imprint\\\/\",\"name\":\"Imprint - HPetch\",\"isPartOf\":{\"@id\":\"https:\\\/\\\/www.hpetch.se\\\/en\\\/#website\"},\"datePublished\":\"2024-10-24T11:41:07+00:00\",\"dateModified\":\"2024-11-14T11:43:22+00:00\",\"breadcrumb\":{\"@id\":\"https:\\\/\\\/www.hpetch.se\\\/en\\\/imprint\\\/#breadcrumb\"},\"inLanguage\":\"en-US\",\"potentialAction\":[{\"@type\":\"ReadAction\",\"target\":[\"https:\\\/\\\/www.hpetch.se\\\/en\\\/imprint\\\/\"]}]},{\"@type\":\"BreadcrumbList\",\"@id\":\"https:\\\/\\\/www.hpetch.se\\\/en\\\/imprint\\\/#breadcrumb\",\"itemListElement\":[{\"@type\":\"ListItem\",\"position\":1,\"name\":\"Startseite\",\"item\":\"https:\\\/\\\/www.hpetch.se\\\/en\\\/\"},{\"@type\":\"ListItem\",\"position\":2,\"name\":\"Imprint\"}]},{\"@type\":\"WebSite\",\"@id\":\"https:\\\/\\\/www.hpetch.se\\\/en\\\/#website\",\"url\":\"https:\\\/\\\/www.hpetch.se\\\/en\\\/\",\"name\":\"HPetch\",\"description\":\"Form\u00e4tzteile in Pr\u00e4zision, Polymerbeschichtung\",\"publisher\":{\"@id\":\"https:\\\/\\\/www.hpetch.se\\\/en\\\/#organization\"},\"potentialAction\":[{\"@type\":\"SearchAction\",\"target\":{\"@type\":\"EntryPoint\",\"urlTemplate\":\"https:\\\/\\\/www.hpetch.se\\\/en\\\/?s={search_term_string}\"},\"query-input\":{\"@type\":\"PropertyValueSpecification\",\"valueRequired\":true,\"valueName\":\"search_term_string\"}}],\"inLanguage\":\"en-US\"},{\"@type\":\"Organization\",\"@id\":\"https:\\\/\\\/www.hpetch.se\\\/en\\\/#organization\",\"name\":\"HPetch\",\"url\":\"https:\\\/\\\/www.hpetch.se\\\/en\\\/\",\"logo\":{\"@type\":\"ImageObject\",\"inLanguage\":\"en-US\",\"@id\":\"https:\\\/\\\/www.hpetch.se\\\/en\\\/#\\\/schema\\\/logo\\\/image\\\/\",\"url\":\"https:\\\/\\\/www.hpetch.se\\\/wp-content\\\/uploads\\\/sites\\\/6\\\/2019\\\/11\\\/hpecht_2025_randlos_400px.jpg\",\"contentUrl\":\"https:\\\/\\\/www.hpetch.se\\\/wp-content\\\/uploads\\\/sites\\\/6\\\/2019\\\/11\\\/hpecht_2025_randlos_400px.jpg\",\"width\":400,\"height\":159,\"caption\":\"HPetch\"},\"image\":{\"@id\":\"https:\\\/\\\/www.hpetch.se\\\/en\\\/#\\\/schema\\\/logo\\\/image\\\/\"}}]}<\/script>\n<!-- \/ Yoast SEO plugin. -->","yoast_head_json":{"title":"Imprint - HPetch","robots":{"index":"index","follow":"follow","max-snippet":"max-snippet:-1","max-image-preview":"max-image-preview:large","max-video-preview":"max-video-preview:-1"},"canonical":"https:\/\/www.hpetch.se\/en\/imprint\/","og_locale":"en_US","og_type":"article","og_title":"Imprint - HPetch","og_description":"Provider HP Etch AB Elektronikh\u00f6jden 6 17543 J\u00e4rf\u00e4lla Sweden +46 (0) 8588 8230-0 info@hpetch.se Represented by the Managing Director Jennie Fors VAT-ID: SE556545139901 Org. no: 556545-1399 Place of business: \u00a0J\u00e4rf\u00e4lla Copyright All rights reserved. All texst, images, graphics, sounds, videos and animation files and their arrangements are subject to copyright and other laws protecting intellectual [&hellip;]","og_url":"https:\/\/www.hpetch.se\/en\/imprint\/","og_site_name":"HPetch","article_modified_time":"2024-11-14T11:43:22+00:00","twitter_card":"summary_large_image","twitter_misc":{"Est. reading time":"1 minute"},"schema":{"@context":"https:\/\/schema.org","@graph":[{"@type":"WebPage","@id":"https:\/\/www.hpetch.se\/en\/imprint\/","url":"https:\/\/www.hpetch.se\/en\/imprint\/","name":"Imprint - HPetch","isPartOf":{"@id":"https:\/\/www.hpetch.se\/en\/#website"},"datePublished":"2024-10-24T11:41:07+00:00","dateModified":"2024-11-14T11:43:22+00:00","breadcrumb":{"@id":"https:\/\/www.hpetch.se\/en\/imprint\/#breadcrumb"},"inLanguage":"en-US","potentialAction":[{"@type":"ReadAction","target":["https:\/\/www.hpetch.se\/en\/imprint\/"]}]},{"@type":"BreadcrumbList","@id":"https:\/\/www.hpetch.se\/en\/imprint\/#breadcrumb","itemListElement":[{"@type":"ListItem","position":1,"name":"Startseite","item":"https:\/\/www.hpetch.se\/en\/"},{"@type":"ListItem","position":2,"name":"Imprint"}]},{"@type":"WebSite","@id":"https:\/\/www.hpetch.se\/en\/#website","url":"https:\/\/www.hpetch.se\/en\/","name":"HPetch","description":"Form\u00e4tzteile in Pr\u00e4zision, Polymerbeschichtung","publisher":{"@id":"https:\/\/www.hpetch.se\/en\/#organization"},"potentialAction":[{"@type":"SearchAction","target":{"@type":"EntryPoint","urlTemplate":"https:\/\/www.hpetch.se\/en\/?s={search_term_string}"},"query-input":{"@type":"PropertyValueSpecification","valueRequired":true,"valueName":"search_term_string"}}],"inLanguage":"en-US"},{"@type":"Organization","@id":"https:\/\/www.hpetch.se\/en\/#organization","name":"HPetch","url":"https:\/\/www.hpetch.se\/en\/","logo":{"@type":"ImageObject","inLanguage":"en-US","@id":"https:\/\/www.hpetch.se\/en\/#\/schema\/logo\/image\/","url":"https:\/\/www.hpetch.se\/wp-content\/uploads\/sites\/6\/2019\/11\/hpecht_2025_randlos_400px.jpg","contentUrl":"https:\/\/www.hpetch.se\/wp-content\/uploads\/sites\/6\/2019\/11\/hpecht_2025_randlos_400px.jpg","width":400,"height":159,"caption":"HPetch"},"image":{"@id":"https:\/\/www.hpetch.se\/en\/#\/schema\/logo\/image\/"}}]}},"_links":{"self":[{"href":"https:\/\/www.hpetch.se\/en\/wp-json\/wp\/v2\/pages\/2778","targetHints":{"allow":["GET"]}}],"collection":[{"href":"https:\/\/www.hpetch.se\/en\/wp-json\/wp\/v2\/pages"}],"about":[{"href":"https:\/\/www.hpetch.se\/en\/wp-json\/wp\/v2\/types\/page"}],"author":[{"embeddable":true,"href":"https:\/\/www.hpetch.se\/en\/wp-json\/wp\/v2\/users\/1"}],"replies":[{"embeddable":true,"href":"https:\/\/www.hpetch.se\/en\/wp-json\/wp\/v2\/comments?post=2778"}],"version-history":[{"count":3,"href":"https:\/\/www.hpetch.se\/en\/wp-json\/wp\/v2\/pages\/2778\/revisions"}],"predecessor-version":[{"id":3460,"href":"https:\/\/www.hpetch.se\/en\/wp-json\/wp\/v2\/pages\/2778\/revisions\/3460"}],"wp:attachment":[{"href":"https:\/\/www.hpetch.se\/en\/wp-json\/wp\/v2\/media?parent=2778"}],"curies":[{"name":"wp","href":"https:\/\/api.w.org\/{rel}","templated":true}]}}